{"id":3790,"date":"2023-05-23T16:01:35","date_gmt":"2023-05-23T14:01:35","guid":{"rendered":"https:\/\/easybikerent.it\/?page_id=3790"},"modified":"2026-01-29T12:53:16","modified_gmt":"2026-01-29T11:53:16","slug":"rent-e-bikes-electric-bicycles","status":"publish","type":"page","link":"https:\/\/easybikerent.it\/de\/rent-e-bikes-electric-bicycles\/","title":{"rendered":"Rent e-bikes electric bicycles"},"content":{"rendered":"<div data-elementor-type=\"wp-page\" data-elementor-id=\"3790\" class=\"elementor elementor-3790\" data-elementor-post-type=\"page\">\n\t\t\t\t\t\t<section class=\"elementor-section elementor-top-section elementor-element elementor-element-ac7c726 elementor-section-boxed elementor-section-height-default elementor-section-height-default\" data-id=\"ac7c726\" data-element_type=\"section\">\n\t\t\t\t\t\t<div class=\"elementor-container elementor-column-gap-default\">\n\t\t\t\t\t<div class=\"elementor-column elementor-col-100 elementor-top-column elementor-element elementor-element-0a55f70\" data-id=\"0a55f70\" data-element_type=\"column\">\n\t\t\t<div class=\"elementor-widget-wrap elementor-element-populated\">\n\t\t\t\t\t\t<div class=\"elementor-element elementor-element-f9225d3 elementor-widget elementor-widget-shortcode\" data-id=\"f9225d3\" data-element_type=\"widget\" data-widget_type=\"shortcode.default\">\n\t\t\t\t<div class=\"elementor-widget-container\">\n\t\t\t\t\t\t\t<div class=\"elementor-shortcode\"><div class=\"woocommerce columns-3\"><ul class=\"products columns-3\">\n<li class=\"product type-product post-4145 status-publish first instock product_cat-hire-e-bikes-electric-bicycles product_cat-our-vehicles product_tag-e-mountain-bike-for-rent-in-rome product_tag-e-bike-in-rome product_tag-e-bike-rental-near-trastevere product_tag-electric-bike-rental-in-rome product_tag-electric-bike-rental-in-the-center-of-rome product_tag-electric-mountain-bike-in-rome-for-rent product_tag-rent-a-high-quality-mountain-bike-in-rome product_tag-rent-a-mountain-bike-in-rome product_tag-visit-the-appian-way-without-a-guide has-post-thumbnail purchasable product-type-redq_rental\">\n\t<a href=\"https:\/\/easybikerent.it\/de\/prodotto\/electric-mountain-bikes\/\" class=\"woocommerce-LoopProduct-link woocommerce-loop-product__link\"><img fetchpriority=\"high\" decoding=\"async\" width=\"300\" height=\"205\" src=\"https:\/\/easybikerent.it\/wp-content\/uploads\/Easy-Bike-Rent-Rome-Lombardo-Sestriere-Evo-5-300x205.jpg\" class=\"attachment-woocommerce_thumbnail size-woocommerce_thumbnail\" alt=\"Rent Electric Mountain Bikes\" srcset=\"https:\/\/easybikerent.it\/wp-content\/uploads\/\/Easy-Bike-Rent-Rome-Lombardo-Sestriere-Evo-5-300x205.jpg 300w, https:\/\/easybikerent.it\/wp-content\/uploads\/\/Easy-Bike-Rent-Rome-Lombardo-Sestriere-Evo-5.jpg 765w\" sizes=\"(max-width: 300px) 100vw, 300px\" \/><h2 class=\"woocommerce-loop-product__title\">E-Mountainbikes<\/h2>\n\t<span class=\"price\"><span class=\"amount rnb_price_unit_4145\"> From <span class=\"woocommerce-Price-amount amount\"><bdi>30&nbsp;<span class=\"woocommerce-Price-currencySymbol\">\u20ac<\/span><\/bdi><\/span>\/ Tag<\/span><\/span>\n<\/a><\/li>\n<li class=\"product type-product post-1993 status-publish instock product_cat-hire-e-bikes-electric-bicycles product_cat-our-vehicles product_tag-bike-rental-in-rome product_tag-e-bike-in-rome product_tag-e-bike-rental-near-trastevere product_tag-e-bikes-with-a-basket product_tag-easy product_tag-ebike product_tag-eco product_tag-electric-bike-rental-in-rome product_tag-electric-bike-rental-in-the-center-of-rome product_tag-electric-bike-rental-near-the-colosseum product_tag-ladies product_tag-rent-an-electric-bike-in-rome has-post-thumbnail featured virtual purchasable product-type-redq_rental\">\n\t<a href=\"https:\/\/easybikerent.it\/de\/prodotto\/city-e-bike-26-wheel-easy-to-handle\/\" class=\"woocommerce-LoopProduct-link woocommerce-loop-product__link\"><img decoding=\"async\" width=\"300\" height=\"205\" src=\"https:\/\/easybikerent.it\/wp-content\/uploads\/E-Levanzo-city-e-bike-26-Pincio-300x205.jpg\" class=\"attachment-woocommerce_thumbnail size-woocommerce_thumbnail\" alt=\"City e-Bike 26&quot;: Easy to handle!\" srcset=\"https:\/\/easybikerent.it\/wp-content\/uploads\/\/E-Levanzo-city-e-bike-26-Pincio-300x205.jpg 300w, https:\/\/easybikerent.it\/wp-content\/uploads\/\/E-Levanzo-city-e-bike-26-Pincio.jpg 764w\" sizes=\"(max-width: 300px) 100vw, 300px\" \/><h2 class=\"woocommerce-loop-product__title\">City e\u2011bike 26\u2033: leicht zu handhaben<\/h2>\n\t<span class=\"price\"><span class=\"amount rnb_price_unit_1993\"> From <span class=\"woocommerce-Price-amount amount\"><bdi>21&nbsp;<span class=\"woocommerce-Price-currencySymbol\">\u20ac<\/span><\/bdi><\/span>\/ Tag<\/span><\/span>\n<\/a><\/li>\n<li class=\"product type-product post-926 status-publish last instock product_cat-hire-e-bikes-electric-bicycles product_tag-bike-rental-in-rome product_tag-e-bike-rental-near-trastevere product_tag-e-bikes-for-rent product_tag-easy product_tag-ebike product_tag-ebike-with-basket product_tag-eco product_tag-hire-an-e-bike-in-rome has-post-thumbnail virtual purchasable product-type-redq_rental\">\n\t<a href=\"https:\/\/easybikerent.it\/de\/prodotto\/city-e-bike-light\/\" class=\"woocommerce-LoopProduct-link woocommerce-loop-product__link\"><img decoding=\"async\" width=\"300\" height=\"205\" src=\"https:\/\/easybikerent.it\/wp-content\/uploads\/City-e-bike-light-flexible-300x205.jpg\" class=\"attachment-woocommerce_thumbnail size-woocommerce_thumbnail\" alt=\"City e-Bike: Light &amp; Flexible!\" srcset=\"https:\/\/easybikerent.it\/wp-content\/uploads\/\/City-e-bike-light-flexible-300x205.jpg 300w, https:\/\/easybikerent.it\/wp-content\/uploads\/\/City-e-bike-light-flexible.jpg 765w\" sizes=\"(max-width: 300px) 100vw, 300px\" \/><h2 class=\"woocommerce-loop-product__title\">City e\u2011bike: leicht und flexibel<\/h2>\n\t<span class=\"price\"><span class=\"amount rnb_price_unit_926\"> From <span class=\"woocommerce-Price-amount amount\"><bdi>21&nbsp;<span class=\"woocommerce-Price-currencySymbol\">\u20ac<\/span><\/bdi><\/span>\/ Tag<\/span><\/span>\n<\/a><\/li>\n<li class=\"product type-product post-181 status-publish first instock product_cat-hire-e-bikes-electric-bicycles product_tag-appian-way-by-mountain-bike product_tag-bike-rental-in-rome product_tag-e-bike-rental-near-trastevere product_tag-ebike product_tag-electric-bike-rental-in-rome product_tag-hire-an-e-bike-in-rome product_tag-rent-an-electric-bike-in-rome product_tag-visit-the-appian-way-without-a-guide has-post-thumbnail virtual purchasable product-type-redq_rental\">\n\t<a href=\"https:\/\/easybikerent.it\/de\/prodotto\/hybrid-e-bike-swift-effortless\/\" class=\"woocommerce-LoopProduct-link woocommerce-loop-product__link\"><img loading=\"lazy\" decoding=\"async\" width=\"300\" height=\"205\" src=\"https:\/\/easybikerent.it\/wp-content\/uploads\/Brinke-Times-Square-Hybrid-e-Bike-Piazza-Navona-Rome-Dusk-300x205.jpg\" class=\"attachment-woocommerce_thumbnail size-woocommerce_thumbnail\" alt=\"Hybrid-e-Bike-Piazza-Navona-Rome-Dusk\" srcset=\"https:\/\/easybikerent.it\/wp-content\/uploads\/\/Brinke-Times-Square-Hybrid-e-Bike-Piazza-Navona-Rome-Dusk-300x205.jpg 300w, https:\/\/easybikerent.it\/wp-content\/uploads\/\/Brinke-Times-Square-Hybrid-e-Bike-Piazza-Navona-Rome-Dusk.jpg 800w\" sizes=\"(max-width: 300px) 100vw, 300px\" \/><h2 class=\"woocommerce-loop-product__title\">Hybrid e\u2011bike: schnell und m\u00fchelos<\/h2>\n\t<span class=\"price\"><span class=\"amount rnb_price_unit_181\"> From <span class=\"woocommerce-Price-amount amount\"><bdi>30&nbsp;<span class=\"woocommerce-Price-currencySymbol\">\u20ac<\/span><\/bdi><\/span>\/ Tag<\/span><\/span>\n<\/a><\/li>\n<li class=\"product type-product post-2511 status-publish instock product_cat-hire-e-bikes-electric-bicycles product_tag-big-frame-e-bike-for-rent-in-rome product_tag-e-bikes-for-rent-near-trastevere product_tag-easy product_tag-ebike product_tag-eco product_tag-hire-big-frame-e-bike-in-rome has-post-thumbnail purchasable product-type-redq_rental\">\n\t<a href=\"https:\/\/easybikerent.it\/de\/prodotto\/hire-electric-bicycles-trekking-city\/\" class=\"woocommerce-LoopProduct-link woocommerce-loop-product__link\"><img loading=\"lazy\" decoding=\"async\" width=\"300\" height=\"205\" src=\"https:\/\/easybikerent.it\/wp-content\/uploads\/Gazometro-e-Viterbo-300x205.jpg\" class=\"attachment-woocommerce_thumbnail size-woocommerce_thumbnail\" alt=\"Hire a Trekking e-Bike\" srcset=\"https:\/\/easybikerent.it\/wp-content\/uploads\/\/Gazometro-e-Viterbo-300x205.jpg 300w, https:\/\/easybikerent.it\/wp-content\/uploads\/\/Gazometro-e-Viterbo.jpg 764w\" sizes=\"(max-width: 300px) 100vw, 300px\" \/><h2 class=\"woocommerce-loop-product__title\">Elektrische Fahrr\u00e4der: Trekking und City<\/h2>\n\t<span class=\"price\"><span class=\"amount rnb_price_unit_2511\"> From <span class=\"woocommerce-Price-amount amount\"><bdi>21&nbsp;<span class=\"woocommerce-Price-currencySymbol\">\u20ac<\/span><\/bdi><\/span>\/ Tag<\/span><\/span>\n<\/a><\/li>\n<li class=\"product type-product post-1661 status-publish last instock product_cat-hire-e-bikes-electric-bicycles product_cat-family-bikes product_cat-our-vehicles product_tag-easy product_tag-ebike product_tag-eco product_tag-electric-bike-for-kids product_tag-kids-e-bike has-post-thumbnail virtual purchasable product-type-redq_rental\">\n\t<a href=\"https:\/\/easybikerent.it\/de\/prodotto\/rent-kids-electric-bikes\/\" class=\"woocommerce-LoopProduct-link woocommerce-loop-product__link\"><img loading=\"lazy\" decoding=\"async\" width=\"300\" height=\"205\" src=\"https:\/\/easybikerent.it\/wp-content\/uploads\/E-garda-kids-e-bike-300x205.jpg\" class=\"attachment-woocommerce_thumbnail size-woocommerce_thumbnail\" alt=\"Rent Kids Electric Bikes from Easy Bike Rent Rome\" srcset=\"https:\/\/easybikerent.it\/wp-content\/uploads\/\/E-garda-kids-e-bike-300x205.jpg 300w, https:\/\/easybikerent.it\/wp-content\/uploads\/\/E-garda-kids-e-bike.jpg 765w\" sizes=\"(max-width: 300px) 100vw, 300px\" \/><h2 class=\"woocommerce-loop-product__title\">E-Bikes f\u00fcr Kinder<\/h2>\n\t<span class=\"price\"><span class=\"amount rnb_price_unit_1661\"> From <span class=\"woocommerce-Price-amount amount\"><bdi>17&nbsp;<span class=\"woocommerce-Price-currencySymbol\">\u20ac<\/span><\/bdi><\/span>\/ Tag<\/span><\/span>\n<\/a><\/li>\n<\/ul>\n<\/div><\/div>\n\t\t\t\t\t\t<\/div>\n\t\t\t\t<\/div>\n\t\t\t\t\t<\/div>\n\t\t<\/div>\n\t\t\t\t\t<\/div>\n\t\t<\/section>\n\t\t\t\t<section class=\"elementor-section elementor-top-section elementor-element elementor-element-9aa2c68 elementor-section-boxed elementor-section-height-default elementor-section-height-default\" data-id=\"9aa2c68\" data-element_type=\"section\">\n\t\t\t\t\t\t<div class=\"elementor-container elementor-column-gap-default\">\n\t\t\t\t\t<div class=\"elementor-column elementor-col-100 elementor-top-column elementor-element elementor-element-8a7c8b1\" data-id=\"8a7c8b1\" data-element_type=\"column\">\n\t\t\t<div class=\"elementor-widget-wrap elementor-element-populated\">\n\t\t\t\t\t\t<div class=\"elementor-element elementor-element-a78d335 elementor-widget elementor-widget-text-editor\" data-id=\"a78d335\" data-element_type=\"widget\" data-widget_type=\"text-editor.default\">\n\t\t\t\t<div class=\"elementor-widget-container\">\n\t\t\t\t\t\t\t\t\t<div style=\"font-family: 'Roboto', sans-serif; font-size: 17px; line-height: 1.6; color: #333;\"><h1 style=\"text-align: center; font-family: 'Roboto', sans-serif;\"><strong>E\u2011Bike\u2011Verleih in Rom<\/strong><\/h1><p style=\"text-align: left;\">Entdecken Sie Rom m\u00fchelos mit unseren leistungsstarken E\u2011Bikes. Jedes E\u2011Bike verf\u00fcgt \u00fcber einen starken Motor und eine langlebige Batterie, sodass Sie stundenlang mit minimalem Aufwand fahren k\u00f6nnen \u2014 ideal f\u00fcr Anf\u00e4nger und erfahrene Radfahrer.<\/p><h2 style=\"font-family: 'Roboto', sans-serif; font-size: 20px; margin-top: 20px;\"><strong>Warum unsere E\u2011Bikes die beste Wahl sind<\/strong><\/h2><p style=\"text-align: left;\" class=\"translation-block\">Unsere E\u2011Bikes sind ideal, um die Via Appia, Kopfsteinpflaster, Parks und Off\u2011Road\u2011Abschnitte zu erkunden. Sie eignen sich ebenso perfekt, um das historische Zentrum Roms zu entdecken und entlang des Tiber\u2011Radwegs zu fahren. Genie\u00dfen Sie \u00fcberall ein sanftes, komfortables und sicheres Fahrerlebnis.<\/p><h2 style=\"font-family: 'Roboto', sans-serif; font-size: 20px; margin-top: 20px;\"><strong>In jeder Miete enthalten<\/strong><\/h2><p style=\"text-align: left;\">Helm, Hochsicherheitsschloss und Handyhalter sind immer inbegriffen. Kindersitze sind auf Anfrage gegen eine zus\u00e4tzliche Geb\u00fchr erh\u00e4ltlich, sodass Sie Rom ganz einfach mit der ganzen Familie erkunden k\u00f6nnen.<\/p><h2 style=\"font-family: 'Roboto', sans-serif; font-size: 20px; margin-top: 20px;\"><strong>Wo Sie fahren k\u00f6nnen<\/strong><\/h2><p style=\"text-align: left;\">Von unserem Gesch\u00e4ft aus erreichen Sie ganz einfach zwei der bekanntesten Radwege Roms:<\/p><ul style=\"text-align: left; margin-left: 20px;\"><li class=\"translation-block\">Antike Via Appia (Via Appia Antica) \u2013 Ein eigener Radweg f\u00fchrt direkt von unserem Gesch\u00e4ft zur Porta San Sebastiano und zu den Katakomben des San Callisto.<\/li><li><strong>Tiber\u2011Radweg (Regina Ciclarum) \u2013 Fahren Sie am Fluss entlang bis zum Meer oder erkunden Sie die Stadt \u00fcber eine sichere und landschaftlich reizvolle Strecke.<\/strong> \u2013 Fahren Sie am Fluss entlang bis zum Meer oder erkunden Sie die Stadt auf einer sicheren und landschaftlich reizvollen Strecke.<\/li><\/ul><p style=\"text-align: left;\" class=\"translation-block\">Wir bieten auch gef\u00fchrte Touren auf der Via Appia an, einschlie\u00dflich der Scott\u2011Rozier\u2011Route, sowie self\u2011guided Routen, die \u00fcber Google Maps oder per App verf\u00fcgbar sind.<\/p><p style=\"text-align: left; font-size: 18px; margin-top: 25px;\"><strong>Buchen Sie jetzt Ihr E\u2011Bike und beginnen Sie, Rom in v\u00f6lliger Freiheit zu erkunden.<\/strong><\/p><\/div>\t\t\t\t\t\t\t\t<\/div>\n\t\t\t\t<\/div>\n\t\t\t\t\t<\/div>\n\t\t<\/div>\n\t\t\t\t\t<\/div>\n\t\t<\/section>\n\t\t\t\t<\/div>","protected":false},"excerpt":{"rendered":"<p>Electric Bike Rental in Rome Discover Rome effortlessly with our high\u2011performance electric bikes. Each e\u2011bike features a powerful motor and long\u2011lasting battery, allowing you to ride for hours with minimal effort\u2014perfect for both beginners and experienced cyclists. Why Choose Our E\u2011Bikes Our electric bikes are ideal for exploring the Appian Way, cobblestones, parks, and off\u2011road [&hellip;]<\/p>","protected":false},"author":199,"featured_media":0,"parent":0,"menu_order":0,"comment_status":"closed","ping_status":"closed","template":"","meta":{"footnotes":""},"class_list":["post-3790","page","type-page","status-publish","hentry"],"_links":{"self":[{"href":"https:\/\/easybikerent.it\/de\/wp-json\/wp\/v2\/pages\/3790","targetHints":{"allow":["GET"]}}],"collection":[{"href":"https:\/\/easybikerent.it\/de\/wp-json\/wp\/v2\/pages"}],"about":[{"href":"https:\/\/easybikerent.it\/de\/wp-json\/wp\/v2\/types\/page"}],"author":[{"embeddable":true,"href":"https:\/\/easybikerent.it\/de\/wp-json\/wp\/v2\/users\/199"}],"replies":[{"embeddable":true,"href":"https:\/\/easybikerent.it\/de\/wp-json\/wp\/v2\/comments?post=3790"}],"version-history":[{"count":30,"href":"https:\/\/easybikerent.it\/de\/wp-json\/wp\/v2\/pages\/3790\/revisions"}],"predecessor-version":[{"id":5889,"href":"https:\/\/easybikerent.it\/de\/wp-json\/wp\/v2\/pages\/3790\/revisions\/5889"}],"wp:attachment":[{"href":"https:\/\/easybikerent.it\/de\/wp-json\/wp\/v2\/media?parent=3790"}],"curies":[{"name":"wp","href":"https:\/\/api.w.org\/{rel}","templated":true}]}}