{"id":3799,"date":"2023-05-23T16:13:05","date_gmt":"2023-05-23T14:13:05","guid":{"rendered":"https:\/\/easybikerent.it\/?page_id=3799"},"modified":"2026-01-09T15:20:08","modified_gmt":"2026-01-09T14:20:08","slug":"family-bikes","status":"publish","type":"page","link":"https:\/\/easybikerent.it\/de\/family-bikes\/","title":{"rendered":"FAMILIENFAHRR\u00c4DER"},"content":{"rendered":"<div data-elementor-type=\"wp-page\" data-elementor-id=\"3799\" class=\"elementor elementor-3799\" data-elementor-post-type=\"page\">\n\t\t\t\t\t\t<section class=\"elementor-section elementor-top-section elementor-element elementor-element-5898694d elementor-section-boxed elementor-section-height-default elementor-section-height-default\" data-id=\"5898694d\" data-element_type=\"section\">\n\t\t\t\t\t\t<div class=\"elementor-container elementor-column-gap-default\">\n\t\t\t\t\t<div class=\"elementor-column elementor-col-100 elementor-top-column elementor-element elementor-element-3de8c5e2\" data-id=\"3de8c5e2\" data-element_type=\"column\">\n\t\t\t<div class=\"elementor-widget-wrap elementor-element-populated\">\n\t\t\t\t\t\t<div class=\"elementor-element elementor-element-59f52977 elementor-widget elementor-widget-text-editor\" data-id=\"59f52977\" data-element_type=\"widget\" data-widget_type=\"text-editor.default\">\n\t\t\t\t<div class=\"elementor-widget-container\">\n\t\t\t\t\t\t\t\t\t<code><div class=\"woocommerce columns-3\"><ul class=\"products columns-3\">\n<li class=\"product type-product post-895 status-publish first instock product_cat-bici-per-famiglie product_cat-easybikerent-it-ebike-tours-rome product_cat-family-bikes product_cat-our-vehicles product_tag-easy product_tag-ebike product_tag-eco product_tag-family product_tag-hire-e-bike-for-two-children-in-rome product_tag-ladies product_tag-long-tail-e-bike-for-hire-in-rome has-post-thumbnail purchasable product-type-redq_rental\">\n\t<a href=\"https:\/\/easybikerent.it\/de\/prodotto\/rent-a-longtail-cargo-bike\/\" class=\"woocommerce-LoopProduct-link woocommerce-loop-product__link\"><img fetchpriority=\"high\" decoding=\"async\" width=\"300\" height=\"225\" src=\"https:\/\/easybikerent.it\/wp-content\/uploads\/WhatsApp-Image-2023-03-21-at-11.33.18-4-e1689524458464-300x225.jpeg\" class=\"attachment-woocommerce_thumbnail size-woocommerce_thumbnail\" alt=\"Long tail cargo electric bike.\" srcset=\"https:\/\/easybikerent.it\/wp-content\/uploads\/\/WhatsApp-Image-2023-03-21-at-11.33.18-4-e1689524458464-300x225.jpeg 300w, https:\/\/easybikerent.it\/wp-content\/uploads\/\/WhatsApp-Image-2023-03-21-at-11.33.18-4-e1689524458464-800x600.jpeg 800w, https:\/\/easybikerent.it\/wp-content\/uploads\/\/WhatsApp-Image-2023-03-21-at-11.33.18-4-e1689524458464.jpeg 1024w\" sizes=\"(max-width: 300px) 100vw, 300px\" \/><h2 class=\"woocommerce-loop-product__title\">Longtail\u2011Lastenrad<\/h2>\n\t<span class=\"price\"><span class=\"amount rnb_price_unit_895\"> From <span class=\"woocommerce-Price-amount amount\"><bdi>40&nbsp;<span class=\"woocommerce-Price-currencySymbol\">\u20ac<\/span><\/bdi><\/span>\/ Tag<\/span><\/span>\n<\/a><\/li>\n<li class=\"product type-product post-189 status-publish instock product_cat-family-bikes product_cat-our-vehicles product_tag-babboe-for-rent-in-rome product_tag-cargo-bike product_tag-cargo-bike-for-rent-in-rome product_tag-easy product_tag-ebike product_tag-eco product_tag-family product_tag-hire-a-cargo-bike-in-rome product_tag-hire-a-family-bike-in-rome has-post-thumbnail virtual purchasable product-type-redq_rental\">\n\t<a href=\"https:\/\/easybikerent.it\/de\/prodotto\/family-cargo-e-bike-kids-love-it\/\" class=\"woocommerce-LoopProduct-link woocommerce-loop-product__link\"><img decoding=\"async\" width=\"300\" height=\"205\" src=\"https:\/\/easybikerent.it\/wp-content\/uploads\/Babboe-Curve-E-300x205.jpg\" class=\"attachment-woocommerce_thumbnail size-woocommerce_thumbnail\" alt=\"A Babboe Curve-e Family Cargo e-Bike.\" srcset=\"https:\/\/easybikerent.it\/wp-content\/uploads\/\/Babboe-Curve-E-300x205.jpg 300w, https:\/\/easybikerent.it\/wp-content\/uploads\/\/Babboe-Curve-E.jpg 765w\" sizes=\"(max-width: 300px) 100vw, 300px\" \/><h2 class=\"woocommerce-loop-product__title\">Elektrisches Lastenrad f\u00fcr die Familie<\/h2>\n\t<span class=\"price\"><span class=\"amount rnb_price_unit_189\"> From <span class=\"woocommerce-Price-amount amount\"><bdi>40&nbsp;<span class=\"woocommerce-Price-currencySymbol\">\u20ac<\/span><\/bdi><\/span>\/ Tag<\/span><\/span>\n<\/a><\/li>\n<li class=\"product type-product post-1358 status-publish last instock product_cat-bicycles product_cat-family-bikes product_cat-our-vehicles product_tag-appian-way-with-kids product_tag-bike-hire-for-kids product_tag-easy product_tag-eco product_tag-kids-bikes has-post-thumbnail purchasable product-type-redq_rental\">\n\t<a href=\"https:\/\/easybikerent.it\/de\/prodotto\/kids-bike-focus-their-energy\/\" class=\"woocommerce-LoopProduct-link woocommerce-loop-product__link\"><img decoding=\"async\" width=\"300\" height=\"205\" src=\"https:\/\/easybikerent.it\/wp-content\/uploads\/Kids-Bike-Tunnel-Uphill-300x205.jpg\" class=\"attachment-woocommerce_thumbnail size-woocommerce_thumbnail\" alt=\"A Kids Bike in front of a tunnel on slightly uphill terrain.\" srcset=\"https:\/\/easybikerent.it\/wp-content\/uploads\/\/Kids-Bike-Tunnel-Uphill-300x205.jpg 300w, https:\/\/easybikerent.it\/wp-content\/uploads\/\/Kids-Bike-Tunnel-Uphill.jpg 800w\" sizes=\"(max-width: 300px) 100vw, 300px\" \/><h2 class=\"woocommerce-loop-product__title\">Kinderfahrr\u00e4der<\/h2>\n\t<span class=\"price\"><span class=\"amount rnb_price_unit_1358\"> From <span class=\"woocommerce-Price-amount amount\"><bdi>9&nbsp;<span class=\"woocommerce-Price-currencySymbol\">\u20ac<\/span><\/bdi><\/span>\/ Tag<\/span><\/span>\n<\/a><\/li>\n<li class=\"product type-product post-1661 status-publish first instock product_cat-hire-e-bikes-electric-bicycles product_cat-family-bikes product_cat-our-vehicles product_tag-easy product_tag-ebike product_tag-eco product_tag-electric-bike-for-kids product_tag-kids-e-bike has-post-thumbnail virtual purchasable product-type-redq_rental\">\n\t<a href=\"https:\/\/easybikerent.it\/de\/prodotto\/rent-kids-electric-bikes\/\" class=\"woocommerce-LoopProduct-link woocommerce-loop-product__link\"><img loading=\"lazy\" decoding=\"async\" width=\"300\" height=\"205\" src=\"https:\/\/easybikerent.it\/wp-content\/uploads\/E-garda-kids-e-bike-300x205.jpg\" class=\"attachment-woocommerce_thumbnail size-woocommerce_thumbnail\" alt=\"Rent Kids Electric Bikes from Easy Bike Rent Rome\" srcset=\"https:\/\/easybikerent.it\/wp-content\/uploads\/\/E-garda-kids-e-bike-300x205.jpg 300w, https:\/\/easybikerent.it\/wp-content\/uploads\/\/E-garda-kids-e-bike.jpg 765w\" sizes=\"(max-width: 300px) 100vw, 300px\" \/><h2 class=\"woocommerce-loop-product__title\">E-Bikes f\u00fcr Kinder<\/h2>\n\t<span class=\"price\"><span class=\"amount rnb_price_unit_1661\"> From <span class=\"woocommerce-Price-amount amount\"><bdi>17&nbsp;<span class=\"woocommerce-Price-currencySymbol\">\u20ac<\/span><\/bdi><\/span>\/ Tag<\/span><\/span>\n<\/a><\/li>\n<\/ul>\n<\/div><\/code>\t\t\t\t\t\t\t\t<\/div>\n\t\t\t\t<\/div>\n\t\t\t\t\t<\/div>\n\t\t<\/div>\n\t\t\t\t\t<\/div>\n\t\t<\/section>\n\t\t\t\t<section class=\"elementor-section elementor-top-section elementor-element elementor-element-1ed544b elementor-section-boxed elementor-section-height-default elementor-section-height-default\" data-id=\"1ed544b\" data-element_type=\"section\">\n\t\t\t\t\t\t<div class=\"elementor-container elementor-column-gap-default\">\n\t\t\t\t\t<div class=\"elementor-column elementor-col-100 elementor-top-column elementor-element elementor-element-e2ece3a\" data-id=\"e2ece3a\" data-element_type=\"column\">\n\t\t\t<div class=\"elementor-widget-wrap elementor-element-populated\">\n\t\t\t\t\t\t<div class=\"elementor-element elementor-element-453c557 elementor-widget elementor-widget-text-editor\" data-id=\"453c557\" data-element_type=\"widget\" data-widget_type=\"text-editor.default\">\n\t\t\t\t<div class=\"elementor-widget-container\">\n\t\t\t\t\t\t\t\t\t<div style=\"font-family: 'Roboto', sans-serif; font-size: 17px; line-height: 1.6; color: #333;\"><h1 style=\"text-align: center; font-family: 'Roboto', sans-serif;\"><strong>Familienfahrr\u00e4der<\/strong><\/h1><p style=\"text-align: left;\">Machen Sie Ihr Familienabenteuer in Rom unvergesslich mit unserer Auswahl an komfortablen, sicheren und leicht zu fahrenden Familienfahrr\u00e4dern. Ob Sie Parks erkunden, durch das historische Zentrum fahren oder eine entspannte Tour entlang der Radwege Roms genie\u00dfen, wir haben das perfekte Fahrrad f\u00fcr jedes Alter und jede Familiengr\u00f6\u00dfe.<\/p><h2 style=\"font-family: 'Roboto', sans-serif; font-size: 20px; margin-top: 20px;\"><strong>Babboe cargo bike<\/strong><\/h2><p style=\"text-align: left;\">Unser Babboe Cargo Bike ist die ideale Wahl f\u00fcr Familien mit kleinen Kindern, die gemeinsam in h\u00f6chstem Komfort unterwegs sein m\u00f6chten. Die ger\u00e4umige Frontbox erm\u00f6glicht es den Kindern, sicher zu sitzen und die Aussicht zu genie\u00dfen, w\u00e4hrend die Eltern m\u00fchelos treten. Perfekt f\u00fcr Fahrten in der Stadt, in Parks und auf ebenen Radwegen.<br \/><br \/><strong>Wichtig:<\/strong> Aufgrund des unebenen Gel\u00e4ndes und des Kopfsteinpflasters wird die Babboe auf der Via Appia hinter dem Mausoleum der Cecilia Metella nicht empfohlen.<\/p><h2 style=\"font-family: 'Roboto', sans-serif; font-size: 20px; margin-top: 20px;\"><strong>Longtail Familienfahrrad<\/strong><\/h2><p style=\"text-align: left;\">Wenn Sie zus\u00e4tzlichen Platz ben\u00f6tigen, ohne an Agilit\u00e4t zu verlieren, ist unser Longtail\u2011Familienfahrrad die perfekte L\u00f6sung. Es wurde entwickelt, um ein oder zwei Kinder bequem zu transportieren, und bietet hervorragende Balance, sanftes Handling sowie die Freiheit, Rom m\u00fchelos zu erkunden. Ideal f\u00fcr l\u00e4ngere Fahrten und Familien, die Flexibilit\u00e4t und Komfort in einem einzigen Fahrrad w\u00fcnschen.<\/p><h2 style=\"font-family: 'Roboto', sans-serif; font-size: 20px; margin-top: 20px;\"><strong>Kinderfahrr\u00e4der<\/strong><\/h2><p style=\"text-align: left;\">Lassen Sie Ihre Kinder die Fahrt mit unseren leichten und einfach zu handhabenden Kinderfahrr\u00e4dern genie\u00dfen. Sie sind in verschiedenen Gr\u00f6\u00dfen erh\u00e4ltlich und ideal f\u00fcr junge Fahrer, die Rom sicher erkunden m\u00f6chten, ohne in der N\u00e4he der Familie zu sein. Eine hervorragende Wahl f\u00fcr kurze Strecken, Parks und familienfreundliche Routen.<\/p><h2 style=\"font-family: 'Roboto', sans-serif; font-size: 20px; margin-top: 20px;\"><strong>24\u201d Kinder E\u2011Bike<\/strong><\/h2><p style=\"text-align: left;\">F\u00fcr \u00e4ltere Kinder, die m\u00fchelos mithalten m\u00f6chten, bietet unser 24\u2011Zoll\u2011Kinder\u2011E\u2011Bike die perfekte Mischung aus Unabh\u00e4ngigkeit und Unterst\u00fctzung. Mit Tretunterst\u00fctzung und einem komfortablen Rahmen erm\u00f6glicht es jungen Fahrern, l\u00e4ngere Strecken und leichte Anstiege zu genie\u00dfen, ohne dabei m\u00fcde zu werden.<\/p><p style=\"text-align: left; font-size: 18px; margin-top: 25px;\"><strong>W\u00e4hlen Sie das perfekte Familienfahrrad und genie\u00dfen Sie ein sanftes, sicheres und unterhaltsames Fahrerlebnis in Rom \u2014 die ideale Art, die Stadt gemeinsam zu erkunden.<\/strong><\/p><\/div>\t\t\t\t\t\t\t\t<\/div>\n\t\t\t\t<\/div>\n\t\t\t\t\t<\/div>\n\t\t<\/div>\n\t\t\t\t\t<\/div>\n\t\t<\/section>\n\t\t\t\t<\/div>","protected":false},"excerpt":{"rendered":"<p>Family Bikes Make your family adventure in Rome unforgettable with our selection of comfortable, safe, and easy-to-ride family bikes. Whether you&#8217;re exploring parks, cruising through the historic center, or enjoying a relaxing ride along Rome\u2019s cycle paths, we have the perfect bike for every age and family size. Babboe Cargo Bike Our Babboe cargo bike [&hellip;]<\/p>","protected":false},"author":199,"featured_media":0,"parent":0,"menu_order":0,"comment_status":"closed","ping_status":"closed","template":"","meta":{"footnotes":""},"class_list":["post-3799","page","type-page","status-publish","hentry"],"_links":{"self":[{"href":"https:\/\/easybikerent.it\/de\/wp-json\/wp\/v2\/pages\/3799","targetHints":{"allow":["GET"]}}],"collection":[{"href":"https:\/\/easybikerent.it\/de\/wp-json\/wp\/v2\/pages"}],"about":[{"href":"https:\/\/easybikerent.it\/de\/wp-json\/wp\/v2\/types\/page"}],"author":[{"embeddable":true,"href":"https:\/\/easybikerent.it\/de\/wp-json\/wp\/v2\/users\/199"}],"replies":[{"embeddable":true,"href":"https:\/\/easybikerent.it\/de\/wp-json\/wp\/v2\/comments?post=3799"}],"version-history":[{"count":8,"href":"https:\/\/easybikerent.it\/de\/wp-json\/wp\/v2\/pages\/3799\/revisions"}],"predecessor-version":[{"id":5899,"href":"https:\/\/easybikerent.it\/de\/wp-json\/wp\/v2\/pages\/3799\/revisions\/5899"}],"wp:attachment":[{"href":"https:\/\/easybikerent.it\/de\/wp-json\/wp\/v2\/media?parent=3799"}],"curies":[{"name":"wp","href":"https:\/\/api.w.org\/{rel}","templated":true}]}}