{"id":3813,"date":"2023-05-24T11:14:57","date_gmt":"2023-05-24T09:14:57","guid":{"rendered":"https:\/\/easybikerent.it\/?page_id=3813"},"modified":"2026-01-09T15:49:52","modified_gmt":"2026-01-09T14:49:52","slug":"rent-push-bicycles","status":"publish","type":"page","link":"https:\/\/easybikerent.it\/de\/rent-push-bicycles\/","title":{"rendered":"Rent push bicycles"},"content":{"rendered":"<div data-elementor-type=\"wp-page\" data-elementor-id=\"3813\" class=\"elementor elementor-3813\" data-elementor-post-type=\"page\">\n\t\t\t\t\t\t<section class=\"elementor-section elementor-top-section elementor-element elementor-element-1dc3a762 elementor-section-boxed elementor-section-height-default elementor-section-height-default\" data-id=\"1dc3a762\" data-element_type=\"section\">\n\t\t\t\t\t\t<div class=\"elementor-container elementor-column-gap-default\">\n\t\t\t\t\t<div class=\"elementor-column elementor-col-100 elementor-top-column elementor-element elementor-element-393eddff\" data-id=\"393eddff\" data-element_type=\"column\">\n\t\t\t<div class=\"elementor-widget-wrap elementor-element-populated\">\n\t\t\t\t\t\t<div class=\"elementor-element elementor-element-1ff582ba elementor-widget elementor-widget-shortcode\" data-id=\"1ff582ba\" data-element_type=\"widget\" data-widget_type=\"shortcode.default\">\n\t\t\t\t<div class=\"elementor-widget-container\">\n\t\t\t\t\t\t\t<div class=\"elementor-shortcode\"><div class=\"woocommerce columns-3\"><ul class=\"products columns-3\">\n<li class=\"product type-product post-699 status-publish first instock product_cat-bicycles product_cat-our-vehicles product_tag-bicycle-for-rent product_tag-bike-hire-in-rome product_tag-bikes-with-a-basket product_tag-city-bikes-in-rome product_tag-eco product_tag-ladies-bikes-for-rent-in-rome has-post-thumbnail purchasable product-type-redq_rental\">\n\t<a href=\"https:\/\/easybikerent.it\/de\/prodotto\/rent-a-trekking-or-a-city-bike\/\" class=\"woocommerce-LoopProduct-link woocommerce-loop-product__link\"><img fetchpriority=\"high\" decoding=\"async\" width=\"300\" height=\"205\" src=\"https:\/\/easybikerent.it\/wp-content\/uploads\/Lombardo-Diamante-Trekking-Bike-Palatine-Hill-Rome-Daytime-e1524302650947-300x205.jpg\" class=\"attachment-woocommerce_thumbnail size-woocommerce_thumbnail\" alt=\"Rent a Trekking or a City Bike from Easy Bike Rent Rome\" srcset=\"https:\/\/easybikerent.it\/wp-content\/uploads\/\/Lombardo-Diamante-Trekking-Bike-Palatine-Hill-Rome-Daytime-e1524302650947-300x205.jpg 300w, https:\/\/easybikerent.it\/wp-content\/uploads\/\/Lombardo-Diamante-Trekking-Bike-Palatine-Hill-Rome-Daytime-e1524302650947.jpg 800w\" sizes=\"(max-width: 300px) 100vw, 300px\" \/><h2 class=\"woocommerce-loop-product__title\">Fahrr\u00e4der f\u00fcr Trekking oder City<\/h2>\n\t<span class=\"price\"><span class=\"amount rnb_price_unit_699\"> From <span class=\"woocommerce-Price-amount amount\"><bdi>12&nbsp;<span class=\"woocommerce-Price-currencySymbol\">\u20ac<\/span><\/bdi><\/span>\/ Tag<\/span><\/span>\n<\/a><\/li>\n<li class=\"product type-product post-4065 status-publish instock product_cat-bicycles product_cat-our-vehicles product_tag-easy product_tag-eco product_tag-gravel-bike-in-rome product_tag-high-quality-gravel-bike product_tag-rent-a-gravel-bike-in-rome product_tag-visit-the-appian-way-without-a-guide has-post-thumbnail purchasable product-type-redq_rental\">\n\t<a href=\"https:\/\/easybikerent.it\/de\/prodotto\/gravel-bikes\/\" class=\"woocommerce-LoopProduct-link woocommerce-loop-product__link\"><img decoding=\"async\" width=\"300\" height=\"225\" src=\"https:\/\/easybikerent.it\/wp-content\/uploads\/WhatsApp-Image-2023-03-15-at-12.14.33-e1689524293114-300x225.jpeg\" class=\"attachment-woocommerce_thumbnail size-woocommerce_thumbnail\" alt=\"Gravel Bike for Rent in Rome\" srcset=\"https:\/\/easybikerent.it\/wp-content\/uploads\/\/WhatsApp-Image-2023-03-15-at-12.14.33-e1689524293114-300x225.jpeg 300w, https:\/\/easybikerent.it\/wp-content\/uploads\/\/WhatsApp-Image-2023-03-15-at-12.14.33-e1689524293114-800x600.jpeg 800w, https:\/\/easybikerent.it\/wp-content\/uploads\/\/WhatsApp-Image-2023-03-15-at-12.14.33-e1689524293114.jpeg 2048w\" sizes=\"(max-width: 300px) 100vw, 300px\" \/><h2 class=\"woocommerce-loop-product__title\">Gravel\u2011Bikes<\/h2>\n\t<span class=\"price\"><span class=\"amount rnb_price_unit_4065\"> From <span class=\"woocommerce-Price-amount amount\"><bdi>17&nbsp;<span class=\"woocommerce-Price-currencySymbol\">\u20ac<\/span><\/bdi><\/span>\/ Tag<\/span><\/span>\n<\/a><\/li>\n<li class=\"product type-product post-4061 status-publish last instock product_cat-bicycles product_cat-our-vehicles product_tag-appian-way-by-mountain-bike product_tag-easy product_tag-eco product_tag-family product_tag-hire-a-mountain-bike-in-rome product_tag-mountain-bikes-in-rome has-post-thumbnail purchasable product-type-redq_rental\">\n\t<a href=\"https:\/\/easybikerent.it\/de\/prodotto\/mountain-bike-rugged-sporty\/\" class=\"woocommerce-LoopProduct-link woocommerce-loop-product__link\"><img decoding=\"async\" width=\"300\" height=\"205\" src=\"https:\/\/easybikerent.it\/wp-content\/uploads\/Sestriere-scala-300x205.jpg\" class=\"attachment-woocommerce_thumbnail size-woocommerce_thumbnail\" alt=\"An Easy Bike Rent Mountain Bike with a typical vintage staircase in the background.\" srcset=\"https:\/\/easybikerent.it\/wp-content\/uploads\/\/Sestriere-scala-300x205.jpg 300w, https:\/\/easybikerent.it\/wp-content\/uploads\/\/Sestriere-scala.jpg 800w\" sizes=\"(max-width: 300px) 100vw, 300px\" \/><h2 class=\"woocommerce-loop-product__title\">Mountainbikes<\/h2>\n\t<span class=\"price\"><span class=\"amount rnb_price_unit_4061\"> From <span class=\"woocommerce-Price-amount amount\"><bdi>12&nbsp;<span class=\"woocommerce-Price-currencySymbol\">\u20ac<\/span><\/bdi><\/span>\/ Tag<\/span><\/span>\n<\/a><\/li>\n<li class=\"product type-product post-4062 status-publish first instock product_cat-bicycles product_cat-our-vehicles product_tag-eco product_tag-family product_tag-good-quality-mountain-bike product_tag-high-perfomances-mountain-bike product_tag-rent-a-high-quality-mountain-bike-in-rome product_tag-rent-a-mountain-bike-in-rome product_tag-visit-the-appian-way-without-a-guide has-post-thumbnail purchasable product-type-redq_rental\">\n\t<a href=\"https:\/\/easybikerent.it\/de\/prodotto\/mountain-bikes-plus\/\" class=\"woocommerce-LoopProduct-link woocommerce-loop-product__link\"><img loading=\"lazy\" decoding=\"async\" width=\"300\" height=\"225\" src=\"https:\/\/easybikerent.it\/wp-content\/uploads\/WhatsApp-Image-2023-03-15-at-12.39.48-1-e1689524359937-300x225.jpeg\" class=\"attachment-woocommerce_thumbnail size-woocommerce_thumbnail\" alt=\"High quality mountain bike\" srcset=\"https:\/\/easybikerent.it\/wp-content\/uploads\/\/WhatsApp-Image-2023-03-15-at-12.39.48-1-e1689524359937-300x225.jpeg 300w, https:\/\/easybikerent.it\/wp-content\/uploads\/\/WhatsApp-Image-2023-03-15-at-12.39.48-1-e1689524359937-800x600.jpeg 800w, https:\/\/easybikerent.it\/wp-content\/uploads\/\/WhatsApp-Image-2023-03-15-at-12.39.48-1-e1689524359937.jpeg 1024w\" sizes=\"(max-width: 300px) 100vw, 300px\" \/><h2 class=\"woocommerce-loop-product__title\">Mountain Bike Plus<\/h2>\n\t<span class=\"price\"><span class=\"amount rnb_price_unit_4062\"> From <span class=\"woocommerce-Price-amount amount\"><bdi>17&nbsp;<span class=\"woocommerce-Price-currencySymbol\">\u20ac<\/span><\/bdi><\/span>\/ Tag<\/span><\/span>\n<\/a><\/li>\n<li class=\"product type-product post-1358 status-publish instock product_cat-bicycles product_cat-family-bikes product_cat-our-vehicles product_tag-appian-way-with-kids product_tag-bike-hire-for-kids product_tag-easy product_tag-eco product_tag-kids-bikes has-post-thumbnail purchasable product-type-redq_rental\">\n\t<a href=\"https:\/\/easybikerent.it\/de\/prodotto\/kids-bike-focus-their-energy\/\" class=\"woocommerce-LoopProduct-link woocommerce-loop-product__link\"><img loading=\"lazy\" decoding=\"async\" width=\"300\" height=\"205\" src=\"https:\/\/easybikerent.it\/wp-content\/uploads\/Kids-Bike-Tunnel-Uphill-300x205.jpg\" class=\"attachment-woocommerce_thumbnail size-woocommerce_thumbnail\" alt=\"A Kids Bike in front of a tunnel on slightly uphill terrain.\" srcset=\"https:\/\/easybikerent.it\/wp-content\/uploads\/\/Kids-Bike-Tunnel-Uphill-300x205.jpg 300w, https:\/\/easybikerent.it\/wp-content\/uploads\/\/Kids-Bike-Tunnel-Uphill.jpg 800w\" sizes=\"(max-width: 300px) 100vw, 300px\" \/><h2 class=\"woocommerce-loop-product__title\">Kinderfahrr\u00e4der<\/h2>\n\t<span class=\"price\"><span class=\"amount rnb_price_unit_1358\"> From <span class=\"woocommerce-Price-amount amount\"><bdi>9&nbsp;<span class=\"woocommerce-Price-currencySymbol\">\u20ac<\/span><\/bdi><\/span>\/ Tag<\/span><\/span>\n<\/a><\/li>\n<\/ul>\n<\/div><\/div>\n\t\t\t\t\t\t<\/div>\n\t\t\t\t<\/div>\n\t\t\t\t\t<\/div>\n\t\t<\/div>\n\t\t\t\t\t<\/div>\n\t\t<\/section>\n\t\t\t\t<section class=\"elementor-section elementor-top-section elementor-element elementor-element-7ea6262 elementor-section-boxed elementor-section-height-default elementor-section-height-default\" data-id=\"7ea6262\" data-element_type=\"section\">\n\t\t\t\t\t\t<div class=\"elementor-container elementor-column-gap-default\">\n\t\t\t\t\t<div class=\"elementor-column elementor-col-100 elementor-top-column elementor-element elementor-element-94fc874\" data-id=\"94fc874\" data-element_type=\"column\">\n\t\t\t<div class=\"elementor-widget-wrap elementor-element-populated\">\n\t\t\t\t\t\t<div class=\"elementor-element elementor-element-c0231b5 elementor-widget elementor-widget-text-editor\" data-id=\"c0231b5\" data-element_type=\"widget\" data-widget_type=\"text-editor.default\">\n\t\t\t\t<div class=\"elementor-widget-container\">\n\t\t\t\t\t\t\t\t\t<div style=\"font-family: 'Roboto', sans-serif; font-size: 17px; line-height: 1.6; color: #333;\"><h1 style=\"text-align: center; font-family: 'Roboto', sans-serif;\"><strong>KLASSISCHE FAHRR\u00c4DER<\/strong><\/h1><p style=\"text-align: left;\">Entdecken Sie Rom authentisch mit unserer Auswahl an hochwertigen Fahrr\u00e4dern. Perfekt f\u00fcr Reisende, die ein aktives, umweltfreundliches und intensives Erlebnis suchen, bieten unsere Fahrr\u00e4der die ideale Balance aus Komfort, Leistung und Freiheit. W\u00e4hlen Sie zwischen Citybikes, Gravelbikes und kraftvollen Mountainbikes \u2014 einschlie\u00dflich unseres Premium\u2011MTB Plus, entwickelt f\u00fcr maximale Stabilit\u00e4t und Kontrolle.<\/p><h2 style=\"font-family: 'Roboto', sans-serif; font-size: 20px; margin-top: 20px;\"><strong>Der perfekte Startpunkt<\/strong><\/h2><p style=\"text-align: left;\">Bei uns zu mieten bedeutet, dass Ihr Abenteuer sofort beginnt. Unser Gesch\u00e4ft liegt nur wenige Schritte vom Radweg entfernt, der direkt zur Via Appia f\u00fchrt, und ebenso nah am Tiber\u2011Radweg. Kein Verkehr, kein Stress \u2014 holen Sie einfach Ihr Fahrrad ab und beginnen Sie innerhalb weniger Minuten, die ikonischsten Routen Roms zu erkunden.<\/p><h2 style=\"font-family: 'Roboto', sans-serif; font-size: 20px; margin-top: 20px;\"><strong>Ideal f\u00fcr die Via Appia<\/strong><\/h2><p style=\"text-align: left;\">Wenn Sie vorhaben, die Antike Via Appia entlangzufahren, sind unsere Mountainbikes die beste Wahl. Das historische Kopfsteinpflaster und das unebene Gel\u00e4nde sind mit einem Fahrrad, das f\u00fcr Traktion, Komfort und Haltbarkeit ausgelegt ist, deutlich angenehmer. F\u00fcr das ultimative Erlebnis empfehlen wir das MTB Plus \u2014 unser Spitzenmodell f\u00fcr Fahrer, die h\u00f6chste Leistung auf gemischtem und offroadigem Untergrund suchen.<\/p><h2 style=\"font-family: 'Roboto', sans-serif; font-size: 20px; margin-top: 20px;\"><strong>Gravelbikes f\u00fcr Langstreckenfahrer<\/strong><\/h2><p style=\"text-align: left;\">Unsere Gravelbikes sind die ideale Wahl f\u00fcr erfahrene Radfahrer, die lange Strecken mit Geschwindigkeit, Komfort und Vielseitigkeit zur\u00fccklegen m\u00f6chten. F\u00fcr Ausdauer und abwechslungsreiches Gel\u00e4nde gebaut, eignen sie sich perfekt f\u00fcr alle, die \u00fcber die Stadt hinausfahren und ganzt\u00e4gige Abenteuer genie\u00dfen wollen. Eine der beliebtesten Strecken ist die landschaftlich reizvolle Fahrt nach Fiumicino, entlang des Tiber\u2011Radwegs bis zur K\u00fcste \u2014 eine ruhige, sch\u00f6ne und lohnende Tour, die Gravelbikes m\u00fchelos meistern.<\/p><h2 style=\"font-family: 'Roboto', sans-serif; font-size: 20px; margin-top: 20px;\"><strong>W\u00e4hle dein Abenteuer<\/strong><\/h2><p style=\"text-align: left;\">Ob Sie eine entspannte Stadtrunde, eine anspruchsvolle Off\u2011Road\u2011Strecke oder eine Langstreckenfahrt bevorzugen, unsere Fahrr\u00e4der geben Ihnen die Freiheit, Rom genau so zu erkunden, wie Sie es m\u00f6chten. Robust, zuverl\u00e4ssig und komfortabel sind sie die perfekte Wahl f\u00fcr Reisende, die ein authentisches Raderlebnis suchen.<\/p><p style=\"text-align: left; font-size: 18px; margin-top: 25px;\"><strong>W\u00e4hlen Sie das perfekte Fahrrad und genie\u00dfen Sie Rom mit Kraft, Komfort und v\u00f6lliger Unabh\u00e4ngigkeit.<\/strong><\/p><\/div>\t\t\t\t\t\t\t\t<\/div>\n\t\t\t\t<\/div>\n\t\t\t\t\t<\/div>\n\t\t<\/div>\n\t\t\t\t\t<\/div>\n\t\t<\/section>\n\t\t\t\t<\/div>","protected":false},"excerpt":{"rendered":"<p>Push Bikes Discover Rome the authentic way with our selection of high\u2011quality muscle bikes. Perfect for travelers who want an active, eco\u2011friendly, and immersive experience, our push bikes offer the ideal balance of comfort, performance, and freedom. Choose from smooth city bikes, versatile gravel bikes, and powerful mountain bikes \u2014 including our premium MTB Plus, [&hellip;]<\/p>","protected":false},"author":1,"featured_media":0,"parent":0,"menu_order":0,"comment_status":"closed","ping_status":"closed","template":"","meta":{"footnotes":""},"class_list":["post-3813","page","type-page","status-publish","hentry"],"_links":{"self":[{"href":"https:\/\/easybikerent.it\/de\/wp-json\/wp\/v2\/pages\/3813","targetHints":{"allow":["GET"]}}],"collection":[{"href":"https:\/\/easybikerent.it\/de\/wp-json\/wp\/v2\/pages"}],"about":[{"href":"https:\/\/easybikerent.it\/de\/wp-json\/wp\/v2\/types\/page"}],"author":[{"embeddable":true,"href":"https:\/\/easybikerent.it\/de\/wp-json\/wp\/v2\/users\/1"}],"replies":[{"embeddable":true,"href":"https:\/\/easybikerent.it\/de\/wp-json\/wp\/v2\/comments?post=3813"}],"version-history":[{"count":25,"href":"https:\/\/easybikerent.it\/de\/wp-json\/wp\/v2\/pages\/3813\/revisions"}],"predecessor-version":[{"id":5831,"href":"https:\/\/easybikerent.it\/de\/wp-json\/wp\/v2\/pages\/3813\/revisions\/5831"}],"wp:attachment":[{"href":"https:\/\/easybikerent.it\/de\/wp-json\/wp\/v2\/media?parent=3813"}],"curies":[{"name":"wp","href":"https:\/\/api.w.org\/{rel}","templated":true}]}}