{"id":5713,"date":"2025-12-27T16:09:57","date_gmt":"2025-12-27T15:09:57","guid":{"rendered":"https:\/\/easybikerent.it\/?page_id=5713"},"modified":"2026-03-12T12:37:58","modified_gmt":"2026-03-12T11:37:58","slug":"afret-dark-bike-adventures","status":"publish","type":"page","link":"https:\/\/easybikerent.it\/de\/afret-dark-bike-adventures\/","title":{"rendered":"Fahrradabenteuer Nach Einbruch der Dunkelheit"},"content":{"rendered":"<div data-elementor-type=\"wp-page\" data-elementor-id=\"5713\" class=\"elementor elementor-5713\" data-elementor-post-type=\"page\">\n\t\t\t\t\t\t<section class=\"elementor-section elementor-top-section elementor-element elementor-element-c790234 elementor-section-boxed elementor-section-height-default elementor-section-height-default\" data-id=\"c790234\" data-element_type=\"section\">\n\t\t\t\t\t\t<div class=\"elementor-container elementor-column-gap-default\">\n\t\t\t\t\t<div class=\"elementor-column elementor-col-100 elementor-top-column elementor-element elementor-element-60dddd1\" data-id=\"60dddd1\" data-element_type=\"column\">\n\t\t\t<div class=\"elementor-widget-wrap elementor-element-populated\">\n\t\t\t\t\t\t<div class=\"elementor-element elementor-element-38d2233 elementor-widget elementor-widget-text-editor\" data-id=\"38d2233\" data-element_type=\"widget\" data-widget_type=\"text-editor.default\">\n\t\t\t\t<div class=\"elementor-widget-container\">\n\t\t\t\t\t\t\t\t\t<p>Pagina Prova\u00a0<\/p><p>\u00a0<\/p>\t\t\t\t\t\t\t\t<\/div>\n\t\t\t\t<\/div>\n\t\t\t\t\t<\/div>\n\t\t<\/div>\n\t\t\t\t\t<\/div>\n\t\t<\/section>\n\t\t\t\t<section class=\"elementor-section elementor-top-section elementor-element elementor-element-bfa6e92 elementor-section-boxed elementor-section-height-default elementor-section-height-default\" data-id=\"bfa6e92\" data-element_type=\"section\">\n\t\t\t\t\t\t<div class=\"elementor-container elementor-column-gap-default\">\n\t\t\t\t\t<div class=\"elementor-column elementor-col-100 elementor-top-column elementor-element elementor-element-c06c194\" data-id=\"c06c194\" data-element_type=\"column\">\n\t\t\t<div class=\"elementor-widget-wrap elementor-element-populated\">\n\t\t\t\t\t\t<div class=\"elementor-element elementor-element-c06bc93 elementor-widget elementor-widget-shortcode\" data-id=\"c06bc93\" data-element_type=\"widget\" data-widget_type=\"shortcode.default\">\n\t\t\t\t<div class=\"elementor-widget-container\">\n\t\t\t\t\t\t\t<div class=\"elementor-shortcode\"><product-catalog-widget widget-id=\"4edaaee8-51c9-4f78-b09a-09a56f4a36d5\"><\/product-catalog-widget><script type=\"text\/javascript\" src=\"https:\/\/widgets.regiondo.net\/catalog\/v1\/catalog-widget.min.js\"><\/script><\/div>\n\t\t\t\t\t\t<\/div>\n\t\t\t\t<\/div>\n\t\t\t\t\t<\/div>\n\t\t<\/div>\n\t\t\t\t\t<\/div>\n\t\t<\/section>\n\t\t\t\t<section class=\"elementor-section elementor-top-section elementor-element elementor-element-159370f elementor-section-boxed elementor-section-height-default elementor-section-height-default\" data-id=\"159370f\" data-element_type=\"section\">\n\t\t\t\t\t\t<div class=\"elementor-container elementor-column-gap-default\">\n\t\t\t\t\t<div class=\"elementor-column elementor-col-100 elementor-top-column elementor-element elementor-element-1426462\" data-id=\"1426462\" data-element_type=\"column\">\n\t\t\t<div class=\"elementor-widget-wrap elementor-element-populated\">\n\t\t\t\t\t\t<div class=\"elementor-element elementor-element-17854f5 elementor-widget elementor-widget-text-editor\" data-id=\"17854f5\" data-element_type=\"widget\" data-widget_type=\"text-editor.default\">\n\t\t\t\t<div class=\"elementor-widget-container\">\n\t\t\t\t\t\t\t\t\t<div style=\"color: #000000; font-weight: bold; text-align: center; padding: 10px 0;\"><span style=\"font-size: 20px;\"><br \/>Book now and get <span style=\"text-decoration: underline;\">10% OFF<\/span><br \/>Enter coupon code: <strong style=\"color: #ff0000;\">EASY10<\/strong> at checkout.<br \/><\/span><\/div>\t\t\t\t\t\t\t\t<\/div>\n\t\t\t\t<\/div>\n\t\t\t\t\t<\/div>\n\t\t<\/div>\n\t\t\t\t\t<\/div>\n\t\t<\/section>\n\t\t\t\t<section class=\"elementor-section elementor-top-section elementor-element elementor-element-5608441 elementor-section-boxed elementor-section-height-default elementor-section-height-default\" data-id=\"5608441\" data-element_type=\"section\">\n\t\t\t\t\t\t<div class=\"elementor-container elementor-column-gap-default\">\n\t\t\t\t\t<div class=\"elementor-column elementor-col-100 elementor-top-column elementor-element elementor-element-611311e\" data-id=\"611311e\" data-element_type=\"column\">\n\t\t\t<div class=\"elementor-widget-wrap elementor-element-populated\">\n\t\t\t\t\t\t<div class=\"elementor-element elementor-element-07d5f40 elementor-widget elementor-widget-heading\" data-id=\"07d5f40\" data-element_type=\"widget\" data-widget_type=\"heading.default\">\n\t\t\t\t<div class=\"elementor-widget-container\">\n\t\t\t\t\t<h2 class=\"elementor-heading-title elementor-size-default\">Fahrradabenteuer Nach Einbruch der Dunkelheit<\/h2>\t\t\t\t<\/div>\n\t\t\t\t<\/div>\n\t\t\t\t<div class=\"elementor-element elementor-element-b04897a elementor-widget elementor-widget-text-editor\" data-id=\"b04897a\" data-element_type=\"widget\" data-widget_type=\"text-editor.default\">\n\t\t\t\t<div class=\"elementor-widget-container\">\n\t\t\t\t\t\t\t\t\t<div style=\"font-family: 'Roboto', sans-serif; font-size: 17px; line-height: 1.6; color: #333;\">\n<h2 style=\"font-family: 'Roboto', sans-serif; font-size: 24px; margin-bottom: 15px;\"><strong>Fahrradabenteuer Nach Einbruch der Dunkelheit \u2013 Entdecke die Stadt bei Nacht<\/strong><\/h2>\n<p style=\"text-align: left;\">Erlebe Rom auf eine der magischsten Weisen: mit dem Fahrrad nach Sonnenuntergang. Unsere After Dark Bike Adventures bieten exklusive, gef\u00fchrte Nachttouren, die Atmosph\u00e4re, Geschichte und Abenteuer verbinden und einen unvergesslichen Abend in der Ewigen Stadt schaffen.<\/p>\n<p style=\"text-align: left;\">Nachts zu fahren bedeutet k\u00fchlere Temperaturen, ruhigere Stra\u00dfen und eine intensivere Verbindung zu Roms Monumenten und Vierteln. Ob du beleuchtete Wahrzeichen erkundest oder \u00fcber friedliche antike Wege radelst \u2013 diese Touren zeigen eine Seite der Stadt, die Tagesbesucher nur selten erleben.<\/p>\n<p style=\"text-align: left; margin-top: 20px;\"><strong>W\u00e4hle zwischen:<\/strong><\/p>\n\n<ul style=\"margin-left: 20px;\">\n \t<li style=\"margin-bottom: 10px;\"><strong>N\u00e4chtliche Fahrradtour durch das Stadtzentrum \u2013<\/strong> Entdecke Roms ber\u00fchmteste Wahrzeichen, die im Licht des Nachthimmels erstrahlen. Mit ruhigeren Stra\u00dfen und einer entspannten Atmosph\u00e4re bietet diese Tour eine angenehme und malerische Fahrt durch das Herz der Stadt.<\/li>\n \t<li style=\"margin-bottom: 10px;\"><strong>N\u00e4chtliche Fahrradtour auf der Via Appia Antica \u2013<\/strong> Ein wirklich einzigartiges Erlebnis entlang der antiken Via Appia. Fahre durch Stille, Natur und Geschichte, fernab von Verkehr und Menschenmassen, und genie\u00dfe die zeitlose Sch\u00f6nheit der r\u00f6mischen Landschaft nach Einbruch der Dunkelheit.<\/li>\n<\/ul>\n<p style=\"text-align: left;\">Alle Touren werden von erfahrenen, englischsprachigen Guides gef\u00fchrt, die Roms Geschichten mit historischen Einblicken, Legenden und lokalen Anekdoten lebendig werden lassen. F\u00fcr maximalen Komfort und Sicherheit \u2014 besonders bei der n\u00e4chtlichen Tour auf der Via Appia \u2014 stellen wir leistungsstarke Fahrradlichter zur Verf\u00fcgung, damit du auch in dunkleren Bereichen sicher fahren kannst.<\/p>\n<p style=\"text-align: left;\">Ob ihr als Paar einen romantischen Abend sucht, allein unterwegs seid und etwas Besonderes erleben m\u00f6chtet oder als kleine Abenteuergruppe reist \u2013 die After Dark Bike Adventures bieten eine stimmungsvolle, sichere und unvergessliche M\u00f6glichkeit, Rom bei Nacht zu erkunden.<\/p>\n<p style=\"text-align: left; font-size: 18px; margin-top: 25px;\"><strong>Buche deine n\u00e4chtliche Fahrradtour und erlebe, wie die Stadt nach Einbruch der Dunkelheit lebendig wird.<\/strong><\/p>\n\n<h2 style=\"font-size: 22px; margin-top: 45px;\"><strong>H\u00e4ufig Gestellte Fragen<\/strong><\/h2>\n<div class=\"faq-section\" style=\"margin-top: 25px;\">\n<h3 style=\"font-size: 19px; margin-bottom: 5px;\"><strong>Sind Night Bike Tours sicher?<\/strong><\/h3>\n<p style=\"margin-bottom: 20px;\" class=\"translation-block\">Ja. Unsere After Dark Bike Adventures sind darauf ausgelegt, sicher und angenehm zu sein. Wir fahren auf ruhigen Stra\u00dfen, Radwegen und sorgf\u00e4ltig ausgew\u00e4hlten Routen mit geringem Verkehr. Alle Fahrr\u00e4der sind mit <strong>starken Vorder\u2011 und R\u00fccklichtern<\/strong> ausgestattet, und unsere erfahrenen Guides sorgen w\u00e4hrend der gesamten Tour f\u00fcr ein sicheres und entspanntes Erlebnis.<\/p>\n\n<h3 style=\"font-size: 19px; margin-bottom: 5px;\"><strong>Ist die n\u00e4chtliche Via\u2011Appia\u2011Tour f\u00fcr alle Radfahrer geeignet?<\/strong><\/h3>\n<p style=\"margin-bottom: 20px;\" class=\"translation-block\">Die n\u00e4chtliche Tour auf der Via Appia wird <strong>Radfahrern mit etwas Erfahrung<\/strong> empfohlen. Obwohl die Strecke nach Einbruch der Dunkelheit magisch und ruhig ist, gibt es Abschnitte mit unebenem Gel\u00e4nde und antiken Basaltsteinen, die gute Fahrtechnik erfordern. Ge\u00fcbte Fahrer werden die Tour als unvergesslich und \u00e4u\u00dferst lohnend erleben.<\/p>\n\n<h3><strong>Finden die Touren auch bei Regen statt?<\/strong><\/h3>\nJa, die Touren finden auch bei leichtem Regen statt. Bei starkem Unwetter verlegen wir den Termin oder erstatten den Betrag.<\/p>\n\n<h3 style=\"font-size: 19px; margin-bottom: 5px;\"><strong>In welcher Sprache finden die Touren statt?<\/strong><\/h3>\n<p style=\"margin-bottom: 20px;\" class=\"translation-block\">Alle unsere Kleingruppentouren werden von Tourleitern gef\u00fchrt, die flie\u00dfend <strong>Italienisch und Englisch<\/strong> sprechen. Zus\u00e4tzlich beinhaltet jede Tour eine <strong>dritte Sprache<\/strong>, die Niederl\u00e4ndisch, Franz\u00f6sisch, Spanisch, Deutsch oder Polnisch sein kann. Wir w\u00e4hlen diese dritte Sprache anhand der <strong>ersten Buchung des Tages<\/strong> aus, um jeder Gruppe das passendste mehrsprachige Erlebnis zu bieten.<\/p>\n\n<\/div>\n<\/div>\t\t\t\t\t\t\t\t<\/div>\n\t\t\t\t<\/div>\n\t\t\t\t\t<\/div>\n\t\t<\/div>\n\t\t\t\t\t<\/div>\n\t\t<\/section>\n\t\t\t\t<\/div>","protected":false},"excerpt":{"rendered":"<p>Pagina Prova\u00a0 \u00a0 Book now and get 10% OFFEnter coupon code: EASY10 at checkout. After dark Bike Adventures After Dark Bike Adventures \u2013 Discover the City by Night Experience Rome in one of the most magical ways possible: by bike, after sunset. Our After Dark Bike Adventures offer exclusive guided night tours that blend atmosphere, [&hellip;]<\/p>","protected":false},"author":285,"featured_media":0,"parent":0,"menu_order":0,"comment_status":"closed","ping_status":"closed","template":"","meta":{"footnotes":""},"class_list":["post-5713","page","type-page","status-publish","hentry"],"_links":{"self":[{"href":"https:\/\/easybikerent.it\/de\/wp-json\/wp\/v2\/pages\/5713","targetHints":{"allow":["GET"]}}],"collection":[{"href":"https:\/\/easybikerent.it\/de\/wp-json\/wp\/v2\/pages"}],"about":[{"href":"https:\/\/easybikerent.it\/de\/wp-json\/wp\/v2\/types\/page"}],"author":[{"embeddable":true,"href":"https:\/\/easybikerent.it\/de\/wp-json\/wp\/v2\/users\/285"}],"replies":[{"embeddable":true,"href":"https:\/\/easybikerent.it\/de\/wp-json\/wp\/v2\/comments?post=5713"}],"version-history":[{"count":23,"href":"https:\/\/easybikerent.it\/de\/wp-json\/wp\/v2\/pages\/5713\/revisions"}],"predecessor-version":[{"id":6163,"href":"https:\/\/easybikerent.it\/de\/wp-json\/wp\/v2\/pages\/5713\/revisions\/6163"}],"wp:attachment":[{"href":"https:\/\/easybikerent.it\/de\/wp-json\/wp\/v2\/media?parent=5713"}],"curies":[{"name":"wp","href":"https:\/\/api.w.org\/{rel}","templated":true}]}}