{"id":5735,"date":"2026-01-05T15:24:13","date_gmt":"2026-01-05T14:24:13","guid":{"rendered":"https:\/\/easybikerent.it\/?page_id=5735"},"modified":"2026-03-12T12:34:30","modified_gmt":"2026-03-12T11:34:30","slug":"appian-way-e-bike-tours","status":"publish","type":"page","link":"https:\/\/easybikerent.it\/de\/appian-way-e-bike-tours\/","title":{"rendered":"E\u2011Bike\u2011Touren auf der Via Appia"},"content":{"rendered":"<div data-elementor-type=\"wp-page\" data-elementor-id=\"5735\" class=\"elementor elementor-5735\" data-elementor-post-type=\"page\">\n\t\t\t\t\t\t<section class=\"elementor-section elementor-top-section elementor-element elementor-element-f0a3256 elementor-section-boxed elementor-section-height-default elementor-section-height-default\" data-id=\"f0a3256\" data-element_type=\"section\">\n\t\t\t\t\t\t<div class=\"elementor-container elementor-column-gap-default\">\n\t\t\t\t\t<div class=\"elementor-column elementor-col-100 elementor-top-column elementor-element elementor-element-c839136\" data-id=\"c839136\" data-element_type=\"column\">\n\t\t\t<div class=\"elementor-widget-wrap\">\n\t\t\t\t\t\t\t<\/div>\n\t\t<\/div>\n\t\t\t\t\t<\/div>\n\t\t<\/section>\n\t\t\t\t<section class=\"elementor-section elementor-top-section elementor-element elementor-element-b523c70 elementor-section-boxed elementor-section-height-default elementor-section-height-default\" data-id=\"b523c70\" data-element_type=\"section\">\n\t\t\t\t\t\t<div class=\"elementor-container elementor-column-gap-default\">\n\t\t\t\t\t<div class=\"elementor-column elementor-col-100 elementor-top-column elementor-element elementor-element-ee7d292\" data-id=\"ee7d292\" data-element_type=\"column\">\n\t\t\t<div class=\"elementor-widget-wrap elementor-element-populated\">\n\t\t\t\t\t\t<div class=\"elementor-element elementor-element-ea9d6b2 elementor-widget elementor-widget-html\" data-id=\"ea9d6b2\" data-element_type=\"widget\" data-widget_type=\"html.default\">\n\t\t\t\t<div class=\"elementor-widget-container\">\n\t\t\t\t\t<product-catalog-widget widget-id=\"a24b45f7-226a-401d-920e-6ff9b49c1fa6\"><\/product-catalog-widget><script type=\"text\/javascript\" src=\"https:\/\/widgets.regiondo.net\/catalog\/v1\/catalog-widget.min.js\"><\/script>\t\t\t\t<\/div>\n\t\t\t\t<\/div>\n\t\t\t\t\t<\/div>\n\t\t<\/div>\n\t\t\t\t\t<\/div>\n\t\t<\/section>\n\t\t\t\t<section class=\"elementor-section elementor-top-section elementor-element elementor-element-e862e11 elementor-section-boxed elementor-section-height-default elementor-section-height-default\" data-id=\"e862e11\" data-element_type=\"section\">\n\t\t\t\t\t\t<div class=\"elementor-container elementor-column-gap-default\">\n\t\t\t\t\t<div class=\"elementor-column elementor-col-100 elementor-top-column elementor-element elementor-element-3671277\" data-id=\"3671277\" data-element_type=\"column\">\n\t\t\t<div class=\"elementor-widget-wrap elementor-element-populated\">\n\t\t\t\t\t\t<div class=\"elementor-element elementor-element-834ff9e elementor-widget elementor-widget-text-editor\" data-id=\"834ff9e\" data-element_type=\"widget\" data-widget_type=\"text-editor.default\">\n\t\t\t\t<div class=\"elementor-widget-container\">\n\t\t\t\t\t\t\t\t\t<div style=\"color: #000000; font-weight: bold; text-align: center; padding: 10px 0;\"><span style=\"font-size: 20px;\">\nBook now and get <span style=\"text-decoration: underline;\">10% OFF.<\/span>\nEnter coupon code: <strong style=\"color: #ff0000;\">EASY10<\/strong> at checkout.\n<\/span><\/div>\t\t\t\t\t\t\t\t<\/div>\n\t\t\t\t<\/div>\n\t\t\t\t\t<\/div>\n\t\t<\/div>\n\t\t\t\t\t<\/div>\n\t\t<\/section>\n\t\t\t\t<section class=\"elementor-section elementor-top-section elementor-element elementor-element-f11d6c6 elementor-section-boxed elementor-section-height-default elementor-section-height-default\" data-id=\"f11d6c6\" data-element_type=\"section\">\n\t\t\t\t\t\t<div class=\"elementor-container elementor-column-gap-default\">\n\t\t\t\t\t<div class=\"elementor-column elementor-col-100 elementor-top-column elementor-element elementor-element-5646c4b\" data-id=\"5646c4b\" data-element_type=\"column\">\n\t\t\t<div class=\"elementor-widget-wrap elementor-element-populated\">\n\t\t\t\t\t\t<div class=\"elementor-element elementor-element-700be55 elementor-widget elementor-widget-text-editor\" data-id=\"700be55\" data-element_type=\"widget\" data-widget_type=\"text-editor.default\">\n\t\t\t\t<div class=\"elementor-widget-container\">\n\t\t\t\t\t\t\t\t\t<div style=\"font-family: 'Roboto', sans-serif; font-size: 17px; line-height: 1.6; color: #333;\"><h1>E\u2011Bike\u2011Touren auf der Via Appia \u2013 Entdecke das antike Rom mit dem Elektrofahrrad<\/h1><p>Erlebe die legend\u00e4re Via Appia Antica wie nie zuvor mit unseren E\u2011Bike\u2011Touren. Ideal f\u00fcr Geschichtsliebhaber, Abenteurer und Radbegeisterte verbinden diese gef\u00fchrten Touren den Komfort des Elektrofahrrads mit der Sch\u00f6nheit, Arch\u00e4ologie und zeitlosen Atmosph\u00e4re einer der ikonischsten antiken Stra\u00dfen Roms.<\/p><p>Alle unsere Appian Way E\u2011Bike Tours starten in der Via dei Cerchi 59, direkt gegen\u00fcber dem Circus Maximus. Dies ist der sicherste und schnellste Weg, die Via Appia mit dem Fahrrad zu erreichen, dank spezieller Radwege und verkehrsarmer Routen.<\/p><p>Mit einem E\u2011Bike kannst du bequem lange Strecken zur\u00fccklegen, die Landschaft genie\u00dfen und arch\u00e4ologische St\u00e4tten ohne Erm\u00fcdung erkunden. Unsere hochwertigen Elektrofahrr\u00e4der verf\u00fcgen \u00fcber leistungsstarke Motoren und langlebige Akkus und eignen sich sowohl f\u00fcr Gelegenheitsfahrer als auch f\u00fcr erfahrene Radfahrer.<\/p><p><strong>W\u00e4hle zwischen:<\/strong><\/p><p class=\"translation-block\"><strong>Tour Via Appia und Aqu\u00e4dukte<\/strong> \u2013 Fahren Sie \u00fcber die antiken Basaltsteine der Via Appia und entdecken Sie Roms beeindruckende Aqu\u00e4dukte, offene Felder und l\u00e4ndliche Landschaften. Eine perfekte Mischung aus Geschichte, Natur und malerischem Radfahren.<\/p><p class=\"translation-block\"><strong>Tour Via Appia und Katakomben<\/strong> \u2013 Kombinieren Sie Arch\u00e4ologie und Abenteuer, w\u00e4hrend Sie antike Katakomben besuchen und die fr\u00fchchristliche Geschichte entdecken, die unter der Via Appia verborgen liegt.<\/p><p class=\"translation-block\"><strong>Nachtfahrt entlang der Via Appia zu den Aqu\u00e4dukten<\/strong> \u2013 Erleben Sie die Via Appia bei Nacht mit leistungsstarken E\u2011Bike\u2011Lichtern, ruhigeren Stra\u00dfen und einer magischen Atmosph\u00e4re. Eine einzigartige und unvergessliche Art, das antike Rom zu erkunden.<\/p><p>Alle Touren werden von freundlichen, englisch- und mehrsprachigen Guides gef\u00fchrt, die gro\u00dfartige Geschichtenerz\u00e4hler sind. Sie erwecken die Via Appia mit spannenden Einblicken in die r\u00f6mische Ingenieurskunst, antike Monumente und das Alltagsleben der Menschen, die einst diese historische Stra\u00dfe nutzten, zum Leben.<\/p><p>Unsere Routen legen Wert auf sichere Fahrbedingungen und landschaftlich sch\u00f6ne Wege und bieten eine ausgewogene Mischung aus Arch\u00e4ologie, Natur und Abenteuer. Dank des Elektromotors kannst du das gesamte Erlebnis m\u00fchelos genie\u00dfen, selbst auf unebenem Gel\u00e4nde.<\/p><p>Buche noch heute deine E\u2011Bike\u2011Tour auf der Via Appia und entdecke das antike Rom auf eine unterhaltsame, komfortable und unvergessliche Weise.<\/p><h2 style=\"margin-top: 40px;\"><strong>Warum unsere Appian Way E\u2011Bike Tours w\u00e4hlen<\/strong><\/h2><ul><li>Der n\u00e4chstgelegene Startpunkt zur Via Appia (Via dei Cerchi 59, Circus Maximus)<\/li><li>Sicherer Zugang zur Via Appia \u00fcber Radwege<\/li><li>Hochwertige italienische E\u2011Bikes mit langlebigen Akkus<\/li><li>Expert English\u2011speaking guides and storytellers<\/li><li>Kleine Gruppen f\u00fcr ein pers\u00f6nlicheres und intensiveres Erlebnis<\/li><li>Routen, die Arch\u00e4ologie, Natur und malerische Landschaften verbinden<\/li><li>Perfekt f\u00fcr Anf\u00e4nger, Familien und erfahrene Radfahrer<\/li><\/ul><h2 style=\"margin-top: 40px;\"><strong>H\u00e4ufig Gestellte Fragen<\/strong><\/h2><h3><strong>Is the Appian Way suitable for all cycling levels?<\/strong><\/h3><p>Die Strecke ist gr\u00f6\u00dftenteils flach und gut zug\u00e4nglich, aber es ist wichtig, dass die Teilnehmer sicher Fahrrad fahren k\u00f6nnen \u2013 auch bei leichtem Stadtverkehr. Die E\u2011Bike\u2011Unterst\u00fctzung erleichtert die Fahrt, dennoch sind grundlegende Fahrf\u00e4higkeiten und Sicherheit im Stra\u00dfenverkehr erforderlich.<\/p><h3><strong>Wie lange dauern die E\u2011Bike\u2011Touren auf der Via Appia?<\/strong><\/h3><p>Unsere Touren dauern zwischen 3 und 4 Stunden, je nach gew\u00e4hlter Route (Aqu\u00e4dukte, Katakomben oder Night Ride).<\/p><h3><strong>Welche der drei Touren auf der Via Appia ist am einfachsten?<\/strong><\/h3><p class=\"translation-block\">Die einfachste Option ist die Via\u2011Appia\u2011 &amp; Katakomben\u2011Tour, da sie die k\u00fcrzeste ist und das entspannteste Tempo hat. Die Night\u2011Ride\u2011Tour ist die anspruchsvollste, da sie l\u00e4ngere Strecken und eingeschr\u00e4nkte Sicht umfasst, w\u00e4hrend die Aqu\u00e4dukt\u2011Tour f\u00fcr Teenager am meisten Spa\u00df macht und am dynamischsten ist \u2013 dank ihrer abwechslungsreichen Landschaften und abenteuerlicheren Abschnitte.<\/p><h3><strong>Starten die Touren in der N\u00e4he der Via Appia?<\/strong><\/h3><p>Ja. Alle Touren starten in der Via dei Cerchi 59, direkt gegen\u00fcber dem Circus Maximus \u2014 dem n\u00e4chstgelegenen und sichersten Startpunkt, um die Via Appia mit dem Fahrrad zu erreichen.<\/p><h3><strong>Sind die Touren familienfreundlich?<\/strong><\/h3><p>Auf jeden Fall. Familien sind bei uns herzlich willkommen, und wir bieten kleinere E\u2011Bikes f\u00fcr j\u00fcngere Fahrer sowie Kindersitze bei Bedarf. Kinder unter 14 Jahren k\u00f6nnen nur in Begleitung eines Elternteils teilnehmen.<\/p><h3><strong>Was werde ich w\u00e4hrend der Touren sehen?<\/strong><\/h3><p>Je nach Tour besuchen Sie die Via Appia, den Aqu\u00e4duktpark, die Katakomben, den Caffarella\u2011Park, die Porta San Sebastiano und weitere arch\u00e4ologische Sehensw\u00fcrdigkeiten.<\/p><h3><strong>Finden die Touren auch bei Regen statt?<\/strong><\/h3><p>Ja, die Touren finden auch bei leichtem Regen statt. Bei starkem Unwetter verlegen wir den Termin oder erstatten den Betrag.<\/p><h3 style=\"font-size: 19px; margin-bottom: 5px;\"><strong>In welcher Sprache finden die Touren statt?<\/strong><\/h3><p style=\"margin-bottom: 20px;\" class=\"translation-block\">Alle unsere Kleingruppentouren werden von Tourleitern gef\u00fchrt, die flie\u00dfend <strong>Italienisch und Englisch<\/strong> sprechen. Zus\u00e4tzlich beinhaltet jede Tour eine <strong>dritte Sprache<\/strong>, die Niederl\u00e4ndisch, Franz\u00f6sisch, Spanisch, Deutsch oder Polnisch sein kann. Wir w\u00e4hlen diese dritte Sprache anhand der <strong>ersten Buchung des Tages<\/strong> aus, um jeder Gruppe das passendste mehrsprachige Erlebnis zu bieten.<\/p><\/div>\t\t\t\t\t\t\t\t<\/div>\n\t\t\t\t<\/div>\n\t\t\t\t\t<\/div>\n\t\t<\/div>\n\t\t\t\t\t<\/div>\n\t\t<\/section>\n\t\t\t\t<\/div>","protected":false},"excerpt":{"rendered":"<p>Book now and get 10% OFF. Enter coupon code: EASY10 at checkout. Appian Way E-Bike Tours \u2013 Explore Ancient Rome by Electric Bike Discover the legendary Via Appia Antica like never before with our Appian Way E\u2011Bike Tours. Perfect for history lovers, adventurers, and cycling enthusiasts, these guided tours combine the ease of electric biking [&hellip;]<\/p>","protected":false},"author":285,"featured_media":0,"parent":0,"menu_order":0,"comment_status":"closed","ping_status":"closed","template":"","meta":{"footnotes":""},"class_list":["post-5735","page","type-page","status-publish","hentry"],"_links":{"self":[{"href":"https:\/\/easybikerent.it\/de\/wp-json\/wp\/v2\/pages\/5735","targetHints":{"allow":["GET"]}}],"collection":[{"href":"https:\/\/easybikerent.it\/de\/wp-json\/wp\/v2\/pages"}],"about":[{"href":"https:\/\/easybikerent.it\/de\/wp-json\/wp\/v2\/types\/page"}],"author":[{"embeddable":true,"href":"https:\/\/easybikerent.it\/de\/wp-json\/wp\/v2\/users\/285"}],"replies":[{"embeddable":true,"href":"https:\/\/easybikerent.it\/de\/wp-json\/wp\/v2\/comments?post=5735"}],"version-history":[{"count":47,"href":"https:\/\/easybikerent.it\/de\/wp-json\/wp\/v2\/pages\/5735\/revisions"}],"predecessor-version":[{"id":6151,"href":"https:\/\/easybikerent.it\/de\/wp-json\/wp\/v2\/pages\/5735\/revisions\/6151"}],"wp:attachment":[{"href":"https:\/\/easybikerent.it\/de\/wp-json\/wp\/v2\/media?parent=5735"}],"curies":[{"name":"wp","href":"https:\/\/api.w.org\/{rel}","templated":true}]}}