{"id":5762,"date":"2026-01-08T15:23:46","date_gmt":"2026-01-08T14:23:46","guid":{"rendered":"https:\/\/easybikerent.it\/?page_id=5762"},"modified":"2026-02-02T02:20:39","modified_gmt":"2026-02-02T01:20:39","slug":"exclusive-e-bike-tours","status":"publish","type":"page","link":"https:\/\/easybikerent.it\/de\/exclusive-e-bike-tours\/","title":{"rendered":"Exclusive e-Bike Tours"},"content":{"rendered":"<div data-elementor-type=\"wp-page\" data-elementor-id=\"5762\" class=\"elementor elementor-5762\" data-elementor-post-type=\"page\">\n\t\t\t\t\t\t<section class=\"elementor-section elementor-top-section elementor-element elementor-element-6e30b29 elementor-section-boxed elementor-section-height-default elementor-section-height-default\" data-id=\"6e30b29\" data-element_type=\"section\">\n\t\t\t\t\t\t<div class=\"elementor-container elementor-column-gap-default\">\n\t\t\t\t\t<div class=\"elementor-column elementor-col-100 elementor-top-column elementor-element elementor-element-d9ae930\" data-id=\"d9ae930\" data-element_type=\"column\">\n\t\t\t<div class=\"elementor-widget-wrap elementor-element-populated\">\n\t\t\t\t\t\t<div class=\"elementor-element elementor-element-414ec66 elementor-widget elementor-widget-shortcode\" data-id=\"414ec66\" data-element_type=\"widget\" data-widget_type=\"shortcode.default\">\n\t\t\t\t<div class=\"elementor-widget-container\">\n\t\t\t\t\t\t\t<div class=\"elementor-shortcode\"><product-catalog-widget widget-id=\"5aa6afe5-c32a-4cf0-b111-66a4ee536b9a\"><\/product-catalog-widget><script type=\"text\/javascript\" src=\"https:\/\/widgets.regiondo.net\/catalog\/v1\/catalog-widget.min.js\"><\/script><\/div>\n\t\t\t\t\t\t<\/div>\n\t\t\t\t<\/div>\n\t\t\t\t<div class=\"elementor-element elementor-element-7e3e388 elementor-widget elementor-widget-text-editor\" data-id=\"7e3e388\" data-element_type=\"widget\" data-widget_type=\"text-editor.default\">\n\t\t\t\t<div class=\"elementor-widget-container\">\n\t\t\t\t\t\t\t\t\t<div style=\"font-family: 'Roboto', sans-serif; font-size: 17px; line-height: 1.6; color: #333;\">\n<h2 style=\"font-family: 'Roboto', sans-serif; font-size: 24px; margin-bottom: 15px;\"><strong>Private E\u2011Bike\u2011Touren in Rom<\/strong><\/h2>\n<p style=\"text-align: left;\">Erlebe die Ewige Stadt mit unseren exklusiven privaten E\u2011Bike\u2011Touren \u2014 die komfortabelste, flexibelste und pers\u00f6nlichste Art, Rom zu erkunden. F\u00fcr Reisende, die Wert auf Privatsph\u00e4re, Premium\u2011Service und ma\u00dfgeschneiderte Routen legen, erm\u00f6glichen dir unsere privaten Touren, Rom genauso zu entdecken, wie du es m\u00f6chtest, in deinem eigenen Tempo.<\/p>\n<p style=\"text-align: left;\">Ob ihr als Paar, Familie, Freundesgruppe unterwegs seid oder einfach eine pers\u00f6nlichere Erfahrung sucht \u2013 unsere privaten E\u2011Bike\u2011Touren bieten volle Freiheit und die ungeteilte Aufmerksamkeit eures Guides. Mit hochwertigen E\u2011Bikes, leistungsstarken Motoren und langlebigen Akkus k\u00f6nnt ihr mehr Strecke m\u00fchelos zur\u00fccklegen und einen ganzen Tag Sightseeing ohne Erm\u00fcdung genie\u00dfen.<\/p>\n<p style=\"text-align: left;\">Von Roms ber\u00fchmtesten Wahrzeichen \u00fcber versteckte Ecken bis hin zu malerischen Routen durch die Landschaft \u2014 jede private Tour l\u00e4sst sich vollst\u00e4ndig anpassen. Sag uns, was du liebst \u2014 Kunst, Geschichte, Essen, Natur, Panoramablicke \u2014 und wir gestalten die perfekte Route f\u00fcr dich.<\/p>\n\n<h3 style=\"font-family: 'Roboto', sans-serif; font-size: 20px; margin-top: 30px;\"><strong>Private Touren in Rom: Unser Angebot<\/strong><\/h3>\n<h4 style=\"font-size: 18px; margin-top: 15px;\"><strong>Private Stadttouren durch Rom<\/strong><\/h4>\n<p style=\"text-align: left;\">Erkunde das historische Zentrum in deinem eigenen Tempo und besuche ber\u00fchmte Sehensw\u00fcrdigkeiten, charmante Viertel und versteckte Ecken \u2013 begleitet von einem privaten Guide, der sich ausschlie\u00dflich deiner Gruppe widmet.<\/p>\n\n<h4 style=\"font-size: 18px; margin-top: 15px;\"><strong>Exclusive Private Appian Way Tour with Catacombs &amp; Gourmet Lunch<\/strong><\/h4>\n<p style=\"text-align: left;\">Fahre entlang der antiken Via Appia Antica und entdecke die faszinierenden Katakomben mit einem privaten Guide. Eine perfekte Mischung aus Arch\u00e4ologie, Natur und Abenteuer.<\/p>\n\n<h4 style=\"font-size: 18px; margin-top: 15px;\"><strong>Private Nachttouren<\/strong><\/h4>\n<p style=\"text-align: left;\">Erlebe Rom nach Sonnenuntergang wundersch\u00f6n beleuchtet. Fahre an Monumenten, Pl\u00e4tzen und Brunnen vorbei und genie\u00dfe die magische Abendstimmung, fern vom Trubel des Tages.<\/p>\n\n<h4 style=\"font-size: 18px; margin-top: 15px;\">Private E\u2011Bike\u2011Tour auf dem Tiber\u2011Radweg mit Besuch der Villa Borghese &amp; Galleria Borghese<\/h4>\n<p style=\"text-align: left;\">Genie\u00dfe eine entspannte E\u2011Bike\u2011Fahrt entlang des Tiber\u2011Radwegs, bevor du das gr\u00fcne Herz der Stadt, die Villa Borghese, erreichst. Dein Erlebnis geht weiter mit einer privaten F\u00fchrung durch die Galleria Borghese, die Meisterwerke von Bernini, Caravaggio und Raffael beherbergt.<\/p>\n\n<h4 style=\"font-size: 18px; margin-top: 15px;\"><strong>Private Radtouren durch Rom mit Mittagessen<\/strong><\/h4>\n<p style=\"text-align: left;\">Kombiniere Sightseeing mit authentischer r\u00f6mischer K\u00fcche. Fahre durch historische Viertel und halte f\u00fcr ein traditionelles italienisches Mittagessen in einer lokalen Trattoria \u2014 die perfekte Mischung aus Kultur, gutem Essen und entspanntem Radfahren.<\/p>\n\n<h3 style=\"font-family: 'Roboto', sans-serif; font-size: 20px; margin-top: 30px;\"><strong>H\u00f6hepunkte Unserer Privaten E\u2011Bike\u2011Touren<\/strong><\/h3>\n<ul style=\"margin-left: 20px;\">\n \t<li>Vollst\u00e4ndig personalisierte Routen basierend auf euren Interessen<\/li>\n \t<li>Private Guides, die Deutsch sprechen und gro\u00dfartige Geschichtenerz\u00e4hler sind (bitte kontaktiert uns vor der Buchung, um die Verf\u00fcgbarkeit eines Guides in eurer Sprache zu best\u00e4tigen)<\/li>\n \t<li>Ein Erlebnis in kleinen Gruppen, bei dem der Guide sich ganz auf euch konzentriert<\/li>\n \t<li>Premium\u2011E\u2011Bikes mit mehreren Unterst\u00fctzungsstufen f\u00fcr entspanntes Fahren in jeder Situation<\/li>\n \t<li>Vom bezaubernden historischen Zentrum bis zu den ruhigeren Wegen abseits des Trubels \u2013 wir bieten Erlebnisse f\u00fcr jeden Geschmack<\/li>\n \t<li>Fahrradfreundliche Wege kombiniert mit sorgf\u00e4ltig ausgew\u00e4hlten Stadtstra\u00dfen<\/li>\n \t<li>Abendtouren, die euch eine ganz besondere Sicht auf die Stadt bei Nacht bieten<\/li>\n<\/ul>\n<h2 style=\"font-size: 22px; margin-top: 45px;\"><strong>H\u00e4ufig Gestellte Fragen<\/strong><\/h2>\n<div class=\"faq-section\" style=\"margin-top: 25px;\">\n<h3 style=\"font-size: 19px; margin-bottom: 5px;\"><strong>Kann ich einen Guide in meiner Muttersprache anfragen?<\/strong><\/h3>\n<p style=\"margin-bottom: 20px;\">Auf jeden Fall. Einer der Vorteile einer privaten Tour ist die vollst\u00e4ndige Personalisierung. Wenn du einen Guide bevorzugst, der deine Muttersprache spricht, stellen wir dir den am besten geeigneten Tourleiter zur Seite, damit du eine reibungslose, angenehme und vollst\u00e4ndig ma\u00dfgeschneiderte Erfahrung genie\u00dft.<\/p>\n\n<\/div>\n<h3 style=\"font-family: 'Roboto', sans-serif; font-size: 20px; margin-top: 30px;\"><strong>Warum eine private Tour in Rom w\u00e4hlen<\/strong><\/h3>\n<p style=\"text-align: left;\">Eine private Tour erm\u00f6glicht es euch, Rom in eurem eigenen Tempo zu erkunden, Menschenmassen zu vermeiden und euch auf das zu konzentrieren, was euch wirklich interessiert. Ob Kunst, Geschichte, Architektur, Natur oder K\u00fcche \u2013 unsere privaten E\u2011Bike\u2011Touren bieten die perfekte Balance aus Komfort, Abenteuer und Entdeckung.<\/p>\n\n<h3 style=\"font-size: 19px; margin-bottom: 5px;\"><strong>Wie lange dauert eine private E\u2011Bike\u2011Tour?<\/strong><\/h3>\n<p style=\"margin-bottom: 20px;\" class=\"translation-block\">Die meisten privaten E\u2011Bike\u2011Touren dauern zwischen 3 und 6 Stunden, je nach gew\u00e4hlter Route. F\u00fcr G\u00e4ste, die Rom intensiver und immersiver erleben m\u00f6chten, sind auch Ganztagesoptionen verf\u00fcgbar.<\/p>\n\n<h3 style=\"font-size: 19px; margin-bottom: 5px;\"><strong>Kann die Route individuell angepasst werden?<\/strong><\/h3>\n<p style=\"margin-bottom: 20px;\" class=\"translation-block\">Ja. Jede private Tour ist <strong>vollst\u00e4ndig anpassbar<\/strong>. Ob du antike Geschichte, Panoramablicke, kulinarische Erlebnisse oder ruhige Strecken auf dem Land bevorzugst \u2013 wir gestalten die Route nach deinen Interessen und Fahrvorlieben.<\/p>\n\n<h3 style=\"font-size: 19px; margin-bottom: 5px;\"><strong>What level of fitness is required?<\/strong><\/h3>\n<p style=\"margin-bottom: 20px;\">Thanks to electric assistance, our private tours are suitable for guests with <strong>average fitness<\/strong>. The motor helps on hills and longer distances, making the experience smooth and enjoyable even for those who are not regular cyclists.<\/p>\n\n<h3 style=\"font-size: 19px; margin-bottom: 5px;\"><strong>What should I bring on a private e\u2011bike tour?<\/strong><\/h3>\n<p style=\"margin-bottom: 20px;\">We recommend bringing comfortable clothing, closed\u2011toe shoes, sunscreen, and a reusable water bottle. For evening tours, a light jacket is useful. Helmets and safety equipment are always provided.<\/p>\n\n<h3 style=\"font-size: 19px; margin-bottom: 5px;\"><strong>Ist die Via Appia f\u00fcr Anf\u00e4nger geeignet?<\/strong><\/h3>\n<p style=\"margin-bottom: 20px;\" class=\"translation-block\">Die Via Appia enth\u00e4lt Abschnitte mit alten Basaltsteinen und wird daher f\u00fcr <strong>ge\u00fcbte Radfahrer<\/strong> empfohlen. Mit einem privaten Guide und einem E\u2011Bike k\u00f6nnen jedoch auch weniger erfahrene Fahrer die Strecke in entspanntem Tempo genie\u00dfen.<\/p>\n\n<h3 style=\"font-size: 19px; margin-bottom: 5px;\"><strong>Ist ein Helm in der privaten Tour inbegriffen?<\/strong><\/h3>\n<p style=\"margin-bottom: 20px;\" class=\"translation-block\">Ja. Jede private Tour beinhaltet einen <strong>Helm, ein Sicherheits\u00adschloss und ein hochwertiges E\u2011Bike<\/strong> mit mehreren Unterst\u00fctzungsstufen. Zus\u00e4tzliche Ausr\u00fcstung kann je nach Route bereitgestellt werden.<\/p>\n\n<h3><strong>Finden die Touren auch bei Regen statt?<\/strong><\/h3>\nJa, die Touren finden auch bei leichtem Regen statt. Bei starkem Unwetter verlegen wir den Termin oder erstatten den Betrag.\n\n<p style=\"text-align: left; font-size: 18px; margin-top: 25px;\"><strong>Bucht noch heute eure exklusive Privattour in Rom und genie\u00dft ein hochwertiges, individuell gestaltetes E\u2011Bike\u2011Erlebnis, das Radfahren, Sightseeing und lokale Kultur zu einer unvergesslichen Reise verbindet.<\/strong><\/p>\n\n<\/div>\t\t\t\t\t\t\t\t<\/div>\n\t\t\t\t<\/div>\n\t\t\t\t\t<\/div>\n\t\t<\/div>\n\t\t\t\t\t<\/div>\n\t\t<\/section>\n\t\t\t\t<section class=\"elementor-section elementor-top-section elementor-element elementor-element-5bcaf69 elementor-section-boxed elementor-section-height-default elementor-section-height-default\" data-id=\"5bcaf69\" data-element_type=\"section\">\n\t\t\t\t\t\t<div class=\"elementor-container elementor-column-gap-default\">\n\t\t\t\t\t<div class=\"elementor-column elementor-col-100 elementor-top-column elementor-element elementor-element-e40d76a\" data-id=\"e40d76a\" data-element_type=\"column\">\n\t\t\t<div class=\"elementor-widget-wrap\">\n\t\t\t\t\t\t\t<\/div>\n\t\t<\/div>\n\t\t\t\t\t<\/div>\n\t\t<\/section>\n\t\t\t\t<\/div>","protected":false},"excerpt":{"rendered":"<p>Private E-Bike Tours in Rome Experience the Eternal City with our exclusive Private E\u2011Bike Tours \u2014 the most comfortable, flexible, and personalized way to explore Rome. Designed for travelers who value privacy, premium service, and tailor\u2011made itineraries, our private tours allow you to discover Rome exactly the way you want, at your own pace. Whether [&hellip;]<\/p>","protected":false},"author":285,"featured_media":0,"parent":0,"menu_order":0,"comment_status":"closed","ping_status":"closed","template":"","meta":{"footnotes":""},"class_list":["post-5762","page","type-page","status-publish","hentry"],"_links":{"self":[{"href":"https:\/\/easybikerent.it\/de\/wp-json\/wp\/v2\/pages\/5762","targetHints":{"allow":["GET"]}}],"collection":[{"href":"https:\/\/easybikerent.it\/de\/wp-json\/wp\/v2\/pages"}],"about":[{"href":"https:\/\/easybikerent.it\/de\/wp-json\/wp\/v2\/types\/page"}],"author":[{"embeddable":true,"href":"https:\/\/easybikerent.it\/de\/wp-json\/wp\/v2\/users\/285"}],"replies":[{"embeddable":true,"href":"https:\/\/easybikerent.it\/de\/wp-json\/wp\/v2\/comments?post=5762"}],"version-history":[{"count":20,"href":"https:\/\/easybikerent.it\/de\/wp-json\/wp\/v2\/pages\/5762\/revisions"}],"predecessor-version":[{"id":5978,"href":"https:\/\/easybikerent.it\/de\/wp-json\/wp\/v2\/pages\/5762\/revisions\/5978"}],"wp:attachment":[{"href":"https:\/\/easybikerent.it\/de\/wp-json\/wp\/v2\/media?parent=5762"}],"curies":[{"name":"wp","href":"https:\/\/api.w.org\/{rel}","templated":true}]}}