{"id":655,"date":"2017-12-14T00:33:50","date_gmt":"2017-12-13T23:33:50","guid":{"rendered":"https:\/\/easybikerent.it\/?page_id=655"},"modified":"2026-03-12T10:24:49","modified_gmt":"2026-03-12T09:24:49","slug":"fai","status":"publish","type":"page","link":"https:\/\/easybikerent.it\/de\/fai\/","title":{"rendered":"FAQ"},"content":{"rendered":"<div data-elementor-type=\"wp-page\" data-elementor-id=\"655\" class=\"elementor elementor-655\" data-elementor-post-type=\"page\">\n\t\t\t\t\t\t<section class=\"elementor-section elementor-top-section elementor-element elementor-element-77a1ff4d elementor-section-boxed elementor-section-height-default elementor-section-height-default\" data-id=\"77a1ff4d\" data-element_type=\"section\">\n\t\t\t\t\t\t<div class=\"elementor-container elementor-column-gap-default\">\n\t\t\t\t\t<div class=\"elementor-column elementor-col-100 elementor-top-column elementor-element elementor-element-6cb1ba63\" data-id=\"6cb1ba63\" data-element_type=\"column\">\n\t\t\t<div class=\"elementor-widget-wrap elementor-element-populated\">\n\t\t\t\t\t\t<div class=\"elementor-element elementor-element-7b50a48 elementor-widget elementor-widget-text-editor\" data-id=\"7b50a48\" data-element_type=\"widget\" data-widget_type=\"text-editor.default\">\n\t\t\t\t<div class=\"elementor-widget-container\">\n\t\t\t\t\t\t\t\t\t<div class=\"page-content\" style=\"font-family: 'Roboto', sans-serif; font-size: 17px; line-height: 1.6; color: #333;\"><h2 style=\"font-size: 22px; margin-top: 45px;\"><strong>Fahrrad- und E\u2011Bike\u2011Verleih \u2013 H\u00e4ufig Gestellte Fragen<\/strong><\/h2><div class=\"faq-section\" style=\"margin-top: 25px;\"><h3 style=\"font-size: 19px; margin-bottom: 5px;\"><strong>Welche Dokumente werden ben\u00f6tigt, um ein Fahrrad oder E\u2011Bike zu mieten?<\/strong><\/h3><p style=\"margin-bottom: 20px;\">Ein g\u00fcltiger Ausweis ist erforderlich. F\u00fcr die Kaution wird eine Kreditkarte ben\u00f6tigt. Wenn du keine Kreditkarte hast, kannst du eine Barkaution in H\u00f6he von 100\u202f\u20ac pro Fahrrad und 300\u202f\u20ac pro E\u2011Bike hinterlegen.<\/p><h3 style=\"font-size: 19px; margin-bottom: 5px;\"><strong>Was ist im Mietpreis enthalten?<\/strong><\/h3><p style=\"margin-bottom: 20px;\">Die Miete umfasst ein Kryptonite\u2011Schloss, einen Helm, ein Sofort\u2011Reparaturschaum\u2011Kit f\u00fcr Reifenpannen, Pannenhilfe sowie einen Korb (nur f\u00fcr Citybikes). Handyhalterungen sind nur bei ausgew\u00e4hlten Modellen enthalten, nicht bei Kids Bikes und Kids E\u2011Bikes.<\/p><h3 style=\"font-size: 19px; margin-bottom: 5px;\"><strong>Deckt die Versicherung das Fahrrad ab?<\/strong><\/h3><p style=\"margin-bottom: 20px;\">Nein. Der Kunde haftet f\u00fcr Diebstahl und Sch\u00e4den bis zur im Vertrag angegebenen Selbstbeteiligung (von 150\u202f\u20ac f\u00fcr Kinderfahrr\u00e4der bis 1150\u202f\u20ac f\u00fcr elektrische Mountainbikes).<\/p><h3 style=\"font-size: 19px; margin-bottom: 5px;\"><strong>Ab welchem Alter d\u00fcrfen Kinder auf dem Fahrrad mitgenommen werden?<\/strong><\/h3><p style=\"margin-bottom: 20px;\">Kinder k\u00f6nnen ab einem Alter von 1 Jahr mitgenommen werden. Bis 11\u202fkg (24\u202flbs) nutzen sie einen Vordersitz; von 11\u202fkg bis 23\u202fkg (50\u202flbs) m\u00fcssen sie einen R\u00fccksitz verwenden.<\/p><h3 style=\"font-size: 19px; margin-bottom: 5px;\"><strong>Ab welchem Alter k\u00f6nnen Kinder eure Fahrr\u00e4der benutzen?<\/strong><\/h3><p style=\"margin-bottom: 20px;\">Kids Bikes sind ab einer K\u00f6rpergr\u00f6\u00dfe von 120\u202fcm geeignet. Kids E\u2011Bikes sind ab 140\u202fcm geeignet, auch wenn das italienische Gesetz ein Mindestalter von 14 Jahren f\u00fcr E\u2011Bikes vorsieht. Eltern tragen die volle Verantwortung f\u00fcr ihre Kinder.<\/p><h3 style=\"font-size: 19px; margin-bottom: 5px;\"><strong>Ist es schwierig, in Rom Fahrrad zu fahren?<\/strong><\/h3><p style=\"margin-bottom: 20px;\">Unser Gesch\u00e4ft liegt direkt an fahrradfreundlichen Strecken, darunter der Tiber\u2011Radweg und die Via Appia. Radfahren ist mit gesundem Menschenverstand und grundlegenden Fahrf\u00e4higkeiten sicher und angenehm.<\/p><h3 style=\"font-size: 19px; margin-bottom: 5px;\"><strong>Wie lautet Ihre Stornierungsrichtlinie?<\/strong><\/h3><p style=\"margin-bottom: 20px;\" class=\"translation-block\">Sie k\u00f6nnen Ihre Reservierung bis zu 48 Stunden vor Mietbeginn stornieren und erhalten eine vollst\u00e4ndige R\u00fcckerstattung. Stornierungen, die weniger als 48 Stunden vor dem geplanten Beginn erfolgen, sind nicht erstattungsf\u00e4hig.<\/p><h3 style=\"font-size: 19px; margin-bottom: 5px;\"><strong>Was passiert bei schlechtem Wetter?<\/strong><\/h3><p style=\"margin-bottom: 20px;\">Du kannst am selben Tag bei schlechtem Wetter stornieren, solange der Verleih noch nicht begonnen hat. Nach Beginn des Verleihs werden keine R\u00fcckerstattungen gew\u00e4hrt.<\/p><\/div><h2 style=\"font-size: 22px; margin-top: 45px;\"><strong>Roller\u2011 &amp; Vespa\u2011Verleih \u2013 H\u00e4ufig gestellte Fragen<\/strong><\/h2><div class=\"faq-section\" style=\"margin-top: 25px;\"><h3 style=\"font-size: 19px; margin-bottom: 5px;\"><strong>Welche Dokumente werden ben\u00f6tigt, um einen Scooter zu mieten?<\/strong><\/h3><p style=\"margin-bottom: 20px;\">Du musst einen g\u00fcltigen europ\u00e4ischen F\u00fchrerschein oder einen g\u00fcltigen Internationalen F\u00fchrerschein (IDP) vorlegen, wenn dein F\u00fchrerschein nicht aus der EU stammt, eine Kreditkarte f\u00fcr die Kaution sowie vorherige Erfahrung im Fahren von Scootern.<\/p><h3 style=\"font-size: 19px; margin-bottom: 5px;\"><strong>Kann ich einen Scooter ohne Erfahrung mieten?<\/strong><\/h3><p style=\"margin-bottom: 20px;\">Nein. Aus Sicherheitsgr\u00fcnden vermieten wir keine Scooter an Kunden ohne vorherige Erfahrung. Wenn der Guide feststellt, dass du nicht sicher fahren kannst, wird der Scooter nicht \u00fcbergeben und ein Miettag wird berechnet.<\/p><h3 style=\"font-size: 19px; margin-bottom: 5px;\"><strong>Wo kann ich in Rom Scooter fahren?<\/strong><\/h3><p style=\"margin-bottom: 20px;\">Scooter d\u00fcrfen fast \u00fcberall fahren, au\u00dfer auf Autobahnen, in Bus\u2011\/Taxi\u2011Spuren und in der ZTL A1, wenn das Tor \u201eVARCO ATTIVO\u201c anzeigt.<\/p><h3 style=\"font-size: 19px; margin-bottom: 5px;\"><strong>Was ist im Mietpreis enthalten?<\/strong><\/h3><p style=\"margin-bottom: 20px;\">Die Haftpflichtversicherung, zwei Helme, ein Topcase hinten und ein Sicherheitsschloss sind inbegriffen.<\/p><h3 style=\"font-size: 19px; margin-bottom: 5px;\"><strong>Wie lautet Ihre Stornierungsrichtlinie?<\/strong><\/h3><p style=\"margin-bottom: 20px;\" class=\"translation-block\">Sie k\u00f6nnen Ihre Reservierung bis zu 48 Stunden vor Mietbeginn stornieren und erhalten eine vollst\u00e4ndige R\u00fcckerstattung. Stornierungen, die weniger als 48 Stunden vor dem geplanten Beginn erfolgen, sind nicht erstattungsf\u00e4hig.<\/p><h3 style=\"font-size: 19px; margin-bottom: 5px;\"><strong>Was passiert bei schlechtem Wetter?<\/strong><\/h3><p style=\"margin-bottom: 20px;\">Du kannst deine Anmietung innerhalb von sechs Monaten verschieben. Nach Beginn des Verleihs werden keine R\u00fcckerstattungen gew\u00e4hrt.<\/p><\/div><h2 style=\"font-size: 22px; margin-top: 45px;\"><strong>Gruppentouren \u2013 H\u00e4ufig gestellte Fragen<\/strong><\/h2><div class=\"faq-section\" style=\"margin-top: 25px;\"><h3 style=\"font-size: 19px; margin-bottom: 5px;\"><strong>In welcher Sprache finden die Touren statt?<\/strong><\/h3><p style=\"margin-bottom: 20px;\">Our small\u2011group tours are led by tour leaders who speak Italian and English fluently, plus a third language chosen based on the first booking of the day. This may include Dutch, French, Spanish, German, or Polish.<\/p><h3 style=\"font-size: 19px; margin-bottom: 5px;\"><strong>Finden die Touren auch bei Regen statt?<\/strong><\/h3><p style=\"margin-bottom: 20px;\">Ja, die Touren finden auch bei leichtem Regen statt. Bei starkem Unwetter verlegen wir den Termin oder erstatten den Betrag.<\/p><h3 style=\"font-size: 19px; margin-bottom: 5px;\"><strong>Wie viele Teilnehmer sind mindestens erforderlich?<\/strong><\/h3><p style=\"margin-bottom: 20px;\">Gruppentouren erfordern insgesamt mindestens zwei Teilnehmer. Alleinreisende k\u00f6nnen sich bestehenden Gruppen anschlie\u00dfen.<\/p><h3 style=\"font-size: 19px; margin-bottom: 5px;\"><strong>Sind Kinder bei Gruppentouren erlaubt?<\/strong><\/h3><p style=\"margin-bottom: 20px;\">Kinder unter 10 Jahren oder unter 23\u202fkg (50\u202flbs) k\u00f6nnen nur an privaten Touren teilnehmen. \u00c4ltere Kinder k\u00f6nnen an Gruppentouren teilnehmen, wenn sie von einem Erwachsenen begleitet werden.<\/p><h3 style=\"font-size: 19px; margin-bottom: 5px;\"><strong>Wie lautet Ihre Stornierungsrichtlinie?<\/strong><\/h3><p style=\"margin-bottom: 20px;\" class=\"translation-block\">Sie k\u00f6nnen Ihre Reservierung bis zu 48 Stunden vor Beginn der Tour stornieren und erhalten eine vollst\u00e4ndige R\u00fcckerstattung. Stornierungen, die weniger als 48 Stunden vor dem geplanten Start erfolgen, sind nicht erstattungsf\u00e4hig.<\/p><\/div><h2 style=\"font-size: 22px; margin-top: 45px;\"><strong>Private Touren \u2013 H\u00e4ufig gestellte Fragen<\/strong><\/h2><div class=\"faq-section\" style=\"margin-top: 25px;\"><h3 style=\"font-size: 19px; margin-bottom: 5px;\"><strong>Finden private Touren auch bei Regen statt?<\/strong><\/h3><p style=\"margin-bottom: 20px;\">Ja, die Touren finden auch bei leichtem Regen statt. Bei starkem Unwetter verlegen wir den Termin oder erstatten den Betrag.<\/p><h3 style=\"font-size: 19px; margin-bottom: 5px;\"><strong>In welcher Sprache finden die privaten Touren statt?<\/strong><\/h3><p style=\"margin-bottom: 20px;\">We always have guides who speak Italian and English fluently. For private tours, we assign a guide who speaks the specific language requested by the clients, including Dutch, French, Spanish, German, or Polish.<\/p><h3 style=\"font-size: 19px; margin-bottom: 5px;\"><strong>Kann die Route individuell angepasst werden?<\/strong><\/h3><p style=\"margin-bottom: 20px;\">Ja. Private Touren sind vollst\u00e4ndig an deine Interessen anpassbar: Geschichte, Essen, Natur, Panoramablicke, Landschaft oder versteckte Orte.<\/p><h3 style=\"font-size: 19px; margin-bottom: 5px;\"><strong>Ist die Via Appia f\u00fcr Anf\u00e4nger geeignet?<\/strong><\/h3><p style=\"margin-bottom: 20px;\">Die Via Appia weist unebene Basaltsteine auf. Sie wird besonders nachts nur ge\u00fcbten Radfahrern empfohlen.<\/p><h3 style=\"font-size: 19px; margin-bottom: 5px;\"><strong>Wie lautet Ihre Stornierungsrichtlinie?<\/strong><\/h3><p style=\"margin-bottom: 20px;\" class=\"translation-block\">Sie k\u00f6nnen Ihre Reservierung bis zu 48 Stunden vor Beginn der Tour stornieren und erhalten eine vollst\u00e4ndige R\u00fcckerstattung. Stornierungen, die weniger als 48 Stunden vor dem geplanten Start erfolgen, sind nicht erstattungsf\u00e4hig.<\/p><\/div><\/div>\t\t\t\t\t\t\t\t<\/div>\n\t\t\t\t<\/div>\n\t\t\t\t\t<\/div>\n\t\t<\/div>\n\t\t\t\t\t<\/div>\n\t\t<\/section>\n\t\t\t\t<\/div>","protected":false},"excerpt":{"rendered":"<p>Bike &amp; E\u2011Bike Rental \u2013 Frequently Asked Questions What documents are required to rent a bicycle or e\u2011bike? A valid ID is required. A credit card is needed for the security deposit. If you do not have a credit card, you may leave a cash deposit of \u20ac100 per bicycle and \u20ac300 per e\u2011bike. What [&hellip;]<\/p>","protected":false},"author":1,"featured_media":0,"parent":0,"menu_order":0,"comment_status":"closed","ping_status":"closed","template":"","meta":{"footnotes":""},"class_list":["post-655","page","type-page","status-publish","hentry"],"_links":{"self":[{"href":"https:\/\/easybikerent.it\/de\/wp-json\/wp\/v2\/pages\/655","targetHints":{"allow":["GET"]}}],"collection":[{"href":"https:\/\/easybikerent.it\/de\/wp-json\/wp\/v2\/pages"}],"about":[{"href":"https:\/\/easybikerent.it\/de\/wp-json\/wp\/v2\/types\/page"}],"author":[{"embeddable":true,"href":"https:\/\/easybikerent.it\/de\/wp-json\/wp\/v2\/users\/1"}],"replies":[{"embeddable":true,"href":"https:\/\/easybikerent.it\/de\/wp-json\/wp\/v2\/comments?post=655"}],"version-history":[{"count":33,"href":"https:\/\/easybikerent.it\/de\/wp-json\/wp\/v2\/pages\/655\/revisions"}],"predecessor-version":[{"id":6141,"href":"https:\/\/easybikerent.it\/de\/wp-json\/wp\/v2\/pages\/655\/revisions\/6141"}],"wp:attachment":[{"href":"https:\/\/easybikerent.it\/de\/wp-json\/wp\/v2\/media?parent=655"}],"curies":[{"name":"wp","href":"https:\/\/api.w.org\/{rel}","templated":true}]}}