{"id":181,"date":"2017-05-22T12:45:09","date_gmt":"2017-05-22T10:45:09","guid":{"rendered":"https:\/\/easybikerent.it\/home\/home\/?post_type=product&#038;p=181"},"modified":"2026-02-09T13:51:47","modified_gmt":"2026-02-09T12:51:47","slug":"hybrid-e-bike-swift-effortless","status":"publish","type":"product","link":"https:\/\/easybikerent.it\/de\/prodotto\/hybrid-e-bike-swift-effortless\/","title":{"rendered":"Hybrid e\u2011bike: schnell und m\u00fchelos"},"content":{"rendered":"<div class=\"page-content\" style=\"font-family: 'Roboto', sans-serif; font-size: 17px; line-height: 1.6; color: #333;\">\n<h1 style=\"text-align: center; font-family: 'Roboto', sans-serif;\"> <strong>Rent a Hybrid e\u2011Bike and Discover Your Real Rome<\/strong> <\/h1>\n<p class=\"lead\">Vielseitig, komfortabel und ideal, um sowohl die Stadt als auch die Via Appia Antica zu erkunden.<\/p>\n<p style=\"text-align: left;\"> Unsere Hybrid\u2011E\u2011Bikes sind f\u00fcr Fahrerinnen und Fahrer entwickelt, die bei der Erkundung Roms maximale Flexibilit\u00e4t w\u00fcnschen. Sie vereinen den Komfort eines Citybikes mit der Stabilit\u00e4t eines Trekkingmodells und eignen sich ideal f\u00fcr st\u00e4dtische Stra\u00dfen ebenso wie f\u00fcr leichte Landwege. Mit ihrer ausgewogenen Geometrie und der sanften elektrischen Unterst\u00fctzung sind sie die perfekte Wahl, um Rom auf smarte, entspannte und angenehme Weise zu entdecken. <\/p>\n<p style=\"text-align: left;\"> Dank ihres leistungsstarken Motors und der langlebigen Batterie bieten Hybrid\u2011E\u2011Bikes hervorragende Leistung auf unterschiedlichem Terrain. Ob Sie durch das historische Zentrum fahren, sanfte H\u00fcgel \u00fcberqueren oder Roms Parks erkunden \u2013 diese Fahrr\u00e4der liefern den zus\u00e4tzlichen Schub, den Sie brauchen, um Ihre Tour ohne Erm\u00fcdung zu genie\u00dfen. <\/p>\n<p style=\"text-align: left;\" class=\"translation-block\">Hybrid\u2011E\u2011Bikes geh\u00f6ren ebenfalls zu den <strong>besten Optionen, um die Via Appia Antica zu besuchen<\/strong>. Ihr Komfort, ihre Stabilit\u00e4t und die sanfte Unterst\u00fctzung machen das Fahren entlang dieser antiken Stra\u00dfe und der umliegenden Gr\u00fcnfl\u00e4chen besonders angenehm. Von arch\u00e4ologischen St\u00e4tten bis zu Panoramapunkten k\u00f6nnen Sie die Via Appia in Ihrem eigenen Tempo und mit voller Sicherheit erkunden.<\/p>\n<p style=\"text-align: left;\" class=\"translation-block\">Um Ihr Erlebnis noch sicherer und angenehmer zu gestalten, bieten wir <strong>kuratierte Routen<\/strong> an, die speziell f\u00fcr Hybrid\u2011E\u2011Bikes entwickelt wurden. Dazu geh\u00f6ren sichere Strecken f\u00fcr die Via Appia Antica, panoramareiche Rundwege durch Parks und leicht zu folgende Pfade, die Sie durch die sch\u00f6nsten und ruhigsten Gegenden Roms f\u00fchren.<\/p>\n<p style=\"text-align: left;\"> Ob Sie eine Halbtagestour, ein ganzt\u00e4giges Abenteuer oder eine entspannte Erkundung der Umgebung Roms planen \u2013 unsere Hybrid\u2011E\u2011Bikes bieten die perfekte Balance aus Komfort, Leistung und Vielseitigkeit. Sie eignen sich f\u00fcr Fahrerinnen und Fahrer unterschiedlicher K\u00f6rpergr\u00f6\u00dfen und Erfahrungsstufen und sind damit eine hervorragende Wahl f\u00fcr Paare, Familien und Alleinreisende. <\/p>\n<h2 style=\"font-family: 'Roboto', sans-serif; font-size: 22px; margin-top: 35px;\"> <strong>Warum unsere E\u2011Bikes die beste Wahl sind<\/strong> <\/h2>\n<div class=\"tour-card\" style=\"margin-top: 25px;\">\n<h3 style=\"font-size: 20px;\"><strong>Bequeme und Vielseitige Fahrr\u00e4der<\/strong><\/h3>\n<p style=\"text-align: left;\"> F\u00fcr st\u00e4dtische Stra\u00dfen und leichte Landwege entwickelt, bietet sie Stabilit\u00e4t und einfache Handhabung. <\/p>\n<ul>\n<li>Ideal f\u00fcr die Via Appia Antica und die umliegenden Parks<\/li>\n<li>Bequeme Sitzposition f\u00fcr l\u00e4ngere Ausfahrten<\/li>\n<li>Ideal f\u00fcr gemischtes Gel\u00e4nde und urbane Erkundungen<\/li>\n<li>Geeignet f\u00fcr Fahrerinnen und Fahrer unterschiedlicher K\u00f6rpergr\u00f6\u00dfen<\/li>\n<\/ul><\/div>\n<div class=\"tour-card\" style=\"margin-top: 25px;\">\n<h3 style=\"font-size: 20px;\"><strong>Kraftvoll und leicht zu fahren<\/strong><\/h3>\n<p style=\"text-align: left;\"> Die sanfte elektrische Unterst\u00fctzung erm\u00f6glicht l\u00e4ngere Fahrten ohne Erm\u00fcdung <\/p>\n<ul>\n<li>Langlebiger Akku f\u00fcr ganzt\u00e4gige Abenteuer<\/li>\n<li>Zuverl\u00e4ssiger Motor f\u00fcr Anstiege und unebenes Gel\u00e4nde<\/li>\n<li>Stabiles Fahrverhalten auf Asphalt und gemischtem Gel\u00e4nde<\/li>\n<li>Enth\u00e4lt sichere, kuratierte Routen f\u00fcr die Via Appia Antica<\/li>\n<\/ul><\/div>\n<p style=\"margin-top: 25px; text-align: left;\" class=\"translation-block\">Wenn Radfahren deine Leidenschaft ist, vergiss nicht, unsere <span style=\"color: #3366ff\"> <a style=\"color: #3366ff\" href=\"https:\/\/easybikerent.it\/de\/afret-dark-bike-adventures\/\" target=\"_self\">Touren<\/a> <\/span> zu entdecken und unvergessliche gef\u00fchrte Erlebnisse zu genie\u00dfen.<\/p>","protected":false},"excerpt":{"rendered":"<p style=\"text-align: left; font-family: 'Roboto', sans-serif; font-size: 17px; line-height: 1.6; color: #333;\"> Unsere Hybrid\u2011E\u2011Bikes sind die perfekte Wahl, um sowohl die Stadt als auch die Via Appia Antica komfortabel und sicher zu erkunden. Vielseitig, stabil und leicht zu fahren, meistern sie m\u00fchelos unterschiedliches Terrain und eignen sich ideal f\u00fcr Fahrerinnen und Fahrer, die ein sanftes Fahrgef\u00fchl auf asphaltierten Stra\u00dfen, in Parks und auf leichten Landwegen suchen. Um Ihre Tour noch sicherer und angenehmer zu gestalten, bieten wir zudem kuratierte Routen an \u2014 einschlie\u00dflich spezieller Strecken f\u00fcr die Via Appia \u2014 damit Sie die nat\u00fcrliche und arch\u00e4ologische Sch\u00f6nheit Roms ganz entspannt entdecken k\u00f6nnen. <\/p>","protected":false},"featured_media":1760,"comment_status":"closed","ping_status":"closed","template":"","meta":[],"product_cat":[113],"product_tag":[958,914,916,20,912,964,913,937],"class_list":{"0":"post-181","1":"product","2":"type-product","3":"status-publish","4":"has-post-thumbnail","6":"product_cat-hire-e-bikes-electric-bicycles","7":"product_tag-appian-way-by-mountain-bike","8":"product_tag-bike-rental-in-rome","9":"product_tag-e-bike-rental-near-trastevere","10":"product_tag-ebike","11":"product_tag-electric-bike-rental-in-rome","12":"product_tag-hire-an-e-bike-in-rome","13":"product_tag-rent-an-electric-bike-in-rome","14":"product_tag-visit-the-appian-way-without-a-guide","16":"first","17":"instock","18":"virtual","19":"purchasable","20":"product-type-redq_rental"},"_links":{"self":[{"href":"https:\/\/easybikerent.it\/de\/wp-json\/wp\/v2\/product\/181","targetHints":{"allow":["GET"]}}],"collection":[{"href":"https:\/\/easybikerent.it\/de\/wp-json\/wp\/v2\/product"}],"about":[{"href":"https:\/\/easybikerent.it\/de\/wp-json\/wp\/v2\/types\/product"}],"replies":[{"embeddable":true,"href":"https:\/\/easybikerent.it\/de\/wp-json\/wp\/v2\/comments?post=181"}],"wp:featuredmedia":[{"embeddable":true,"href":"https:\/\/easybikerent.it\/de\/wp-json\/wp\/v2\/media\/1760"}],"wp:attachment":[{"href":"https:\/\/easybikerent.it\/de\/wp-json\/wp\/v2\/media?parent=181"}],"wp:term":[{"taxonomy":"product_cat","embeddable":true,"href":"https:\/\/easybikerent.it\/de\/wp-json\/wp\/v2\/product_cat?post=181"},{"taxonomy":"product_tag","embeddable":true,"href":"https:\/\/easybikerent.it\/de\/wp-json\/wp\/v2\/product_tag?post=181"}],"curies":[{"name":"wp","href":"https:\/\/api.w.org\/{rel}","templated":true}]}}