{"id":1993,"date":"2018-07-02T15:46:57","date_gmt":"2018-07-02T13:46:57","guid":{"rendered":"https:\/\/easybikerent.it\/?post_type=product&#038;p=1993"},"modified":"2026-01-31T12:59:07","modified_gmt":"2026-01-31T11:59:07","slug":"city-e-bike-26-wheel-easy-to-handle","status":"publish","type":"product","link":"https:\/\/easybikerent.it\/de\/prodotto\/city-e-bike-26-wheel-easy-to-handle\/","title":{"rendered":"City e\u2011bike 26\u2033: leicht zu handhaben"},"content":{"rendered":"<div class=\"page-content\" style=\"font-family: 'Roboto', sans-serif; font-size: 17px; line-height: 1.6; color: #333;\">\n<h1 style=\"text-align: center; font-family: 'Roboto', sans-serif;\">\n  <strong>Mieten Sie ein 26\u2033 City\u2011E\u2011Bike und Entdecken Sie Ihr Wahres Rom<\/strong><br \/>\n<\/h1>\n<p class=\"lead\">Bequem, leicht zu handhaben und ideal, um das historische Zentrum Roms zu erkunden<\/p>\n<p style=\"text-align: left;\">\nUnsere 26\u201d City\u2011E\u2011Bikes, stolz in Italien von Lombardo gefertigt, sind darauf ausgelegt, eine sanfte, stabile und angenehme Fahrt durch die Stra\u00dfen Roms zu bieten. Leicht, einfach zu handhaben und \u00e4u\u00dferst intuitiv, sind sie die ideale Wahl f\u00fcr alle, die ein komfortables E\u2011Bike f\u00fcr die Stadterkundung suchen \u2014 besonders f\u00fcr Damen, Jugendliche und alle, die einen kleineren, leichter zu kontrollierenden Rahmen bevorzugen.\n<\/p>\n<p style=\"text-align: left;\">\nMit einer Vorderradfederung, einer 7\u2011Gang\u2011Schaltung und einem zuverl\u00e4ssigen 250W\u2011Hinterradmotor bietet dieses City\u2011E\u2011Bike die perfekte Balance aus Komfort und Unterst\u00fctzung. Ob auf Kopfsteinpflaster, kleinen Anstiegen oder beim entspannten Cruisen durch Roms Viertel \u2013 der Motor gibt Ihnen den zus\u00e4tzlichen Schub, den Sie brauchen, um Ihr Ziel frisch und entspannt zu erreichen.\n<\/p>\n<p style=\"text-align: left;\" class=\"translation-block\">Dieses 26\u2011Zoll\u2011E\u2011Bike eignet sich besonders f\u00fcr Fahrerinnen und Fahrer zwischen <strong>1,50 m und 1,60 m<\/strong> und bietet eine sichere, ergonomische Sitzposition. F\u00fcr kurze und mittlere Strecken konzipiert, kombiniert es einen leistungsstarken Elektromotor mit einem langlebigen Akku und sorgt so den ganzen Tag \u00fcber f\u00fcr eine gleichm\u00e4\u00dfige Performance.<\/p>\n<p style=\"text-align: left;\" class=\"translation-block\">Dank des effizienten Motors und des Hochleistungsakkus kann dieses E\u2011Bike problemlos mindestens 40 km mit einer einzigen Ladung zur\u00fccklegen \u2014 selbst wenn Sie fahren, ohne auf den Energieverbrauch zu achten. Ideal f\u00fcr entspannte Fahrten, Sightseeing und den t\u00e4glichen Stadtgebrauch ohne Stress.<\/p>\n<p style=\"text-align: left;\">\nBitte beachten Sie, dass dieses Modell nicht f\u00fcr Langstrecken auf der Via Appia Antica oder f\u00fcr anspruchsvolles Off\u2011Road\u2011Gel\u00e4nde geeignet ist. Am besten performt es auf asphaltierten Stra\u00dfen, Radwegen und typischen st\u00e4dtischen oder vorst\u00e4dtischen Routen und ist damit der ideale Begleiter, um das historische Zentrum Roms und die umliegenden Viertel zu erkunden.\n<\/p>\n<p style=\"text-align: left;\" class=\"translation-block\">Damit Sie Ihre Fahrt sicher und m\u00fchelos genie\u00dfen k\u00f6nnen, stellen wir au\u00dferdem <strong>kuratierte Routen f\u00fcr das Stadtzentrum<\/strong> zur Verf\u00fcgung, die Sie zu Roms ber\u00fchmtesten Monumenten, charmanten Vierteln und malerischen Aussichtspunkten f\u00fchren.<\/p>\n<h2 style=\"font-family: 'Roboto', sans-serif; font-size: 22px; margin-top: 35px;\">\n  <strong>Warum Unser 26\u2033 City\u2011E\u2011Bike die Beste Wahl ist<\/strong><br \/>\n<\/h2>\n<div class=\"tour-card\" style=\"margin-top: 25px;\">\n<h3 style=\"font-size: 20px;\"><strong>Perfekt f\u00fcr das Historische Zentrum<\/strong><\/h3>\n<p style=\"text-align: left;\">\nEntwickelt f\u00fcr Komfort und Agilit\u00e4t in den engen Stra\u00dfen Roms, auf Kopfsteinpflaster und Radwegen.\n<\/p>\n<ul>\n<li>Ideal f\u00fcr Stadterkundung und t\u00e4glichen Gebrauch<\/li>\n<li>Leicht zu handhaben und \u00e4u\u00dferst intuitiv<\/li>\n<li>Perfekt f\u00fcr Fahrerinnen und Fahrer zwischen 1,50 m und 1,60 m<\/li>\n<li>Ideal f\u00fcr kurze und mittlere Strecken<\/li>\n<\/ul>\n<\/div>\n<div class=\"tour-card\" style=\"margin-top: 25px;\">\n<h3 style=\"font-size: 20px;\"><strong>Komfortables und stilvolles italienisches Design<\/strong><\/h3>\n<p style=\"text-align: left;\">\nEin modisches und zuverl\u00e4ssiges italienisches E\u2011Bike, entwickelt f\u00fcr eine sanfte und angenehme Fahrt in der Stadt.\n<\/p>\n<ul>\n<li>Vorderradfederung f\u00fcr zus\u00e4tzlichen Komfort<\/li>\n<li>7\u2011Gang\u2011Schaltung f\u00fcr maximale Flexibilit\u00e4t<\/li>\n<li>250W\u2011Hinterradmotor f\u00fcr m\u00fchelose Unterst\u00fctzung<\/li>\n<li>Mindestens 40 km Reichweite mit einer einzigen Ladung<\/li>\n<\/ul>\n<\/div>\n<p style=\"margin-top: 25px; text-align: left;\" class=\"translation-block\">Wenn Radfahren Ihre Leidenschaft ist, vergessen Sie nicht, unsere <span style=\"color: #3366ff\"> <a style=\"color: #3366ff\" href=\"https:\/\/easybikerent.it\/de\/appian-way-e-bike-tours\/\" target=\"_self\">Touren<\/a> <\/span> zu entdecken und unvergessliche gef\u00fchrte Erlebnisse zu genie\u00dfen.<\/p>\n<p><!-- FAQ SECTION --><\/p>\n<h2 style=\"font-family: 'Roboto', sans-serif; font-size: 22px; margin-top: 45px;\">\n  <strong>H\u00e4ufig Gestellte Fragen<\/strong><br \/>\n<\/h2>\n<div class=\"faq-section\" style=\"margin-top: 25px;\">\n<h3 style=\"font-size: 19px; margin-bottom: 5px;\"><strong>Befindet sich dieser City\u2011E\u2011Bike\u2011Verleih in der N\u00e4he des Circus Maximus?<\/strong><\/h3>\n<p style=\"margin-bottom: 20px;\">\n    Ja. Unser Gesch\u00e4ft befindet sich direkt gegen\u00fcber dem Circus Maximus, sodass Sie Ihre Fahrt auf einem Radweg beginnen k\u00f6nnen, ohne in den Verkehr zu m\u00fcssen. Es ist der perfekte Ausgangspunkt, um das historische Zentrum Roms zu erkunden.\n  <\/p>\n<h3 style=\"font-size: 19px; margin-bottom: 5px;\"><strong>Ist das 26\u2033 City\u2011E\u2011Bike f\u00fcr kleinere Fahrer geeignet?<\/strong><\/h3>\n<p style=\"margin-bottom: 20px;\">\n    Ja. Dieses Modell ist ideal f\u00fcr Fahrer zwischen 1,50 m und 1,60 m und bietet dank seines kompakten Rahmens und der 26\u2033\u2011R\u00e4der eine sichere, ergonomische und komfortable Sitzposition.\n  <\/p>\n<h3 style=\"font-size: 19px; margin-bottom: 5px;\"><strong>Ist dies die beste Option f\u00fcr eine E\u2011Bike\u2011Miete im Zentrum von Rom?<\/strong><\/h3>\n<p style=\"margin-bottom: 20px;\">\n    Absolutely. The 26\u2033 City e\u2011Bike is lightweight, easy to handle, and perfect for navigating Rome\u2019s narrow streets, cobblestones, and bike paths.\n  <\/p>\n<h3 style=\"font-size: 19px; margin-bottom: 5px;\"><strong>Kann ich dieses E\u2011Bike auf der Via Appia benutzen?<\/strong><\/h3>\n<p style=\"margin-bottom: 20px;\">\n    Dieses Modell wird nicht f\u00fcr l\u00e4ngere Strecken auf der Via Appia oder f\u00fcr Offroad\u2011Gel\u00e4nde empfohlen. Es f\u00e4hrt am besten auf asphaltierten Stra\u00dfen, Radwegen und normalen st\u00e4dtischen Routen.\n  <\/p>\n<h3 style=\"font-size: 19px; margin-bottom: 5px;\"><strong>Wie weit kommt das 26\u2033 City\u2011E\u2011Bike mit einer einzigen Akkuladung?<\/strong><\/h3>\n<p style=\"margin-bottom: 20px;\">\n    Sie k\u00f6nnen mit 40 km oder mehr rechnen, abh\u00e4ngig von Unterst\u00fctzungsstufe, Gel\u00e4nde und Fahrstil.\n  <\/p>\n<h3 style=\"font-size: 19px; margin-bottom: 5px;\"><strong>Ist das 26\u2033 City\u2011E\u2011Bike f\u00fcr Anf\u00e4nger geeignet?<\/strong><\/h3>\n<p style=\"margin-bottom: 20px;\">\n    Ja. Der 250\u2011W\u2011Motor und die 7\u2011Gang\u2011Schaltung machen sie \u00e4u\u00dferst einfach zu bedienen, selbst f\u00fcr Fahrer mit wenig Fahrraderfahrung.\n  <\/p>\n<h3 style=\"font-size: 19px; margin-bottom: 5px;\"><strong>Kann ich an diesem E\u2011Bike einen Kindersitz anbringen?<\/strong><\/h3>\n<p style=\"margin-bottom: 20px;\">\n    Ja. Das 26\u2033 City\u2011E\u2011Bike ist mit vorderen und hinteren Kindersitzen kompatibel und damit eine hervorragende Wahl f\u00fcr Familien.\n  <\/p>\n<h3 style=\"font-size: 19px; margin-bottom: 5px;\"><strong>Was ist im Mietpreis enthalten?<\/strong><\/h3>\n<p style=\"margin-bottom: 20px;\">\n    Helm, Sicherheits\u00adschloss, pannensichere Reifen und eine Handyhalterung sind immer im Preis enthalten.\n  <\/p>\n<\/div>\n<\/div>","protected":false},"excerpt":{"rendered":"<p style=\"text-align: left; font-family: 'Roboto', sans-serif; font-size: 17px; line-height: 1.6; color: #333;\"> Unsere 26\u201d City\u2011E\u2011Bikes sind die perfekte Wahl, um das historische Zentrum Roms komfortabel und m\u00fchelos zu erkunden. Leicht, intuitiv und ideal f\u00fcr Fahrerinnen und Fahrer zwischen 1,50 m und 1,60 m bieten sie hervorragende Stabilit\u00e4t auf asphaltierten Stra\u00dfen, Radwegen und sanften urbanen Routen. Mit sanfter elektrischer Unterst\u00fctzung und einem kompakten Rahmen wird das Radfahren in der Stadt m\u00fchelos und angenehm. Um Ihnen eine sichere und stressfreie Entdeckung Roms zu erm\u00f6glichen, stellen wir zudem kuratierte Routen speziell f\u00fcr das Stadtzentrum bereit. <\/p>","protected":false},"featured_media":1998,"comment_status":"closed","ping_status":"closed","template":"","meta":[],"product_cat":[113,495],"product_tag":[914,915,916,961,31,20,22,912,918,917,21,913],"class_list":{"0":"post-1993","1":"product","2":"type-product","3":"status-publish","4":"has-post-thumbnail","6":"product_cat-hire-e-bikes-electric-bicycles","7":"product_cat-our-vehicles","8":"product_tag-bike-rental-in-rome","9":"product_tag-e-bike-in-rome","10":"product_tag-e-bike-rental-near-trastevere","11":"product_tag-e-bikes-with-a-basket","12":"product_tag-easy","13":"product_tag-ebike","14":"product_tag-eco","15":"product_tag-electric-bike-rental-in-rome","16":"product_tag-electric-bike-rental-in-the-center-of-rome","17":"product_tag-electric-bike-rental-near-the-colosseum","18":"product_tag-ladies","19":"product_tag-rent-an-electric-bike-in-rome","21":"first","22":"instock","23":"featured","24":"virtual","25":"purchasable","26":"product-type-redq_rental"},"_links":{"self":[{"href":"https:\/\/easybikerent.it\/de\/wp-json\/wp\/v2\/product\/1993","targetHints":{"allow":["GET"]}}],"collection":[{"href":"https:\/\/easybikerent.it\/de\/wp-json\/wp\/v2\/product"}],"about":[{"href":"https:\/\/easybikerent.it\/de\/wp-json\/wp\/v2\/types\/product"}],"replies":[{"embeddable":true,"href":"https:\/\/easybikerent.it\/de\/wp-json\/wp\/v2\/comments?post=1993"}],"wp:featuredmedia":[{"embeddable":true,"href":"https:\/\/easybikerent.it\/de\/wp-json\/wp\/v2\/media\/1998"}],"wp:attachment":[{"href":"https:\/\/easybikerent.it\/de\/wp-json\/wp\/v2\/media?parent=1993"}],"wp:term":[{"taxonomy":"product_cat","embeddable":true,"href":"https:\/\/easybikerent.it\/de\/wp-json\/wp\/v2\/product_cat?post=1993"},{"taxonomy":"product_tag","embeddable":true,"href":"https:\/\/easybikerent.it\/de\/wp-json\/wp\/v2\/product_tag?post=1993"}],"curies":[{"name":"wp","href":"https:\/\/api.w.org\/{rel}","templated":true}]}}