{"id":2511,"date":"2019-11-23T12:40:09","date_gmt":"2019-11-23T11:40:09","guid":{"rendered":"https:\/\/easybikerent.it\/?post_type=product&#038;p=2511"},"modified":"2026-01-28T16:12:09","modified_gmt":"2026-01-28T15:12:09","slug":"hire-electric-bicycles-trekking-city","status":"publish","type":"product","link":"https:\/\/easybikerent.it\/de\/prodotto\/hire-electric-bicycles-trekking-city\/","title":{"rendered":"Elektrische Fahrr\u00e4der: Trekking und City"},"content":{"rendered":"<div class=\"page-content\" style=\"font-family: 'Roboto', sans-serif; font-size: 17px; line-height: 1.6; color: #333;\">\n<h1 style=\"text-align: center; font-family: 'Roboto', sans-serif;\"> <strong>Mieten Sie ein Electric Trekking &amp; City Bike und Entdecken Sie Ihr Wahres Rom<\/strong> <\/h1>\n<p class=\"lead\">Kraftvoll, komfortabel und ideal, um das historische Zentrum Roms und dar\u00fcber hinaus zu erkunden<\/p>\n<p style=\"text-align: left;\"> Unsere Electric Trekking &amp; City Bikes sind f\u00fcr Fahrerinnen und Fahrer entwickelt, die ein vielseitiges, stabiles und leistungsstarkes E\u2011Bike zur Erkundung Roms suchen. Mit ihrem gro\u00dfen, maskulinen Rahmen und der ergonomischen Geometrie eignen sich diese Bikes ideal f\u00fcr gro\u00dfe M\u00e4nner oder alle, die eine ger\u00e4umige und komfortable Sitzposition bevorzugen. <\/p>\n<p style=\"text-align: left;\"> Diese E\u2011Bike vereint die Agilit\u00e4t eines Citybikes mit der St\u00e4rke eines Trekkingmodells und eignet sich perfekt f\u00fcr das historische Zentrum Roms, Radwege und urbane Viertel. Die sanfte elektrische Unterst\u00fctzung erleichtert das Fahren \u00fcber Kopfsteinpflaster, leichte Anstiege und lange Alleen und sorgt den ganzen Tag \u00fcber f\u00fcr ein entspanntes und angenehmes Fahrerlebnis. <\/p>\n<p style=\"text-align: left;\"> Ausgestattet mit einem leistungsstarken Motor, einem langlebigen Akku und hochwertigen Komponenten bieten unsere Trekking &amp; City E\u2011Bikes hervorragende Leistung auf kurzen und mittleren Strecken. Ob Sie Monumente erkunden, Parks durchqueren oder durch Roms Stadtviertel fahren, dieses E\u2011Bike liefert den Komfort und die Zuverl\u00e4ssigkeit, die Sie ben\u00f6tigen. <\/p>\n<p style=\"text-align: left;\" class=\"translation-block\">Dank seiner robusten Bauweise und des gro\u00dfen Rahmens eignet sich dieses Modell besonders f\u00fcr gro\u00dfe Fahrerinnen und Fahrer. Es bietet hervorragende Stabilit\u00e4t und eine nat\u00fcrliche Sitzposition. Die perfekte Wahl f\u00fcr M\u00e4nner, die ein solides, komfortables und reaktionsschnelles E\u2011Bike f\u00fcr die Stadterkundung suchen.<\/p>\n<p style=\"text-align: left;\" class=\"translation-block\">Auch wenn dieses E\u2011Bike auf asphaltierten Stra\u00dfen und st\u00e4dtischen Routen am besten performt, meistert es leichte Landwege m\u00fchelos und ist damit eine hervorragende Wahl f\u00fcr gemischte Strecken. Damit Sie Ihre Fahrt sicher und entspannt genie\u00dfen k\u00f6nnen, stellen wir <strong>kuratierte Routen f\u00fcr das Stadtzentrum<\/strong> bereit, die Sie zu Roms ber\u00fchmtesten Sehensw\u00fcrdigkeiten und sch\u00f6nsten Aussichtspunkten f\u00fchren.<\/p>\n<h2 style=\"font-family: 'Roboto', sans-serif; font-size: 22px; margin-top: 35px;\"> <strong>Warum Unsere Trekking- und Citybikes W\u00e4hlen<\/strong> <\/h2>\n<div class=\"tour-card\" style=\"margin-top: 25px;\">\n<h3 style=\"font-size: 20px;\"><strong>Perfekt f\u00fcr das Historische Zentrum<\/strong><\/h3>\n<p style=\"text-align: left;\"> Entwickelt f\u00fcr eine sanfte und komfortable Fahrt durch Roms enge Gassen, Kopfsteinpflaster und Radwege <\/p>\n<ul>\n<li>Ideal f\u00fcr Stadterkundung und t\u00e4glichen Gebrauch<\/li>\n<li>Stabil und komfortabel auf befestigtem Untergrund<\/li>\n<li>Ideal f\u00fcr kurze und mittlere Strecken<\/li>\n<li>Enth\u00e4lt sichere Routen f\u00fcr das Stadtzentrum<\/li>\n<\/ul><\/div>\n<div class=\"tour-card\" style=\"margin-top: 25px;\">\n<h3 style=\"font-size: 20px;\"><strong>Gro\u00dfer Rahmen f\u00fcr Gro\u00dfe Fahrerinnen und Fahrer<\/strong><\/h3>\n<p style=\"text-align: left;\"> A masculine, spacious frame designed for men who want comfort and stability. <\/p>\n<ul>\n<li>Perfekt f\u00fcr gro\u00dfe Fahrerinnen und Fahrer<\/li>\n<li>Ergonomische Sitzposition<\/li>\n<li>Leistungsstarker Motor f\u00fcr m\u00fchelose Unterst\u00fctzung<\/li>\n<li>Zuverl\u00e4ssiger Akku f\u00fcr ganzt\u00e4gige Abenteuer<\/li>\n<\/ul><\/div>\n<p style=\"margin-top: 25px; text-align: left;\" class=\"translation-block\">Wenn Radfahren deine Leidenschaft ist, vergiss nicht, unsere <span style=\"color: #3366ff\"> <a style=\"color: #3366ff\" href=\"https:\/\/easybikerent.it\/de\/afret-dark-bike-adventures\/\" target=\"_self\">Touren<\/a> <\/span> zu entdecken und unvergessliche gef\u00fchrte Erlebnisse zu genie\u00dfen.<\/p>","protected":false},"excerpt":{"rendered":"<p style=\"text-align: left; font-family: 'Roboto', sans-serif; font-size: 17px; line-height: 1.6; color: #333;\"> Unsere Electric Trekking &amp; City Bikes sind die perfekte Wahl, um das historische Zentrum Roms komfortabel und kraftvoll zu erkunden. Mit einem gro\u00dfen, maskulinen Rahmen, ideal f\u00fcr gro\u00dfe Fahrerinnen und Fahrer, bieten diese E\u2011Bikes hervorragende Stabilit\u00e4t, sanftes Handling und zuverl\u00e4ssige elektrische Unterst\u00fctzung auf asphaltierten Stra\u00dfen und urbanen Routen. F\u00fcr Stadterkundungen und mittelweite Strecken entwickelt, vereinen sie St\u00e4rke, Komfort und Leistung. F\u00fcr eine sichere und angenehme Fahrt stellen wir zudem kuratierte Routen bereit, die speziell f\u00fcr die Entdeckung der ikonischsten Bereiche Roms erstellt wurden. <\/p>","protected":false},"featured_media":2215,"comment_status":"closed","ping_status":"closed","template":"","meta":[],"product_cat":[113],"product_tag":[965,967,31,20,22,966],"class_list":{"0":"post-2511","1":"product","2":"type-product","3":"status-publish","4":"has-post-thumbnail","6":"product_cat-hire-e-bikes-electric-bicycles","7":"product_tag-big-frame-e-bike-for-rent-in-rome","8":"product_tag-e-bikes-for-rent-near-trastevere","9":"product_tag-easy","10":"product_tag-ebike","11":"product_tag-eco","12":"product_tag-hire-big-frame-e-bike-in-rome","14":"first","15":"instock","16":"purchasable","17":"product-type-redq_rental"},"_links":{"self":[{"href":"https:\/\/easybikerent.it\/de\/wp-json\/wp\/v2\/product\/2511","targetHints":{"allow":["GET"]}}],"collection":[{"href":"https:\/\/easybikerent.it\/de\/wp-json\/wp\/v2\/product"}],"about":[{"href":"https:\/\/easybikerent.it\/de\/wp-json\/wp\/v2\/types\/product"}],"replies":[{"embeddable":true,"href":"https:\/\/easybikerent.it\/de\/wp-json\/wp\/v2\/comments?post=2511"}],"wp:featuredmedia":[{"embeddable":true,"href":"https:\/\/easybikerent.it\/de\/wp-json\/wp\/v2\/media\/2215"}],"wp:attachment":[{"href":"https:\/\/easybikerent.it\/de\/wp-json\/wp\/v2\/media?parent=2511"}],"wp:term":[{"taxonomy":"product_cat","embeddable":true,"href":"https:\/\/easybikerent.it\/de\/wp-json\/wp\/v2\/product_cat?post=2511"},{"taxonomy":"product_tag","embeddable":true,"href":"https:\/\/easybikerent.it\/de\/wp-json\/wp\/v2\/product_tag?post=2511"}],"curies":[{"name":"wp","href":"https:\/\/api.w.org\/{rel}","templated":true}]}}