{"id":4061,"date":"2023-07-16T16:08:12","date_gmt":"2023-07-16T14:08:12","guid":{"rendered":"https:\/\/easybikerent.it\/?post_type=product&#038;p=4061"},"modified":"2026-02-01T23:43:54","modified_gmt":"2026-02-01T22:43:54","slug":"mountain-bike-rugged-sporty","status":"publish","type":"product","link":"https:\/\/easybikerent.it\/de\/prodotto\/mountain-bike-rugged-sporty\/","title":{"rendered":"Mountainbikes"},"content":{"rendered":"<div class=\"page-content\" style=\"font-family: 'Roboto', sans-serif; font-size: 17px; line-height: 1.6; color: #333;\">\n<h1 style=\"text-align: center;\">\n  <strong>Mieten Sie ein Mountainbike und Entdecken Sie Ihr Wahres Rom<\/strong><br \/>\n<\/h1>\n<p class=\"lead\">Gel\u00e4ndetauglich, zuverl\u00e4ssig und ideal, um Roms nat\u00fcrliche Landschaften zu erkunden.<\/p>\n<p>\nUnsere Mountainbikes sind f\u00fcr Fahrer konzipiert, die Rom jenseits des historischen Zentrums erleben m\u00f6chten. Mit italienischen Rahmen von 19\u2033 bis 24\u2033 und Laufradgr\u00f6\u00dfen von 26\u2033, 27,5\u2033 oder 29\u2033 bieten diese Bikes Stabilit\u00e4t, Kontrolle und Komfort auf unterschiedlichstem Terrain.\n<\/p>\n<p>\nObwohl Rom f\u00fcr seine Monumente und antiken St\u00e4tten ber\u00fchmt ist, bietet die Stadt auch wundersch\u00f6ne Naturlandschaften, sanfte H\u00fcgel und malerische Routen durch das Umland. Mit einem Mountainbike k\u00f6nnen Sie diese Landschaften in Ihrem eigenen Tempo erkunden und dabei ruhige Wege, panoramareiche Aussichtspunkte und friedliche Gr\u00fcnfl\u00e4chen direkt au\u00dferhalb der Stadt entdecken.\n<\/p>\n<p>\nWenn Sie den belebten Touristenbereichen entfliehen m\u00f6chten, bietet Ihnen ein Mountainbike die Freiheit, weniger bekannte Wege zu erkunden, auf denen Ruhe und Natur im Mittelpunkt stehen. Es ist die ideale Wahl f\u00fcr alle, die ein aktiveres und intensiveres Outdoor\u2011Erlebnis suchen.\n<\/p>\n<p>\nRom mit dem Mountainbike zu erkunden bietet einzigartige Momente, die weit \u00fcber klassisches Sightseeing hinausgehen. Ob Sie gerne Anstiege meistern, auf Naturpfaden fahren oder einfach die frische Luft genie\u00dfen, ein Mountainbike bietet die perfekte Balance zwischen Abenteuer und Spa\u00df.\n<\/p>\n<p>\nWenn Sie sich f\u00fcr die Miete eines Mountainbikes in Rom entscheiden, verbinden Sie Erkundung, k\u00f6rperliche Aktivit\u00e4t und kulturelle Entdeckung. Es ist eine gro\u00dfartige M\u00f6glichkeit, eine andere Seite der Ewigen Stadt zu erleben \u2014 gepr\u00e4gt von Natur, offenen R\u00e4umen und unvergesslichen Ausblicken.\n<\/p>\n<p>\n<strong>Das Mountainbike ist ebenfalls eine der besten nicht\u2011elektrischen Optionen, um die Via Appia sicher und komfortabel zu befahren, dank seiner breiteren Reifen und stabilen Geometrie.<\/strong>\n<\/p>\n<p>\nUnser Gesch\u00e4ft befindet sich direkt gegen\u00fcber dem Circus Maximus und bietet einen sicheren Zugang zu den Radwegen, die zur Via Appia und zu den Gr\u00fcnfl\u00e4chen Roms f\u00fchren.\n<\/p>\n<h2 style=\"font-size: 22px; margin-top: 35px;\">\n  <strong>Warum Unsere Mountainbikes die Beste Wahl Sind<\/strong><br \/>\n<\/h2>\n<div class=\"tour-card\" style=\"margin-top: 25px;\">\n<h3 style=\"font-size: 20px;\"><strong>Gebaut f\u00fcr Stabilit\u00e4t &amp; Kontrolle<\/strong><\/h3>\n<p>\nUnsere Mountainbikes sind daf\u00fcr gebaut, unterschiedlichste Gel\u00e4ndearten souver\u00e4n und m\u00fchelos zu meistern.\n<\/p>\n<ul>\n<li>Rahmengr\u00f6\u00dfen von 19\u201d bis 24\u201d<\/li>\n<li>Laufradoptionen: 26\u201d, 27,5\u2033 oder 29\u201d<\/li>\n<li>Zuverl\u00e4ssige italienische Konstruktion<\/li>\n<li>Ideal f\u00fcr Routen auf dem Land und nat\u00fcrliche Trails<\/li>\n<\/ul>\n<\/div>\n<div class=\"tour-card\" style=\"margin-top: 25px;\">\n<h3 style=\"font-size: 20px;\"><strong>Ideal f\u00fcr Routen auf dem Land und nat\u00fcrliche Trails<\/strong><\/h3>\n<p>\nEine gro\u00dfartige Wahl f\u00fcr alle, die Roms Gr\u00fcnfl\u00e4chen, seine ruhige Umgebung und die Via Appia entdecken m\u00f6chten.\n<\/p>\n<ul>\n<li>Erkunden Sie Roms H\u00fcgel, Parks und malerische Wege<\/li>\n<li>Entfliehen Sie den \u00fcberf\u00fcllten Touristenbereichen<\/li>\n<li>Genie\u00dfen Sie ein aktiveres und intensiveres Erlebnis<\/li>\n<li>Ideal f\u00fcr entspannte Fahrten ebenso wie f\u00fcr abenteuerorientierte Touren<\/li>\n<\/ul>\n<\/div>\n<p style=\"margin-top: 25px; text-align: left;\" class=\"translation-block\">Wenn Radfahren Ihre Leidenschaft ist, vergessen Sie nicht, unsere <span style=\"color: #3366ff\"> <a style=\"color: #3366ff\" href=\"https:\/\/easybikerent.it\/de\/appian-way-e-bike-tours\/\" target=\"_self\">Touren<\/a> <\/span> zu entdecken und unvergessliche gef\u00fchrte Erlebnisse zu genie\u00dfen.<\/p>\n<h2 style=\"margin-top:40px;\"><strong>H\u00e4ufig Gestellte Fragen<\/strong><\/h2>\n<h3><strong>Ist ein Mountainbike f\u00fcr die Via Appia geeignet?<\/strong><\/h3>\n<p>\nJa. Ein Mountainbike ist eine der besten nicht\u2011elektrischen Optionen f\u00fcr die Via Appia. Die breiteren Reifen und die stabile Geometrie machen es ideal f\u00fcr unebene Basaltsteine, Schotterwege und gemischtes Gel\u00e4nde.\n<\/p>\n<h3><strong>Was ist der Unterschied zwischen einem Mountainbike und einem Gravel\u2011Bike?<\/strong><\/h3>\n<p>\nA Mountain Bike offers more stability, wider tires, and better control on rough terrain. A Gravel Bike is faster on paved roads but less comfortable on the Appian Way\u2019s uneven stones. For the Appian Way, the MTB is the better choice.\n<\/p>\n<h3><strong>Welche Fahrradgr\u00f6\u00dfe sollte ich w\u00e4hlen?<\/strong><\/h3>\n<p>\nMit Rahmen von 19\u201d bis 24\u201d und Laufradgr\u00f6\u00dfen von 26\u201d bis 29\u201d passen unsere Mountainbikes f\u00fcr Fahrer von etwa 1,60 m bis 1,95 m K\u00f6rpergr\u00f6\u00dfe. Unser Team hilft Ihnen gerne, die perfekte Gr\u00f6\u00dfe zu w\u00e4hlen.\n<\/p>\n<h3><strong>Ist das Mountainbike f\u00fcr Anf\u00e4nger geeignet?<\/strong><\/h3>\n<p>\nJa, solange Sie sich auf gemischtem Gel\u00e4nde wohlf\u00fchlen. Das MTB ist stabil und berechenbar und daher eine gute Wahl f\u00fcr Fahrer mit grundlegenden Fahrkenntnissen.\n<\/p>\n<h3><strong>Kann ich ein Mountainbike im Stadtzentrum benutzen?<\/strong><\/h3>\n<p>\nJa, aber sie ist f\u00fcr Naturwege und landwirtschaftliche Routen optimiert. Im historischen Zentrum ist ein City Bike oder ein City E\u2011Bike komfortabler.\n<\/p>\n<h3><strong>Wo beginnt die Anmietung?<\/strong><\/h3>\n<p>\nAlle Vermietungen beginnen in unserem Gesch\u00e4ft gegen\u00fcber dem Circus Maximus, mit sicherem Zugang zu den Radwegen, die zur Via Appia und zu den Gr\u00fcnfl\u00e4chen Roms f\u00fchren.\n<\/p>\n<h3 style=\"font-size: 19px; margin-bottom: 5px;\"><strong>Was ist im Mietpreis enthalten?<\/strong><\/h3>\n<p style=\"margin-bottom: 20px;\">\n    Helm, Sicherheits\u00adschloss, pannensichere Reifen und eine Handyhalterung sind immer im Preis enthalten.<\/p>\n<\/div>\n<\/div>","protected":false},"excerpt":{"rendered":"<p style=\"text-align: left; font-family: 'Roboto', sans-serif; font-size: 17px; line-height: 1.6; color: #333;\"> Erleben Sie den besten Mountainbike\u2011Verleih in Rom, ideal f\u00fcr alle, die die Via Appia erkunden m\u00f6chten. Unsere MTBs sind stabil, komfortabel und perfekt geeignet, um die Natur Roms und die malerische Landschaft m\u00fchelos zu entdecken. <\/p>","protected":false},"featured_media":1620,"comment_status":"closed","ping_status":"closed","template":"","meta":[],"product_cat":[118,495],"product_tag":[958,31,22,26,957,956],"class_list":{"0":"post-4061","1":"product","2":"type-product","3":"status-publish","4":"has-post-thumbnail","6":"product_cat-bicycles","7":"product_cat-our-vehicles","8":"product_tag-appian-way-by-mountain-bike","9":"product_tag-easy","10":"product_tag-eco","11":"product_tag-family","12":"product_tag-hire-a-mountain-bike-in-rome","13":"product_tag-mountain-bikes-in-rome","15":"first","16":"instock","17":"purchasable","18":"product-type-redq_rental"},"_links":{"self":[{"href":"https:\/\/easybikerent.it\/de\/wp-json\/wp\/v2\/product\/4061","targetHints":{"allow":["GET"]}}],"collection":[{"href":"https:\/\/easybikerent.it\/de\/wp-json\/wp\/v2\/product"}],"about":[{"href":"https:\/\/easybikerent.it\/de\/wp-json\/wp\/v2\/types\/product"}],"replies":[{"embeddable":true,"href":"https:\/\/easybikerent.it\/de\/wp-json\/wp\/v2\/comments?post=4061"}],"wp:featuredmedia":[{"embeddable":true,"href":"https:\/\/easybikerent.it\/de\/wp-json\/wp\/v2\/media\/1620"}],"wp:attachment":[{"href":"https:\/\/easybikerent.it\/de\/wp-json\/wp\/v2\/media?parent=4061"}],"wp:term":[{"taxonomy":"product_cat","embeddable":true,"href":"https:\/\/easybikerent.it\/de\/wp-json\/wp\/v2\/product_cat?post=4061"},{"taxonomy":"product_tag","embeddable":true,"href":"https:\/\/easybikerent.it\/de\/wp-json\/wp\/v2\/product_tag?post=4061"}],"curies":[{"name":"wp","href":"https:\/\/api.w.org\/{rel}","templated":true}]}}