{"id":4145,"date":"2023-08-19T16:23:33","date_gmt":"2023-08-19T14:23:33","guid":{"rendered":"https:\/\/easybikerent.it\/?post_type=product&#038;p=4145"},"modified":"2026-02-01T23:32:22","modified_gmt":"2026-02-01T22:32:22","slug":"electric-mountain-bikes","status":"publish","type":"product","link":"https:\/\/easybikerent.it\/de\/prodotto\/electric-mountain-bikes\/","title":{"rendered":"E-Mountainbikes"},"content":{"rendered":"<div class=\"page-content\" style=\"font-family: 'Roboto', sans-serif; font-size: 17px; line-height: 1.6; color: #333;\">\n<h1 style=\"text-align: center;\">\n  <strong>Miete E\u2011Mountainbikes und Entdecke Dein Wahres Rom<\/strong><br \/>\n<\/h1>\n<p class=\"lead\">Kraftvoll, zuverl\u00e4ssig und ideal, um Roms ber\u00fchmteste Routen m\u00fchelos zu erkunden.<\/p>\n<p>\nElektrische Mountainbikes sind die ideale Wahl, um die Via Appia Antica, die Katakomben und die Aqu\u00e4dukte zu besuchen. Dank ihrer zus\u00e4tzlichen Leistung und Stabilit\u00e4t lassen sie sich m\u00fchelos \u00fcber Kopfsteinpflaster, sanfte H\u00fcgel und Landwege fahren und erm\u00f6glichen es Ihnen, Rom auf intelligente, komfortable und nachhaltige Weise zu erkunden.\n<\/p>\n<p>\nUnsere All\u2011Terrain\u2011e\u2011MTBs sind darauf ausgelegt, maximale Kontrolle und hohe Leistung auf unterschiedlichsten Untergr\u00fcnden zu bieten. Mit Rahmengr\u00f6\u00dfen von 17\u201d bis 22\u201d und Laufradoptionen von 27.5\u201d oder 29\u201d bieten sie eine hervorragende Passform f\u00fcr die meisten Fahrer und sorgen f\u00fcr ein geschmeidiges und angenehmes Fahrgef\u00fchl w\u00e4hrend der gesamten Tour.\n<\/p>\n<p>\nEin E\u2011Mountainbike in Rom zu mieten bedeutet Komfort, Stabilit\u00e4t und die Freiheit, mit weniger Anstrengung weiter zu fahren. Ob Sie einen Anstieg bew\u00e4ltigen, unebenes Gel\u00e4nde durchqueren oder einfach durch Roms Parks und Gr\u00fcnfl\u00e4chen cruisen, die Motorunterst\u00fctzung gibt Ihnen genau dann den zus\u00e4tzlichen Schub, wenn Sie ihn brauchen.\n<\/p>\n<p>\nRobust, kraftvoll und stolz italienisch: Unsere E\u2011Mountainbikes verf\u00fcgen \u00fcber eine Vorderradfederung und leistungsstarke Motoren, die zuverl\u00e4ssige Unterst\u00fctzung auf jedem Untergrund bieten. Vom historischen Zentrum bis zu den panoramareichen Landrouten ist kein Ziel unerreichbar.\n<\/p>\n<p class=\"translation-block\">Elektrische Mountainbikes sind zudem die bestm\u00f6gliche Wahl, um die Via Appia Antica zu erkunden, dank ihrer Leistung, ihres Komforts und ihrer Stabilit\u00e4t auf unterschiedlichem Untergrund. Damit Sie das Erlebnis sicher und stressfrei genie\u00dfen k\u00f6nnen, stellen wir mehrere sorgf\u00e4ltig ausgearbeitete Routen zur Verf\u00fcgung, darunter die bekannte Scott\u2011Rozier\u2011Strecke, eine der beliebtesten und landschaftlich sch\u00f6nsten M\u00f6glichkeiten, die Via Appia und ihre arch\u00e4ologischen Sch\u00e4tze zu entdecken.<\/p>\n<p>\nKraftvoll, zuverl\u00e4ssig und ideal, um Roms ber\u00fchmteste Routen m\u00fchelos zu erkunden\n<\/p>\n<h2 style=\"font-size: 22px; margin-top: 35px;\">\n  <strong>Warum Sie Unsere Electric Mountain Bikes W\u00e4hlen Sollten<\/strong><br \/>\n<\/h2>\n<div class=\"tour-card\" style=\"margin-top: 25px;\">\n<h3 style=\"font-size: 20px;\"><strong>Power und Komfort auf jedem Terrain<\/strong><\/h3>\n<p>\nEntwickelt, um Roms vielf\u00e4ltige Landschaften m\u00fchelos zu meistern \u2013 von Kopfsteinpflaster bis zu Landwegen.\n<\/p>\n<ul>\n<li>Hochleistungsmotoren f\u00fcr eine gleichm\u00e4\u00dfige Unterst\u00fctzung<\/li>\n<li>Vorderradfederung f\u00fcr zus\u00e4tzlichen Komfort<\/li>\n<li>27.5\u2011 oder 29\u2011Zoll\u2011Laufr\u00e4der f\u00fcr Stabilit\u00e4t und Kontrolle<\/li>\n<li>Perfekt f\u00fcr die Via Appia Antica, die Katakomben und die Aqu\u00e4dukte<\/li>\n<\/ul>\n<\/div>\n<div class=\"tour-card\" style=\"margin-top: 25px;\">\n<h3 style=\"font-size: 20px;\"><strong>Ideal f\u00fcr l\u00e4ngere, landschaftlich reizvolle Touren<\/strong><\/h3>\n<p>\nGenie\u00dfen Sie das r\u00f6mische Umland und panoramareiche Routen, ohne sich um Erm\u00fcdung zu sorgen\n<\/p>\n<ul>\n<li>Mehr entdecken mit weniger Anstrengung<\/li>\n<li>Panoramapunkte m\u00fchelos erreichen<\/li>\n<li>Geeignet f\u00fcr die meisten K\u00f6rpergr\u00f6\u00dfen und Fahrstile<\/li>\n<li>Enth\u00e4lt kuratierte Routen, darunter die Scott\u2011Rozier\u2011Strecke<\/li>\n<\/ul>\n<\/div>\n<p style=\"margin-top: 25px; text-align: left;\" class=\"translation-block\">Wenn Radfahren Ihre Leidenschaft ist, vergessen Sie nicht, unsere <span style=\"color: #3366ff\"> <a style=\"color: #3366ff\" href=\"https:\/\/easybikerent.it\/de\/appian-way-e-bike-tours\/\" target=\"_self\">Touren<\/a> <\/span> zu entdecken und unvergessliche gef\u00fchrte Erlebnisse zu genie\u00dfen.<\/p>\n<h2 style=\"font-size: 22px; margin-top: 45px;\">\n  <strong>H\u00e4ufig Gestellte Fragen<\/strong><br \/>\n<\/h2>\n<div class=\"faq-section\" style=\"margin-top: 25px;\">\n<h3 style=\"font-size: 19px; margin-bottom: 5px;\"><strong>Sind elektrische Mountainbikes f\u00fcr die Via Appia geeignet?<\/strong><\/h3>\n<p style=\"margin-bottom: 20px;\">\n    Ja. Unsere E\u2011MTBs sind die beste Wahl f\u00fcr die Via Appia, dank ihrer Leistung, Stabilit\u00e4t und ihres Komforts auf Kopfsteinpflaster und gemischtem Gel\u00e4nde.\n  <\/p>\n<h3 style=\"font-size: 19px; margin-bottom: 5px;\"><strong>Welche Gr\u00f6\u00dfen an elektrischen Mountainbikes bieten Sie an?<\/strong><\/h3>\n<p style=\"margin-bottom: 20px;\">\n    Wir bieten Rahmen in den Gr\u00f6\u00dfen 17\u201d bis 22\u201d sowie Laufr\u00e4der in 27.5\u201d oder 29\u201d, was f\u00fcr die meisten Fahrer eine optimale Passform gew\u00e4hrleistet.\n  <\/p>\n<h3 style=\"font-size: 19px; margin-bottom: 5px;\"><strong>Sind elektrische Mountainbikes f\u00fcr Anf\u00e4nger leicht zu bedienen?<\/strong><\/h3>\n<p style=\"margin-bottom: 20px;\">\n    Auf jeden Fall. Die Motorunterst\u00fctzung sorgt f\u00fcr ein sanftes, m\u00fcheloses Fahrgef\u00fchl \u2013 selbst an Steigungen oder auf unebenem Untergrund.\n  <\/p>\n<h3 style=\"font-size: 19px; margin-bottom: 5px;\"><strong>Was ist im Mietpreis enthalten?<\/strong><\/h3>\n<p style=\"margin-bottom: 20px;\">\n    Helm, Sicherheits\u00adschloss, pannensichere Reifen und eine Handyhalterung sind immer im Preis enthalten.\n  <\/p>\n<h3 style=\"font-size: 19px; margin-bottom: 5px;\"><strong>Bieten Sie Routenempfehlungen f\u00fcr die Via Appia an?<\/strong><\/h3>\n<p style=\"margin-bottom: 20px;\">\n    Ja. Wir stellen sorgf\u00e4ltig ausgew\u00e4hlte Routen bereit, darunter die Scott\u2011Rozier\u2011Strecke, damit Sie sicher und selbstbewusst unterwegs sind.\n  <\/p>\n<h3 style=\"font-size: 19px; margin-bottom: 5px;\"><strong>Kann ich Fahrradtaschen oder Zubeh\u00f6r am Rad anbringen?<\/strong><\/h3>\n<p style=\"margin-bottom: 20px;\">\n    Sie k\u00f6nnen Ortlieb\u2011Packtaschen (einzeln oder als Paar) hinzuf\u00fcgen, um zus\u00e4tzlichen Stauraum w\u00e4hrend Ihrer Fahrt zu erhalten.\n  <\/p>\n<\/div>\n<\/div>","protected":false},"excerpt":{"rendered":"<p style=\"text-align: left; font-family: 'Roboto', sans-serif; font-size: 17px; line-height: 1.6; color: #333;\"> Unsere Electric Mountain Bikes sind die ideale Wahl, um die Via Appia Antica und die sch\u00f6nsten Landschaftsrouten rund um Rom zu erkunden. Kraftvoll, stabil und leicht zu handhaben erm\u00f6glichen sie l\u00e4ngere Fahrten mit weniger Anstrengung und bieten vollen Komfort auf unterschiedlichem Gel\u00e4nde. Perfekt f\u00fcr entspannte Touren ebenso wie f\u00fcr l\u00e4ngere Abenteuer, kommen diese e\u2011MTBs mit sorgf\u00e4ltig ausgearbeiteten Routen \u2014 darunter die beliebte Scott\u2011Rozier\u2011Strecke \u2014 damit Sie Roms nat\u00fcrliche und arch\u00e4ologische Sch\u00e4tze sicher und selbstbewusst entdecken k\u00f6nnen. <\/p>","protected":false},"featured_media":2553,"comment_status":"closed","ping_status":"closed","template":"","meta":[],"product_cat":[113,495],"product_tag":[945,915,916,912,918,944,936,934,937],"class_list":{"0":"post-4145","1":"product","2":"type-product","3":"status-publish","4":"has-post-thumbnail","6":"product_cat-hire-e-bikes-electric-bicycles","7":"product_cat-our-vehicles","8":"product_tag-e-mountain-bike-for-rent-in-rome","9":"product_tag-e-bike-in-rome","10":"product_tag-e-bike-rental-near-trastevere","11":"product_tag-electric-bike-rental-in-rome","12":"product_tag-electric-bike-rental-in-the-center-of-rome","13":"product_tag-electric-mountain-bike-in-rome-for-rent","14":"product_tag-rent-a-high-quality-mountain-bike-in-rome","15":"product_tag-rent-a-mountain-bike-in-rome","16":"product_tag-visit-the-appian-way-without-a-guide","18":"first","19":"instock","20":"purchasable","21":"product-type-redq_rental"},"_links":{"self":[{"href":"https:\/\/easybikerent.it\/de\/wp-json\/wp\/v2\/product\/4145","targetHints":{"allow":["GET"]}}],"collection":[{"href":"https:\/\/easybikerent.it\/de\/wp-json\/wp\/v2\/product"}],"about":[{"href":"https:\/\/easybikerent.it\/de\/wp-json\/wp\/v2\/types\/product"}],"replies":[{"embeddable":true,"href":"https:\/\/easybikerent.it\/de\/wp-json\/wp\/v2\/comments?post=4145"}],"wp:featuredmedia":[{"embeddable":true,"href":"https:\/\/easybikerent.it\/de\/wp-json\/wp\/v2\/media\/2553"}],"wp:attachment":[{"href":"https:\/\/easybikerent.it\/de\/wp-json\/wp\/v2\/media?parent=4145"}],"wp:term":[{"taxonomy":"product_cat","embeddable":true,"href":"https:\/\/easybikerent.it\/de\/wp-json\/wp\/v2\/product_cat?post=4145"},{"taxonomy":"product_tag","embeddable":true,"href":"https:\/\/easybikerent.it\/de\/wp-json\/wp\/v2\/product_tag?post=4145"}],"curies":[{"name":"wp","href":"https:\/\/api.w.org\/{rel}","templated":true}]}}