{"id":699,"date":"2017-12-15T14:51:40","date_gmt":"2017-12-15T13:51:40","guid":{"rendered":"https:\/\/easybikerent.it\/?post_type=product&#038;p=699"},"modified":"2026-01-31T17:21:41","modified_gmt":"2026-01-31T16:21:41","slug":"rent-a-trekking-or-a-city-bike","status":"publish","type":"product","link":"https:\/\/easybikerent.it\/de\/prodotto\/rent-a-trekking-or-a-city-bike\/","title":{"rendered":"Fahrr\u00e4der f\u00fcr Trekking oder City"},"content":{"rendered":"<div style=\"font-family: 'Roboto', sans-serif; font-size: 17px; line-height: 1.6; color: #333;\">\n<h1>Fahrr\u00e4der f\u00fcr Trekking oder City<\/h1>\n<p> Fahrr\u00e4der f\u00fcr Trekking oder City, vielseitig und zuverl\u00e4ssig. Mieten Sie unsere Fahrr\u00e4der f\u00fcr Trekking oder City. Rahmenh\u00f6he von 17 bis 22 Zoll und Radgr\u00f6\u00dfe 26 oder 28 Zoll, geeignet f\u00fcr jede K\u00f6rpergr\u00f6\u00dfe und Gewichtskategorie. <\/p>\n<p><strong>Perfekt, um das historische Zentrum Roms, die Radwege und die verkehrsarmen Stra\u00dfen zu erkunden.<\/strong><\/p>\n<p> Erlebe Rom wie ein Einheimischer mit unseren hochwertigen Trekking- und Citybikes \u2014 einfach, robust und ideal, um das historische Zentrum und seine ikonischen Viertel zu entdecken. Ob du eine entspannte Fahrt zu Roms Monumenten oder einen Tag voller Sightseeing planst, diese Fahrr\u00e4der bieten die perfekte Balance aus Komfort und Vielseitigkeit. <\/p>\n<p> Alle unsere Trekking- und Citybikes werden in Italien hergestellt und sind auf Zuverl\u00e4ssigkeit ausgelegt. Mit Rahmengr\u00f6\u00dfen von 17\u201d bis 22\u201d und 26\u201d- oder 28\u201d-Laufr\u00e4dern bieten wir eine bequeme Passform f\u00fcr die meisten K\u00f6rpergr\u00f6\u00dfen und -typen. Jedes Fahrrad wird regelm\u00e4\u00dfig gewartet und \u00fcberpr\u00fcft, um eine sichere und angenehme Fahrt w\u00e4hrend der gesamten Mietdauer zu gew\u00e4hrleisten. <\/p>\n<p> Dank ihres ergonomischen Designs und ihres stabilen Fahrverhaltens eignen sich diese Fahrr\u00e4der f\u00fcr Radfahrer aller Erfahrungsstufen \u2014 von den erfahrensten bis hin zu Reisenden, die einfach eine leichte und angenehme M\u00f6glichkeit suchen, Rom zu erkunden. <\/p>\n<h2 style=\"margin-top:35px;\"><strong>Warum Unsere Trekking- und Citybikes W\u00e4hlen<\/strong><\/h2>\n<div style=\"margin-top:20px;\">\n<h3><strong>Bequeme und Vielseitige Fahrr\u00e4der<\/strong><\/h3>\n<p>Perfekt, um die Stra\u00dfen Roms mit Stabilit\u00e4t und Leichtigkeit zu durchqueren.<\/p>\n<ul>\n<li>Leichte und robuste Rahmen<\/li>\n<li>26\u201d- oder 28\u201d-Laufr\u00e4der f\u00fcr ein sanftes Fahrgef\u00fchl<\/li>\n<li>Mehrere Rahmengr\u00f6\u00dfen f\u00fcr die perfekte Passform<\/li>\n<li>Ideal, um das Zentrum Roms zu erkunden<\/li>\n<\/ul><\/div>\n<div style=\"margin-top:20px;\">\n<h3><strong>Zuverl\u00e4ssige Italienische Qualit\u00e4t<\/strong><\/h3>\n<p>Unsere Fahrr\u00e4der werden aufgrund ihrer Langlebigkeit und ihres Komforts ausgew\u00e4hlt und sorgen f\u00fcr ein sicheres und angenehmes Fahrerlebnis.<\/p>\n<ul>\n<li>Regelm\u00e4\u00dfige Wartung und Sicherheitschecks<\/li>\n<li>Bequeme S\u00e4ttel und ergonomisches Design<\/li>\n<li>Geeignet f\u00fcr Fahrerinnen und Fahrer unterschiedlicher K\u00f6rpergr\u00f6\u00dfen<\/li>\n<\/ul><\/div>\n<p style=\"margin-top:25px;\" class=\"translation-block\">Wenn Radfahren Ihre Leidenschaft ist, vergessen Sie nicht, unsere <span style=\"color: #3366ff\"> <a style=\"color: #3366ff\" href=\"https:\/\/easybikerent.it\/de\/appian-way-e-bike-tours\/\" target=\"_self\">Touren<\/a> <\/span> zu entdecken und unvergessliche gef\u00fchrte Erlebnisse zu genie\u00dfen.<\/p>\n<h2 style=\"margin-top:40px;\"><strong>H\u00e4ufig Gestellte Fragen<\/strong><\/h2>\n<h3><strong>Sind Trekking\u2011 und City\u2011Bikes leicht zu fahren?<\/strong><\/h3>\n<p> Ja. Diese Fahrr\u00e4der sind leicht, stabil und f\u00fcr Fahrer aller Niveaus geeignet. Sie eignen sich ideal, um das Stadtzentrum Roms und die asphaltierten Stra\u00dfen bequem und sicher zu erkunden. <\/p>\n<h3><strong>Kann ich ein Trekking\u2011 oder City\u2011Bike auf der Via Appia benutzen?<\/strong><\/h3>\n<p class=\"translation-block\">Trekking\u2011 und City\u2011Bikes sind f\u00fcr die Via Appia oder off\u2011road\u2011Gel\u00e4nde nicht geeignet. Wenn Sie auf der Via Appia fahren m\u00f6chten, empfehlen wir unsere <strong>MTB<\/strong>\u2011 oder <strong>MTB Plus<\/strong>\u2011Modelle, die speziell f\u00fcr unebene Oberfl\u00e4chen und anspruchsvolles Gel\u00e4nde entwickelt wurden.<\/p>\n<h3><strong>Welches Fahrrad sollte ich f\u00fcr die Via Appia w\u00e4hlen?<\/strong><\/h3>\n<p class=\"translation-block\">F\u00fcr die Via Appia sind unsere <strong>MTB<\/strong>- oder <strong>MTB Plus<\/strong>-Fahrr\u00e4der die beste Wahl. Sie bieten bessere Traktion, Stabilit\u00e4t und Komfort auf Kopfsteinpflaster, Schotterwegen und unebenen Oberfl\u00e4chen.<\/p>\n<h3><strong>Welche Fahrradgr\u00f6\u00dfe sollte ich w\u00e4hlen?<\/strong><\/h3>\n<p> Mit Rahmen von 17\u201d bis 22\u201d und 26\u201d\u2011 oder 28\u201d\u2011Laufr\u00e4dern passen unsere Trekking\u2011 und City\u2011Bikes f\u00fcr die meisten Fahrer von etwa 1,55 m bis 1,95 m K\u00f6rpergr\u00f6\u00dfe. <\/p>\n<h3><strong>Sind die Fahrr\u00e4der f\u00fcr l\u00e4ngere Strecken bequem?<\/strong><\/h3>\n<p> Ja. Alle unsere Fahrr\u00e4der verf\u00fcgen \u00fcber ergonomische S\u00e4ttel, eine aufrechte Sitzposition und ein stabiles Fahrverhalten, wodurch sie f\u00fcr Sightseeing und eine ganzt\u00e4gige Nutzung sehr bequem sind. <\/p>\n<\/p><\/div>","protected":false},"excerpt":{"rendered":"<p style=\"text-align: left; font-family: 'Roboto', sans-serif; font-size: 17px; line-height: 1.6; color: #333;\"> Fahrr\u00e4der f\u00fcr Trekking oder City, vielseitig und zuverl\u00e4ssig. Mieten Sie unsere Fahrr\u00e4der f\u00fcr Trekking oder City. Rahmenh\u00f6he von 17 bis 22 Zoll und Radgr\u00f6\u00dfe 26 oder 28 Zoll, geeignet f\u00fcr jede K\u00f6rpergr\u00f6\u00dfe und Gewichtskategorie. <\/p>","protected":false},"featured_media":1515,"comment_status":"closed","ping_status":"closed","template":"","meta":[],"product_cat":[118,495],"product_tag":[954,955,953,977,22,978],"class_list":{"0":"post-699","1":"product","2":"type-product","3":"status-publish","4":"has-post-thumbnail","6":"product_cat-bicycles","7":"product_cat-our-vehicles","8":"product_tag-bicycle-for-rent","9":"product_tag-bike-hire-in-rome","10":"product_tag-bikes-with-a-basket","11":"product_tag-city-bikes-in-rome","12":"product_tag-eco","13":"product_tag-ladies-bikes-for-rent-in-rome","14":"FAQ-but-some-sections-may-include-regular-city-streets","16":"first","17":"instock","18":"purchasable","19":"product-type-redq_rental"},"_links":{"self":[{"href":"https:\/\/easybikerent.it\/de\/wp-json\/wp\/v2\/product\/699","targetHints":{"allow":["GET"]}}],"collection":[{"href":"https:\/\/easybikerent.it\/de\/wp-json\/wp\/v2\/product"}],"about":[{"href":"https:\/\/easybikerent.it\/de\/wp-json\/wp\/v2\/types\/product"}],"replies":[{"embeddable":true,"href":"https:\/\/easybikerent.it\/de\/wp-json\/wp\/v2\/comments?post=699"}],"wp:featuredmedia":[{"embeddable":true,"href":"https:\/\/easybikerent.it\/de\/wp-json\/wp\/v2\/media\/1515"}],"wp:attachment":[{"href":"https:\/\/easybikerent.it\/de\/wp-json\/wp\/v2\/media?parent=699"}],"wp:term":[{"taxonomy":"product_cat","embeddable":true,"href":"https:\/\/easybikerent.it\/de\/wp-json\/wp\/v2\/product_cat?post=699"},{"taxonomy":"product_tag","embeddable":true,"href":"https:\/\/easybikerent.it\/de\/wp-json\/wp\/v2\/product_tag?post=699"}],"curies":[{"name":"wp","href":"https:\/\/api.w.org\/{rel}","templated":true}]}}