{"id":3790,"date":"2023-05-23T16:01:35","date_gmt":"2023-05-23T14:01:35","guid":{"rendered":"https:\/\/easybikerent.it\/?page_id=3790"},"modified":"2026-01-29T12:53:16","modified_gmt":"2026-01-29T11:53:16","slug":"rent-e-bikes-electric-bicycles","status":"publish","type":"page","link":"https:\/\/easybikerent.it\/es\/rent-e-bikes-electric-bicycles\/","title":{"rendered":"Rent e-bikes electric bicycles"},"content":{"rendered":"<div data-elementor-type=\"wp-page\" data-elementor-id=\"3790\" class=\"elementor elementor-3790\" data-elementor-post-type=\"page\">\n\t\t\t\t\t\t<section class=\"elementor-section elementor-top-section elementor-element elementor-element-ac7c726 elementor-section-boxed elementor-section-height-default elementor-section-height-default\" data-id=\"ac7c726\" data-element_type=\"section\">\n\t\t\t\t\t\t<div class=\"elementor-container elementor-column-gap-default\">\n\t\t\t\t\t<div class=\"elementor-column elementor-col-100 elementor-top-column elementor-element elementor-element-0a55f70\" data-id=\"0a55f70\" data-element_type=\"column\">\n\t\t\t<div class=\"elementor-widget-wrap elementor-element-populated\">\n\t\t\t\t\t\t<div class=\"elementor-element elementor-element-f9225d3 elementor-widget elementor-widget-shortcode\" data-id=\"f9225d3\" data-element_type=\"widget\" data-widget_type=\"shortcode.default\">\n\t\t\t\t<div class=\"elementor-widget-container\">\n\t\t\t\t\t\t\t<div class=\"elementor-shortcode\"><div class=\"woocommerce columns-3\"><ul class=\"products columns-3\">\n<li class=\"product type-product post-4145 status-publish first instock product_cat-hire-e-bikes-electric-bicycles product_cat-our-vehicles product_tag-e-mountain-bike-for-rent-in-rome product_tag-e-bike-in-rome product_tag-e-bike-rental-near-trastevere product_tag-electric-bike-rental-in-rome product_tag-electric-bike-rental-in-the-center-of-rome product_tag-electric-mountain-bike-in-rome-for-rent product_tag-rent-a-high-quality-mountain-bike-in-rome product_tag-rent-a-mountain-bike-in-rome product_tag-visit-the-appian-way-without-a-guide has-post-thumbnail purchasable product-type-redq_rental\">\n\t<a href=\"https:\/\/easybikerent.it\/es\/prodotto\/electric-mountain-bikes\/\" class=\"woocommerce-LoopProduct-link woocommerce-loop-product__link\"><img fetchpriority=\"high\" decoding=\"async\" width=\"300\" height=\"205\" src=\"https:\/\/easybikerent.it\/wp-content\/uploads\/Easy-Bike-Rent-Rome-Lombardo-Sestriere-Evo-5-300x205.jpg\" class=\"attachment-woocommerce_thumbnail size-woocommerce_thumbnail\" alt=\"Rent Electric Mountain Bikes\" srcset=\"https:\/\/easybikerent.it\/wp-content\/uploads\/\/Easy-Bike-Rent-Rome-Lombardo-Sestriere-Evo-5-300x205.jpg 300w, https:\/\/easybikerent.it\/wp-content\/uploads\/\/Easy-Bike-Rent-Rome-Lombardo-Sestriere-Evo-5.jpg 765w\" sizes=\"(max-width: 300px) 100vw, 300px\" \/><h2 class=\"woocommerce-loop-product__title\">Bicicletas de Monta\u00f1a El\u00e9ctricas<\/h2>\n\t<span class=\"price\"><span class=\"amount rnb_price_unit_4145\"> Desde<span class=\"woocommerce-Price-amount amount\"><bdi>30&nbsp;<span class=\"woocommerce-Price-currencySymbol\">\u20ac<\/span><\/bdi><\/span>\/ D\u00eda<\/span><\/span>\n<\/a><\/li>\n<li class=\"product type-product post-1993 status-publish instock product_cat-hire-e-bikes-electric-bicycles product_cat-our-vehicles product_tag-bike-rental-in-rome product_tag-e-bike-in-rome product_tag-e-bike-rental-near-trastevere product_tag-e-bikes-with-a-basket product_tag-easy product_tag-ebike product_tag-eco product_tag-electric-bike-rental-in-rome product_tag-electric-bike-rental-in-the-center-of-rome product_tag-electric-bike-rental-near-the-colosseum product_tag-ladies product_tag-rent-an-electric-bike-in-rome has-post-thumbnail featured virtual purchasable product-type-redq_rental\">\n\t<a href=\"https:\/\/easybikerent.it\/es\/prodotto\/city-e-bike-26-wheel-easy-to-handle\/\" class=\"woocommerce-LoopProduct-link woocommerce-loop-product__link\"><img decoding=\"async\" width=\"300\" height=\"205\" src=\"https:\/\/easybikerent.it\/wp-content\/uploads\/E-Levanzo-city-e-bike-26-Pincio-300x205.jpg\" class=\"attachment-woocommerce_thumbnail size-woocommerce_thumbnail\" alt=\"City e-Bike 26&quot;: Easy to handle!\" srcset=\"https:\/\/easybikerent.it\/wp-content\/uploads\/\/E-Levanzo-city-e-bike-26-Pincio-300x205.jpg 300w, https:\/\/easybikerent.it\/wp-content\/uploads\/\/E-Levanzo-city-e-bike-26-Pincio.jpg 764w\" sizes=\"(max-width: 300px) 100vw, 300px\" \/><h2 class=\"woocommerce-loop-product__title\">City e\u2011bike 26\u2033: f\u00e1cil de manejar<\/h2>\n\t<span class=\"price\"><span class=\"amount rnb_price_unit_1993\"> Desde<span class=\"woocommerce-Price-amount amount\"><bdi>21&nbsp;<span class=\"woocommerce-Price-currencySymbol\">\u20ac<\/span><\/bdi><\/span>\/ D\u00eda<\/span><\/span>\n<\/a><\/li>\n<li class=\"product type-product post-926 status-publish last instock product_cat-hire-e-bikes-electric-bicycles product_tag-bike-rental-in-rome product_tag-e-bike-rental-near-trastevere product_tag-e-bikes-for-rent product_tag-easy product_tag-ebike product_tag-ebike-with-basket product_tag-eco product_tag-hire-an-e-bike-in-rome has-post-thumbnail virtual purchasable product-type-redq_rental\">\n\t<a href=\"https:\/\/easybikerent.it\/es\/prodotto\/city-e-bike-light\/\" class=\"woocommerce-LoopProduct-link woocommerce-loop-product__link\"><img decoding=\"async\" width=\"300\" height=\"205\" src=\"https:\/\/easybikerent.it\/wp-content\/uploads\/City-e-bike-light-flexible-300x205.jpg\" class=\"attachment-woocommerce_thumbnail size-woocommerce_thumbnail\" alt=\"City e-Bike: Light &amp; Flexible!\" srcset=\"https:\/\/easybikerent.it\/wp-content\/uploads\/\/City-e-bike-light-flexible-300x205.jpg 300w, https:\/\/easybikerent.it\/wp-content\/uploads\/\/City-e-bike-light-flexible.jpg 765w\" sizes=\"(max-width: 300px) 100vw, 300px\" \/><h2 class=\"woocommerce-loop-product__title\">City e\u2011bike: ligera y flexible<\/h2>\n\t<span class=\"price\"><span class=\"amount rnb_price_unit_926\"> Desde<span class=\"woocommerce-Price-amount amount\"><bdi>21&nbsp;<span class=\"woocommerce-Price-currencySymbol\">\u20ac<\/span><\/bdi><\/span>\/ D\u00eda<\/span><\/span>\n<\/a><\/li>\n<li class=\"product type-product post-181 status-publish first instock product_cat-hire-e-bikes-electric-bicycles product_tag-appian-way-by-mountain-bike product_tag-bike-rental-in-rome product_tag-e-bike-rental-near-trastevere product_tag-ebike product_tag-electric-bike-rental-in-rome product_tag-hire-an-e-bike-in-rome product_tag-rent-an-electric-bike-in-rome product_tag-visit-the-appian-way-without-a-guide has-post-thumbnail virtual purchasable product-type-redq_rental\">\n\t<a href=\"https:\/\/easybikerent.it\/es\/prodotto\/hybrid-e-bike-swift-effortless\/\" class=\"woocommerce-LoopProduct-link woocommerce-loop-product__link\"><img loading=\"lazy\" decoding=\"async\" width=\"300\" height=\"205\" src=\"https:\/\/easybikerent.it\/wp-content\/uploads\/Brinke-Times-Square-Hybrid-e-Bike-Piazza-Navona-Rome-Dusk-300x205.jpg\" class=\"attachment-woocommerce_thumbnail size-woocommerce_thumbnail\" alt=\"Hybrid-e-Bike-Piazza-Navona-Rome-Dusk\" srcset=\"https:\/\/easybikerent.it\/wp-content\/uploads\/\/Brinke-Times-Square-Hybrid-e-Bike-Piazza-Navona-Rome-Dusk-300x205.jpg 300w, https:\/\/easybikerent.it\/wp-content\/uploads\/\/Brinke-Times-Square-Hybrid-e-Bike-Piazza-Navona-Rome-Dusk.jpg 800w\" sizes=\"(max-width: 300px) 100vw, 300px\" \/><h2 class=\"woocommerce-loop-product__title\">Hybrid e\u2011bike: r\u00e1pida y sin esfuerzo<\/h2>\n\t<span class=\"price\"><span class=\"amount rnb_price_unit_181\"> Desde<span class=\"woocommerce-Price-amount amount\"><bdi>30&nbsp;<span class=\"woocommerce-Price-currencySymbol\">\u20ac<\/span><\/bdi><\/span>\/ D\u00eda<\/span><\/span>\n<\/a><\/li>\n<li class=\"product type-product post-2511 status-publish instock product_cat-hire-e-bikes-electric-bicycles product_tag-big-frame-e-bike-for-rent-in-rome product_tag-e-bikes-for-rent-near-trastevere product_tag-easy product_tag-ebike product_tag-eco product_tag-hire-big-frame-e-bike-in-rome has-post-thumbnail purchasable product-type-redq_rental\">\n\t<a href=\"https:\/\/easybikerent.it\/es\/prodotto\/hire-electric-bicycles-trekking-city\/\" class=\"woocommerce-LoopProduct-link woocommerce-loop-product__link\"><img loading=\"lazy\" decoding=\"async\" width=\"300\" height=\"205\" src=\"https:\/\/easybikerent.it\/wp-content\/uploads\/Gazometro-e-Viterbo-300x205.jpg\" class=\"attachment-woocommerce_thumbnail size-woocommerce_thumbnail\" alt=\"Hire a Trekking e-Bike\" srcset=\"https:\/\/easybikerent.it\/wp-content\/uploads\/\/Gazometro-e-Viterbo-300x205.jpg 300w, https:\/\/easybikerent.it\/wp-content\/uploads\/\/Gazometro-e-Viterbo.jpg 764w\" sizes=\"(max-width: 300px) 100vw, 300px\" \/><h2 class=\"woocommerce-loop-product__title\">Bicicletas el\u00e9ctricas: trekking y city<\/h2>\n\t<span class=\"price\"><span class=\"amount rnb_price_unit_2511\"> Desde<span class=\"woocommerce-Price-amount amount\"><bdi>21&nbsp;<span class=\"woocommerce-Price-currencySymbol\">\u20ac<\/span><\/bdi><\/span>\/ D\u00eda<\/span><\/span>\n<\/a><\/li>\n<li class=\"product type-product post-1661 status-publish last instock product_cat-hire-e-bikes-electric-bicycles product_cat-family-bikes product_cat-our-vehicles product_tag-easy product_tag-ebike product_tag-eco product_tag-electric-bike-for-kids product_tag-kids-e-bike has-post-thumbnail virtual purchasable product-type-redq_rental\">\n\t<a href=\"https:\/\/easybikerent.it\/es\/prodotto\/rent-kids-electric-bikes\/\" class=\"woocommerce-LoopProduct-link woocommerce-loop-product__link\"><img loading=\"lazy\" decoding=\"async\" width=\"300\" height=\"205\" src=\"https:\/\/easybikerent.it\/wp-content\/uploads\/E-garda-kids-e-bike-300x205.jpg\" class=\"attachment-woocommerce_thumbnail size-woocommerce_thumbnail\" alt=\"Rent Kids Electric Bikes from Easy Bike Rent Rome\" srcset=\"https:\/\/easybikerent.it\/wp-content\/uploads\/\/E-garda-kids-e-bike-300x205.jpg 300w, https:\/\/easybikerent.it\/wp-content\/uploads\/\/E-garda-kids-e-bike.jpg 765w\" sizes=\"(max-width: 300px) 100vw, 300px\" \/><h2 class=\"woocommerce-loop-product__title\">Bicicletas El\u00e9ctricas para Ni\u00f1os<\/h2>\n\t<span class=\"price\"><span class=\"amount rnb_price_unit_1661\"> Desde<span class=\"woocommerce-Price-amount amount\"><bdi>17&nbsp;<span class=\"woocommerce-Price-currencySymbol\">\u20ac<\/span><\/bdi><\/span>\/ D\u00eda<\/span><\/span>\n<\/a><\/li>\n<\/ul>\n<\/div><\/div>\n\t\t\t\t\t\t<\/div>\n\t\t\t\t<\/div>\n\t\t\t\t\t<\/div>\n\t\t<\/div>\n\t\t\t\t\t<\/div>\n\t\t<\/section>\n\t\t\t\t<section class=\"elementor-section elementor-top-section elementor-element elementor-element-9aa2c68 elementor-section-boxed elementor-section-height-default elementor-section-height-default\" data-id=\"9aa2c68\" data-element_type=\"section\">\n\t\t\t\t\t\t<div class=\"elementor-container elementor-column-gap-default\">\n\t\t\t\t\t<div class=\"elementor-column elementor-col-100 elementor-top-column elementor-element elementor-element-8a7c8b1\" data-id=\"8a7c8b1\" data-element_type=\"column\">\n\t\t\t<div class=\"elementor-widget-wrap elementor-element-populated\">\n\t\t\t\t\t\t<div class=\"elementor-element elementor-element-a78d335 elementor-widget elementor-widget-text-editor\" data-id=\"a78d335\" data-element_type=\"widget\" data-widget_type=\"text-editor.default\">\n\t\t\t\t<div class=\"elementor-widget-container\">\n\t\t\t\t\t\t\t\t\t<div style=\"font-family: 'Roboto', sans-serif; font-size: 17px; line-height: 1.6; color: #333;\"><h1 style=\"text-align: center; font-family: 'Roboto', sans-serif;\"><strong>Alquiler de bicicletas el\u00e9ctricas en Roma<\/strong><\/h1><p style=\"text-align: left;\">Descubre Roma sin esfuerzo con nuestras e\u2011bikes de alto rendimiento. Cada bicicleta el\u00e9ctrica cuenta con un motor potente y una bater\u00eda de larga autonom\u00eda, lo que te permite pedalear durante horas con un esfuerzo m\u00ednimo \u2014 perfecta tanto para principiantes como para ciclistas experimentados.<\/p><h2 style=\"font-family: 'Roboto', sans-serif; font-size: 20px; margin-top: 20px;\"><strong>Por qu\u00e9 elegir nuestras e\u2011bikes<\/strong><\/h2><p style=\"text-align: left;\" class=\"translation-block\">Nuestras e\u2011bikes son ideales para explorar la V\u00eda Apia, los adoquines, los parques y los tramos off\u2011road. Tambi\u00e9n son perfectas para descubrir el centro hist\u00f3rico de Roma y recorrer el carril bici del r\u00edo T\u00edber. Disfruta de una experiencia de conducci\u00f3n suave, c\u00f3moda y segura dondequiera que vayas.<\/p><h2 style=\"font-family: 'Roboto', sans-serif; font-size: 20px; margin-top: 20px;\"><strong>Incluido en cada alquiler<\/strong><\/h2><p style=\"text-align: left;\">El casco, el candado de alta seguridad y el soporte para tel\u00e9fono est\u00e1n siempre incluidos. Los asientos para ni\u00f1os est\u00e1n disponibles a petici\u00f3n por un coste adicional, lo que facilita explorar Roma con toda la familia.<\/p><h2 style=\"font-family: 'Roboto', sans-serif; font-size: 20px; margin-top: 20px;\"><strong>D\u00f3nde puedes pedalear<\/strong><\/h2><p style=\"text-align: left;\">Desde nuestra tienda puedes llegar f\u00e1cilmente a dos de las rutas ciclistas m\u00e1s emblem\u00e1ticas de Roma:<\/p><ul style=\"text-align: left; margin-left: 20px;\"><li class=\"translation-block\">V\u00eda Apia Antigua (Via Appia Antica) \u2013 Un carril bici dedicado sale directamente de nuestra tienda y llega a Porta San Sebastiano y a las Catacumbas de San Calixto.<\/li><li><strong>Carril bici del r\u00edo T\u00edber (Regina Ciclarum) \u2013 Pedalea junto al r\u00edo hasta llegar al mar, o descubre la ciudad desde una ruta segura y panor\u00e1mica.<\/strong> \u2013 Pedalea junto al r\u00edo hasta llegar al mar, o explora la ciudad por una ruta segura y panor\u00e1mica.<\/li><\/ul><p style=\"text-align: left;\" class=\"translation-block\">Tambi\u00e9n ofrecemos tours guiados por la V\u00eda Apia, incluido el recorrido Scott Rozier, as\u00ed como itinerarios self\u2011guided disponibles en Google Maps o en la app.<\/p><p style=\"text-align: left; font-size: 18px; margin-top: 25px;\"><strong>Reserva tu e\u2011bike ahora y empieza a descubrir Roma con total libertad.<\/strong><\/p><\/div>\t\t\t\t\t\t\t\t<\/div>\n\t\t\t\t<\/div>\n\t\t\t\t\t<\/div>\n\t\t<\/div>\n\t\t\t\t\t<\/div>\n\t\t<\/section>\n\t\t\t\t<\/div>","protected":false},"excerpt":{"rendered":"<p>Electric Bike Rental in Rome Discover Rome effortlessly with our high\u2011performance electric bikes. Each e\u2011bike features a powerful motor and long\u2011lasting battery, allowing you to ride for hours with minimal effort\u2014perfect for both beginners and experienced cyclists. Why Choose Our E\u2011Bikes Our electric bikes are ideal for exploring the Appian Way, cobblestones, parks, and off\u2011road [&hellip;]<\/p>","protected":false},"author":199,"featured_media":0,"parent":0,"menu_order":0,"comment_status":"closed","ping_status":"closed","template":"","meta":{"footnotes":""},"class_list":["post-3790","page","type-page","status-publish","hentry"],"_links":{"self":[{"href":"https:\/\/easybikerent.it\/es\/wp-json\/wp\/v2\/pages\/3790","targetHints":{"allow":["GET"]}}],"collection":[{"href":"https:\/\/easybikerent.it\/es\/wp-json\/wp\/v2\/pages"}],"about":[{"href":"https:\/\/easybikerent.it\/es\/wp-json\/wp\/v2\/types\/page"}],"author":[{"embeddable":true,"href":"https:\/\/easybikerent.it\/es\/wp-json\/wp\/v2\/users\/199"}],"replies":[{"embeddable":true,"href":"https:\/\/easybikerent.it\/es\/wp-json\/wp\/v2\/comments?post=3790"}],"version-history":[{"count":30,"href":"https:\/\/easybikerent.it\/es\/wp-json\/wp\/v2\/pages\/3790\/revisions"}],"predecessor-version":[{"id":5889,"href":"https:\/\/easybikerent.it\/es\/wp-json\/wp\/v2\/pages\/3790\/revisions\/5889"}],"wp:attachment":[{"href":"https:\/\/easybikerent.it\/es\/wp-json\/wp\/v2\/media?parent=3790"}],"curies":[{"name":"wp","href":"https:\/\/api.w.org\/{rel}","templated":true}]}}