{"id":3799,"date":"2023-05-23T16:13:05","date_gmt":"2023-05-23T14:13:05","guid":{"rendered":"https:\/\/easybikerent.it\/?page_id=3799"},"modified":"2026-01-09T15:20:08","modified_gmt":"2026-01-09T14:20:08","slug":"family-bikes","status":"publish","type":"page","link":"https:\/\/easybikerent.it\/es\/family-bikes\/","title":{"rendered":"Bicicletas Familiares"},"content":{"rendered":"<div data-elementor-type=\"wp-page\" data-elementor-id=\"3799\" class=\"elementor elementor-3799\" data-elementor-post-type=\"page\">\n\t\t\t\t\t\t<section class=\"elementor-section elementor-top-section elementor-element elementor-element-5898694d elementor-section-boxed elementor-section-height-default elementor-section-height-default\" data-id=\"5898694d\" data-element_type=\"section\">\n\t\t\t\t\t\t<div class=\"elementor-container elementor-column-gap-default\">\n\t\t\t\t\t<div class=\"elementor-column elementor-col-100 elementor-top-column elementor-element elementor-element-3de8c5e2\" data-id=\"3de8c5e2\" data-element_type=\"column\">\n\t\t\t<div class=\"elementor-widget-wrap elementor-element-populated\">\n\t\t\t\t\t\t<div class=\"elementor-element elementor-element-59f52977 elementor-widget elementor-widget-text-editor\" data-id=\"59f52977\" data-element_type=\"widget\" data-widget_type=\"text-editor.default\">\n\t\t\t\t<div class=\"elementor-widget-container\">\n\t\t\t\t\t\t\t\t\t<code><div class=\"woocommerce columns-3\"><ul class=\"products columns-3\">\n<li class=\"product type-product post-895 status-publish first instock product_cat-bici-per-famiglie product_cat-easybikerent-it-ebike-tours-rome product_cat-family-bikes product_cat-our-vehicles product_tag-easy product_tag-ebike product_tag-eco product_tag-family product_tag-hire-e-bike-for-two-children-in-rome product_tag-ladies product_tag-long-tail-e-bike-for-hire-in-rome has-post-thumbnail purchasable product-type-redq_rental\">\n\t<a href=\"https:\/\/easybikerent.it\/es\/prodotto\/rent-a-longtail-cargo-bike\/\" class=\"woocommerce-LoopProduct-link woocommerce-loop-product__link\"><img fetchpriority=\"high\" decoding=\"async\" width=\"300\" height=\"225\" src=\"https:\/\/easybikerent.it\/wp-content\/uploads\/WhatsApp-Image-2023-03-21-at-11.33.18-4-e1689524458464-300x225.jpeg\" class=\"attachment-woocommerce_thumbnail size-woocommerce_thumbnail\" alt=\"Long tail cargo electric bike.\" srcset=\"https:\/\/easybikerent.it\/wp-content\/uploads\/\/WhatsApp-Image-2023-03-21-at-11.33.18-4-e1689524458464-300x225.jpeg 300w, https:\/\/easybikerent.it\/wp-content\/uploads\/\/WhatsApp-Image-2023-03-21-at-11.33.18-4-e1689524458464-800x600.jpeg 800w, https:\/\/easybikerent.it\/wp-content\/uploads\/\/WhatsApp-Image-2023-03-21-at-11.33.18-4-e1689524458464.jpeg 1024w\" sizes=\"(max-width: 300px) 100vw, 300px\" \/><h2 class=\"woocommerce-loop-product__title\">Bicicleta de carga longtail<\/h2>\n\t<span class=\"price\"><span class=\"amount rnb_price_unit_895\"> Desde<span class=\"woocommerce-Price-amount amount\"><bdi>40&nbsp;<span class=\"woocommerce-Price-currencySymbol\">\u20ac<\/span><\/bdi><\/span>\/ D\u00eda<\/span><\/span>\n<\/a><\/li>\n<li class=\"product type-product post-189 status-publish instock product_cat-family-bikes product_cat-our-vehicles product_tag-babboe-for-rent-in-rome product_tag-cargo-bike product_tag-cargo-bike-for-rent-in-rome product_tag-easy product_tag-ebike product_tag-eco product_tag-family product_tag-hire-a-cargo-bike-in-rome product_tag-hire-a-family-bike-in-rome has-post-thumbnail virtual purchasable product-type-redq_rental\">\n\t<a href=\"https:\/\/easybikerent.it\/es\/prodotto\/family-cargo-e-bike-kids-love-it\/\" class=\"woocommerce-LoopProduct-link woocommerce-loop-product__link\"><img decoding=\"async\" width=\"300\" height=\"205\" src=\"https:\/\/easybikerent.it\/wp-content\/uploads\/Babboe-Curve-E-300x205.jpg\" class=\"attachment-woocommerce_thumbnail size-woocommerce_thumbnail\" alt=\"A Babboe Curve-e Family Cargo e-Bike.\" srcset=\"https:\/\/easybikerent.it\/wp-content\/uploads\/\/Babboe-Curve-E-300x205.jpg 300w, https:\/\/easybikerent.it\/wp-content\/uploads\/\/Babboe-Curve-E.jpg 765w\" sizes=\"(max-width: 300px) 100vw, 300px\" \/><h2 class=\"woocommerce-loop-product__title\">Bicicleta de Carga El\u00e9ctrica para Familias<\/h2>\n\t<span class=\"price\"><span class=\"amount rnb_price_unit_189\"> Desde<span class=\"woocommerce-Price-amount amount\"><bdi>40&nbsp;<span class=\"woocommerce-Price-currencySymbol\">\u20ac<\/span><\/bdi><\/span>\/ D\u00eda<\/span><\/span>\n<\/a><\/li>\n<li class=\"product type-product post-1358 status-publish last instock product_cat-bicycles product_cat-family-bikes product_cat-our-vehicles product_tag-appian-way-with-kids product_tag-bike-hire-for-kids product_tag-easy product_tag-eco product_tag-kids-bikes has-post-thumbnail purchasable product-type-redq_rental\">\n\t<a href=\"https:\/\/easybikerent.it\/es\/prodotto\/kids-bike-focus-their-energy\/\" class=\"woocommerce-LoopProduct-link woocommerce-loop-product__link\"><img decoding=\"async\" width=\"300\" height=\"205\" src=\"https:\/\/easybikerent.it\/wp-content\/uploads\/Kids-Bike-Tunnel-Uphill-300x205.jpg\" class=\"attachment-woocommerce_thumbnail size-woocommerce_thumbnail\" alt=\"A Kids Bike in front of a tunnel on slightly uphill terrain.\" srcset=\"https:\/\/easybikerent.it\/wp-content\/uploads\/\/Kids-Bike-Tunnel-Uphill-300x205.jpg 300w, https:\/\/easybikerent.it\/wp-content\/uploads\/\/Kids-Bike-Tunnel-Uphill.jpg 800w\" sizes=\"(max-width: 300px) 100vw, 300px\" \/><h2 class=\"woocommerce-loop-product__title\">Bicicletas para ni\u00f1os<\/h2>\n\t<span class=\"price\"><span class=\"amount rnb_price_unit_1358\"> Desde<span class=\"woocommerce-Price-amount amount\"><bdi>9&nbsp;<span class=\"woocommerce-Price-currencySymbol\">\u20ac<\/span><\/bdi><\/span>\/ D\u00eda<\/span><\/span>\n<\/a><\/li>\n<li class=\"product type-product post-1661 status-publish first instock product_cat-hire-e-bikes-electric-bicycles product_cat-family-bikes product_cat-our-vehicles product_tag-easy product_tag-ebike product_tag-eco product_tag-electric-bike-for-kids product_tag-kids-e-bike has-post-thumbnail virtual purchasable product-type-redq_rental\">\n\t<a href=\"https:\/\/easybikerent.it\/es\/prodotto\/rent-kids-electric-bikes\/\" class=\"woocommerce-LoopProduct-link woocommerce-loop-product__link\"><img loading=\"lazy\" decoding=\"async\" width=\"300\" height=\"205\" src=\"https:\/\/easybikerent.it\/wp-content\/uploads\/E-garda-kids-e-bike-300x205.jpg\" class=\"attachment-woocommerce_thumbnail size-woocommerce_thumbnail\" alt=\"Rent Kids Electric Bikes from Easy Bike Rent Rome\" srcset=\"https:\/\/easybikerent.it\/wp-content\/uploads\/\/E-garda-kids-e-bike-300x205.jpg 300w, https:\/\/easybikerent.it\/wp-content\/uploads\/\/E-garda-kids-e-bike.jpg 765w\" sizes=\"(max-width: 300px) 100vw, 300px\" \/><h2 class=\"woocommerce-loop-product__title\">Bicicletas El\u00e9ctricas para Ni\u00f1os<\/h2>\n\t<span class=\"price\"><span class=\"amount rnb_price_unit_1661\"> Desde<span class=\"woocommerce-Price-amount amount\"><bdi>17&nbsp;<span class=\"woocommerce-Price-currencySymbol\">\u20ac<\/span><\/bdi><\/span>\/ D\u00eda<\/span><\/span>\n<\/a><\/li>\n<\/ul>\n<\/div><\/code>\t\t\t\t\t\t\t\t<\/div>\n\t\t\t\t<\/div>\n\t\t\t\t\t<\/div>\n\t\t<\/div>\n\t\t\t\t\t<\/div>\n\t\t<\/section>\n\t\t\t\t<section class=\"elementor-section elementor-top-section elementor-element elementor-element-1ed544b elementor-section-boxed elementor-section-height-default elementor-section-height-default\" data-id=\"1ed544b\" data-element_type=\"section\">\n\t\t\t\t\t\t<div class=\"elementor-container elementor-column-gap-default\">\n\t\t\t\t\t<div class=\"elementor-column elementor-col-100 elementor-top-column elementor-element elementor-element-e2ece3a\" data-id=\"e2ece3a\" data-element_type=\"column\">\n\t\t\t<div class=\"elementor-widget-wrap elementor-element-populated\">\n\t\t\t\t\t\t<div class=\"elementor-element elementor-element-453c557 elementor-widget elementor-widget-text-editor\" data-id=\"453c557\" data-element_type=\"widget\" data-widget_type=\"text-editor.default\">\n\t\t\t\t<div class=\"elementor-widget-container\">\n\t\t\t\t\t\t\t\t\t<div style=\"font-family: 'Roboto', sans-serif; font-size: 17px; line-height: 1.6; color: #333;\"><h1 style=\"text-align: center; font-family: 'Roboto', sans-serif;\"><strong>Bicicletas familiares<\/strong><\/h1><p style=\"text-align: left;\">Haz que tu aventura familiar en Roma sea inolvidable con nuestra selecci\u00f3n de bicicletas c\u00f3modas, seguras y f\u00e1ciles de manejar. Ya sea explorando parques, recorriendo el centro hist\u00f3rico o disfrutando de un paseo relajado por los carriles bici de Roma, tenemos la bicicleta perfecta para cada edad y tama\u00f1o de familia.<\/p><h2 style=\"font-family: 'Roboto', sans-serif; font-size: 20px; margin-top: 20px;\"><strong>Babboe cargo bike<\/strong><\/h2><p style=\"text-align: left;\">Nuestra Babboe cargo bike es la opci\u00f3n ideal para familias con ni\u00f1os peque\u00f1os que desean viajar juntas con total comodidad. La espaciosa caja delantera permite que los ni\u00f1os se sienten con seguridad y disfruten del paisaje mientras los padres pedalean sin esfuerzo. Es perfecta para paseos por la ciudad, por parques y por rutas ciclistas suaves.<br \/><br \/><strong>Importante:<\/strong> Debido al terreno irregular y los adoquines, la Babboe no se recomienda en la V\u00eda Apia m\u00e1s all\u00e1 del Mausoleo de Cecilia Metella.<\/p><h2 style=\"font-family: 'Roboto', sans-serif; font-size: 20px; margin-top: 20px;\"><strong>Longtail bicicleta familiar<\/strong><\/h2><p style=\"text-align: left;\">Si necesitas espacio extra sin perder agilidad, nuestra bicicleta familiar longtail es la soluci\u00f3n perfecta. Dise\u00f1ada para transportar c\u00f3modamente a uno o dos ni\u00f1os, ofrece un excelente equilibrio, una conducci\u00f3n suave y la libertad de explorar Roma con facilidad. Ideal para recorridos m\u00e1s largos y familias que buscan flexibilidad y comodidad en una sola bicicleta.<\/p><h2 style=\"font-family: 'Roboto', sans-serif; font-size: 20px; margin-top: 20px;\"><strong>Bicicletas para ni\u00f1os<\/strong><\/h2><p style=\"text-align: left;\">Deja que tus hijos disfruten del paseo con nuestras bicicletas para ni\u00f1os, ligeras y f\u00e1ciles de manejar. Disponibles en diferentes tama\u00f1os, son perfectas para los peque\u00f1os ciclistas que quieren explorar Roma de forma segura mientras permanecen cerca de la familia. Una excelente opci\u00f3n para trayectos cortos, parques y rutas familiares.<\/p><h2 style=\"font-family: 'Roboto', sans-serif; font-size: 20px; margin-top: 20px;\"><strong>E\u2011bike 24\u201d para ni\u00f1os<\/strong><\/h2><p style=\"text-align: left;\">Para los ni\u00f1os mayores que quieren seguir el ritmo sin esfuerzo, nuestra e\u2011bike infantil de 24 pulgadas ofrece la combinaci\u00f3n perfecta de independencia y apoyo. Con asistencia al pedaleo y un cuadro c\u00f3modo, permite a los j\u00f3venes ciclistas disfrutar de rutas m\u00e1s largas y suaves subidas sin cansarse.<\/p><p style=\"text-align: left; font-size: 18px; margin-top: 25px;\"><strong>Elige la bicicleta familiar perfecta y disfruta de una experiencia de ciclismo suave, segura y divertida en Roma \u2014 la mejor manera de explorar la ciudad juntos.<\/strong><\/p><\/div>\t\t\t\t\t\t\t\t<\/div>\n\t\t\t\t<\/div>\n\t\t\t\t\t<\/div>\n\t\t<\/div>\n\t\t\t\t\t<\/div>\n\t\t<\/section>\n\t\t\t\t<\/div>","protected":false},"excerpt":{"rendered":"<p>Family Bikes Make your family adventure in Rome unforgettable with our selection of comfortable, safe, and easy-to-ride family bikes. Whether you&#8217;re exploring parks, cruising through the historic center, or enjoying a relaxing ride along Rome\u2019s cycle paths, we have the perfect bike for every age and family size. Babboe Cargo Bike Our Babboe cargo bike [&hellip;]<\/p>","protected":false},"author":199,"featured_media":0,"parent":0,"menu_order":0,"comment_status":"closed","ping_status":"closed","template":"","meta":{"footnotes":""},"class_list":["post-3799","page","type-page","status-publish","hentry"],"_links":{"self":[{"href":"https:\/\/easybikerent.it\/es\/wp-json\/wp\/v2\/pages\/3799","targetHints":{"allow":["GET"]}}],"collection":[{"href":"https:\/\/easybikerent.it\/es\/wp-json\/wp\/v2\/pages"}],"about":[{"href":"https:\/\/easybikerent.it\/es\/wp-json\/wp\/v2\/types\/page"}],"author":[{"embeddable":true,"href":"https:\/\/easybikerent.it\/es\/wp-json\/wp\/v2\/users\/199"}],"replies":[{"embeddable":true,"href":"https:\/\/easybikerent.it\/es\/wp-json\/wp\/v2\/comments?post=3799"}],"version-history":[{"count":8,"href":"https:\/\/easybikerent.it\/es\/wp-json\/wp\/v2\/pages\/3799\/revisions"}],"predecessor-version":[{"id":5899,"href":"https:\/\/easybikerent.it\/es\/wp-json\/wp\/v2\/pages\/3799\/revisions\/5899"}],"wp:attachment":[{"href":"https:\/\/easybikerent.it\/es\/wp-json\/wp\/v2\/media?parent=3799"}],"curies":[{"name":"wp","href":"https:\/\/api.w.org\/{rel}","templated":true}]}}