{"id":3813,"date":"2023-05-24T11:14:57","date_gmt":"2023-05-24T09:14:57","guid":{"rendered":"https:\/\/easybikerent.it\/?page_id=3813"},"modified":"2026-01-09T15:49:52","modified_gmt":"2026-01-09T14:49:52","slug":"rent-push-bicycles","status":"publish","type":"page","link":"https:\/\/easybikerent.it\/es\/rent-push-bicycles\/","title":{"rendered":"Rent push bicycles"},"content":{"rendered":"<div data-elementor-type=\"wp-page\" data-elementor-id=\"3813\" class=\"elementor elementor-3813\" data-elementor-post-type=\"page\">\n\t\t\t\t\t\t<section class=\"elementor-section elementor-top-section elementor-element elementor-element-1dc3a762 elementor-section-boxed elementor-section-height-default elementor-section-height-default\" data-id=\"1dc3a762\" data-element_type=\"section\">\n\t\t\t\t\t\t<div class=\"elementor-container elementor-column-gap-default\">\n\t\t\t\t\t<div class=\"elementor-column elementor-col-100 elementor-top-column elementor-element elementor-element-393eddff\" data-id=\"393eddff\" data-element_type=\"column\">\n\t\t\t<div class=\"elementor-widget-wrap elementor-element-populated\">\n\t\t\t\t\t\t<div class=\"elementor-element elementor-element-1ff582ba elementor-widget elementor-widget-shortcode\" data-id=\"1ff582ba\" data-element_type=\"widget\" data-widget_type=\"shortcode.default\">\n\t\t\t\t<div class=\"elementor-widget-container\">\n\t\t\t\t\t\t\t<div class=\"elementor-shortcode\"><div class=\"woocommerce columns-3\"><ul class=\"products columns-3\">\n<li class=\"product type-product post-699 status-publish first instock product_cat-bicycles product_cat-our-vehicles product_tag-bicycle-for-rent product_tag-bike-hire-in-rome product_tag-bikes-with-a-basket product_tag-city-bikes-in-rome product_tag-eco product_tag-ladies-bikes-for-rent-in-rome has-post-thumbnail purchasable product-type-redq_rental\">\n\t<a href=\"https:\/\/easybikerent.it\/es\/prodotto\/rent-a-trekking-or-a-city-bike\/\" class=\"woocommerce-LoopProduct-link woocommerce-loop-product__link\"><img fetchpriority=\"high\" decoding=\"async\" width=\"300\" height=\"205\" src=\"https:\/\/easybikerent.it\/wp-content\/uploads\/Lombardo-Diamante-Trekking-Bike-Palatine-Hill-Rome-Daytime-e1524302650947-300x205.jpg\" class=\"attachment-woocommerce_thumbnail size-woocommerce_thumbnail\" alt=\"Rent a Trekking or a City Bike from Easy Bike Rent Rome\" srcset=\"https:\/\/easybikerent.it\/wp-content\/uploads\/\/Lombardo-Diamante-Trekking-Bike-Palatine-Hill-Rome-Daytime-e1524302650947-300x205.jpg 300w, https:\/\/easybikerent.it\/wp-content\/uploads\/\/Lombardo-Diamante-Trekking-Bike-Palatine-Hill-Rome-Daytime-e1524302650947.jpg 800w\" sizes=\"(max-width: 300px) 100vw, 300px\" \/><h2 class=\"woocommerce-loop-product__title\">Bicicletas Trekking o City<\/h2>\n\t<span class=\"price\"><span class=\"amount rnb_price_unit_699\"> Desde<span class=\"woocommerce-Price-amount amount\"><bdi>12&nbsp;<span class=\"woocommerce-Price-currencySymbol\">\u20ac<\/span><\/bdi><\/span>\/ D\u00eda<\/span><\/span>\n<\/a><\/li>\n<li class=\"product type-product post-4065 status-publish instock product_cat-bicycles product_cat-our-vehicles product_tag-easy product_tag-eco product_tag-gravel-bike-in-rome product_tag-high-quality-gravel-bike product_tag-rent-a-gravel-bike-in-rome product_tag-visit-the-appian-way-without-a-guide has-post-thumbnail purchasable product-type-redq_rental\">\n\t<a href=\"https:\/\/easybikerent.it\/es\/prodotto\/gravel-bikes\/\" class=\"woocommerce-LoopProduct-link woocommerce-loop-product__link\"><img decoding=\"async\" width=\"300\" height=\"225\" src=\"https:\/\/easybikerent.it\/wp-content\/uploads\/WhatsApp-Image-2023-03-15-at-12.14.33-e1689524293114-300x225.jpeg\" class=\"attachment-woocommerce_thumbnail size-woocommerce_thumbnail\" alt=\"Gravel Bike for Rent in Rome\" srcset=\"https:\/\/easybikerent.it\/wp-content\/uploads\/\/WhatsApp-Image-2023-03-15-at-12.14.33-e1689524293114-300x225.jpeg 300w, https:\/\/easybikerent.it\/wp-content\/uploads\/\/WhatsApp-Image-2023-03-15-at-12.14.33-e1689524293114-800x600.jpeg 800w, https:\/\/easybikerent.it\/wp-content\/uploads\/\/WhatsApp-Image-2023-03-15-at-12.14.33-e1689524293114.jpeg 2048w\" sizes=\"(max-width: 300px) 100vw, 300px\" \/><h2 class=\"woocommerce-loop-product__title\">Bicicletas Gravel<\/h2>\n\t<span class=\"price\"><span class=\"amount rnb_price_unit_4065\"> Desde<span class=\"woocommerce-Price-amount amount\"><bdi>17&nbsp;<span class=\"woocommerce-Price-currencySymbol\">\u20ac<\/span><\/bdi><\/span>\/ D\u00eda<\/span><\/span>\n<\/a><\/li>\n<li class=\"product type-product post-4061 status-publish last instock product_cat-bicycles product_cat-our-vehicles product_tag-appian-way-by-mountain-bike product_tag-easy product_tag-eco product_tag-family product_tag-hire-a-mountain-bike-in-rome product_tag-mountain-bikes-in-rome has-post-thumbnail purchasable product-type-redq_rental\">\n\t<a href=\"https:\/\/easybikerent.it\/es\/prodotto\/mountain-bike-rugged-sporty\/\" class=\"woocommerce-LoopProduct-link woocommerce-loop-product__link\"><img decoding=\"async\" width=\"300\" height=\"205\" src=\"https:\/\/easybikerent.it\/wp-content\/uploads\/Sestriere-scala-300x205.jpg\" class=\"attachment-woocommerce_thumbnail size-woocommerce_thumbnail\" alt=\"An Easy Bike Rent Mountain Bike with a typical vintage staircase in the background.\" srcset=\"https:\/\/easybikerent.it\/wp-content\/uploads\/\/Sestriere-scala-300x205.jpg 300w, https:\/\/easybikerent.it\/wp-content\/uploads\/\/Sestriere-scala.jpg 800w\" sizes=\"(max-width: 300px) 100vw, 300px\" \/><h2 class=\"woocommerce-loop-product__title\">Bicicletas de Monta\u00f1a<\/h2>\n\t<span class=\"price\"><span class=\"amount rnb_price_unit_4061\"> Desde<span class=\"woocommerce-Price-amount amount\"><bdi>12&nbsp;<span class=\"woocommerce-Price-currencySymbol\">\u20ac<\/span><\/bdi><\/span>\/ D\u00eda<\/span><\/span>\n<\/a><\/li>\n<li class=\"product type-product post-4062 status-publish first instock product_cat-bicycles product_cat-our-vehicles product_tag-eco product_tag-family product_tag-good-quality-mountain-bike product_tag-high-perfomances-mountain-bike product_tag-rent-a-high-quality-mountain-bike-in-rome product_tag-rent-a-mountain-bike-in-rome product_tag-visit-the-appian-way-without-a-guide has-post-thumbnail purchasable product-type-redq_rental\">\n\t<a href=\"https:\/\/easybikerent.it\/es\/prodotto\/mountain-bikes-plus\/\" class=\"woocommerce-LoopProduct-link woocommerce-loop-product__link\"><img loading=\"lazy\" decoding=\"async\" width=\"300\" height=\"225\" src=\"https:\/\/easybikerent.it\/wp-content\/uploads\/WhatsApp-Image-2023-03-15-at-12.39.48-1-e1689524359937-300x225.jpeg\" class=\"attachment-woocommerce_thumbnail size-woocommerce_thumbnail\" alt=\"High quality mountain bike\" srcset=\"https:\/\/easybikerent.it\/wp-content\/uploads\/\/WhatsApp-Image-2023-03-15-at-12.39.48-1-e1689524359937-300x225.jpeg 300w, https:\/\/easybikerent.it\/wp-content\/uploads\/\/WhatsApp-Image-2023-03-15-at-12.39.48-1-e1689524359937-800x600.jpeg 800w, https:\/\/easybikerent.it\/wp-content\/uploads\/\/WhatsApp-Image-2023-03-15-at-12.39.48-1-e1689524359937.jpeg 1024w\" sizes=\"(max-width: 300px) 100vw, 300px\" \/><h2 class=\"woocommerce-loop-product__title\">Mountain Bike Plus<\/h2>\n\t<span class=\"price\"><span class=\"amount rnb_price_unit_4062\"> Desde<span class=\"woocommerce-Price-amount amount\"><bdi>17&nbsp;<span class=\"woocommerce-Price-currencySymbol\">\u20ac<\/span><\/bdi><\/span>\/ D\u00eda<\/span><\/span>\n<\/a><\/li>\n<li class=\"product type-product post-1358 status-publish instock product_cat-bicycles product_cat-family-bikes product_cat-our-vehicles product_tag-appian-way-with-kids product_tag-bike-hire-for-kids product_tag-easy product_tag-eco product_tag-kids-bikes has-post-thumbnail purchasable product-type-redq_rental\">\n\t<a href=\"https:\/\/easybikerent.it\/es\/prodotto\/kids-bike-focus-their-energy\/\" class=\"woocommerce-LoopProduct-link woocommerce-loop-product__link\"><img loading=\"lazy\" decoding=\"async\" width=\"300\" height=\"205\" src=\"https:\/\/easybikerent.it\/wp-content\/uploads\/Kids-Bike-Tunnel-Uphill-300x205.jpg\" class=\"attachment-woocommerce_thumbnail size-woocommerce_thumbnail\" alt=\"A Kids Bike in front of a tunnel on slightly uphill terrain.\" srcset=\"https:\/\/easybikerent.it\/wp-content\/uploads\/\/Kids-Bike-Tunnel-Uphill-300x205.jpg 300w, https:\/\/easybikerent.it\/wp-content\/uploads\/\/Kids-Bike-Tunnel-Uphill.jpg 800w\" sizes=\"(max-width: 300px) 100vw, 300px\" \/><h2 class=\"woocommerce-loop-product__title\">Bicicletas para ni\u00f1os<\/h2>\n\t<span class=\"price\"><span class=\"amount rnb_price_unit_1358\"> Desde<span class=\"woocommerce-Price-amount amount\"><bdi>9&nbsp;<span class=\"woocommerce-Price-currencySymbol\">\u20ac<\/span><\/bdi><\/span>\/ D\u00eda<\/span><\/span>\n<\/a><\/li>\n<\/ul>\n<\/div><\/div>\n\t\t\t\t\t\t<\/div>\n\t\t\t\t<\/div>\n\t\t\t\t\t<\/div>\n\t\t<\/div>\n\t\t\t\t\t<\/div>\n\t\t<\/section>\n\t\t\t\t<section class=\"elementor-section elementor-top-section elementor-element elementor-element-7ea6262 elementor-section-boxed elementor-section-height-default elementor-section-height-default\" data-id=\"7ea6262\" data-element_type=\"section\">\n\t\t\t\t\t\t<div class=\"elementor-container elementor-column-gap-default\">\n\t\t\t\t\t<div class=\"elementor-column elementor-col-100 elementor-top-column elementor-element elementor-element-94fc874\" data-id=\"94fc874\" data-element_type=\"column\">\n\t\t\t<div class=\"elementor-widget-wrap elementor-element-populated\">\n\t\t\t\t\t\t<div class=\"elementor-element elementor-element-c0231b5 elementor-widget elementor-widget-text-editor\" data-id=\"c0231b5\" data-element_type=\"widget\" data-widget_type=\"text-editor.default\">\n\t\t\t\t<div class=\"elementor-widget-container\">\n\t\t\t\t\t\t\t\t\t<div style=\"font-family: 'Roboto', sans-serif; font-size: 17px; line-height: 1.6; color: #333;\"><h1 style=\"text-align: center; font-family: 'Roboto', sans-serif;\"><strong>BICICLETAS TRADICIONALES<\/strong><\/h1><p style=\"text-align: left;\">Descubre Roma de forma aut\u00e9ntica con nuestra selecci\u00f3n de bicicletas de alta calidad. Perfectas para viajeros que buscan una experiencia activa, ecol\u00f3gica e inmersiva, nuestras bicicletas ofrecen el equilibrio ideal entre comodidad, rendimiento y libertad. Elige entre bicicletas urbanas, gravel bikes y mountain bikes \u2014 incluida nuestra MTB Plus premium, dise\u00f1ada para quienes desean m\u00e1xima estabilidad y control.<\/p><h2 style=\"font-family: 'Roboto', sans-serif; font-size: 20px; margin-top: 20px;\"><strong>El punto de partida perfecto<\/strong><\/h2><p style=\"text-align: left;\">Alquilar con nosotros significa comenzar tu aventura de inmediato. Nuestra tienda est\u00e1 a pocos pasos del carril bici que conduce directamente a la V\u00eda Apia y tambi\u00e9n muy cerca del carril bici del r\u00edo T\u00edber. Sin tr\u00e1fico, sin estr\u00e9s \u2014 simplemente recoge tu bicicleta y empieza a explorar las rutas m\u00e1s emblem\u00e1ticas de Roma en cuesti\u00f3n de minutos.<\/p><h2 style=\"font-family: 'Roboto', sans-serif; font-size: 20px; margin-top: 20px;\"><strong>Ideal para la V\u00eda Apia<\/strong><\/h2><p style=\"text-align: left;\">Si planeas recorrer la Antigua V\u00eda Apia, nuestras mountain bikes son la mejor elecci\u00f3n. Los adoquines hist\u00f3ricos y el terreno irregular se disfrutan a\u00fan m\u00e1s con una bicicleta dise\u00f1ada para ofrecer tracci\u00f3n, comodidad y durabilidad. Para una experiencia superior, recomendamos la MTB Plus \u2014 nuestro modelo m\u00e1s avanzado para ciclistas que buscan el m\u00e1ximo rendimiento en superficies mixtas y off\u2011road.<\/p><h2 style=\"font-family: 'Roboto', sans-serif; font-size: 20px; margin-top: 20px;\"><strong>Gravel bikes para ciclistas de larga distancia<\/strong><\/h2><p style=\"text-align: left;\">Nuestras gravel bikes son la opci\u00f3n ideal para ciclistas experimentados que desean recorrer largas distancias con velocidad, comodidad y versatilidad. Dise\u00f1adas para la resistencia y los terrenos mixtos, son perfectas para quienes quieren ir m\u00e1s all\u00e1 de la ciudad y disfrutar de aventuras de d\u00eda completo. Una de las rutas m\u00e1s populares es el pintoresco recorrido hasta Fiumicino, siguiendo el carril bici del r\u00edo T\u00edber hasta la costa \u2014 un trayecto suave, hermoso y gratificante que las gravel bikes manejan sin esfuerzo.<\/p><h2 style=\"font-family: 'Roboto', sans-serif; font-size: 20px; margin-top: 20px;\"><strong>Elige tu aventura<\/strong><\/h2><p style=\"text-align: left;\">Ya sea que prefieras un paseo relajado por la ciudad, una ruta off\u2011road desafiante o un viaje de larga distancia, nuestras bicicletas te dan la libertad de explorar Roma exactamente como quieras. Fuertes, fiables y c\u00f3modas, son la opci\u00f3n perfecta para viajeros que buscan una experiencia ciclista aut\u00e9ntica.<\/p><p style=\"text-align: left; font-size: 18px; margin-top: 25px;\"><strong>Elige la bicicleta perfecta y disfruta de Roma con potencia, comodidad y total independencia.<\/strong><\/p><\/div>\t\t\t\t\t\t\t\t<\/div>\n\t\t\t\t<\/div>\n\t\t\t\t\t<\/div>\n\t\t<\/div>\n\t\t\t\t\t<\/div>\n\t\t<\/section>\n\t\t\t\t<\/div>","protected":false},"excerpt":{"rendered":"<p>Push Bikes Discover Rome the authentic way with our selection of high\u2011quality muscle bikes. Perfect for travelers who want an active, eco\u2011friendly, and immersive experience, our push bikes offer the ideal balance of comfort, performance, and freedom. Choose from smooth city bikes, versatile gravel bikes, and powerful mountain bikes \u2014 including our premium MTB Plus, [&hellip;]<\/p>","protected":false},"author":1,"featured_media":0,"parent":0,"menu_order":0,"comment_status":"closed","ping_status":"closed","template":"","meta":{"footnotes":""},"class_list":["post-3813","page","type-page","status-publish","hentry"],"_links":{"self":[{"href":"https:\/\/easybikerent.it\/es\/wp-json\/wp\/v2\/pages\/3813","targetHints":{"allow":["GET"]}}],"collection":[{"href":"https:\/\/easybikerent.it\/es\/wp-json\/wp\/v2\/pages"}],"about":[{"href":"https:\/\/easybikerent.it\/es\/wp-json\/wp\/v2\/types\/page"}],"author":[{"embeddable":true,"href":"https:\/\/easybikerent.it\/es\/wp-json\/wp\/v2\/users\/1"}],"replies":[{"embeddable":true,"href":"https:\/\/easybikerent.it\/es\/wp-json\/wp\/v2\/comments?post=3813"}],"version-history":[{"count":25,"href":"https:\/\/easybikerent.it\/es\/wp-json\/wp\/v2\/pages\/3813\/revisions"}],"predecessor-version":[{"id":5831,"href":"https:\/\/easybikerent.it\/es\/wp-json\/wp\/v2\/pages\/3813\/revisions\/5831"}],"wp:attachment":[{"href":"https:\/\/easybikerent.it\/es\/wp-json\/wp\/v2\/media?parent=3813"}],"curies":[{"name":"wp","href":"https:\/\/api.w.org\/{rel}","templated":true}]}}