{"id":3819,"date":"2023-05-24T11:21:47","date_gmt":"2023-05-24T09:21:47","guid":{"rendered":"https:\/\/easybikerent.it\/?page_id=3819"},"modified":"2026-01-09T15:55:19","modified_gmt":"2026-01-09T14:55:19","slug":"rent-vespa-scooters-in-rome","status":"publish","type":"page","link":"https:\/\/easybikerent.it\/es\/rent-vespa-scooters-in-rome\/","title":{"rendered":"Rent Vespa &#038; Scooters in Rome"},"content":{"rendered":"<div data-elementor-type=\"wp-page\" data-elementor-id=\"3819\" class=\"elementor elementor-3819\" data-elementor-post-type=\"page\">\n\t\t\t\t\t\t<section class=\"elementor-section elementor-top-section elementor-element elementor-element-241df4b8 elementor-section-boxed elementor-section-height-default elementor-section-height-default\" data-id=\"241df4b8\" data-element_type=\"section\">\n\t\t\t\t\t\t<div class=\"elementor-container elementor-column-gap-default\">\n\t\t\t\t\t<div class=\"elementor-column elementor-col-100 elementor-top-column elementor-element elementor-element-5b3a6274\" data-id=\"5b3a6274\" data-element_type=\"column\">\n\t\t\t<div class=\"elementor-widget-wrap elementor-element-populated\">\n\t\t\t\t\t\t<div class=\"elementor-element elementor-element-4e12ba0 elementor-widget elementor-widget-shortcode\" data-id=\"4e12ba0\" data-element_type=\"widget\" data-widget_type=\"shortcode.default\">\n\t\t\t\t<div class=\"elementor-widget-container\">\n\t\t\t\t\t\t\t<div class=\"elementor-shortcode\"><div class=\"woocommerce columns-3\"><ul class=\"products columns-3\">\n<li class=\"product type-product post-209 status-publish first instock product_cat-our-vehicles product_cat-scooter-vespa product_tag-hire-a-vespa-in-rome product_tag-rent-vespa-rome product_tag-roman-holidays product_tag-scooter product_tag-vespa product_tag-vespa-for-rent-in-rome product_tag-vespa-hire-in-rome product_tag-vespa-rental product_tag-vespa-rental-in-rome product_tag-vespa-rental-near-colosseum product_tag-vespa-rental-near-trtevere product_tag-your-vespa-in-rome has-post-thumbnail purchasable product-type-redq_rental\">\n\t<a href=\"https:\/\/easybikerent.it\/es\/prodotto\/hire-a-vespa-125\/\" class=\"woocommerce-LoopProduct-link woocommerce-loop-product__link\"><img fetchpriority=\"high\" decoding=\"async\" width=\"300\" height=\"205\" src=\"https:\/\/easybikerent.it\/wp-content\/uploads\/Vespa-Primavera-125-Trail-Park-300x205.jpg\" class=\"attachment-woocommerce_thumbnail size-woocommerce_thumbnail\" alt=\"Hire a Vespa 125 from Easy Bike Rent Rome\" srcset=\"https:\/\/easybikerent.it\/wp-content\/uploads\/\/Vespa-Primavera-125-Trail-Park-300x205.jpg 300w, https:\/\/easybikerent.it\/wp-content\/uploads\/\/Vespa-Primavera-125-Trail-Park.jpg 800w\" sizes=\"(max-width: 300px) 100vw, 300px\" \/><h2 class=\"woocommerce-loop-product__title\">Vespa 125<\/h2>\n\t<span class=\"price\"><span class=\"amount rnb_price_unit_209\"> Desde<span class=\"woocommerce-Price-amount amount\"><bdi>47&nbsp;<span class=\"woocommerce-Price-currencySymbol\">\u20ac<\/span><\/bdi><\/span>\/ D\u00eda<\/span><\/span>\n<\/a><\/li>\n<li class=\"product type-product post-733 status-publish instock product_cat-our-vehicles product_cat-scooter-vespa product_tag-rent-a-scooter-near-trastevere product_tag-scooter-hire-in-rome product_tag-scooter-rental-in-rome has-post-thumbnail purchasable product-type-redq_rental\">\n\t<a href=\"https:\/\/easybikerent.it\/es\/prodotto\/rent-a-honda-vision-110\/\" class=\"woocommerce-LoopProduct-link woocommerce-loop-product__link\"><img decoding=\"async\" width=\"300\" height=\"205\" src=\"https:\/\/easybikerent.it\/wp-content\/uploads\/Easy-Bike-Rent-Honda-Vision-110-300x205.jpg\" class=\"attachment-woocommerce_thumbnail size-woocommerce_thumbnail\" alt=\"Rent a Honda Vision 110 from Easy Bike Rent Rome\" srcset=\"https:\/\/easybikerent.it\/wp-content\/uploads\/\/Easy-Bike-Rent-Honda-Vision-110-300x205.jpg 300w, https:\/\/easybikerent.it\/wp-content\/uploads\/\/Easy-Bike-Rent-Honda-Vision-110.jpg 765w\" sizes=\"(max-width: 300px) 100vw, 300px\" \/><h2 class=\"woocommerce-loop-product__title\">Honda Vision 110<\/h2>\n\t<span class=\"price\"><span class=\"amount rnb_price_unit_733\"> Desde<span class=\"woocommerce-Price-amount amount\"><bdi>33&nbsp;<span class=\"woocommerce-Price-currencySymbol\">\u20ac<\/span><\/bdi><\/span>\/ D\u00eda<\/span><\/span>\n<\/a><\/li>\n<\/ul>\n<\/div><\/div>\n\t\t\t\t\t\t<\/div>\n\t\t\t\t<\/div>\n\t\t\t\t\t<\/div>\n\t\t<\/div>\n\t\t\t\t\t<\/div>\n\t\t<\/section>\n\t\t\t\t<section class=\"elementor-section elementor-top-section elementor-element elementor-element-ccfbf5a elementor-section-boxed elementor-section-height-default elementor-section-height-default\" data-id=\"ccfbf5a\" data-element_type=\"section\">\n\t\t\t\t\t\t<div class=\"elementor-container elementor-column-gap-default\">\n\t\t\t\t\t<div class=\"elementor-column elementor-col-100 elementor-top-column elementor-element elementor-element-c6658f7\" data-id=\"c6658f7\" data-element_type=\"column\">\n\t\t\t<div class=\"elementor-widget-wrap elementor-element-populated\">\n\t\t\t\t\t\t<div class=\"elementor-element elementor-element-35b2382 elementor-widget elementor-widget-text-editor\" data-id=\"35b2382\" data-element_type=\"widget\" data-widget_type=\"text-editor.default\">\n\t\t\t\t<div class=\"elementor-widget-container\">\n\t\t\t\t\t\t\t\t\t<div style=\"font-family: 'Roboto', sans-serif; font-size: 17px; line-height: 1.6; color: #333;\"><h1 style=\"text-align: center; font-family: 'Roboto', sans-serif;\"><strong>Alquiler de Vespa en Roma<\/strong><\/h1><p style=\"text-align: left;\">Vive Roma como un verdadero italiano con nuestro servicio de alquiler de Vespa. Estilosa, ic\u00f3nica y muy divertida de conducir, una Vespa es la manera perfecta de explorar la ciudad con total libertad. Ya sea recorriendo el centro hist\u00f3rico, llegando a miradores panor\u00e1micos o descubriendo barrios escondidos, alquilar una Vespa convierte tu d\u00eda en una aventura inolvidable.<\/p><h2 style=\"font-family: 'Roboto', sans-serif; font-size: 20px; margin-top: 20px;\"><strong>La aut\u00e9ntica experiencia romana<\/strong><\/h2><p style=\"text-align: left;\">Nuestras Vespas son f\u00e1ciles de manejar, eficientes en consumo y perfectas para recorrer las calles estrechas y los animados barrios de Roma. Ofrecen la combinaci\u00f3n ideal de agilidad, comodidad y estilo \u2014 exactamente lo que necesitas para disfrutar de la ciudad a tu propio ritmo, sin depender del transporte p\u00fablico ni de los taxis.<\/p><h2 style=\"font-family: 'Roboto', sans-serif; font-size: 20px; margin-top: 20px;\"><strong>Requisitos importantes<\/strong><\/h2><p style=\"text-align: left;\">Para tu seguridad y la seguridad de los dem\u00e1s, es <strong>muy importante<\/strong> tener experiencia previa conduciendo una Vespa, scooter o motocicleta. El tr\u00e1fico y las condiciones de las calles de Roma requieren un manejo seguro y buen equilibrio.<br \/><br \/><br \/><strong>Los ciudadanos no pertenecientes a la UE deben presentar un Permiso Internacional de Conducir (IDP) v\u00e1lido<\/strong> junto con su permiso de conducir nacional.<\/p><p style=\"text-align: left; font-size: 18px; margin-top: 25px;\"><strong>Elige una Vespa y disfruta de Roma con estilo, libertad y el verdadero esp\u00edritu de la conducci\u00f3n italiana.<\/strong><\/p><\/div>\t\t\t\t\t\t\t\t<\/div>\n\t\t\t\t<\/div>\n\t\t\t\t\t<\/div>\n\t\t<\/div>\n\t\t\t\t\t<\/div>\n\t\t<\/section>\n\t\t\t\t<\/div>","protected":false},"excerpt":{"rendered":"<p>Vespa Rental in Rome Experience Rome like a true Italian with our Vespa rental service. Stylish, iconic, and incredibly fun to ride, a Vespa is the perfect way to explore the city with total freedom. Whether you&#8217;re cruising through the historic center, reaching panoramic viewpoints, or discovering hidden neighborhoods, renting a Vespa transforms your day [&hellip;]<\/p>","protected":false},"author":1,"featured_media":0,"parent":0,"menu_order":0,"comment_status":"closed","ping_status":"closed","template":"","meta":{"footnotes":""},"class_list":["post-3819","page","type-page","status-publish","hentry"],"_links":{"self":[{"href":"https:\/\/easybikerent.it\/es\/wp-json\/wp\/v2\/pages\/3819","targetHints":{"allow":["GET"]}}],"collection":[{"href":"https:\/\/easybikerent.it\/es\/wp-json\/wp\/v2\/pages"}],"about":[{"href":"https:\/\/easybikerent.it\/es\/wp-json\/wp\/v2\/types\/page"}],"author":[{"embeddable":true,"href":"https:\/\/easybikerent.it\/es\/wp-json\/wp\/v2\/users\/1"}],"replies":[{"embeddable":true,"href":"https:\/\/easybikerent.it\/es\/wp-json\/wp\/v2\/comments?post=3819"}],"version-history":[{"count":7,"href":"https:\/\/easybikerent.it\/es\/wp-json\/wp\/v2\/pages\/3819\/revisions"}],"predecessor-version":[{"id":5834,"href":"https:\/\/easybikerent.it\/es\/wp-json\/wp\/v2\/pages\/3819\/revisions\/5834"}],"wp:attachment":[{"href":"https:\/\/easybikerent.it\/es\/wp-json\/wp\/v2\/media?parent=3819"}],"curies":[{"name":"wp","href":"https:\/\/api.w.org\/{rel}","templated":true}]}}