{"id":5713,"date":"2025-12-27T16:09:57","date_gmt":"2025-12-27T15:09:57","guid":{"rendered":"https:\/\/easybikerent.it\/?page_id=5713"},"modified":"2026-03-12T12:37:58","modified_gmt":"2026-03-12T11:37:58","slug":"afret-dark-bike-adventures","status":"publish","type":"page","link":"https:\/\/easybikerent.it\/es\/afret-dark-bike-adventures\/","title":{"rendered":"Aventuras en Bicicleta Despu\u00e9s del Anochecer"},"content":{"rendered":"<div data-elementor-type=\"wp-page\" data-elementor-id=\"5713\" class=\"elementor elementor-5713\" data-elementor-post-type=\"page\">\n\t\t\t\t\t\t<section class=\"elementor-section elementor-top-section elementor-element elementor-element-c790234 elementor-section-boxed elementor-section-height-default elementor-section-height-default\" data-id=\"c790234\" data-element_type=\"section\">\n\t\t\t\t\t\t<div class=\"elementor-container elementor-column-gap-default\">\n\t\t\t\t\t<div class=\"elementor-column elementor-col-100 elementor-top-column elementor-element elementor-element-60dddd1\" data-id=\"60dddd1\" data-element_type=\"column\">\n\t\t\t<div class=\"elementor-widget-wrap elementor-element-populated\">\n\t\t\t\t\t\t<div class=\"elementor-element elementor-element-38d2233 elementor-widget elementor-widget-text-editor\" data-id=\"38d2233\" data-element_type=\"widget\" data-widget_type=\"text-editor.default\">\n\t\t\t\t<div class=\"elementor-widget-container\">\n\t\t\t\t\t\t\t\t\t<p>Pagina Prova\u00a0<\/p><p>\u00a0<\/p>\t\t\t\t\t\t\t\t<\/div>\n\t\t\t\t<\/div>\n\t\t\t\t\t<\/div>\n\t\t<\/div>\n\t\t\t\t\t<\/div>\n\t\t<\/section>\n\t\t\t\t<section class=\"elementor-section elementor-top-section elementor-element elementor-element-bfa6e92 elementor-section-boxed elementor-section-height-default elementor-section-height-default\" data-id=\"bfa6e92\" data-element_type=\"section\">\n\t\t\t\t\t\t<div class=\"elementor-container elementor-column-gap-default\">\n\t\t\t\t\t<div class=\"elementor-column elementor-col-100 elementor-top-column elementor-element elementor-element-c06c194\" data-id=\"c06c194\" data-element_type=\"column\">\n\t\t\t<div class=\"elementor-widget-wrap elementor-element-populated\">\n\t\t\t\t\t\t<div class=\"elementor-element elementor-element-c06bc93 elementor-widget elementor-widget-shortcode\" data-id=\"c06bc93\" data-element_type=\"widget\" data-widget_type=\"shortcode.default\">\n\t\t\t\t<div class=\"elementor-widget-container\">\n\t\t\t\t\t\t\t<div class=\"elementor-shortcode\"><product-catalog-widget widget-id=\"4edaaee8-51c9-4f78-b09a-09a56f4a36d5\"><\/product-catalog-widget><script type=\"text\/javascript\" src=\"https:\/\/widgets.regiondo.net\/catalog\/v1\/catalog-widget.min.js\"><\/script><\/div>\n\t\t\t\t\t\t<\/div>\n\t\t\t\t<\/div>\n\t\t\t\t\t<\/div>\n\t\t<\/div>\n\t\t\t\t\t<\/div>\n\t\t<\/section>\n\t\t\t\t<section class=\"elementor-section elementor-top-section elementor-element elementor-element-159370f elementor-section-boxed elementor-section-height-default elementor-section-height-default\" data-id=\"159370f\" data-element_type=\"section\">\n\t\t\t\t\t\t<div class=\"elementor-container elementor-column-gap-default\">\n\t\t\t\t\t<div class=\"elementor-column elementor-col-100 elementor-top-column elementor-element elementor-element-1426462\" data-id=\"1426462\" data-element_type=\"column\">\n\t\t\t<div class=\"elementor-widget-wrap elementor-element-populated\">\n\t\t\t\t\t\t<div class=\"elementor-element elementor-element-17854f5 elementor-widget elementor-widget-text-editor\" data-id=\"17854f5\" data-element_type=\"widget\" data-widget_type=\"text-editor.default\">\n\t\t\t\t<div class=\"elementor-widget-container\">\n\t\t\t\t\t\t\t\t\t<div style=\"color: #000000; font-weight: bold; text-align: center; padding: 10px 0;\"><span style=\"font-size: 20px;\"><br \/>Book now and get <span style=\"text-decoration: underline;\">10% OFF<\/span><br \/>Enter coupon code: <strong style=\"color: #ff0000;\">EASY10<\/strong> at checkout.<br \/><\/span><\/div>\t\t\t\t\t\t\t\t<\/div>\n\t\t\t\t<\/div>\n\t\t\t\t\t<\/div>\n\t\t<\/div>\n\t\t\t\t\t<\/div>\n\t\t<\/section>\n\t\t\t\t<section class=\"elementor-section elementor-top-section elementor-element elementor-element-5608441 elementor-section-boxed elementor-section-height-default elementor-section-height-default\" data-id=\"5608441\" data-element_type=\"section\">\n\t\t\t\t\t\t<div class=\"elementor-container elementor-column-gap-default\">\n\t\t\t\t\t<div class=\"elementor-column elementor-col-100 elementor-top-column elementor-element elementor-element-611311e\" data-id=\"611311e\" data-element_type=\"column\">\n\t\t\t<div class=\"elementor-widget-wrap elementor-element-populated\">\n\t\t\t\t\t\t<div class=\"elementor-element elementor-element-07d5f40 elementor-widget elementor-widget-heading\" data-id=\"07d5f40\" data-element_type=\"widget\" data-widget_type=\"heading.default\">\n\t\t\t\t<div class=\"elementor-widget-container\">\n\t\t\t\t\t<h2 class=\"elementor-heading-title elementor-size-default\">Aventuras en Bicicleta Despu\u00e9s del Anochecer<\/h2>\t\t\t\t<\/div>\n\t\t\t\t<\/div>\n\t\t\t\t<div class=\"elementor-element elementor-element-b04897a elementor-widget elementor-widget-text-editor\" data-id=\"b04897a\" data-element_type=\"widget\" data-widget_type=\"text-editor.default\">\n\t\t\t\t<div class=\"elementor-widget-container\">\n\t\t\t\t\t\t\t\t\t<div style=\"font-family: 'Roboto', sans-serif; font-size: 17px; line-height: 1.6; color: #333;\">\n<h2 style=\"font-family: 'Roboto', sans-serif; font-size: 24px; margin-bottom: 15px;\"><strong>Aventuras en Bicicleta Despu\u00e9s del Anochecer \u2013 Descubre la Ciudad de Noche<\/strong><\/h2>\n<p style=\"text-align: left;\">Vive Roma de una de las formas m\u00e1s m\u00e1gicas posibles: en bicicleta, despu\u00e9s del atardecer. Nuestras After Dark Bike Adventures ofrecen tours nocturnos guiados y exclusivos que combinan ambiente, historia y aventura para una noche inolvidable en la Ciudad Eterna.<\/p>\n<p style=\"text-align: left;\">Montar en bicicleta de noche significa temperaturas m\u00e1s frescas, calles m\u00e1s tranquilas y una conexi\u00f3n m\u00e1s \u00edntima con los monumentos y barrios de Roma. Ya sea explorando monumentos iluminados o pedaleando por antiguas v\u00edas en silencio, estos tours revelan un lado de la ciudad que los visitantes diurnos rara vez llegan a ver.<\/p>\n<p style=\"text-align: left; margin-top: 20px;\"><strong>Elige entre:<\/strong><\/p>\n\n<ul style=\"margin-left: 20px;\">\n \t<li style=\"margin-bottom: 10px;\"><strong>Tour Nocturno en Bicicleta por el Centro Hist\u00f3rico \u2013<\/strong> Descubre los monumentos m\u00e1s emblem\u00e1ticos de Roma brillando bajo el cielo nocturno. Con calles m\u00e1s tranquilas y un ambiente relajado, este tour ofrece un recorrido suave y panor\u00e1mico por el coraz\u00f3n de la ciudad.<\/li>\n \t<li style=\"margin-bottom: 10px;\"><strong>Tour Nocturno en Bicicleta por la Via Appia Antica \u2013<\/strong> Una experiencia verdaderamente \u00fanica a lo largo de la antigua Via Appia. Pedalea entre silencio, naturaleza e historia, lejos del tr\u00e1fico y las multitudes, y disfruta de la belleza atemporal del campo romano despu\u00e9s del anochecer.<\/li>\n<\/ul>\n<p style=\"text-align: left;\">Todos los tours est\u00e1n dirigidos por gu\u00edas expertos de habla inglesa que dan vida a las historias de Roma con informaci\u00f3n hist\u00f3rica, leyendas y an\u00e9cdotas locales. Para garantizar la m\u00e1xima comodidad y seguridad \u2014 especialmente en el tour nocturno por la Via Appia \u2014 proporcionamos potentes luces de bicicleta que permiten pedalear con confianza incluso en las zonas m\u00e1s oscuras.<\/p>\n<p style=\"text-align: left;\">Ya seas una pareja en busca de una velada rom\u00e1ntica, un viajero solitario que quiere algo diferente o parte de un peque\u00f1o grupo de aventureros, After Dark Bike Adventures ofrece una forma segura, atmosf\u00e9rica e inolvidable de descubrir Roma de noche.<\/p>\n<p style=\"text-align: left; font-size: 18px; margin-top: 25px;\"><strong>Reserva tu tour nocturno en bicicleta y contempla c\u00f3mo la ciudad cobra vida despu\u00e9s del anochecer.<\/strong><\/p>\n\n<h2 style=\"font-size: 22px; margin-top: 45px;\"><strong>Preguntas Frecuentes<\/strong><\/h2>\n<div class=\"faq-section\" style=\"margin-top: 25px;\">\n<h3 style=\"font-size: 19px; margin-bottom: 5px;\"><strong>\u00bfSon seguros los night bike tours?<\/strong><\/h3>\n<p style=\"margin-bottom: 20px;\" class=\"translation-block\">S\u00ed. Nuestras After Dark Bike Adventures est\u00e1n dise\u00f1adas para ser seguras y agradables. Circulamos por calles tranquilas, carriles bici y rutas cuidadosamente seleccionadas con tr\u00e1fico reducido. Todas las bicicletas est\u00e1n equipadas con <strong>luces delanteras y traseras potentes<\/strong>, y nuestros gu\u00edas expertos garantizan una experiencia fluida y segura durante todo el recorrido.<\/p>\n\n<h3 style=\"font-size: 19px; margin-bottom: 5px;\"><strong>\u00bfEl tour nocturno por la V\u00eda Apia es adecuado para todos los ciclistas?<\/strong><\/h3>\n<p style=\"margin-bottom: 20px;\" class=\"translation-block\">El tour nocturno por la V\u00eda Apia se recomienda a <strong>ciclistas con cierta experiencia<\/strong>. Aunque la ruta es m\u00e1gica y tranquila despu\u00e9s del anochecer, algunos tramos incluyen terreno irregular y antiguas piedras de basalto que requieren buenas habilidades de manejo. Los ciclistas seguros de s\u00ed mismos encontrar\u00e1n la experiencia inolvidable y muy gratificante.<\/p>\n\n<h3><strong>\u00bfLos tours se realizan en caso de lluvia?<\/strong><\/h3>\nS\u00ed, los tours se realizan incluso con lluvia ligera. En caso de mal tiempo severo, reprogramamos o reembolsamos.<\/p>\n\n<h3 style=\"font-size: 19px; margin-bottom: 5px;\"><strong>\u00bfEn qu\u00e9 idioma se realizan los tours?<\/strong><\/h3>\n<p style=\"margin-bottom: 20px;\" class=\"translation-block\">Todos nuestros tours en grupos reducidos est\u00e1n dirigidos por gu\u00edas que hablan con fluidez en <strong>italiano e ingl\u00e9s<\/strong>. Adem\u00e1s, cada tour incluye un <strong>tercer idioma<\/strong>, que puede ser neerland\u00e9s, franc\u00e9s, espa\u00f1ol, alem\u00e1n o polaco. Seleccionamos este tercer idioma seg\u00fan la <strong>primera reserva del d\u00eda<\/strong>, garantizando a cada grupo la experiencia multiling\u00fce m\u00e1s adecuada.<\/p>\n\n<\/div>\n<\/div>\t\t\t\t\t\t\t\t<\/div>\n\t\t\t\t<\/div>\n\t\t\t\t\t<\/div>\n\t\t<\/div>\n\t\t\t\t\t<\/div>\n\t\t<\/section>\n\t\t\t\t<\/div>","protected":false},"excerpt":{"rendered":"<p>Pagina Prova\u00a0 \u00a0 Book now and get 10% OFFEnter coupon code: EASY10 at checkout. After dark Bike Adventures After Dark Bike Adventures \u2013 Discover the City by Night Experience Rome in one of the most magical ways possible: by bike, after sunset. Our After Dark Bike Adventures offer exclusive guided night tours that blend atmosphere, [&hellip;]<\/p>","protected":false},"author":285,"featured_media":0,"parent":0,"menu_order":0,"comment_status":"closed","ping_status":"closed","template":"","meta":{"footnotes":""},"class_list":["post-5713","page","type-page","status-publish","hentry"],"_links":{"self":[{"href":"https:\/\/easybikerent.it\/es\/wp-json\/wp\/v2\/pages\/5713","targetHints":{"allow":["GET"]}}],"collection":[{"href":"https:\/\/easybikerent.it\/es\/wp-json\/wp\/v2\/pages"}],"about":[{"href":"https:\/\/easybikerent.it\/es\/wp-json\/wp\/v2\/types\/page"}],"author":[{"embeddable":true,"href":"https:\/\/easybikerent.it\/es\/wp-json\/wp\/v2\/users\/285"}],"replies":[{"embeddable":true,"href":"https:\/\/easybikerent.it\/es\/wp-json\/wp\/v2\/comments?post=5713"}],"version-history":[{"count":23,"href":"https:\/\/easybikerent.it\/es\/wp-json\/wp\/v2\/pages\/5713\/revisions"}],"predecessor-version":[{"id":6163,"href":"https:\/\/easybikerent.it\/es\/wp-json\/wp\/v2\/pages\/5713\/revisions\/6163"}],"wp:attachment":[{"href":"https:\/\/easybikerent.it\/es\/wp-json\/wp\/v2\/media?parent=5713"}],"curies":[{"name":"wp","href":"https:\/\/api.w.org\/{rel}","templated":true}]}}