{"id":5762,"date":"2026-01-08T15:23:46","date_gmt":"2026-01-08T14:23:46","guid":{"rendered":"https:\/\/easybikerent.it\/?page_id=5762"},"modified":"2026-02-02T02:20:39","modified_gmt":"2026-02-02T01:20:39","slug":"exclusive-e-bike-tours","status":"publish","type":"page","link":"https:\/\/easybikerent.it\/es\/exclusive-e-bike-tours\/","title":{"rendered":"Exclusive e-Bike Tours"},"content":{"rendered":"<div data-elementor-type=\"wp-page\" data-elementor-id=\"5762\" class=\"elementor elementor-5762\" data-elementor-post-type=\"page\">\n\t\t\t\t\t\t<section class=\"elementor-section elementor-top-section elementor-element elementor-element-6e30b29 elementor-section-boxed elementor-section-height-default elementor-section-height-default\" data-id=\"6e30b29\" data-element_type=\"section\">\n\t\t\t\t\t\t<div class=\"elementor-container elementor-column-gap-default\">\n\t\t\t\t\t<div class=\"elementor-column elementor-col-100 elementor-top-column elementor-element elementor-element-d9ae930\" data-id=\"d9ae930\" data-element_type=\"column\">\n\t\t\t<div class=\"elementor-widget-wrap elementor-element-populated\">\n\t\t\t\t\t\t<div class=\"elementor-element elementor-element-414ec66 elementor-widget elementor-widget-shortcode\" data-id=\"414ec66\" data-element_type=\"widget\" data-widget_type=\"shortcode.default\">\n\t\t\t\t<div class=\"elementor-widget-container\">\n\t\t\t\t\t\t\t<div class=\"elementor-shortcode\"><product-catalog-widget widget-id=\"5aa6afe5-c32a-4cf0-b111-66a4ee536b9a\"><\/product-catalog-widget><script type=\"text\/javascript\" src=\"https:\/\/widgets.regiondo.net\/catalog\/v1\/catalog-widget.min.js\"><\/script><\/div>\n\t\t\t\t\t\t<\/div>\n\t\t\t\t<\/div>\n\t\t\t\t<div class=\"elementor-element elementor-element-7e3e388 elementor-widget elementor-widget-text-editor\" data-id=\"7e3e388\" data-element_type=\"widget\" data-widget_type=\"text-editor.default\">\n\t\t\t\t<div class=\"elementor-widget-container\">\n\t\t\t\t\t\t\t\t\t<div style=\"font-family: 'Roboto', sans-serif; font-size: 17px; line-height: 1.6; color: #333;\">\n<h2 style=\"font-family: 'Roboto', sans-serif; font-size: 24px; margin-bottom: 15px;\"><strong>Tours Privados en E\u2011Bike por Roma<\/strong><\/h2>\n<p style=\"text-align: left;\">Vive la Ciudad Eterna con nuestros exclusivos tours privados en e\u2011bike \u2014 la forma m\u00e1s c\u00f3moda, flexible y personalizada de explorar Roma. Dise\u00f1ados para viajeros que valoran la privacidad, el servicio premium y los itinerarios a medida, nuestros tours privados te permiten descubrir Roma exactamente como t\u00fa quieres, a tu propio ritmo.<\/p>\n<p style=\"text-align: left;\">Ya seas una pareja, una familia, un grupo de amigos o simplemente busques una experiencia m\u00e1s \u00edntima, nuestros tours privados en e\u2011bike ofrecen total libertad y la atenci\u00f3n dedicada de tu gu\u00eda. Con bicicletas el\u00e9ctricas de alta calidad, motores potentes y bater\u00edas de larga duraci\u00f3n, podr\u00e1s recorrer m\u00e1s distancia sin esfuerzo y disfrutar de un d\u00eda completo de visitas sin cansancio.<\/p>\n<p style=\"text-align: left;\">Desde los monumentos m\u00e1s emblem\u00e1ticos de Roma hasta rincones ocultos y rutas panor\u00e1micas por el campo, cada tour privado es totalmente personalizable. Cu\u00e9ntanos qu\u00e9 te apasiona \u2014 arte, historia, gastronom\u00eda, naturaleza, vistas panor\u00e1micas \u2014 y dise\u00f1aremos el itinerario perfecto para ti.<\/p>\n\n<h3 style=\"font-family: 'Roboto', sans-serif; font-size: 20px; margin-top: 30px;\"><strong>Tours Privados en Roma: Qu\u00e9 Ofrecemos<\/strong><\/h3>\n<h4 style=\"font-size: 18px; margin-top: 15px;\"><strong>Tours Privados por la Ciudad de Roma<\/strong><\/h4>\n<p style=\"text-align: left;\">Explora el centro hist\u00f3rico a tu propio ritmo, visitando monumentos ic\u00f3nicos, barrios con encanto y rincones ocultos con un gu\u00eda privado dedicado exclusivamente a tu grupo.<\/p>\n\n<h4 style=\"font-size: 18px; margin-top: 15px;\"><strong>Exclusive Private Appian Way Tour with Catacombs &amp; Gourmet Lunch<\/strong><\/h4>\n<p style=\"text-align: left;\">Recorre en bicicleta la antigua Via Appia Antica y descubre las fascinantes Catacumbas con un gu\u00eda privado. Una combinaci\u00f3n perfecta de arqueolog\u00eda, naturaleza y aventura.<\/p>\n\n<h4 style=\"font-size: 18px; margin-top: 15px;\"><strong>Tours Nocturnos Privados<\/strong><\/h4>\n<p style=\"text-align: left;\">Vive Roma, bellamente iluminada, despu\u00e9s del atardecer. Recorre en bicicleta monumentos, plazas y fuentes en una atm\u00f3sfera nocturna m\u00e1gica, lejos de las multitudes del d\u00eda.<\/p>\n\n<h4 style=\"font-size: 18px; margin-top: 15px;\">Tour Privado en E\u2011Bike por la Ruta Ciclista del T\u00edber con Visita a Villa Borghese y la Galer\u00eda Borghese<\/h4>\n<p style=\"text-align: left;\">Disfruta de un relajante paseo en e\u2011bike por la ruta ciclista del T\u00edber antes de entrar en el coraz\u00f3n verde de la ciudad, Villa Borghese. Tu experiencia contin\u00faa con una visita guiada privada a la Galer\u00eda Borghese, hogar de obras maestras de Bernini, Caravaggio y Rafael.<\/p>\n\n<h4 style=\"font-size: 18px; margin-top: 15px;\"><strong>Tours Privados en Bicicleta por Roma con Almuerzo<\/strong><\/h4>\n<p style=\"text-align: left;\">Combina el turismo con la aut\u00e9ntica cocina romana. Recorre en bicicleta los barrios hist\u00f3ricos y haz una parada para un almuerzo italiano tradicional en una trattoria local \u2014 la mezcla perfecta de cultura, gastronom\u00eda y ciclismo relajado.<\/p>\n\n<h3 style=\"font-family: 'Roboto', sans-serif; font-size: 20px; margin-top: 30px;\"><strong>Aspectos Destacados de Nuestros Tours Privados en E\u2011Bike<\/strong><\/h3>\n<ul style=\"margin-left: 20px;\">\n \t<li>Itinerarios totalmente personalizados seg\u00fan tus intereses<\/li>\n \t<li>Gu\u00edas privados que hablan espa\u00f1ol y son magn\u00edficos narradores (cont\u00e1ctanos antes de reservar para confirmar la disponibilidad de un gu\u00eda en tu idioma)<\/li>\n \t<li>Una experiencia en grupos reducidos, con un gu\u00eda totalmente dedicado a vosotros<\/li>\n \t<li>E\u2011bikes premium con varios niveles de asistencia para pedalear siempre con total comodidad<\/li>\n \t<li>Desde el encantador centro hist\u00f3rico hasta las rutas m\u00e1s tranquilas lejos del bullicio, ofrecemos opciones para todo tipo de experiencia<\/li>\n \t<li>Rutas c\u00f3modas para ciclistas combinadas con calles urbanas seleccionadas cuidadosamente<\/li>\n \t<li>Tours al atardecer para disfrutar de una perspectiva nocturna \u00fanica de la ciudad<\/li>\n<\/ul>\n<h2 style=\"font-size: 22px; margin-top: 45px;\"><strong>Preguntas Frecuentes<\/strong><\/h2>\n<div class=\"faq-section\" style=\"margin-top: 25px;\">\n<h3 style=\"font-size: 19px; margin-bottom: 5px;\"><strong>\u00bfPuedo solicitar un gu\u00eda en mi idioma?<\/strong><\/h3>\n<p style=\"margin-bottom: 20px;\">Por supuesto. Una de las ventajas de un tour privado es la personalizaci\u00f3n total. Si prefieres un gu\u00eda que hable tu idioma, asignaremos al tour leader m\u00e1s adecuado para garantizar una experiencia fluida, agradable y completamente adaptada a ti.<\/p>\n\n<\/div>\n<h3 style=\"font-family: 'Roboto', sans-serif; font-size: 20px; margin-top: 30px;\"><strong>Por Qu\u00e9 Elegir un Tour Privado en Roma<\/strong><\/h3>\n<p style=\"text-align: left;\">Un tour privado te permite explorar Roma a tu propio ritmo, evitar las multitudes y centrarte en lo que realmente te interesa. Ya sea arte, historia, arquitectura, naturaleza o gastronom\u00eda, nuestros tours privados en e\u2011bike ofrecen el equilibrio perfecto entre comodidad, aventura y descubrimiento.<\/p>\n\n<h3 style=\"font-size: 19px; margin-bottom: 5px;\"><strong>\u00bfCu\u00e1nto dura un tour privado en e\u2011bike?<\/strong><\/h3>\n<p style=\"margin-bottom: 20px;\" class=\"translation-block\">La mayor\u00eda de los tours privados en e\u2011bike duran entre <strong>3 y 6 horas<\/strong>, seg\u00fan el itinerario que elijas. Tambi\u00e9n hay opciones de d\u00eda completo para quienes desean una experiencia m\u00e1s profunda e inmersiva de Roma.<\/p>\n\n<h3 style=\"font-size: 19px; margin-bottom: 5px;\"><strong>\u00bfSe puede personalizar el itinerario?<\/strong><\/h3>\n<p style=\"margin-bottom: 20px;\" class=\"translation-block\">S\u00ed. Cada tour privado es <strong>totalmente personalizable<\/strong>. Ya sea que prefieras historia antigua, vistas panor\u00e1micas, experiencias gastron\u00f3micas o rutas tranquilas por el campo, dise\u00f1amos el itinerario seg\u00fan tus intereses y preferencias de ciclismo.<\/p>\n\n<h3 style=\"font-size: 19px; margin-bottom: 5px;\"><strong>What level of fitness is required?<\/strong><\/h3>\n<p style=\"margin-bottom: 20px;\">Thanks to electric assistance, our private tours are suitable for guests with <strong>average fitness<\/strong>. The motor helps on hills and longer distances, making the experience smooth and enjoyable even for those who are not regular cyclists.<\/p>\n\n<h3 style=\"font-size: 19px; margin-bottom: 5px;\"><strong>What should I bring on a private e\u2011bike tour?<\/strong><\/h3>\n<p style=\"margin-bottom: 20px;\">We recommend bringing comfortable clothing, closed\u2011toe shoes, sunscreen, and a reusable water bottle. For evening tours, a light jacket is useful. Helmets and safety equipment are always provided.<\/p>\n\n<h3 style=\"font-size: 19px; margin-bottom: 5px;\"><strong>\u00bfLa V\u00eda Apia es adecuada para principiantes?<\/strong><\/h3>\n<p style=\"margin-bottom: 20px;\" class=\"translation-block\">La V\u00eda Apia incluye tramos con antiguas piedras de basalto, por lo que se recomienda para <strong>ciclistas seguros<\/strong>. Sin embargo, con un gu\u00eda privado y una e\u2011bike, incluso los menos experimentados pueden disfrutar de la ruta a un ritmo relajado.<\/p>\n\n<h3 style=\"font-size: 19px; margin-bottom: 5px;\"><strong>\u00bfEl casco est\u00e1 incluido en el tour privado?<\/strong><\/h3>\n<p style=\"margin-bottom: 20px;\" class=\"translation-block\">S\u00ed. Cada tour privado incluye un <strong>casco, un candado de seguridad y una e\u2011bike de alta calidad<\/strong> con varios niveles de asistencia. Se puede proporcionar equipamiento adicional seg\u00fan el itinerario.<\/p>\n\n<h3><strong>\u00bfLos tours se realizan en caso de lluvia?<\/strong><\/h3>\nS\u00ed, los tours se realizan incluso con lluvia ligera. En caso de mal tiempo severo, reprogramamos o reembolsamos.\n\n<p style=\"text-align: left; font-size: 18px; margin-top: 25px;\"><strong>Reserva hoy tu tour privado exclusivo en Roma y disfruta de una experiencia premium en e\u2011bike, personalizada a tu medida, que combina ciclismo, visitas y cultura local en un viaje verdaderamente inolvidable.<\/strong><\/p>\n\n<\/div>\t\t\t\t\t\t\t\t<\/div>\n\t\t\t\t<\/div>\n\t\t\t\t\t<\/div>\n\t\t<\/div>\n\t\t\t\t\t<\/div>\n\t\t<\/section>\n\t\t\t\t<section class=\"elementor-section elementor-top-section elementor-element elementor-element-5bcaf69 elementor-section-boxed elementor-section-height-default elementor-section-height-default\" data-id=\"5bcaf69\" data-element_type=\"section\">\n\t\t\t\t\t\t<div class=\"elementor-container elementor-column-gap-default\">\n\t\t\t\t\t<div class=\"elementor-column elementor-col-100 elementor-top-column elementor-element elementor-element-e40d76a\" data-id=\"e40d76a\" data-element_type=\"column\">\n\t\t\t<div class=\"elementor-widget-wrap\">\n\t\t\t\t\t\t\t<\/div>\n\t\t<\/div>\n\t\t\t\t\t<\/div>\n\t\t<\/section>\n\t\t\t\t<\/div>","protected":false},"excerpt":{"rendered":"<p>Private E-Bike Tours in Rome Experience the Eternal City with our exclusive Private E\u2011Bike Tours \u2014 the most comfortable, flexible, and personalized way to explore Rome. Designed for travelers who value privacy, premium service, and tailor\u2011made itineraries, our private tours allow you to discover Rome exactly the way you want, at your own pace. Whether [&hellip;]<\/p>","protected":false},"author":285,"featured_media":0,"parent":0,"menu_order":0,"comment_status":"closed","ping_status":"closed","template":"","meta":{"footnotes":""},"class_list":["post-5762","page","type-page","status-publish","hentry"],"_links":{"self":[{"href":"https:\/\/easybikerent.it\/es\/wp-json\/wp\/v2\/pages\/5762","targetHints":{"allow":["GET"]}}],"collection":[{"href":"https:\/\/easybikerent.it\/es\/wp-json\/wp\/v2\/pages"}],"about":[{"href":"https:\/\/easybikerent.it\/es\/wp-json\/wp\/v2\/types\/page"}],"author":[{"embeddable":true,"href":"https:\/\/easybikerent.it\/es\/wp-json\/wp\/v2\/users\/285"}],"replies":[{"embeddable":true,"href":"https:\/\/easybikerent.it\/es\/wp-json\/wp\/v2\/comments?post=5762"}],"version-history":[{"count":20,"href":"https:\/\/easybikerent.it\/es\/wp-json\/wp\/v2\/pages\/5762\/revisions"}],"predecessor-version":[{"id":5978,"href":"https:\/\/easybikerent.it\/es\/wp-json\/wp\/v2\/pages\/5762\/revisions\/5978"}],"wp:attachment":[{"href":"https:\/\/easybikerent.it\/es\/wp-json\/wp\/v2\/media?parent=5762"}],"curies":[{"name":"wp","href":"https:\/\/api.w.org\/{rel}","templated":true}]}}