{"id":1661,"date":"2018-04-25T15:52:43","date_gmt":"2018-04-25T13:52:43","guid":{"rendered":"https:\/\/easybikerent.it\/?post_type=product&#038;p=1661"},"modified":"2026-02-02T00:49:52","modified_gmt":"2026-02-01T23:49:52","slug":"rent-kids-electric-bikes","status":"publish","type":"product","link":"https:\/\/easybikerent.it\/es\/prodotto\/rent-kids-electric-bikes\/","title":{"rendered":"Bicicletas El\u00e9ctricas para Ni\u00f1os"},"content":{"rendered":"<div class=\"page-content\" style=\"font-family: 'Roboto', sans-serif; font-size: 17px; line-height: 1.6; color: #333;\">\n<h1 style=\"text-align: center; font-family: 'Roboto', sans-serif;\">\n  <strong>Alquila Bicicletas El\u00e9ctricas para Ni\u00f1os y Descubre tu Roma Aut\u00e9ntica<\/strong><br \/>\n<\/h1>\n<p class=\"lead\">Peque\u00f1a, resistente y perfecta para j\u00f3venes ciclistas que exploran Roma con comodidad y seguridad<\/p>\n<p style=\"text-align: left;\">\nNuestras e\u2011Bikes infantiles con ruedas de 24\u201d son peque\u00f1as, resistentes y orgullosamente italianas \u2014 dise\u00f1adas para ofrecer a los j\u00f3venes ciclistas el equilibrio perfecto entre estabilidad, diversi\u00f3n e independencia. Gracias a su cuadro compacto y manejo intuitivo, estas e\u2011bikes son ideales para ni\u00f1os a partir de 9 a\u00f1os que quieren explorar Roma de forma segura y agradable.\n<\/p>\n<p style=\"text-align: left;\">\n\u00c9quip\u00e9s d\u2019une suspension avant et d\u2019un moteur fluide et fiable, ces v\u00e9los aident les enfants \u00e0 affronter facilement aussi bien les rues de la ville que les terrains l\u00e9gers hors\u2011piste. Que vous rouliez dans des parcs, sur des pistes cyclables ou dans des quartiers r\u00e9sidentiels calmes, l\u2019assistance \u00e9lectrique permet aux jeunes cyclistes de rester dynamiques et motiv\u00e9s tout au long du trajet.\n<\/p>\n<p style=\"text-align: left;\">\nLa suave asistencia del motor ayuda a los ni\u00f1os a mantener el ritmo de los adultos sin cansarse, lo que hace que las salidas en familia sean m\u00e1s armoniosas y agradables. Al llegar a vuestro destino, tu hijo seguir\u00e1 sinti\u00e9ndose fresco \u2014 listo para seguir explorando o disfrutar juntos de la siguiente actividad.\n<\/p>\n<p style=\"text-align: left;\">\nVers\u00e1tiles y fiables, estas e\u2011Bikes infantiles est\u00e1n dise\u00f1adas para manejar distintos tipos de superficie manteniendo siempre un excelente control y comodidad. Son la opci\u00f3n perfecta para familias que quieren descubrir Roma de forma segura, divertida y sin estr\u00e9s.\n<\/p>\n<p style=\"text-align: left;\" class=\"translation-block\">Para que tu experiencia sea a\u00fan m\u00e1s sencilla, ofrecemos itinerarios familiares dise\u00f1ados espec\u00edficamente para j\u00f3venes ciclistas. Estas rutas evitan el tr\u00e1fico intenso y se centran en zonas panor\u00e1micas y agradables donde los ni\u00f1os pueden pedalear con comodidad y seguridad.<\/p>\n<h2 style=\"font-family: 'Roboto', sans-serif; font-size: 22px; margin-top: 35px;\">\n  <strong>Por Qu\u00e9 Elegir Nuestras E\u2011Bikes para Ni\u00f1os<\/strong><br \/>\n<\/h2>\n<div class=\"tour-card\" style=\"margin-top: 25px;\">\n<h3 style=\"font-size: 20px;\"><strong>Perfecta para j\u00f3venes ciclistas<\/strong><\/h3>\n<p style=\"text-align: left;\">\nDise\u00f1ada con un cuadro compacto y ruedas de 24\u201d para mayor comodidad, estabilidad y manejo sencillo\n<\/p>\n<ul>\n<li>Suitable for children aged 9 and above. Please note that Italian law allows the use of e\u2011bikes only from the age of 14.<\/li>\n<li>Ligera e intuitiva de manejar<\/li>\n<li>Suspensi\u00f3n delantera para mayor comodidad<\/li>\n<li>Suave asistencia el\u00e9ctrica para recorrer distancias m\u00e1s largas<\/li>\n<\/ul>\n<\/div>\n<div class=\"tour-card\" style=\"margin-top: 25px;\">\n<h3 style=\"font-size: 20px;\"><strong>Segura y Familiar<\/strong><\/h3>\n<p style=\"text-align: left;\">\nPerfecta para salidas en familia y dise\u00f1ada para mantener a los ni\u00f1os c\u00f3modos y seguros de s\u00ed mismos\n<\/p>\n<ul>\n<li>Posici\u00f3n de conducci\u00f3n estable y segura<\/li>\n<li>Asistencia de motor fiable en terrenos mixtos<\/li>\n<li>Apta para parques, carriles bici y calles tranquilas<\/li>\n<li>Incluye itinerarios seguros y cuidadosamente seleccionados para familias<\/li>\n<\/ul>\n<\/div>\n<p style=\"margin-top: 25px; text-align: left;\" class=\"translation-block\">Si te apasiona el ciclismo, no olvides explorar nuestros <span style=\"color: #3366ff\"> <a style=\"color: #3366ff\" href=\"https:\/\/easybikerent.it\/es\/appian-way-e-bike-tours\/\" target=\"_self\">tours<\/a> <\/span> para disfrutar de experiencias guiadas inolvidables.<\/p>\n<h2 style=\"font-size: 22px; margin-top: 45px;\"> <strong>Preguntas Frecuentes<\/strong> <\/h2>\n<div class=\"faq-section\" style=\"margin-top: 25px;\">\n<h3 style=\"font-size: 19px; margin-bottom: 5px;\"><strong>\u00bfEs adecuada la Kids e\u2011Bike para la V\u00eda Apia?<\/strong><\/h3>\n<p style=\"margin-bottom: 20px;\"> S\u00ed. La Kids e\u2011Bike es adecuada para recorrer la V\u00eda Apia. Sus ruedas de 24\u201d, la suspensi\u00f3n delantera y la suave asistencia del motor la hacen apropiada para toda la ruta, siempre que los ni\u00f1os est\u00e9n supervisados y pedaleen con confianza. <\/p>\n<h3 style=\"font-size: 19px; margin-bottom: 5px;\"><strong>\u00bfA partir de qu\u00e9 edad pueden los ni\u00f1os usar la Kids e\u2011Bike?<\/strong><\/h3>\n<p style=\"margin-bottom: 20px;\" class=\"translation-block\">La Kids e\u2011Bike es adecuada para ni\u00f1os a partir de <strong>140 cm de altura<\/strong>. La ley italiana establece que la edad m\u00ednima para conducir una bicicleta el\u00e9ctrica es de <strong>14 a\u00f1os<\/strong>, pero dejamos la decisi\u00f3n final a los padres, quienes son plenamente responsables de sus hijos durante el alquiler.<\/p>\n<h3 style=\"font-size: 19px; margin-bottom: 5px;\"><strong>\u00bfQu\u00e9 est\u00e1 incluido en el precio del alquiler?<\/strong><\/h3>\n<p style=\"margin-bottom: 20px;\" class=\"translation-block\">El alquiler incluye un casco, un candado de seguridad y neum\u00e1ticos antipinchazos. El soporte para tel\u00e9fono m\u00f3vil <strong>no<\/strong> est\u00e1 incluido en este modelo.<\/p>\n<\/p><\/div>\n<\/div>","protected":false},"excerpt":{"rendered":"<p style=\"text-align: left; font-family: 'Roboto', sans-serif; font-size: 17px; line-height: 1.6; color: #333;\"> Nuestras e\u2011Bikes infantiles con ruedas de 24\u201d son perfectas para j\u00f3venes ciclistas que quieren explorar Roma con comodidad y seguridad. Con un cuadro peque\u00f1o y ligero y una suave asistencia el\u00e9ctrica, hacen que los paseos en familia sean m\u00e1s f\u00e1ciles, seguros y agradables. Ideales para parques, carriles bici y calles tranquilas, estas e\u2011bikes ayudan a los ni\u00f1os a pedalear m\u00e1s tiempo sin cansarse. Para garantizar una experiencia sin estr\u00e9s, tambi\u00e9n ofrecemos itinerarios familiares dise\u00f1ados espec\u00edficamente para j\u00f3venes ciclistas. <\/p>","protected":false},"featured_media":2002,"comment_status":"closed","ping_status":"closed","template":"","meta":[],"product_cat":[113,115,495],"product_tag":[31,20,22,579,578],"class_list":{"0":"post-1661","1":"product","2":"type-product","3":"status-publish","4":"has-post-thumbnail","6":"product_cat-hire-e-bikes-electric-bicycles","7":"product_cat-family-bikes","8":"product_cat-our-vehicles","9":"product_tag-easy","10":"product_tag-ebike","11":"product_tag-eco","12":"product_tag-electric-bike-for-kids","13":"product_tag-kids-e-bike","15":"first","16":"instock","17":"virtual","18":"purchasable","19":"product-type-redq_rental"},"_links":{"self":[{"href":"https:\/\/easybikerent.it\/es\/wp-json\/wp\/v2\/product\/1661","targetHints":{"allow":["GET"]}}],"collection":[{"href":"https:\/\/easybikerent.it\/es\/wp-json\/wp\/v2\/product"}],"about":[{"href":"https:\/\/easybikerent.it\/es\/wp-json\/wp\/v2\/types\/product"}],"replies":[{"embeddable":true,"href":"https:\/\/easybikerent.it\/es\/wp-json\/wp\/v2\/comments?post=1661"}],"wp:featuredmedia":[{"embeddable":true,"href":"https:\/\/easybikerent.it\/es\/wp-json\/wp\/v2\/media\/2002"}],"wp:attachment":[{"href":"https:\/\/easybikerent.it\/es\/wp-json\/wp\/v2\/media?parent=1661"}],"wp:term":[{"taxonomy":"product_cat","embeddable":true,"href":"https:\/\/easybikerent.it\/es\/wp-json\/wp\/v2\/product_cat?post=1661"},{"taxonomy":"product_tag","embeddable":true,"href":"https:\/\/easybikerent.it\/es\/wp-json\/wp\/v2\/product_tag?post=1661"}],"curies":[{"name":"wp","href":"https:\/\/api.w.org\/{rel}","templated":true}]}}