{"id":181,"date":"2017-05-22T12:45:09","date_gmt":"2017-05-22T10:45:09","guid":{"rendered":"https:\/\/easybikerent.it\/home\/home\/?post_type=product&#038;p=181"},"modified":"2026-02-09T13:51:47","modified_gmt":"2026-02-09T12:51:47","slug":"hybrid-e-bike-swift-effortless","status":"publish","type":"product","link":"https:\/\/easybikerent.it\/es\/prodotto\/hybrid-e-bike-swift-effortless\/","title":{"rendered":"Hybrid e\u2011bike: r\u00e1pida y sin esfuerzo"},"content":{"rendered":"<div class=\"page-content\" style=\"font-family: 'Roboto', sans-serif; font-size: 17px; line-height: 1.6; color: #333;\">\n<h1 style=\"text-align: center; font-family: 'Roboto', sans-serif;\"> <strong>Rent a Hybrid e\u2011Bike and Discover Your Real Rome<\/strong> <\/h1>\n<p class=\"lead\">Vers\u00e1til, c\u00f3moda y perfecta para explorar tanto la ciudad como la V\u00eda Apia.<\/p>\n<p style=\"text-align: left;\"> Nuestras Hybrid e\u2011Bikes est\u00e1n dise\u00f1adas para quienes buscan la m\u00e1xima flexibilidad al explorar Roma. Combinan la comodidad de una bicicleta urbana con la estabilidad de un modelo trekking, lo que las hace ideales tanto para calles urbanas como para rutas rurales ligeras. Gracias a su geometr\u00eda equilibrada y a su suave asistencia el\u00e9ctrica, son la opci\u00f3n perfecta para descubrir Roma de forma inteligente, relajada y agradable. <\/p>\n<p style=\"text-align: left;\"> Gracias a su potente motor y a su bater\u00eda de larga duraci\u00f3n, las Hybrid e\u2011Bikes ofrecen un rendimiento excelente en terrenos mixtos. Ya sea recorriendo el centro hist\u00f3rico, subiendo suaves colinas o explorando los parques de Roma, estas bicicletas te proporcionan el impulso extra que necesitas para disfrutar del camino sin cansarte. <\/p>\n<p style=\"text-align: left;\" class=\"translation-block\">Las Hybrid e\u2011Bikes son tambi\u00e9n una de las <strong>mejores opciones para visitar la V\u00eda Apia Antigua<\/strong>. Su comodidad, estabilidad y suave asistencia hacen que recorrer esta antigua carretera y sus zonas verdes sea f\u00e1cil y agradable. Desde yacimientos arqueol\u00f3gicos hasta miradores panor\u00e1micos, puedes explorar la V\u00eda Apia a tu propio ritmo y con total confianza.<\/p>\n<p style=\"text-align: left;\" class=\"translation-block\">Para que tu experiencia sea a\u00fan m\u00e1s segura y agradable, ofrecemos <strong>itinerarios seleccionados<\/strong> dise\u00f1ados espec\u00edficamente para las Hybrid e\u2011Bikes. Incluyen rutas seguras por la V\u00eda Apia Antigua, circuitos panor\u00e1micos por parques y caminos f\u00e1ciles de seguir que te gu\u00edan por las zonas m\u00e1s bellas y tranquilas de Roma.<\/p>\n<p style=\"text-align: left;\"> Ya sea que est\u00e9s planeando una salida de medio d\u00eda, una aventura de d\u00eda completo o una exploraci\u00f3n relajada de los alrededores de Roma, nuestras Hybrid e\u2011Bikes ofrecen el equilibrio perfecto entre comodidad, potencia y versatilidad. Son adecuadas para ciclistas de diferentes estaturas y niveles de experiencia, lo que las convierte en una excelente opci\u00f3n para parejas, familias y viajeros solitarios. <\/p>\n<h2 style=\"font-family: 'Roboto', sans-serif; font-size: 22px; margin-top: 35px;\"> <strong>Por qu\u00e9 elegir nuestras e\u2011bikes<\/strong> <\/h2>\n<div class=\"tour-card\" style=\"margin-top: 25px;\">\n<h3 style=\"font-size: 20px;\"><strong>Bicicletas C\u00f3modas y Vers\u00e1tiles<\/strong><\/h3>\n<p style=\"text-align: left;\"> Dise\u00f1ada para calles urbanas y rutas rurales ligeras, ofrece estabilidad y facilidad de uso. <\/p>\n<ul>\n<li>Perfecta para la V\u00eda Apia Antigua y los parques cercanos<\/li>\n<li>Posici\u00f3n de conducci\u00f3n c\u00f3moda para recorridos largos<\/li>\n<li>Ideal para terrenos mixtos y exploraci\u00f3n urbana<\/li>\n<li>Apta para ciclistas de distintas estaturas<\/li>\n<\/ul><\/div>\n<div class=\"tour-card\" style=\"margin-top: 25px;\">\n<h3 style=\"font-size: 20px;\"><strong>Potente y F\u00e1cil de Conducir<\/strong><\/h3>\n<p style=\"text-align: left;\"> La suave asistencia el\u00e9ctrica te permite disfrutar recorridos m\u00e1s largos sin cansancio <\/p>\n<ul>\n<li>Bater\u00eda de larga duraci\u00f3n para aventuras de todo el d\u00eda<\/li>\n<li>Motor fiable para subidas y superficies irregulares<\/li>\n<li>Manejo estable en asfalto y terrenos mixtos<\/li>\n<li>Incluye itinerarios seguros y seleccionados para la V\u00eda Apia Antigua<\/li>\n<\/ul><\/div>\n<p style=\"margin-top: 25px; text-align: left;\" class=\"translation-block\">Si te apasiona el ciclismo, no olvides explorar nuestros <span style=\"color: #3366ff\"> <a style=\"color: #3366ff\" href=\"https:\/\/easybikerent.it\/es\/appian-way-e-bike-tours\/\" target=\"_self\">tours<\/a> <\/span> para disfrutar de experiencias guiadas inolvidables.<\/p>","protected":false},"excerpt":{"rendered":"<p style=\"text-align: left; font-family: 'Roboto', sans-serif; font-size: 17px; line-height: 1.6; color: #333;\"> Nuestras Hybrid e\u2011Bikes son la opci\u00f3n perfecta para explorar tanto la ciudad como la Via Appia Antica con comodidad y seguridad. Vers\u00e1tiles, estables y f\u00e1ciles de conducir, se adaptan sin esfuerzo a terrenos mixtos, lo que las hace ideales para quienes buscan una experiencia suave en calles asfaltadas, parques y rutas rurales ligeras. Para que disfrutes tu recorrido con total tranquilidad, tambi\u00e9n ofrecemos itinerarios seleccionados \u2014 incluidos recorridos dedicados a la V\u00eda Apia \u2014 para que descubras la belleza natural y arqueol\u00f3gica de Roma con total confianza. <\/p>","protected":false},"featured_media":1760,"comment_status":"closed","ping_status":"closed","template":"","meta":[],"product_cat":[113],"product_tag":[958,914,916,20,912,964,913,937],"class_list":{"0":"post-181","1":"product","2":"type-product","3":"status-publish","4":"has-post-thumbnail","6":"product_cat-hire-e-bikes-electric-bicycles","7":"product_tag-appian-way-by-mountain-bike","8":"product_tag-bike-rental-in-rome","9":"product_tag-e-bike-rental-near-trastevere","10":"product_tag-ebike","11":"product_tag-electric-bike-rental-in-rome","12":"product_tag-hire-an-e-bike-in-rome","13":"product_tag-rent-an-electric-bike-in-rome","14":"product_tag-visit-the-appian-way-without-a-guide","16":"first","17":"instock","18":"virtual","19":"purchasable","20":"product-type-redq_rental"},"_links":{"self":[{"href":"https:\/\/easybikerent.it\/es\/wp-json\/wp\/v2\/product\/181","targetHints":{"allow":["GET"]}}],"collection":[{"href":"https:\/\/easybikerent.it\/es\/wp-json\/wp\/v2\/product"}],"about":[{"href":"https:\/\/easybikerent.it\/es\/wp-json\/wp\/v2\/types\/product"}],"replies":[{"embeddable":true,"href":"https:\/\/easybikerent.it\/es\/wp-json\/wp\/v2\/comments?post=181"}],"wp:featuredmedia":[{"embeddable":true,"href":"https:\/\/easybikerent.it\/es\/wp-json\/wp\/v2\/media\/1760"}],"wp:attachment":[{"href":"https:\/\/easybikerent.it\/es\/wp-json\/wp\/v2\/media?parent=181"}],"wp:term":[{"taxonomy":"product_cat","embeddable":true,"href":"https:\/\/easybikerent.it\/es\/wp-json\/wp\/v2\/product_cat?post=181"},{"taxonomy":"product_tag","embeddable":true,"href":"https:\/\/easybikerent.it\/es\/wp-json\/wp\/v2\/product_tag?post=181"}],"curies":[{"name":"wp","href":"https:\/\/api.w.org\/{rel}","templated":true}]}}