{"id":189,"date":"2017-05-22T13:06:09","date_gmt":"2017-05-22T11:06:09","guid":{"rendered":"https:\/\/easybikerent.it\/home\/home\/?post_type=product&#038;p=189"},"modified":"2026-02-01T23:48:45","modified_gmt":"2026-02-01T22:48:45","slug":"family-cargo-e-bike-kids-love-it","status":"publish","type":"product","link":"https:\/\/easybikerent.it\/es\/prodotto\/family-cargo-e-bike-kids-love-it\/","title":{"rendered":"Bicicleta de Carga El\u00e9ctrica para Familias"},"content":{"rendered":"<div class=\"page-content\" style=\"font-family: 'Roboto', sans-serif; font-size: 17px; line-height: 1.6; color: #333;\">\n<h1 style=\"text-align: center; font-family: 'Roboto', sans-serif;\">\n  <strong>Alquila una Family Cargo e\u2011Bike y descubre tu Roma aut\u00e9ntica<\/strong><br \/>\n<\/h1>\n<p class=\"lead\">La forma m\u00e1s segura, c\u00f3moda y agradable para que las familias exploren Roma juntas<\/p>\n<p style=\"text-align: left;\" class=\"translation-block\">Nuestra Family Cargo e\u2011Bike est\u00e1 dise\u00f1ada para padres que desean explorar Roma con sus hijos con total comodidad y seguridad. Con su amplia caja delantera, esta cargo e\u2011bike puede transportar hasta <strong>cuatro ni\u00f1os o 100 kg<\/strong>, lo que la convierte en la soluci\u00f3n perfecta para familias que quieren moverse por la ciudad sin estr\u00e9s.<\/p>\n<p style=\"text-align: left;\">\nFabricada por Babboe y creada \u201cpor padres para padres\u201d, esta bicicleta cargo de estilo holand\u00e9s cuenta con cinturones de seguridad, un cuadro resistente y una excelente estabilidad. Los ni\u00f1os se sientan c\u00f3modamente en la caja delantera, disfrutando de las vistas y de la experiencia mientras permanecen seguros durante todo el recorrido.\n<\/p>\n<p style=\"text-align: left;\">\nEquipada con un fiable motor de 250W y ocho niveles de asistencia al pedaleo, la Family Cargo e\u2011Bike te permite pedalear sin esfuerzo incluso con carga completa. Su transmisi\u00f3n de 7 velocidades y los potentes frenos de disco hidr\u00e1ulicos garantizan un control suave, una conducci\u00f3n reactiva y la potencia de frenado necesaria para las condiciones urbanas.\n<\/p>\n<p style=\"text-align: left;\">\nEsta cargo e\u2011bike es ideal para explorar el centro hist\u00f3rico de Roma, los parques, los carriles bici y los barrios tranquilos. Ofrece espacio de sobra no solo para los ni\u00f1os, sino tambi\u00e9n para bolsas, compras, mochilas o art\u00edculos de picnic \u2014 perfecta para salidas familiares y recados diarios.\n<\/p>\n<p style=\"text-align: left;\" class=\"translation-block\">Tenga en cuenta que, aunque la Family Cargo e\u2011Bike funciona de maravilla en calles asfaltadas y rutas urbanas ligeras, <strong>no es adecuada para circular por la Via Appia Antica m\u00e1s all\u00e1 del Mausoleo de Cecilia Metella<\/strong>, donde comienzan las antiguas piedras de basalto. La superficie irregular no es ideal para una cargo bike completamente cargada; recomendamos permanecer en los tramos m\u00e1s suaves y familiares de la V\u00eda Apia o elegir uno de nuestros otros modelos para esa ruta.<\/p>\n<p style=\"text-align: left;\" class=\"translation-block\">Para que disfrutes tu recorrido con seguridad y comodidad, tambi\u00e9n ofrecemos <strong>itinerarios aptos para familias<\/strong> dise\u00f1ados espec\u00edficamente para cargo e\u2011bikes, que te gu\u00edan por las zonas m\u00e1s bonitas y accesibles de Roma.<\/p>\n<h2 style=\"font-family: 'Roboto', sans-serif; font-size: 22px; margin-top: 35px;\">\n  <strong>Por Qu\u00e9 Elegir Nuestra Family Cargo e\u2011Bike<\/strong><br \/>\n<\/h2>\n<div class=\"tour-card\" style=\"margin-top: 25px;\">\n<h3 style=\"font-size: 20px;\"><strong>Perfecta para Familias<\/strong><\/h3>\n<p style=\"text-align: left;\">\nDise\u00f1ada para transportar hasta cuatro ni\u00f1os de forma c\u00f3moda y segura.\n<\/p>\n<ul>\n<li>Caja delantera espaciosa con cinturones de seguridad<\/li>\n<li>Hasta 100 kg de capacidad para pasajeros<\/li>\n<li>Estable y equilibrada incluso con carga completa<\/li>\n<li>Ideal para parques, carriles bici y rutas urbanas<\/li>\n<\/ul>\n<\/div>\n<div class=\"tour-card\" style=\"margin-top: 25px;\">\n<h3 style=\"font-size: 20px;\"><strong>Potente, Segura y F\u00e1cil de Conducir<\/strong><\/h3>\n<p style=\"text-align: left;\">\nAsistencia el\u00e9ctrica suave y frenos potentes para un control total.\n<\/p>\n<ul>\n<li>Motor de 250W con ocho niveles de asistencia<\/li>\n<li>Transmisi\u00f3n de 7 velocidades para mayor flexibilidad<\/li>\n<li>Frenos de disco hidr\u00e1ulicos delanteros y traseros<\/li>\n<li>No recomendada m\u00e1s all\u00e1 del tramo de basalto de la V\u00eda Apia<\/li>\n<\/ul>\n<\/div>\n<p style=\"margin-top: 25px; text-align: left;\" class=\"translation-block\">Si te apasiona el ciclismo, no olvides explorar nuestros <span style=\"color: #3366ff\"> <a style=\"color: #3366ff\" href=\"https:\/\/easybikerent.it\/es\/appian-way-e-bike-tours\/\" target=\"_self\">tours<\/a> <\/span> para disfrutar de experiencias guiadas inolvidables.<\/p>\n<h2 style=\"font-size: 22px; margin-top: 45px;\">\n  <strong>Preguntas Frecuentes<\/strong><br \/>\n<\/h2>\n<div class=\"faq-section\" style=\"margin-top: 25px;\">\n<h3 style=\"font-size: 19px; margin-bottom: 5px;\"><strong>\u00bfEs adecuada la Family Cargo e\u2011Bike para la V\u00eda Apia?<\/strong><\/h3>\n<p style=\"margin-bottom: 20px;\" class=\"translation-block\">La Family Cargo e\u2011Bike es adecuada solo para el primer tramo, m\u00e1s suave, de la V\u00eda Apia, hasta el <strong>Mausoleo de Cecilia Metella<\/strong>. M\u00e1s all\u00e1 de ese punto, las antiguas piedras de basalto hacen que el recorrido sea <strong>imposible e inseguro<\/strong> para una bicicleta cargo completamente cargada. Para recorrer toda la V\u00eda Apia, recomendamos elegir uno de nuestros otros modelos.<\/p>\n<h3 style=\"font-size: 19px; margin-bottom: 5px;\"><strong>\u00bfCu\u00e1ntos ni\u00f1os puede llevar la Family Cargo e\u2011Bike?<\/strong><\/h3>\n<p style=\"margin-bottom: 20px;\" class=\"translation-block\">La caja delantera puede llevar hasta <strong>cuatro ni\u00f1os o 100 kg<\/strong> de peso total, con cinturones de seguridad incluidos para la m\u00e1xima protecci\u00f3n.<\/p>\n<h3 style=\"font-size: 19px; margin-bottom: 5px;\"><strong>\u00bfEs f\u00e1cil de conducir la Family Cargo e\u2011Bike?<\/strong><\/h3>\n<p style=\"margin-bottom: 20px;\">\n    S\u00ed. El motor de 250W, los ocho niveles de asistencia y el cuadro estable la hacen suave y f\u00e1cil de conducir, incluso cuando est\u00e1 completamente cargada.\n  <\/p>\n<h3 style=\"font-size: 19px; margin-bottom: 5px;\"><strong>\u00bfEs seguro para los ni\u00f1os?<\/strong><\/h3>\n<p style=\"margin-bottom: 20px;\">\n    Por supuesto. La caja delantera incluye cinturones de seguridad, una estructura resistente y una excelente estabilidad, lo que garantiza un paseo seguro y agradable para ni\u00f1os de diferentes edades.\n  <\/p>\n<h3 style=\"font-size: 19px; margin-bottom: 5px;\"><strong>\u00bfPara qu\u00e9 tipo de rutas es m\u00e1s adecuada esta cargo e\u2011bike?<\/strong><\/h3>\n<p style=\"margin-bottom: 20px;\">\n    Rinde mejor en calles asfaltadas, carriles bici, parques y barrios tranquilos. No es adecuada para terrenos irregulares o dif\u00edciles, como las piedras de basalto de la V\u00eda Apia m\u00e1s all\u00e1 de Cecilia Metella.\n  <\/p>\n<h3 style=\"font-size: 19px; margin-bottom: 5px;\"><strong>\u00bfQu\u00e9 est\u00e1 incluido en el precio del alquiler?<\/strong><\/h3>\n<p style=\"margin-bottom: 20px;\">\n    El alquiler incluye un casco, un candado de seguridad, neum\u00e1ticos antipinchazos y un soporte para tel\u00e9fono m\u00f3vil.\n  <\/p>\n<h3 style=\"font-size: 19px; margin-bottom: 5px;\"><strong>\u00bfOfrecen itinerarios aptos para familias?<\/strong><\/h3>\n<p style=\"margin-bottom: 20px;\">\n    S\u00ed. Ofrecemos itinerarios seleccionados espec\u00edficamente para cargo e\u2011bikes, ayudando a las familias a explorar Roma de forma segura y c\u00f3moda.\n  <\/p>\n<\/div>\n<\/div>","protected":false},"excerpt":{"rendered":"<p style=\"text-align: left; font-family: 'Roboto', sans-serif; font-size: 17px; line-height: 1.6; color: #333;\"> Nuestra Family Cargo e\u2011Bike es la opci\u00f3n perfecta para explorar Roma con ni\u00f1os con total comodidad y seguridad. Con una amplia caja delantera que puede transportar hasta cuatro ni\u00f1os o 100 kg, esta cargo e\u2011bike de estilo holand\u00e9s ofrece estabilidad, una asistencia el\u00e9ctrica suave y mucho espacio para bolsas o art\u00edculos esenciales. Ideal para parques, carriles bici y rutas urbanas; no se recomienda m\u00e1s all\u00e1 del tramo de basalto de la V\u00eda Apia, pero es absolutamente perfecta para descubrir las zonas m\u00e1s bonitas y familiares de Roma. <\/p>","protected":false},"featured_media":1903,"comment_status":"closed","ping_status":"closed","template":"","meta":[],"product_cat":[115,495],"product_tag":[971,27,972,31,20,22,26,970,973],"class_list":{"0":"post-189","1":"product","2":"type-product","3":"status-publish","4":"has-post-thumbnail","6":"product_cat-family-bikes","7":"product_cat-our-vehicles","8":"product_tag-babboe-for-rent-in-rome","9":"product_tag-cargo-bike","10":"product_tag-cargo-bike-for-rent-in-rome","11":"product_tag-easy","12":"product_tag-ebike","13":"product_tag-eco","14":"product_tag-family","15":"product_tag-hire-a-cargo-bike-in-rome","16":"product_tag-hire-a-family-bike-in-rome","18":"first","19":"instock","20":"virtual","21":"purchasable","22":"product-type-redq_rental"},"_links":{"self":[{"href":"https:\/\/easybikerent.it\/es\/wp-json\/wp\/v2\/product\/189","targetHints":{"allow":["GET"]}}],"collection":[{"href":"https:\/\/easybikerent.it\/es\/wp-json\/wp\/v2\/product"}],"about":[{"href":"https:\/\/easybikerent.it\/es\/wp-json\/wp\/v2\/types\/product"}],"replies":[{"embeddable":true,"href":"https:\/\/easybikerent.it\/es\/wp-json\/wp\/v2\/comments?post=189"}],"wp:featuredmedia":[{"embeddable":true,"href":"https:\/\/easybikerent.it\/es\/wp-json\/wp\/v2\/media\/1903"}],"wp:attachment":[{"href":"https:\/\/easybikerent.it\/es\/wp-json\/wp\/v2\/media?parent=189"}],"wp:term":[{"taxonomy":"product_cat","embeddable":true,"href":"https:\/\/easybikerent.it\/es\/wp-json\/wp\/v2\/product_cat?post=189"},{"taxonomy":"product_tag","embeddable":true,"href":"https:\/\/easybikerent.it\/es\/wp-json\/wp\/v2\/product_tag?post=189"}],"curies":[{"name":"wp","href":"https:\/\/api.w.org\/{rel}","templated":true}]}}