{"id":1993,"date":"2018-07-02T15:46:57","date_gmt":"2018-07-02T13:46:57","guid":{"rendered":"https:\/\/easybikerent.it\/?post_type=product&#038;p=1993"},"modified":"2026-01-31T12:59:07","modified_gmt":"2026-01-31T11:59:07","slug":"city-e-bike-26-wheel-easy-to-handle","status":"publish","type":"product","link":"https:\/\/easybikerent.it\/es\/prodotto\/city-e-bike-26-wheel-easy-to-handle\/","title":{"rendered":"City e\u2011bike 26\u2033: f\u00e1cil de manejar"},"content":{"rendered":"<div class=\"page-content\" style=\"font-family: 'Roboto', sans-serif; font-size: 17px; line-height: 1.6; color: #333;\">\n<h1 style=\"text-align: center; font-family: 'Roboto', sans-serif;\">\n  <strong>Alquila una City e\u2011Bike de 26\u2033 y Descubre tu Verdadera Roma<\/strong><br \/>\n<\/h1>\n<p class=\"lead\">C\u00f3moda, f\u00e1cil de manejar y perfecta para explorar el centro hist\u00f3rico de Roma<\/p>\n<p style=\"text-align: left;\">\nNuestras City e\u2011Bikes de 26\u201d, orgullosamente fabricadas en Italia por Lombardo, est\u00e1n dise\u00f1adas para ofrecer una conducci\u00f3n suave, estable y agradable por las calles de Roma. Ligeras, f\u00e1ciles de manejar y muy intuitivas, son la opci\u00f3n ideal para quienes desean una bicicleta el\u00e9ctrica c\u00f3moda para explorar la ciudad \u2014 especialmente mujeres, adolescentes y quienes prefieren un cuadro m\u00e1s peque\u00f1o y manejable.\n<\/p>\n<p style=\"text-align: left;\">\nCon suspensi\u00f3n delantera, un sistema de 7 velocidades y un fiable motor trasero de 250W, esta City e\u2011Bike ofrece el equilibrio perfecto entre comodidad y asistencia. Ya sea que circules por adoquines, subas peque\u00f1as colinas o simplemente recorras los barrios de Roma, el motor te proporciona el impulso extra necesario para llegar a tu destino fresco y relajado.\n<\/p>\n<p style=\"text-align: left;\" class=\"translation-block\">Esta bicicleta el\u00e9ctrica de 26 pulgadas es especialmente adecuada para ciclistas de entre <strong>1,50 m y 1,60 m<\/strong>, ofreciendo una posici\u00f3n de conducci\u00f3n segura y ergon\u00f3mica. Dise\u00f1ada para recorridos cortos y medianos, combina un potente motor el\u00e9ctrico con una bater\u00eda de larga autonom\u00eda, garantizando un rendimiento suave durante todo el d\u00eda.<\/p>\n<p style=\"text-align: left;\" class=\"translation-block\">Gracias a su motor eficiente y a su bater\u00eda de gran capacidad, esta e\u2011bike puede recorrer f\u00e1cilmente al menos 40 km con una sola carga \u2014 incluso circulando sin preocuparte por ahorrar bater\u00eda. Es perfecta para paseos relajados, turismo y uso urbano diario sin estr\u00e9s.<\/p>\n<p style=\"text-align: left;\">\nTen en cuenta que este modelo no es ideal para rutas de larga distancia en la Via Appia Antica ni para terrenos off\u2011road exigentes. Rinde mejor en calles asfaltadas, carriles bici y rutas urbanas o suburbanas habituales, convirti\u00e9ndose en el compa\u00f1ero perfecto para descubrir el centro hist\u00f3rico de Roma y los barrios cercanos.\n<\/p>\n<p style=\"text-align: left;\" class=\"translation-block\">Para ayudarte a disfrutar de tu recorrido de forma segura y sin esfuerzo, tambi\u00e9n ofrecemos <strong>itinerarios seleccionados para el centro hist\u00f3rico<\/strong>, que te gu\u00edan por los monumentos m\u00e1s emblem\u00e1ticos de Roma, sus barrios con encanto y sus miradores m\u00e1s pintorescos.<\/p>\n<h2 style=\"font-family: 'Roboto', sans-serif; font-size: 22px; margin-top: 35px;\">\n  <strong>Por Qu\u00e9 Elegir Nuestra City e\u2011Bike de 26\u2033<\/strong><br \/>\n<\/h2>\n<div class=\"tour-card\" style=\"margin-top: 25px;\">\n<h3 style=\"font-size: 20px;\"><strong>Perfecta para el Centro Hist\u00f3rico<\/strong><\/h3>\n<p style=\"text-align: left;\">\nDise\u00f1ada para ofrecer comodidad y agilidad en las calles estrechas de Roma, los adoquines y los carriles bici.\n<\/p>\n<ul>\n<li>Ideal para la exploraci\u00f3n urbana y el uso diario<\/li>\n<li>F\u00e1cil de manejar y extremadamente intuitiva<\/li>\n<li>Perfecta para ciclistas entre 1,50 m y 1,60 m<\/li>\n<li>Ideal para recorridos cortos y medianos<\/li>\n<\/ul>\n<\/div>\n<div class=\"tour-card\" style=\"margin-top: 25px;\">\n<h3 style=\"font-size: 20px;\"><strong>Dise\u00f1o italiano c\u00f3modo y elegante<\/strong><\/h3>\n<p style=\"text-align: left;\">\nUna e\u2011bike italiana elegante y fiable, dise\u00f1ada para una conducci\u00f3n urbana suave y agradable.\n<\/p>\n<ul>\n<li>Suspensi\u00f3n delantera para mayor comodidad<\/li>\n<li>Transmisi\u00f3n de 7 velocidades para mayor flexibilidad<\/li>\n<li>Motor trasero de 250W para una asistencia sin esfuerzo<\/li>\n<li>Al menos 40 km de autonom\u00eda con una sola carga<\/li>\n<\/ul>\n<\/div>\n<p style=\"margin-top: 25px; text-align: left;\" class=\"translation-block\">Si te apasiona el ciclismo, no olvides explorar nuestros <span style=\"color: #3366ff\"> <a style=\"color: #3366ff\" href=\"https:\/\/easybikerent.it\/es\/appian-way-e-bike-tours\/\" target=\"_self\">tours<\/a> <\/span> para disfrutar de experiencias guiadas inolvidables.<\/p>\n<p><!-- FAQ SECTION --><\/p>\n<h2 style=\"font-family: 'Roboto', sans-serif; font-size: 22px; margin-top: 45px;\">\n  <strong>Preguntas Frecuentes<\/strong><br \/>\n<\/h2>\n<div class=\"faq-section\" style=\"margin-top: 25px;\">\n<h3 style=\"font-size: 19px; margin-bottom: 5px;\"><strong>\u00bfEste alquiler de City e\u2011Bike est\u00e1 ubicado cerca del Circo M\u00e1ximo?<\/strong><\/h3>\n<p style=\"margin-bottom: 20px;\">\n    S\u00ed. Nuestra tienda est\u00e1 situada justo frente al Circo M\u00e1ximo, lo que te permite comenzar tu recorrido por un carril bici sin entrar en el tr\u00e1fico. Es el punto de partida perfecto para explorar el centro hist\u00f3rico de Roma.\n  <\/p>\n<h3 style=\"font-size: 19px; margin-bottom: 5px;\"><strong>\u00bfLa City e\u2011Bike de 26\u2033 es adecuada para ciclistas de baja estatura?<\/strong><\/h3>\n<p style=\"margin-bottom: 20px;\">\n    S\u00ed. Este modelo es ideal para ciclistas de entre 1,50 m y 1,60 m, ofreciendo una posici\u00f3n de conducci\u00f3n segura, ergon\u00f3mica y c\u00f3moda gracias a su cuadro compacto y sus ruedas de 26\u2033.\n  <\/p>\n<h3 style=\"font-size: 19px; margin-bottom: 5px;\"><strong>\u00bfEs esta la mejor opci\u00f3n para alquilar una e\u2011Bike en el centro de Roma?<\/strong><\/h3>\n<p style=\"margin-bottom: 20px;\">\n    Absolutely. The 26\u2033 City e\u2011Bike is lightweight, easy to handle, and perfect for navigating Rome\u2019s narrow streets, cobblestones, and bike paths.\n  <\/p>\n<h3 style=\"font-size: 19px; margin-bottom: 5px;\"><strong>\u00bfPuedo usar esta e\u2011Bike en la V\u00eda Apia?<\/strong><\/h3>\n<p style=\"margin-bottom: 20px;\">\n    Este modelo no se recomienda para rutas largas en la V\u00eda Apia ni para terrenos off\u2011road. Funciona mejor en calles pavimentadas, carriles bici y rutas urbanas habituales.\n  <\/p>\n<h3 style=\"font-size: 19px; margin-bottom: 5px;\"><strong>\u00bfCu\u00e1l es la autonom\u00eda de la City e\u2011Bike de 26\u2033 con una sola carga?<\/strong><\/h3>\n<p style=\"margin-bottom: 20px;\">\n    Puedes esperar 40 km o m\u00e1s, seg\u00fan el nivel de asistencia, el terreno y tu estilo de conducci\u00f3n.\n  <\/p>\n<h3 style=\"font-size: 19px; margin-bottom: 5px;\"><strong>\u00bfLa City e\u2011Bike de 26\u2033 es adecuada para principiantes?<\/strong><\/h3>\n<p style=\"margin-bottom: 20px;\">\n    S\u00ed. El motor de 250W y la transmisi\u00f3n de 7 velocidades la hacen extremadamente f\u00e1cil de usar, incluso para ciclistas con poca experiencia.\n  <\/p>\n<h3 style=\"font-size: 19px; margin-bottom: 5px;\"><strong>\u00bfPuedo a\u00f1adir un asiento infantil a esta e\u2011Bike?<\/strong><\/h3>\n<p style=\"margin-bottom: 20px;\">\n    S\u00ed. La City e\u2011Bike de 26\u2033 es compatible con asientos infantiles delanteros y traseros, lo que la convierte en una excelente opci\u00f3n para familias.\n  <\/p>\n<h3 style=\"font-size: 19px; margin-bottom: 5px;\"><strong>\u00bfQu\u00e9 est\u00e1 incluido en el precio del alquiler?<\/strong><\/h3>\n<p style=\"margin-bottom: 20px;\">\n    El casco, el candado de seguridad, los neum\u00e1ticos antipinchazos y el soporte para tel\u00e9fono m\u00f3vil est\u00e1n siempre incluidos.\n  <\/p>\n<\/div>\n<\/div>","protected":false},"excerpt":{"rendered":"<p style=\"text-align: left; font-family: 'Roboto', sans-serif; font-size: 17px; line-height: 1.6; color: #333;\"> Nuestras City e\u2011Bikes de 26\u201d son la opci\u00f3n perfecta para explorar el centro hist\u00f3rico de Roma con comodidad y facilidad. Ligeras, intuitivas y ideales para ciclistas entre 1,50 m y 1,60 m, ofrecen una excelente estabilidad en calles asfaltadas, carriles bici y rutas urbanas suaves. Con una asistencia el\u00e9ctrica fluida y un cuadro compacto, pedalear por la ciudad se vuelve sencillo y agradable. Para ayudarte a descubrir Roma de forma segura y sin estr\u00e9s, tambi\u00e9n proporcionamos itinerarios seleccionados espec\u00edficamente para el centro. <\/p>","protected":false},"featured_media":1998,"comment_status":"closed","ping_status":"closed","template":"","meta":[],"product_cat":[113,495],"product_tag":[914,915,916,961,31,20,22,912,918,917,21,913],"class_list":{"0":"post-1993","1":"product","2":"type-product","3":"status-publish","4":"has-post-thumbnail","6":"product_cat-hire-e-bikes-electric-bicycles","7":"product_cat-our-vehicles","8":"product_tag-bike-rental-in-rome","9":"product_tag-e-bike-in-rome","10":"product_tag-e-bike-rental-near-trastevere","11":"product_tag-e-bikes-with-a-basket","12":"product_tag-easy","13":"product_tag-ebike","14":"product_tag-eco","15":"product_tag-electric-bike-rental-in-rome","16":"product_tag-electric-bike-rental-in-the-center-of-rome","17":"product_tag-electric-bike-rental-near-the-colosseum","18":"product_tag-ladies","19":"product_tag-rent-an-electric-bike-in-rome","21":"first","22":"instock","23":"featured","24":"virtual","25":"purchasable","26":"product-type-redq_rental"},"_links":{"self":[{"href":"https:\/\/easybikerent.it\/es\/wp-json\/wp\/v2\/product\/1993","targetHints":{"allow":["GET"]}}],"collection":[{"href":"https:\/\/easybikerent.it\/es\/wp-json\/wp\/v2\/product"}],"about":[{"href":"https:\/\/easybikerent.it\/es\/wp-json\/wp\/v2\/types\/product"}],"replies":[{"embeddable":true,"href":"https:\/\/easybikerent.it\/es\/wp-json\/wp\/v2\/comments?post=1993"}],"wp:featuredmedia":[{"embeddable":true,"href":"https:\/\/easybikerent.it\/es\/wp-json\/wp\/v2\/media\/1998"}],"wp:attachment":[{"href":"https:\/\/easybikerent.it\/es\/wp-json\/wp\/v2\/media?parent=1993"}],"wp:term":[{"taxonomy":"product_cat","embeddable":true,"href":"https:\/\/easybikerent.it\/es\/wp-json\/wp\/v2\/product_cat?post=1993"},{"taxonomy":"product_tag","embeddable":true,"href":"https:\/\/easybikerent.it\/es\/wp-json\/wp\/v2\/product_tag?post=1993"}],"curies":[{"name":"wp","href":"https:\/\/api.w.org\/{rel}","templated":true}]}}