{"id":209,"date":"2017-05-22T14:11:23","date_gmt":"2017-05-22T12:11:23","guid":{"rendered":"https:\/\/easybikerent.it\/home\/home\/?post_type=product&#038;p=209"},"modified":"2026-01-31T10:51:49","modified_gmt":"2026-01-31T09:51:49","slug":"hire-a-vespa-125","status":"publish","type":"product","link":"https:\/\/easybikerent.it\/es\/prodotto\/hire-a-vespa-125\/","title":{"rendered":"Vespa 125"},"content":{"rendered":"<div class=\"page-content\" style=\"font-family: 'Roboto', sans-serif; font-size: 17px; line-height: 1.6; color: #333;\">\n<h1 style=\"text-align: center; font-family: 'Roboto', sans-serif;\">\n  <strong>Alquila una Vespa 125 y descubre tu verdadera Roma<\/strong><br \/>\n<\/h1>\n<p class=\"lead\">La forma m\u00e1s ic\u00f3nica y divertida de explorar Roma \u2014 \u00e1gil, elegante y inconfundiblemente italiana.<\/p>\n<p style=\"text-align: left;\">\nAlquilar una Vespa 125 es la forma perfecta de vivir Roma como un verdadero local. \u00c1gil, elegante y f\u00e1cil de maniobrar por las estrechas calles de la ciudad, este cl\u00e1sico scooter italiano te permite llegar a monumentos, barrios y miradores de manera r\u00e1pida y sin esfuerzo. Es la opci\u00f3n ideal para quienes buscan libertad, flexibilidad y un toque de aut\u00e9ntico estilo romano.\n<\/p>\n<p style=\"text-align: left;\">\nNuestros modelos Vespa 125 son modernos, fiables y est\u00e1n equipados con todo lo necesario para un viaje suave y agradable. El motor ofrece la potencia justa para afrontar las colinas de Roma y el tr\u00e1fico, manteniendo al mismo tiempo una excelente eficiencia de combustible y comodidad.\n<\/p>\n<p style=\"text-align: left;\" class=\"translation-block\">Dado que la seguridad es nuestra m\u00e1xima prioridad, es <strong>muy importante que los conductores tengan experiencia previa conduciendo scooters, Vespas o motocicletas<\/strong>. Las calles de Roma pueden ser concurridas y din\u00e1micas, y una conducci\u00f3n segura y confiada es esencial para disfrutar de una experiencia agradable.<\/p>\n<p style=\"text-align: left;\" class=\"translation-block\">Para alquilar una Vespa 125, debes presentar un <strong>permiso de conducir v\u00e1lido<\/strong> y una <strong>tarjeta de cr\u00e9dito<\/strong> para el dep\u00f3sito de seguridad. Estos requisitos garantizan que cada alquiler sea seguro, responsable y conforme a las normativas locales.<\/p>\n<p style=\"text-align: left;\">\nYa sea que planees un recorrido de medio d\u00eda por el centro hist\u00f3rico, una aventura de d\u00eda completo por los barrios de Roma o un paseo panor\u00e1mico por miradores y parques, la Vespa 125 ofrece la combinaci\u00f3n perfecta de comodidad, estilo y diversi\u00f3n. Es una forma inolvidable de vivir la Ciudad Eterna.\n<\/p>\n<h2 style=\"font-family: 'Roboto', sans-serif; font-size: 22px; margin-top: 35px;\">\n  <strong>Por Qu\u00e9 Elegir Nuestra Vespa 125<\/strong><br \/>\n<\/h2>\n<div class=\"tour-card\" style=\"margin-top: 25px;\">\n<h3 style=\"font-size: 20px;\"><strong>La aut\u00e9ntica experiencia romana<\/strong><\/h3>\n<p style=\"text-align: left;\">\nRecorre Roma como un aut\u00e9ntico local y disfruta de la total libertad de movimiento.\n<\/p>\n<ul>\n<li>Perfecta para el centro hist\u00f3rico y las rutas urbanas<\/li>\n<li>\u00c1gil, elegante y f\u00e1cil de aparcar<\/li>\n<li>Fiable y c\u00f3moda para un uso durante todo el d\u00eda<\/li>\n<li>Ideal para rutas panor\u00e1micas y traslados r\u00e1pidos<\/li>\n<\/ul>\n<\/div>\n<div class=\"tour-card\" style=\"margin-top: 25px;\">\n<h3 style=\"font-size: 20px;\"><strong>Seguridad &amp; Requisitos<\/strong><\/h3>\n<p style=\"text-align: left;\">\nA safe and responsible rental designed for experienced riders.\n<\/p>\n<ul>\n<li>Previous experience with scooters or motorcycles is essential<\/li>\n<li>Valid driving license required<\/li>\n<li>Credit card required for the security deposit<\/li>\n<li>Modern, well\u2011maintained Vespa 125 models<\/li>\n<\/ul>\n<\/div>","protected":false},"excerpt":{"rendered":"<p style=\"text-align: left; font-family: 'Roboto', sans-serif; font-size: 17px; line-height: 1.6; color: #333;\"> Nuestra Vespa 125 es la forma m\u00e1s ic\u00f3nica y divertida de explorar Roma, ofreciendo agilidad, estilo y total libertad de movimiento. Para alquilarla, se requiere experiencia previa conduciendo scooters o motocicletas, un permiso de conducir v\u00e1lido y una tarjeta de cr\u00e9dito para el dep\u00f3sito de seguridad. Perfecta para recorrer el centro hist\u00f3rico y moverse r\u00e1pidamente por la ciudad, esta Vespa moderna ofrece una experiencia de conducci\u00f3n suave y aut\u00e9nticamente romana. <\/p>","protected":false},"featured_media":1636,"comment_status":"closed","ping_status":"closed","template":"","meta":[],"product_cat":[495,114],"product_tag":[926,574,923,29,572,922,925,573,919,921,920,924],"class_list":{"0":"post-209","1":"product","2":"type-product","3":"status-publish","4":"has-post-thumbnail","6":"product_cat-our-vehicles","7":"product_cat-scooter-vespa","8":"product_tag-hire-a-vespa-in-rome","9":"product_tag-rent-vespa-rome","10":"product_tag-roman-holidays","11":"product_tag-scooter","12":"product_tag-vespa","13":"product_tag-vespa-for-rent-in-rome","14":"product_tag-vespa-hire-in-rome","15":"product_tag-vespa-rental","16":"product_tag-vespa-rental-in-rome","17":"product_tag-vespa-rental-near-colosseum","18":"product_tag-vespa-rental-near-trtevere","19":"product_tag-your-vespa-in-rome","21":"first","22":"instock","23":"purchasable","24":"product-type-redq_rental"},"_links":{"self":[{"href":"https:\/\/easybikerent.it\/es\/wp-json\/wp\/v2\/product\/209","targetHints":{"allow":["GET"]}}],"collection":[{"href":"https:\/\/easybikerent.it\/es\/wp-json\/wp\/v2\/product"}],"about":[{"href":"https:\/\/easybikerent.it\/es\/wp-json\/wp\/v2\/types\/product"}],"replies":[{"embeddable":true,"href":"https:\/\/easybikerent.it\/es\/wp-json\/wp\/v2\/comments?post=209"}],"wp:featuredmedia":[{"embeddable":true,"href":"https:\/\/easybikerent.it\/es\/wp-json\/wp\/v2\/media\/1636"}],"wp:attachment":[{"href":"https:\/\/easybikerent.it\/es\/wp-json\/wp\/v2\/media?parent=209"}],"wp:term":[{"taxonomy":"product_cat","embeddable":true,"href":"https:\/\/easybikerent.it\/es\/wp-json\/wp\/v2\/product_cat?post=209"},{"taxonomy":"product_tag","embeddable":true,"href":"https:\/\/easybikerent.it\/es\/wp-json\/wp\/v2\/product_tag?post=209"}],"curies":[{"name":"wp","href":"https:\/\/api.w.org\/{rel}","templated":true}]}}