{"id":4062,"date":"2023-07-16T16:48:07","date_gmt":"2023-07-16T14:48:07","guid":{"rendered":"https:\/\/easybikerent.it\/?post_type=product&#038;p=4062"},"modified":"2026-01-27T13:27:50","modified_gmt":"2026-01-27T12:27:50","slug":"mountain-bikes-plus","status":"publish","type":"product","link":"https:\/\/easybikerent.it\/es\/prodotto\/mountain-bikes-plus\/","title":{"rendered":"Mountain Bike Plus"},"content":{"rendered":"<div class=\"page-content\" style=\"font-family: 'Roboto', sans-serif; font-size: 17px; line-height: 1.6; color: #333;\">\n<h1 style=\"text-align: center; font-family: 'Roboto', sans-serif;\">\n  <strong>Alquila una Mountain Bike Plus y descubre tu Roma m\u00e1s aut\u00e9ntica<\/strong><br \/>\n<\/h1>\n<p class=\"lead\">Bicicletas de alto rendimiento, aptas para todo tipo de terreno, dise\u00f1adas para quienes buscan lo mejor.<\/p>\n<p style=\"text-align: left;\">\nNuestra categor\u00eda Mountain Bike Plus incluye bicicletas de gama alta dise\u00f1adas para ciclistas que buscan el m\u00e1ximo rendimiento, control y durabilidad. Con cuadros fabricados en Italia de 19\u201d a 24\u201d y ruedas de 27.5\u201d o 29\u201d, estas bicicletas est\u00e1n dise\u00f1adas para ofrecer un manejo excepcional en terrenos exigentes.\n<\/p>\n<p style=\"text-align: left;\">\nEntre los modelos m\u00e1s destacados de esta categor\u00eda se encuentran la KTM Flite Ultra y la Lombardo Imperia 5.0 \u2014 bicicletas de monta\u00f1a de alto rendimiento fabricadas con tecnolog\u00eda de vanguardia y componentes superiores. Dise\u00f1adas para afrontar senderos exigentes con facilidad, ofrecen la combinaci\u00f3n perfecta de resistencia, respuesta y estabilidad.\n<\/p>\n<p style=\"text-align: left;\">\nDise\u00f1ados con precisi\u00f3n y durabilidad en mente, nuestros modelos Mountain Bike Plus cuentan con cuadros ligeros pero resistentes, fabricados con materiales de primera calidad. Su geometr\u00eda avanzada garantiza una relaci\u00f3n \u00f3ptima entre resistencia y peso, manteniendo una excelente maniobrabilidad incluso en ascensos t\u00e9cnicos y descensos exigentes.\n<\/p>\n<p style=\"text-align: left;\">\nRoma est\u00e1 rodeada de colinas suaves, caminos rurales y senderos naturales panor\u00e1micos ideales para el ciclismo de monta\u00f1a. Alquilar una Mountain Bike Plus te permite explorar estos paisajes m\u00e1s all\u00e1 de las rutas tur\u00edsticas habituales, descubriendo senderos ocultos, miradores panor\u00e1micos y tranquilas zonas verdes a las afueras de la ciudad.\n<\/p>\n<p style=\"text-align: left;\">\nSi buscas tranquilidad y una conexi\u00f3n m\u00e1s profunda con la naturaleza, una Mountain Bike Plus te permite alejarte de las zonas concurridas y disfrutar de rutas tranquilas y poco transitadas. Es la opci\u00f3n perfecta para quienes desean una experiencia al aire libre m\u00e1s inmersiva durante su estancia en Roma.\n<\/p>\n<p style=\"text-align: left;\">\nYa sea que prefieras rutas llenas de adrenalina o exploraciones relajadas por el campo, una Mountain Bike Plus te ofrece total flexibilidad. Puedes elegir cu\u00e1ndo y d\u00f3nde pedalear, adaptando tu aventura a tu horario y preferencias.\n<\/p>\n<p style=\"text-align: left;\">\nAlquilar una Mountain Bike Plus en Roma significa adentrarse en un aut\u00e9ntico parque natural justo m\u00e1s all\u00e1 del paisaje urbano. Desde emocionantes rutas off\u2011road hasta tranquilos recorridos panor\u00e1micos, esta experiencia promete momentos inolvidables mientras muestra la belleza y diversidad de los paisajes que rodean la ciudad.\n<\/p>\n<h2 style=\"font-family: 'Roboto', sans-serif; font-size: 22px; margin-top: 35px;\">\n  <strong>Por qu\u00e9 elegir nuestra Mountain Bike Plus<\/strong><br \/>\n<\/h2>\n<div class=\"tour-card\" style=\"margin-top: 25px;\">\n<h3 style=\"font-size: 20px;\"><strong>Componentes de alto rendimiento<\/strong><\/h3>\n<p style=\"text-align: left;\">\nDise\u00f1ada para ciclistas exigentes que buscan el m\u00e1ximo control y capacidad de respuesta en terrenos desafiantes.\n<\/p>\n<ul>\n<li>Cuadros premium de 19\u201d a 24\u201d<\/li>\n<li>Ruedas de 27.5\u201d o 29\u201d para una estabilidad superior<\/li>\n<li>Sistemas avanzados de suspensi\u00f3n y frenado<\/li>\n<li>Ideal para ascensos t\u00e9cnicos y senderos exigentes<\/li>\n<\/ul>\n<\/div>\n<div class=\"tour-card\" style=\"margin-top: 25px;\">\n<h3 style=\"font-size: 20px;\"><strong>Perfecto para aventuras fuera de las rutas habituales<\/strong><\/h3>\n<p style=\"text-align: left;\">\nUna excelente opci\u00f3n para explorar el campo romano, sus colinas y parques naturales con comodidad y seguridad.\n<\/p>\n<ul>\n<li>Descubre rutas ocultas y miradores panor\u00e1micos<\/li>\n<li>Escapa de las zonas tur\u00edsticas concurridas<\/li>\n<li>Disfruta de una experiencia al aire libre m\u00e1s activa e inmersiva<\/li>\n<li>Perfecta tanto para la adrenalina como para la relajaci\u00f3n<\/li>\n<\/ul>\n<\/div>\n<p style=\"margin-top: 25px; text-align: left;\" class=\"translation-block\">Si te apasiona el ciclismo, no olvides explorar nuestros <span style=\"color: #3366ff\"> <a style=\"color: #3366ff\" href=\"https:\/\/easybikerent.it\/es\/appian-way-e-bike-tours\/\" target=\"_self\">tours<\/a> <\/span> para disfrutar de experiencias guiadas inolvidables.<\/p>\n<\/div>","protected":false},"excerpt":{"rendered":"<p style=\"text-align: left; font-family: 'Roboto', sans-serif; font-size: 17px; line-height: 1.6; color: #333;\"> Nuestros modelos Mountain Bike Plus son la elecci\u00f3n perfecta para quienes buscan el m\u00e1ximo rendimiento mientras exploran los entornos naturales de Roma. Potentes, estables y reactivos, son ideales para recorrer la Via Appia Antica y sus parques panor\u00e1micos con total confianza. Estas bicicletas de alta calidad se adaptan f\u00e1cilmente a terrenos variados, ofreciendo un control excepcional en rutas rurales y senderos panor\u00e1micos. Para que disfrutes de tu recorrido de forma segura y sin preocupaciones, tambi\u00e9n proporcionamos itinerarios recomendados dise\u00f1ados para guiarte por los caminos m\u00e1s bellos y agradables de Roma. <\/p>","protected":false},"featured_media":4050,"comment_status":"closed","ping_status":"closed","template":"","meta":[],"product_cat":[118,495],"product_tag":[22,26,933,935,936,934,937],"class_list":{"0":"post-4062","1":"product","2":"type-product","3":"status-publish","4":"has-post-thumbnail","6":"product_cat-bicycles","7":"product_cat-our-vehicles","8":"product_tag-eco","9":"product_tag-family","10":"product_tag-good-quality-mountain-bike","11":"product_tag-high-perfomances-mountain-bike","12":"product_tag-rent-a-high-quality-mountain-bike-in-rome","13":"product_tag-rent-a-mountain-bike-in-rome","14":"product_tag-visit-the-appian-way-without-a-guide","16":"first","17":"instock","18":"purchasable","19":"product-type-redq_rental"},"_links":{"self":[{"href":"https:\/\/easybikerent.it\/es\/wp-json\/wp\/v2\/product\/4062","targetHints":{"allow":["GET"]}}],"collection":[{"href":"https:\/\/easybikerent.it\/es\/wp-json\/wp\/v2\/product"}],"about":[{"href":"https:\/\/easybikerent.it\/es\/wp-json\/wp\/v2\/types\/product"}],"replies":[{"embeddable":true,"href":"https:\/\/easybikerent.it\/es\/wp-json\/wp\/v2\/comments?post=4062"}],"wp:featuredmedia":[{"embeddable":true,"href":"https:\/\/easybikerent.it\/es\/wp-json\/wp\/v2\/media\/4050"}],"wp:attachment":[{"href":"https:\/\/easybikerent.it\/es\/wp-json\/wp\/v2\/media?parent=4062"}],"wp:term":[{"taxonomy":"product_cat","embeddable":true,"href":"https:\/\/easybikerent.it\/es\/wp-json\/wp\/v2\/product_cat?post=4062"},{"taxonomy":"product_tag","embeddable":true,"href":"https:\/\/easybikerent.it\/es\/wp-json\/wp\/v2\/product_tag?post=4062"}],"curies":[{"name":"wp","href":"https:\/\/api.w.org\/{rel}","templated":true}]}}