{"id":3790,"date":"2023-05-23T16:01:35","date_gmt":"2023-05-23T14:01:35","guid":{"rendered":"https:\/\/easybikerent.it\/?page_id=3790"},"modified":"2026-01-29T12:53:16","modified_gmt":"2026-01-29T11:53:16","slug":"rent-e-bikes-electric-bicycles","status":"publish","type":"page","link":"https:\/\/easybikerent.it\/fr\/rent-e-bikes-electric-bicycles\/","title":{"rendered":"Rent e-bikes electric bicycles"},"content":{"rendered":"<div data-elementor-type=\"wp-page\" data-elementor-id=\"3790\" class=\"elementor elementor-3790\" data-elementor-post-type=\"page\">\n\t\t\t\t\t\t<section class=\"elementor-section elementor-top-section elementor-element elementor-element-ac7c726 elementor-section-boxed elementor-section-height-default elementor-section-height-default\" data-id=\"ac7c726\" data-element_type=\"section\">\n\t\t\t\t\t\t<div class=\"elementor-container elementor-column-gap-default\">\n\t\t\t\t\t<div class=\"elementor-column elementor-col-100 elementor-top-column elementor-element elementor-element-0a55f70\" data-id=\"0a55f70\" data-element_type=\"column\">\n\t\t\t<div class=\"elementor-widget-wrap elementor-element-populated\">\n\t\t\t\t\t\t<div class=\"elementor-element elementor-element-f9225d3 elementor-widget elementor-widget-shortcode\" data-id=\"f9225d3\" data-element_type=\"widget\" data-widget_type=\"shortcode.default\">\n\t\t\t\t<div class=\"elementor-widget-container\">\n\t\t\t\t\t\t\t<div class=\"elementor-shortcode\"><div class=\"woocommerce columns-3\"><ul class=\"products columns-3\">\n<li class=\"product type-product post-4145 status-publish first instock product_cat-hire-e-bikes-electric-bicycles product_cat-our-vehicles product_tag-e-mountain-bike-for-rent-in-rome product_tag-e-bike-in-rome product_tag-e-bike-rental-near-trastevere product_tag-electric-bike-rental-in-rome product_tag-electric-bike-rental-in-the-center-of-rome product_tag-electric-mountain-bike-in-rome-for-rent product_tag-rent-a-high-quality-mountain-bike-in-rome product_tag-rent-a-mountain-bike-in-rome product_tag-visit-the-appian-way-without-a-guide has-post-thumbnail purchasable product-type-redq_rental\">\n\t<a href=\"https:\/\/easybikerent.it\/fr\/prodotto\/electric-mountain-bikes\/\" class=\"woocommerce-LoopProduct-link woocommerce-loop-product__link\"><img fetchpriority=\"high\" decoding=\"async\" width=\"300\" height=\"205\" src=\"https:\/\/easybikerent.it\/wp-content\/uploads\/Easy-Bike-Rent-Rome-Lombardo-Sestriere-Evo-5-300x205.jpg\" class=\"attachment-woocommerce_thumbnail size-woocommerce_thumbnail\" alt=\"Rent Electric Mountain Bikes\" srcset=\"https:\/\/easybikerent.it\/wp-content\/uploads\/\/Easy-Bike-Rent-Rome-Lombardo-Sestriere-Evo-5-300x205.jpg 300w, https:\/\/easybikerent.it\/wp-content\/uploads\/\/Easy-Bike-Rent-Rome-Lombardo-Sestriere-Evo-5.jpg 765w\" sizes=\"(max-width: 300px) 100vw, 300px\" \/><h2 class=\"woocommerce-loop-product__title\">V\u00e9los tout-terrain \u00e9lectriques<\/h2>\n\t<span class=\"price\"><span class=\"amount rnb_price_unit_4145\"> From <span class=\"woocommerce-Price-amount amount\"><bdi>30&nbsp;<span class=\"woocommerce-Price-currencySymbol\">\u20ac<\/span><\/bdi><\/span>\/ Jour<\/span><\/span>\n<\/a><\/li>\n<li class=\"product type-product post-1993 status-publish instock product_cat-hire-e-bikes-electric-bicycles product_cat-our-vehicles product_tag-bike-rental-in-rome product_tag-e-bike-in-rome product_tag-e-bike-rental-near-trastevere product_tag-e-bikes-with-a-basket product_tag-easy product_tag-ebike product_tag-eco product_tag-electric-bike-rental-in-rome product_tag-electric-bike-rental-in-the-center-of-rome product_tag-electric-bike-rental-near-the-colosseum product_tag-ladies product_tag-rent-an-electric-bike-in-rome has-post-thumbnail featured virtual purchasable product-type-redq_rental\">\n\t<a href=\"https:\/\/easybikerent.it\/fr\/prodotto\/city-e-bike-26-wheel-easy-to-handle\/\" class=\"woocommerce-LoopProduct-link woocommerce-loop-product__link\"><img decoding=\"async\" width=\"300\" height=\"205\" src=\"https:\/\/easybikerent.it\/wp-content\/uploads\/E-Levanzo-city-e-bike-26-Pincio-300x205.jpg\" class=\"attachment-woocommerce_thumbnail size-woocommerce_thumbnail\" alt=\"City e-Bike 26&quot;: Easy to handle!\" srcset=\"https:\/\/easybikerent.it\/wp-content\/uploads\/\/E-Levanzo-city-e-bike-26-Pincio-300x205.jpg 300w, https:\/\/easybikerent.it\/wp-content\/uploads\/\/E-Levanzo-city-e-bike-26-Pincio.jpg 764w\" sizes=\"(max-width: 300px) 100vw, 300px\" \/><h2 class=\"woocommerce-loop-product__title\">City e\u2011bike 26\u2033: facile \u00e0 manier<\/h2>\n\t<span class=\"price\"><span class=\"amount rnb_price_unit_1993\"> From <span class=\"woocommerce-Price-amount amount\"><bdi>21&nbsp;<span class=\"woocommerce-Price-currencySymbol\">\u20ac<\/span><\/bdi><\/span>\/ Jour<\/span><\/span>\n<\/a><\/li>\n<li class=\"product type-product post-926 status-publish last instock product_cat-hire-e-bikes-electric-bicycles product_tag-bike-rental-in-rome product_tag-e-bike-rental-near-trastevere product_tag-e-bikes-for-rent product_tag-easy product_tag-ebike product_tag-ebike-with-basket product_tag-eco product_tag-hire-an-e-bike-in-rome has-post-thumbnail virtual purchasable product-type-redq_rental\">\n\t<a href=\"https:\/\/easybikerent.it\/fr\/prodotto\/city-e-bike-light\/\" class=\"woocommerce-LoopProduct-link woocommerce-loop-product__link\"><img decoding=\"async\" width=\"300\" height=\"205\" src=\"https:\/\/easybikerent.it\/wp-content\/uploads\/City-e-bike-light-flexible-300x205.jpg\" class=\"attachment-woocommerce_thumbnail size-woocommerce_thumbnail\" alt=\"City e-Bike: Light &amp; Flexible!\" srcset=\"https:\/\/easybikerent.it\/wp-content\/uploads\/\/City-e-bike-light-flexible-300x205.jpg 300w, https:\/\/easybikerent.it\/wp-content\/uploads\/\/City-e-bike-light-flexible.jpg 765w\" sizes=\"(max-width: 300px) 100vw, 300px\" \/><h2 class=\"woocommerce-loop-product__title\">City e\u2011bike: l\u00e9g\u00e8re et flexible<\/h2>\n\t<span class=\"price\"><span class=\"amount rnb_price_unit_926\"> From <span class=\"woocommerce-Price-amount amount\"><bdi>21&nbsp;<span class=\"woocommerce-Price-currencySymbol\">\u20ac<\/span><\/bdi><\/span>\/ Jour<\/span><\/span>\n<\/a><\/li>\n<li class=\"product type-product post-181 status-publish first instock product_cat-hire-e-bikes-electric-bicycles product_tag-appian-way-by-mountain-bike product_tag-bike-rental-in-rome product_tag-e-bike-rental-near-trastevere product_tag-ebike product_tag-electric-bike-rental-in-rome product_tag-hire-an-e-bike-in-rome product_tag-rent-an-electric-bike-in-rome product_tag-visit-the-appian-way-without-a-guide has-post-thumbnail virtual purchasable product-type-redq_rental\">\n\t<a href=\"https:\/\/easybikerent.it\/fr\/prodotto\/hybrid-e-bike-swift-effortless\/\" class=\"woocommerce-LoopProduct-link woocommerce-loop-product__link\"><img loading=\"lazy\" decoding=\"async\" width=\"300\" height=\"205\" src=\"https:\/\/easybikerent.it\/wp-content\/uploads\/Brinke-Times-Square-Hybrid-e-Bike-Piazza-Navona-Rome-Dusk-300x205.jpg\" class=\"attachment-woocommerce_thumbnail size-woocommerce_thumbnail\" alt=\"Hybrid-e-Bike-Piazza-Navona-Rome-Dusk\" srcset=\"https:\/\/easybikerent.it\/wp-content\/uploads\/\/Brinke-Times-Square-Hybrid-e-Bike-Piazza-Navona-Rome-Dusk-300x205.jpg 300w, https:\/\/easybikerent.it\/wp-content\/uploads\/\/Brinke-Times-Square-Hybrid-e-Bike-Piazza-Navona-Rome-Dusk.jpg 800w\" sizes=\"(max-width: 300px) 100vw, 300px\" \/><h2 class=\"woocommerce-loop-product__title\">Hybrid e\u2011bike: rapide et sans effort<\/h2>\n\t<span class=\"price\"><span class=\"amount rnb_price_unit_181\"> From <span class=\"woocommerce-Price-amount amount\"><bdi>30&nbsp;<span class=\"woocommerce-Price-currencySymbol\">\u20ac<\/span><\/bdi><\/span>\/ Jour<\/span><\/span>\n<\/a><\/li>\n<li class=\"product type-product post-2511 status-publish instock product_cat-hire-e-bikes-electric-bicycles product_tag-big-frame-e-bike-for-rent-in-rome product_tag-e-bikes-for-rent-near-trastevere product_tag-easy product_tag-ebike product_tag-eco product_tag-hire-big-frame-e-bike-in-rome has-post-thumbnail purchasable product-type-redq_rental\">\n\t<a href=\"https:\/\/easybikerent.it\/fr\/prodotto\/hire-electric-bicycles-trekking-city\/\" class=\"woocommerce-LoopProduct-link woocommerce-loop-product__link\"><img loading=\"lazy\" decoding=\"async\" width=\"300\" height=\"205\" src=\"https:\/\/easybikerent.it\/wp-content\/uploads\/Gazometro-e-Viterbo-300x205.jpg\" class=\"attachment-woocommerce_thumbnail size-woocommerce_thumbnail\" alt=\"Hire a Trekking e-Bike\" srcset=\"https:\/\/easybikerent.it\/wp-content\/uploads\/\/Gazometro-e-Viterbo-300x205.jpg 300w, https:\/\/easybikerent.it\/wp-content\/uploads\/\/Gazometro-e-Viterbo.jpg 764w\" sizes=\"(max-width: 300px) 100vw, 300px\" \/><h2 class=\"woocommerce-loop-product__title\">V\u00e9los \u00e9lectriques: trekking et city<\/h2>\n\t<span class=\"price\"><span class=\"amount rnb_price_unit_2511\"> From <span class=\"woocommerce-Price-amount amount\"><bdi>21&nbsp;<span class=\"woocommerce-Price-currencySymbol\">\u20ac<\/span><\/bdi><\/span>\/ Jour<\/span><\/span>\n<\/a><\/li>\n<li class=\"product type-product post-1661 status-publish last instock product_cat-hire-e-bikes-electric-bicycles product_cat-family-bikes product_cat-our-vehicles product_tag-easy product_tag-ebike product_tag-eco product_tag-electric-bike-for-kids product_tag-kids-e-bike has-post-thumbnail virtual purchasable product-type-redq_rental\">\n\t<a href=\"https:\/\/easybikerent.it\/fr\/prodotto\/rent-kids-electric-bikes\/\" class=\"woocommerce-LoopProduct-link woocommerce-loop-product__link\"><img loading=\"lazy\" decoding=\"async\" width=\"300\" height=\"205\" src=\"https:\/\/easybikerent.it\/wp-content\/uploads\/E-garda-kids-e-bike-300x205.jpg\" class=\"attachment-woocommerce_thumbnail size-woocommerce_thumbnail\" alt=\"Rent Kids Electric Bikes from Easy Bike Rent Rome\" srcset=\"https:\/\/easybikerent.it\/wp-content\/uploads\/\/E-garda-kids-e-bike-300x205.jpg 300w, https:\/\/easybikerent.it\/wp-content\/uploads\/\/E-garda-kids-e-bike.jpg 765w\" sizes=\"(max-width: 300px) 100vw, 300px\" \/><h2 class=\"woocommerce-loop-product__title\">V\u00e9los \u00e9lectriques pour enfants<\/h2>\n\t<span class=\"price\"><span class=\"amount rnb_price_unit_1661\"> From <span class=\"woocommerce-Price-amount amount\"><bdi>17&nbsp;<span class=\"woocommerce-Price-currencySymbol\">\u20ac<\/span><\/bdi><\/span>\/ Jour<\/span><\/span>\n<\/a><\/li>\n<\/ul>\n<\/div><\/div>\n\t\t\t\t\t\t<\/div>\n\t\t\t\t<\/div>\n\t\t\t\t\t<\/div>\n\t\t<\/div>\n\t\t\t\t\t<\/div>\n\t\t<\/section>\n\t\t\t\t<section class=\"elementor-section elementor-top-section elementor-element elementor-element-9aa2c68 elementor-section-boxed elementor-section-height-default elementor-section-height-default\" data-id=\"9aa2c68\" data-element_type=\"section\">\n\t\t\t\t\t\t<div class=\"elementor-container elementor-column-gap-default\">\n\t\t\t\t\t<div class=\"elementor-column elementor-col-100 elementor-top-column elementor-element elementor-element-8a7c8b1\" data-id=\"8a7c8b1\" data-element_type=\"column\">\n\t\t\t<div class=\"elementor-widget-wrap elementor-element-populated\">\n\t\t\t\t\t\t<div class=\"elementor-element elementor-element-a78d335 elementor-widget elementor-widget-text-editor\" data-id=\"a78d335\" data-element_type=\"widget\" data-widget_type=\"text-editor.default\">\n\t\t\t\t<div class=\"elementor-widget-container\">\n\t\t\t\t\t\t\t\t\t<div style=\"font-family: 'Roboto', sans-serif; font-size: 17px; line-height: 1.6; color: #333;\"><h1 style=\"text-align: center; font-family: 'Roboto', sans-serif;\"><strong>Location de v\u00e9los \u00e9lectriques \u00e0 Rome<\/strong><\/h1><p style=\"text-align: left;\">D\u00e9couvrez Rome sans effort gr\u00e2ce \u00e0 nos v\u00e9los \u00e9lectriques haute performance. Chaque e\u2011bike est \u00e9quip\u00e9e d\u2019un moteur puissant et d\u2019une batterie de longue dur\u00e9e, vous permettant de rouler pendant des heures avec un minimum d\u2019effort \u2014 id\u00e9ale pour les d\u00e9butants comme pour les cyclistes exp\u00e9riment\u00e9s.<\/p><h2 style=\"font-family: 'Roboto', sans-serif; font-size: 20px; margin-top: 20px;\"><strong>Pourquoi choisir nos e\u2011bikes<\/strong><\/h2><p style=\"text-align: left;\" class=\"translation-block\">Nos e\u2011bikes sont id\u00e9ales pour explorer la Via Appia, les pav\u00e9s, les parcs et les sections off\u2011road. Elles sont tout aussi parfaites pour d\u00e9couvrir le centre historique de Rome et longer la piste cyclable du Tibre. Profitez d\u2019une exp\u00e9rience de conduite fluide, confortable et s\u00fbre, o\u00f9 que vous alliez.<\/p><h2 style=\"font-family: 'Roboto', sans-serif; font-size: 20px; margin-top: 20px;\"><strong>Inclus dans chaque location<\/strong><\/h2><p style=\"text-align: left;\">Casque, antivol haute s\u00e9curit\u00e9 et support pour t\u00e9l\u00e9phone sont toujours inclus. Des si\u00e8ges pour enfants sont disponibles sur demande moyennant un suppl\u00e9ment, ce qui permet d\u2019explorer Rome facilement avec toute la famille.<\/p><h2 style=\"font-family: 'Roboto', sans-serif; font-size: 20px; margin-top: 20px;\"><strong>O\u00f9 vous pouvez rouler<\/strong><\/h2><p style=\"text-align: left;\">Depuis notre boutique, vous pouvez facilement rejoindre deux des itin\u00e9raires cyclables les plus embl\u00e9matiques de Rome :<\/p><ul style=\"text-align: left; margin-left: 20px;\"><li class=\"translation-block\">Voie Appienne Antique (Via Appia Antica) \u2013 Une piste cyclable d\u00e9di\u00e9e part directement de notre boutique et m\u00e8ne \u00e0 Porta San Sebastiano et aux Catacombes de San Callisto.<\/li><li><strong>\u03a0\u03bf\u03b4\u03b7\u03bb\u03b1\u03c4\u03cc\u03b4\u03c1\u03bf\u03bc\u03bf\u03c2 \u03a0\u03bf\u03c4\u03b1\u03bc\u03bf\u03cd \u03a4\u03af\u03b2\u03b5\u03c1\u03b7 (Regina Ciclarum) \u2013 \u039a\u03ac\u03bd\u03c4\u03b5 \u03c0\u03bf\u03b4\u03ae\u03bb\u03b1\u03c4\u03bf \u03ba\u03b1\u03c4\u03ac \u03bc\u03ae\u03ba\u03bf\u03c2 \u03c4\u03bf\u03c5 \u03c0\u03bf\u03c4\u03b1\u03bc\u03bf\u03cd \u03bc\u03ad\u03c7\u03c1\u03b9 \u03c4\u03b7 \u03b8\u03ac\u03bb\u03b1\u03c3\u03c3\u03b1 \u03ae \u03b5\u03be\u03b5\u03c1\u03b5\u03c5\u03bd\u03ae\u03c3\u03c4\u03b5 \u03c4\u03b7\u03bd \u03c0\u03cc\u03bb\u03b7 \u03b1\u03c0\u03cc \u03bc\u03b9\u03b1 \u03b1\u03c3\u03c6\u03b1\u03bb\u03ae \u03ba\u03b1\u03b9 \u03b3\u03c1\u03b1\u03c6\u03b9\u03ba\u03ae \u03b4\u03b9\u03b1\u03b4\u03c1\u03bf\u03bc\u03ae.<\/strong> \u2013 Roulez le long du fleuve jusqu\u2019\u00e0 la mer, ou explorez la ville sur un itin\u00e9raire s\u00fbr et panoramique.<\/li><\/ul><p style=\"text-align: left;\" class=\"translation-block\">Nous proposons \u00e9galement des visites guid\u00e9es de la Voie Appienne, y compris le parcours Scott Rozier, ainsi que des itin\u00e9raires self\u2011guided disponibles sur Google Maps ou via une application.<\/p><p style=\"text-align: left; font-size: 18px; margin-top: 25px;\"><strong>R\u00e9servez votre e\u2011bike d\u00e8s maintenant et commencez \u00e0 explorer Rome en toute libert\u00e9.<\/strong><\/p><\/div>\t\t\t\t\t\t\t\t<\/div>\n\t\t\t\t<\/div>\n\t\t\t\t\t<\/div>\n\t\t<\/div>\n\t\t\t\t\t<\/div>\n\t\t<\/section>\n\t\t\t\t<\/div>","protected":false},"excerpt":{"rendered":"<p>Electric Bike Rental in Rome Discover Rome effortlessly with our high\u2011performance electric bikes. Each e\u2011bike features a powerful motor and long\u2011lasting battery, allowing you to ride for hours with minimal effort\u2014perfect for both beginners and experienced cyclists. Why Choose Our E\u2011Bikes Our electric bikes are ideal for exploring the Appian Way, cobblestones, parks, and off\u2011road [&hellip;]<\/p>","protected":false},"author":199,"featured_media":0,"parent":0,"menu_order":0,"comment_status":"closed","ping_status":"closed","template":"","meta":{"footnotes":""},"class_list":["post-3790","page","type-page","status-publish","hentry"],"_links":{"self":[{"href":"https:\/\/easybikerent.it\/fr\/wp-json\/wp\/v2\/pages\/3790","targetHints":{"allow":["GET"]}}],"collection":[{"href":"https:\/\/easybikerent.it\/fr\/wp-json\/wp\/v2\/pages"}],"about":[{"href":"https:\/\/easybikerent.it\/fr\/wp-json\/wp\/v2\/types\/page"}],"author":[{"embeddable":true,"href":"https:\/\/easybikerent.it\/fr\/wp-json\/wp\/v2\/users\/199"}],"replies":[{"embeddable":true,"href":"https:\/\/easybikerent.it\/fr\/wp-json\/wp\/v2\/comments?post=3790"}],"version-history":[{"count":30,"href":"https:\/\/easybikerent.it\/fr\/wp-json\/wp\/v2\/pages\/3790\/revisions"}],"predecessor-version":[{"id":5889,"href":"https:\/\/easybikerent.it\/fr\/wp-json\/wp\/v2\/pages\/3790\/revisions\/5889"}],"wp:attachment":[{"href":"https:\/\/easybikerent.it\/fr\/wp-json\/wp\/v2\/media?parent=3790"}],"curies":[{"name":"wp","href":"https:\/\/api.w.org\/{rel}","templated":true}]}}