{"id":3799,"date":"2023-05-23T16:13:05","date_gmt":"2023-05-23T14:13:05","guid":{"rendered":"https:\/\/easybikerent.it\/?page_id=3799"},"modified":"2026-01-09T15:20:08","modified_gmt":"2026-01-09T14:20:08","slug":"family-bikes","status":"publish","type":"page","link":"https:\/\/easybikerent.it\/fr\/family-bikes\/","title":{"rendered":"VELOS POUR FAMILLES"},"content":{"rendered":"<div data-elementor-type=\"wp-page\" data-elementor-id=\"3799\" class=\"elementor elementor-3799\" data-elementor-post-type=\"page\">\n\t\t\t\t\t\t<section class=\"elementor-section elementor-top-section elementor-element elementor-element-5898694d elementor-section-boxed elementor-section-height-default elementor-section-height-default\" data-id=\"5898694d\" data-element_type=\"section\">\n\t\t\t\t\t\t<div class=\"elementor-container elementor-column-gap-default\">\n\t\t\t\t\t<div class=\"elementor-column elementor-col-100 elementor-top-column elementor-element elementor-element-3de8c5e2\" data-id=\"3de8c5e2\" data-element_type=\"column\">\n\t\t\t<div class=\"elementor-widget-wrap elementor-element-populated\">\n\t\t\t\t\t\t<div class=\"elementor-element elementor-element-59f52977 elementor-widget elementor-widget-text-editor\" data-id=\"59f52977\" data-element_type=\"widget\" data-widget_type=\"text-editor.default\">\n\t\t\t\t<div class=\"elementor-widget-container\">\n\t\t\t\t\t\t\t\t\t<code><div class=\"woocommerce columns-3\"><ul class=\"products columns-3\">\n<li class=\"product type-product post-895 status-publish first instock product_cat-bici-per-famiglie product_cat-easybikerent-it-ebike-tours-rome product_cat-family-bikes product_cat-our-vehicles product_tag-easy product_tag-ebike product_tag-eco product_tag-family product_tag-hire-e-bike-for-two-children-in-rome product_tag-ladies product_tag-long-tail-e-bike-for-hire-in-rome has-post-thumbnail purchasable product-type-redq_rental\">\n\t<a href=\"https:\/\/easybikerent.it\/fr\/prodotto\/rent-a-longtail-cargo-bike\/\" class=\"woocommerce-LoopProduct-link woocommerce-loop-product__link\"><img fetchpriority=\"high\" decoding=\"async\" width=\"300\" height=\"225\" src=\"https:\/\/easybikerent.it\/wp-content\/uploads\/WhatsApp-Image-2023-03-21-at-11.33.18-4-e1689524458464-300x225.jpeg\" class=\"attachment-woocommerce_thumbnail size-woocommerce_thumbnail\" alt=\"Long tail cargo electric bike.\" srcset=\"https:\/\/easybikerent.it\/wp-content\/uploads\/\/WhatsApp-Image-2023-03-21-at-11.33.18-4-e1689524458464-300x225.jpeg 300w, https:\/\/easybikerent.it\/wp-content\/uploads\/\/WhatsApp-Image-2023-03-21-at-11.33.18-4-e1689524458464-800x600.jpeg 800w, https:\/\/easybikerent.it\/wp-content\/uploads\/\/WhatsApp-Image-2023-03-21-at-11.33.18-4-e1689524458464.jpeg 1024w\" sizes=\"(max-width: 300px) 100vw, 300px\" \/><h2 class=\"woocommerce-loop-product__title\">V\u00e9lo cargo longtail<\/h2>\n\t<span class=\"price\"><span class=\"amount rnb_price_unit_895\"> From <span class=\"woocommerce-Price-amount amount\"><bdi>40&nbsp;<span class=\"woocommerce-Price-currencySymbol\">\u20ac<\/span><\/bdi><\/span>\/ Jour<\/span><\/span>\n<\/a><\/li>\n<li class=\"product type-product post-189 status-publish instock product_cat-family-bikes product_cat-our-vehicles product_tag-babboe-for-rent-in-rome product_tag-cargo-bike product_tag-cargo-bike-for-rent-in-rome product_tag-easy product_tag-ebike product_tag-eco product_tag-family product_tag-hire-a-cargo-bike-in-rome product_tag-hire-a-family-bike-in-rome has-post-thumbnail virtual purchasable product-type-redq_rental\">\n\t<a href=\"https:\/\/easybikerent.it\/fr\/prodotto\/family-cargo-e-bike-kids-love-it\/\" class=\"woocommerce-LoopProduct-link woocommerce-loop-product__link\"><img decoding=\"async\" width=\"300\" height=\"205\" src=\"https:\/\/easybikerent.it\/wp-content\/uploads\/Babboe-Curve-E-300x205.jpg\" class=\"attachment-woocommerce_thumbnail size-woocommerce_thumbnail\" alt=\"A Babboe Curve-e Family Cargo e-Bike.\" srcset=\"https:\/\/easybikerent.it\/wp-content\/uploads\/\/Babboe-Curve-E-300x205.jpg 300w, https:\/\/easybikerent.it\/wp-content\/uploads\/\/Babboe-Curve-E.jpg 765w\" sizes=\"(max-width: 300px) 100vw, 300px\" \/><h2 class=\"woocommerce-loop-product__title\">V\u00e9lo Cargo \u00e9lectrique familiaux<\/h2>\n\t<span class=\"price\"><span class=\"amount rnb_price_unit_189\"> From <span class=\"woocommerce-Price-amount amount\"><bdi>40&nbsp;<span class=\"woocommerce-Price-currencySymbol\">\u20ac<\/span><\/bdi><\/span>\/ Jour<\/span><\/span>\n<\/a><\/li>\n<li class=\"product type-product post-1358 status-publish last instock product_cat-bicycles product_cat-family-bikes product_cat-our-vehicles product_tag-appian-way-with-kids product_tag-bike-hire-for-kids product_tag-easy product_tag-eco product_tag-kids-bikes has-post-thumbnail purchasable product-type-redq_rental\">\n\t<a href=\"https:\/\/easybikerent.it\/fr\/prodotto\/kids-bike-focus-their-energy\/\" class=\"woocommerce-LoopProduct-link woocommerce-loop-product__link\"><img decoding=\"async\" width=\"300\" height=\"205\" src=\"https:\/\/easybikerent.it\/wp-content\/uploads\/Kids-Bike-Tunnel-Uphill-300x205.jpg\" class=\"attachment-woocommerce_thumbnail size-woocommerce_thumbnail\" alt=\"A Kids Bike in front of a tunnel on slightly uphill terrain.\" srcset=\"https:\/\/easybikerent.it\/wp-content\/uploads\/\/Kids-Bike-Tunnel-Uphill-300x205.jpg 300w, https:\/\/easybikerent.it\/wp-content\/uploads\/\/Kids-Bike-Tunnel-Uphill.jpg 800w\" sizes=\"(max-width: 300px) 100vw, 300px\" \/><h2 class=\"woocommerce-loop-product__title\">V\u00e9los pour enfants<\/h2>\n\t<span class=\"price\"><span class=\"amount rnb_price_unit_1358\"> From <span class=\"woocommerce-Price-amount amount\"><bdi>9&nbsp;<span class=\"woocommerce-Price-currencySymbol\">\u20ac<\/span><\/bdi><\/span>\/ Jour<\/span><\/span>\n<\/a><\/li>\n<li class=\"product type-product post-1661 status-publish first instock product_cat-hire-e-bikes-electric-bicycles product_cat-family-bikes product_cat-our-vehicles product_tag-easy product_tag-ebike product_tag-eco product_tag-electric-bike-for-kids product_tag-kids-e-bike has-post-thumbnail virtual purchasable product-type-redq_rental\">\n\t<a href=\"https:\/\/easybikerent.it\/fr\/prodotto\/rent-kids-electric-bikes\/\" class=\"woocommerce-LoopProduct-link woocommerce-loop-product__link\"><img loading=\"lazy\" decoding=\"async\" width=\"300\" height=\"205\" src=\"https:\/\/easybikerent.it\/wp-content\/uploads\/E-garda-kids-e-bike-300x205.jpg\" class=\"attachment-woocommerce_thumbnail size-woocommerce_thumbnail\" alt=\"Rent Kids Electric Bikes from Easy Bike Rent Rome\" srcset=\"https:\/\/easybikerent.it\/wp-content\/uploads\/\/E-garda-kids-e-bike-300x205.jpg 300w, https:\/\/easybikerent.it\/wp-content\/uploads\/\/E-garda-kids-e-bike.jpg 765w\" sizes=\"(max-width: 300px) 100vw, 300px\" \/><h2 class=\"woocommerce-loop-product__title\">V\u00e9los \u00e9lectriques pour enfants<\/h2>\n\t<span class=\"price\"><span class=\"amount rnb_price_unit_1661\"> From <span class=\"woocommerce-Price-amount amount\"><bdi>17&nbsp;<span class=\"woocommerce-Price-currencySymbol\">\u20ac<\/span><\/bdi><\/span>\/ Jour<\/span><\/span>\n<\/a><\/li>\n<\/ul>\n<\/div><\/code>\t\t\t\t\t\t\t\t<\/div>\n\t\t\t\t<\/div>\n\t\t\t\t\t<\/div>\n\t\t<\/div>\n\t\t\t\t\t<\/div>\n\t\t<\/section>\n\t\t\t\t<section class=\"elementor-section elementor-top-section elementor-element elementor-element-1ed544b elementor-section-boxed elementor-section-height-default elementor-section-height-default\" data-id=\"1ed544b\" data-element_type=\"section\">\n\t\t\t\t\t\t<div class=\"elementor-container elementor-column-gap-default\">\n\t\t\t\t\t<div class=\"elementor-column elementor-col-100 elementor-top-column elementor-element elementor-element-e2ece3a\" data-id=\"e2ece3a\" data-element_type=\"column\">\n\t\t\t<div class=\"elementor-widget-wrap elementor-element-populated\">\n\t\t\t\t\t\t<div class=\"elementor-element elementor-element-453c557 elementor-widget elementor-widget-text-editor\" data-id=\"453c557\" data-element_type=\"widget\" data-widget_type=\"text-editor.default\">\n\t\t\t\t<div class=\"elementor-widget-container\">\n\t\t\t\t\t\t\t\t\t<div style=\"font-family: 'Roboto', sans-serif; font-size: 17px; line-height: 1.6; color: #333;\"><h1 style=\"text-align: center; font-family: 'Roboto', sans-serif;\"><strong>V\u00e9los familiaux<\/strong><\/h1><p style=\"text-align: left;\">Rendez votre aventure en famille \u00e0 Rome inoubliable gr\u00e2ce \u00e0 notre s\u00e9lection de v\u00e9los confortables, s\u00fbrs et faciles \u00e0 conduire. Que vous exploriez les parcs, traversiez le centre historique ou profitiez d\u2019une balade d\u00e9tendue le long des pistes cyclables de Rome, nous avons le v\u00e9lo id\u00e9al pour chaque \u00e2ge et chaque famille.<\/p><h2 style=\"font-family: 'Roboto', sans-serif; font-size: 20px; margin-top: 20px;\"><strong>Babboe cargo bike<\/strong><\/h2><p style=\"text-align: left;\">Notre Babboe cargo bike est le choix id\u00e9al pour les familles avec de jeunes enfants qui souhaitent voyager ensemble en toute commodit\u00e9. Le grand bac avant permet aux enfants de s\u2019asseoir en toute s\u00e9curit\u00e9 et de profiter de la vue, tandis que les parents p\u00e9dalent sans effort. Elle est parfaite pour les balades en ville, dans les parcs et sur les pistes cyclables tranquilles.<br \/><br \/><strong>Important:<\/strong> En raison du terrain irr\u00e9gulier et des pav\u00e9s, la Babboe n\u2019est pas recommand\u00e9e sur la Via Appia au\u2011del\u00e0 du Mausol\u00e9e de C\u00e9cilia Metella.<\/p><h2 style=\"font-family: 'Roboto', sans-serif; font-size: 20px; margin-top: 20px;\"><strong>Longtail v\u00e9lo familial<\/strong><\/h2><p style=\"text-align: left;\">Si vous avez besoin de plus d\u2019espace sans sacrifier l\u2019agilit\u00e9, notre v\u00e9lo familial longtail est la solution id\u00e9ale. Con\u00e7u pour transporter confortablement un ou deux enfants, il offre un excellent \u00e9quilibre, une conduite fluide et la libert\u00e9 d\u2019explorer Rome en toute simplicit\u00e9. Parfait pour les trajets plus longs et les familles qui recherchent flexibilit\u00e9 et confort dans un seul v\u00e9lo.<\/p><h2 style=\"font-family: 'Roboto', sans-serif; font-size: 20px; margin-top: 20px;\"><strong>V\u00e9los pour enfants<\/strong><\/h2><p style=\"text-align: left;\">Laissez vos enfants profiter de la balade avec nos v\u00e9los pour enfants, l\u00e9gers et faciles \u00e0 manier. Disponibles en diff\u00e9rentes tailles, ils sont parfaits pour les jeunes cyclistes qui souhaitent explorer Rome en toute s\u00e9curit\u00e9 tout en restant proches de leur famille. Une excellente option pour les trajets courts, les parcs et les itin\u00e9raires familiaux.<\/p><h2 style=\"font-family: 'Roboto', sans-serif; font-size: 20px; margin-top: 20px;\"><strong>E\u2011bike 24\u201d pour enfants<\/strong><\/h2><p style=\"text-align: left;\">Pour les enfants plus \u00e2g\u00e9s qui veulent suivre le rythme sans effort, notre e\u2011bike 24 pouces pour enfants offre le m\u00e9lange id\u00e9al d\u2019ind\u00e9pendance et de soutien. Gr\u00e2ce \u00e0 l\u2019assistance au p\u00e9dalage et \u00e0 un cadre confortable, elle permet aux jeunes cyclistes de profiter de trajets plus longs et de petites mont\u00e9es sans se fatiguer.<\/p><p style=\"text-align: left; font-size: 18px; margin-top: 25px;\"><strong>Choisissez le v\u00e9lo familial id\u00e9al et profitez d\u2019une exp\u00e9rience de cyclisme fluide, s\u00fbre et agr\u00e9able \u00e0 Rome \u2014 la meilleure fa\u00e7on de d\u00e9couvrir la ville ensemble.<\/strong><\/p><\/div>\t\t\t\t\t\t\t\t<\/div>\n\t\t\t\t<\/div>\n\t\t\t\t\t<\/div>\n\t\t<\/div>\n\t\t\t\t\t<\/div>\n\t\t<\/section>\n\t\t\t\t<\/div>","protected":false},"excerpt":{"rendered":"<p>Family Bikes Make your family adventure in Rome unforgettable with our selection of comfortable, safe, and easy-to-ride family bikes. Whether you&#8217;re exploring parks, cruising through the historic center, or enjoying a relaxing ride along Rome\u2019s cycle paths, we have the perfect bike for every age and family size. Babboe Cargo Bike Our Babboe cargo bike [&hellip;]<\/p>","protected":false},"author":199,"featured_media":0,"parent":0,"menu_order":0,"comment_status":"closed","ping_status":"closed","template":"","meta":{"footnotes":""},"class_list":["post-3799","page","type-page","status-publish","hentry"],"_links":{"self":[{"href":"https:\/\/easybikerent.it\/fr\/wp-json\/wp\/v2\/pages\/3799","targetHints":{"allow":["GET"]}}],"collection":[{"href":"https:\/\/easybikerent.it\/fr\/wp-json\/wp\/v2\/pages"}],"about":[{"href":"https:\/\/easybikerent.it\/fr\/wp-json\/wp\/v2\/types\/page"}],"author":[{"embeddable":true,"href":"https:\/\/easybikerent.it\/fr\/wp-json\/wp\/v2\/users\/199"}],"replies":[{"embeddable":true,"href":"https:\/\/easybikerent.it\/fr\/wp-json\/wp\/v2\/comments?post=3799"}],"version-history":[{"count":8,"href":"https:\/\/easybikerent.it\/fr\/wp-json\/wp\/v2\/pages\/3799\/revisions"}],"predecessor-version":[{"id":5899,"href":"https:\/\/easybikerent.it\/fr\/wp-json\/wp\/v2\/pages\/3799\/revisions\/5899"}],"wp:attachment":[{"href":"https:\/\/easybikerent.it\/fr\/wp-json\/wp\/v2\/media?parent=3799"}],"curies":[{"name":"wp","href":"https:\/\/api.w.org\/{rel}","templated":true}]}}