{"id":3813,"date":"2023-05-24T11:14:57","date_gmt":"2023-05-24T09:14:57","guid":{"rendered":"https:\/\/easybikerent.it\/?page_id=3813"},"modified":"2026-01-09T15:49:52","modified_gmt":"2026-01-09T14:49:52","slug":"rent-push-bicycles","status":"publish","type":"page","link":"https:\/\/easybikerent.it\/fr\/rent-push-bicycles\/","title":{"rendered":"Rent push bicycles"},"content":{"rendered":"<div data-elementor-type=\"wp-page\" data-elementor-id=\"3813\" class=\"elementor elementor-3813\" data-elementor-post-type=\"page\">\n\t\t\t\t\t\t<section class=\"elementor-section elementor-top-section elementor-element elementor-element-1dc3a762 elementor-section-boxed elementor-section-height-default elementor-section-height-default\" data-id=\"1dc3a762\" data-element_type=\"section\">\n\t\t\t\t\t\t<div class=\"elementor-container elementor-column-gap-default\">\n\t\t\t\t\t<div class=\"elementor-column elementor-col-100 elementor-top-column elementor-element elementor-element-393eddff\" data-id=\"393eddff\" data-element_type=\"column\">\n\t\t\t<div class=\"elementor-widget-wrap elementor-element-populated\">\n\t\t\t\t\t\t<div class=\"elementor-element elementor-element-1ff582ba elementor-widget elementor-widget-shortcode\" data-id=\"1ff582ba\" data-element_type=\"widget\" data-widget_type=\"shortcode.default\">\n\t\t\t\t<div class=\"elementor-widget-container\">\n\t\t\t\t\t\t\t<div class=\"elementor-shortcode\"><div class=\"woocommerce columns-3\"><ul class=\"products columns-3\">\n<li class=\"product type-product post-699 status-publish first instock product_cat-bicycles product_cat-our-vehicles product_tag-bicycle-for-rent product_tag-bike-hire-in-rome product_tag-bikes-with-a-basket product_tag-city-bikes-in-rome product_tag-eco product_tag-ladies-bikes-for-rent-in-rome has-post-thumbnail purchasable product-type-redq_rental\">\n\t<a href=\"https:\/\/easybikerent.it\/fr\/prodotto\/rent-a-trekking-or-a-city-bike\/\" class=\"woocommerce-LoopProduct-link woocommerce-loop-product__link\"><img fetchpriority=\"high\" decoding=\"async\" width=\"300\" height=\"205\" src=\"https:\/\/easybikerent.it\/wp-content\/uploads\/Lombardo-Diamante-Trekking-Bike-Palatine-Hill-Rome-Daytime-e1524302650947-300x205.jpg\" class=\"attachment-woocommerce_thumbnail size-woocommerce_thumbnail\" alt=\"Rent a Trekking or a City Bike from Easy Bike Rent Rome\" srcset=\"https:\/\/easybikerent.it\/wp-content\/uploads\/\/Lombardo-Diamante-Trekking-Bike-Palatine-Hill-Rome-Daytime-e1524302650947-300x205.jpg 300w, https:\/\/easybikerent.it\/wp-content\/uploads\/\/Lombardo-Diamante-Trekking-Bike-Palatine-Hill-Rome-Daytime-e1524302650947.jpg 800w\" sizes=\"(max-width: 300px) 100vw, 300px\" \/><h2 class=\"woocommerce-loop-product__title\">V\u00e9los Trekking ou City<\/h2>\n\t<span class=\"price\"><span class=\"amount rnb_price_unit_699\"> From <span class=\"woocommerce-Price-amount amount\"><bdi>12&nbsp;<span class=\"woocommerce-Price-currencySymbol\">\u20ac<\/span><\/bdi><\/span>\/ Jour<\/span><\/span>\n<\/a><\/li>\n<li class=\"product type-product post-4065 status-publish instock product_cat-bicycles product_cat-our-vehicles product_tag-easy product_tag-eco product_tag-gravel-bike-in-rome product_tag-high-quality-gravel-bike product_tag-rent-a-gravel-bike-in-rome product_tag-visit-the-appian-way-without-a-guide has-post-thumbnail purchasable product-type-redq_rental\">\n\t<a href=\"https:\/\/easybikerent.it\/fr\/prodotto\/gravel-bikes\/\" class=\"woocommerce-LoopProduct-link woocommerce-loop-product__link\"><img decoding=\"async\" width=\"300\" height=\"225\" src=\"https:\/\/easybikerent.it\/wp-content\/uploads\/WhatsApp-Image-2023-03-15-at-12.14.33-e1689524293114-300x225.jpeg\" class=\"attachment-woocommerce_thumbnail size-woocommerce_thumbnail\" alt=\"Gravel Bike for Rent in Rome\" srcset=\"https:\/\/easybikerent.it\/wp-content\/uploads\/\/WhatsApp-Image-2023-03-15-at-12.14.33-e1689524293114-300x225.jpeg 300w, https:\/\/easybikerent.it\/wp-content\/uploads\/\/WhatsApp-Image-2023-03-15-at-12.14.33-e1689524293114-800x600.jpeg 800w, https:\/\/easybikerent.it\/wp-content\/uploads\/\/WhatsApp-Image-2023-03-15-at-12.14.33-e1689524293114.jpeg 2048w\" sizes=\"(max-width: 300px) 100vw, 300px\" \/><h2 class=\"woocommerce-loop-product__title\">V\u00e9los Gravel<\/h2>\n\t<span class=\"price\"><span class=\"amount rnb_price_unit_4065\"> From <span class=\"woocommerce-Price-amount amount\"><bdi>17&nbsp;<span class=\"woocommerce-Price-currencySymbol\">\u20ac<\/span><\/bdi><\/span>\/ Jour<\/span><\/span>\n<\/a><\/li>\n<li class=\"product type-product post-4061 status-publish last instock product_cat-bicycles product_cat-our-vehicles product_tag-appian-way-by-mountain-bike product_tag-easy product_tag-eco product_tag-family product_tag-hire-a-mountain-bike-in-rome product_tag-mountain-bikes-in-rome has-post-thumbnail purchasable product-type-redq_rental\">\n\t<a href=\"https:\/\/easybikerent.it\/fr\/prodotto\/mountain-bike-rugged-sporty\/\" class=\"woocommerce-LoopProduct-link woocommerce-loop-product__link\"><img decoding=\"async\" width=\"300\" height=\"205\" src=\"https:\/\/easybikerent.it\/wp-content\/uploads\/Sestriere-scala-300x205.jpg\" class=\"attachment-woocommerce_thumbnail size-woocommerce_thumbnail\" alt=\"An Easy Bike Rent Mountain Bike with a typical vintage staircase in the background.\" srcset=\"https:\/\/easybikerent.it\/wp-content\/uploads\/\/Sestriere-scala-300x205.jpg 300w, https:\/\/easybikerent.it\/wp-content\/uploads\/\/Sestriere-scala.jpg 800w\" sizes=\"(max-width: 300px) 100vw, 300px\" \/><h2 class=\"woocommerce-loop-product__title\">VTT \u2013 V\u00e9los Tout\u2011Terrain<\/h2>\n\t<span class=\"price\"><span class=\"amount rnb_price_unit_4061\"> From <span class=\"woocommerce-Price-amount amount\"><bdi>12&nbsp;<span class=\"woocommerce-Price-currencySymbol\">\u20ac<\/span><\/bdi><\/span>\/ Jour<\/span><\/span>\n<\/a><\/li>\n<li class=\"product type-product post-4062 status-publish first instock product_cat-bicycles product_cat-our-vehicles product_tag-eco product_tag-family product_tag-good-quality-mountain-bike product_tag-high-perfomances-mountain-bike product_tag-rent-a-high-quality-mountain-bike-in-rome product_tag-rent-a-mountain-bike-in-rome product_tag-visit-the-appian-way-without-a-guide has-post-thumbnail purchasable product-type-redq_rental\">\n\t<a href=\"https:\/\/easybikerent.it\/fr\/prodotto\/mountain-bikes-plus\/\" class=\"woocommerce-LoopProduct-link woocommerce-loop-product__link\"><img loading=\"lazy\" decoding=\"async\" width=\"300\" height=\"225\" src=\"https:\/\/easybikerent.it\/wp-content\/uploads\/WhatsApp-Image-2023-03-15-at-12.39.48-1-e1689524359937-300x225.jpeg\" class=\"attachment-woocommerce_thumbnail size-woocommerce_thumbnail\" alt=\"High quality mountain bike\" srcset=\"https:\/\/easybikerent.it\/wp-content\/uploads\/\/WhatsApp-Image-2023-03-15-at-12.39.48-1-e1689524359937-300x225.jpeg 300w, https:\/\/easybikerent.it\/wp-content\/uploads\/\/WhatsApp-Image-2023-03-15-at-12.39.48-1-e1689524359937-800x600.jpeg 800w, https:\/\/easybikerent.it\/wp-content\/uploads\/\/WhatsApp-Image-2023-03-15-at-12.39.48-1-e1689524359937.jpeg 1024w\" sizes=\"(max-width: 300px) 100vw, 300px\" \/><h2 class=\"woocommerce-loop-product__title\">Mountain Bike Plus<\/h2>\n\t<span class=\"price\"><span class=\"amount rnb_price_unit_4062\"> From <span class=\"woocommerce-Price-amount amount\"><bdi>17&nbsp;<span class=\"woocommerce-Price-currencySymbol\">\u20ac<\/span><\/bdi><\/span>\/ Jour<\/span><\/span>\n<\/a><\/li>\n<li class=\"product type-product post-1358 status-publish instock product_cat-bicycles product_cat-family-bikes product_cat-our-vehicles product_tag-appian-way-with-kids product_tag-bike-hire-for-kids product_tag-easy product_tag-eco product_tag-kids-bikes has-post-thumbnail purchasable product-type-redq_rental\">\n\t<a href=\"https:\/\/easybikerent.it\/fr\/prodotto\/kids-bike-focus-their-energy\/\" class=\"woocommerce-LoopProduct-link woocommerce-loop-product__link\"><img loading=\"lazy\" decoding=\"async\" width=\"300\" height=\"205\" src=\"https:\/\/easybikerent.it\/wp-content\/uploads\/Kids-Bike-Tunnel-Uphill-300x205.jpg\" class=\"attachment-woocommerce_thumbnail size-woocommerce_thumbnail\" alt=\"A Kids Bike in front of a tunnel on slightly uphill terrain.\" srcset=\"https:\/\/easybikerent.it\/wp-content\/uploads\/\/Kids-Bike-Tunnel-Uphill-300x205.jpg 300w, https:\/\/easybikerent.it\/wp-content\/uploads\/\/Kids-Bike-Tunnel-Uphill.jpg 800w\" sizes=\"(max-width: 300px) 100vw, 300px\" \/><h2 class=\"woocommerce-loop-product__title\">V\u00e9los pour enfants<\/h2>\n\t<span class=\"price\"><span class=\"amount rnb_price_unit_1358\"> From <span class=\"woocommerce-Price-amount amount\"><bdi>9&nbsp;<span class=\"woocommerce-Price-currencySymbol\">\u20ac<\/span><\/bdi><\/span>\/ Jour<\/span><\/span>\n<\/a><\/li>\n<\/ul>\n<\/div><\/div>\n\t\t\t\t\t\t<\/div>\n\t\t\t\t<\/div>\n\t\t\t\t\t<\/div>\n\t\t<\/div>\n\t\t\t\t\t<\/div>\n\t\t<\/section>\n\t\t\t\t<section class=\"elementor-section elementor-top-section elementor-element elementor-element-7ea6262 elementor-section-boxed elementor-section-height-default elementor-section-height-default\" data-id=\"7ea6262\" data-element_type=\"section\">\n\t\t\t\t\t\t<div class=\"elementor-container elementor-column-gap-default\">\n\t\t\t\t\t<div class=\"elementor-column elementor-col-100 elementor-top-column elementor-element elementor-element-94fc874\" data-id=\"94fc874\" data-element_type=\"column\">\n\t\t\t<div class=\"elementor-widget-wrap elementor-element-populated\">\n\t\t\t\t\t\t<div class=\"elementor-element elementor-element-c0231b5 elementor-widget elementor-widget-text-editor\" data-id=\"c0231b5\" data-element_type=\"widget\" data-widget_type=\"text-editor.default\">\n\t\t\t\t<div class=\"elementor-widget-container\">\n\t\t\t\t\t\t\t\t\t<div style=\"font-family: 'Roboto', sans-serif; font-size: 17px; line-height: 1.6; color: #333;\"><h1 style=\"text-align: center; font-family: 'Roboto', sans-serif;\"><strong>V\u00c9LOS CLASSIQUES<\/strong><\/h1><p style=\"text-align: left;\">D\u00e9couvrez Rome de mani\u00e8re authentique gr\u00e2ce \u00e0 notre s\u00e9lection de v\u00e9los de haute qualit\u00e9. Parfaits pour les voyageurs en qu\u00eate d\u2019une exp\u00e9rience active, \u00e9cologique et immersive, nos v\u00e9los offrent l\u2019\u00e9quilibre id\u00e9al entre confort, performance et libert\u00e9. Choisissez parmi des v\u00e9los de ville, des gravel polyvalents et des VTT puissants \u2014 dont notre MTB Plus premium, con\u00e7ue pour offrir une stabilit\u00e9 et un contr\u00f4le maximum.<\/p><h2 style=\"font-family: 'Roboto', sans-serif; font-size: 20px; margin-top: 20px;\"><strong>Le point de d\u00e9part parfait<\/strong><\/h2><p style=\"text-align: left;\">Louer chez nous signifie commencer votre aventure imm\u00e9diatement. Notre boutique se trouve \u00e0 quelques pas de la piste cyclable menant directement \u00e0 la Via Appia et tout aussi proche de la piste cyclable du Tibre. Pas de circulation, pas de stress \u2014 r\u00e9cup\u00e9rez simplement votre v\u00e9lo et commencez \u00e0 explorer les itin\u00e9raires les plus embl\u00e9matiques de Rome en quelques minutes.<\/p><h2 style=\"font-family: 'Roboto', sans-serif; font-size: 20px; margin-top: 20px;\"><strong>Id\u00e9al pour la Via Appia<\/strong><\/h2><p style=\"text-align: left;\">Si vous pr\u00e9voyez de parcourir l\u2019Ancienne Voie Appienne, nos mountain bikes sont le meilleur choix. Les pav\u00e9s historiques et les terrains irr\u00e9guliers sont bien plus agr\u00e9ables avec un v\u00e9lo con\u00e7u pour offrir traction, confort et durabilit\u00e9. Pour une exp\u00e9rience optimale, nous recommandons le MTB Plus \u2014 notre mod\u00e8le haut de gamme pour les cyclistes recherchant des performances sup\u00e9rieures sur des terrains mixtes et off\u2011road.<\/p><h2 style=\"font-family: 'Roboto', sans-serif; font-size: 20px; margin-top: 20px;\"><strong>Gravel bikes pour les cyclistes longue distance<\/strong><\/h2><p style=\"text-align: left;\">Nos gravel bikes sont le choix id\u00e9al pour les cyclistes exp\u00e9riment\u00e9s souhaitant parcourir de longues distances avec vitesse, confort et polyvalence. Con\u00e7ues pour l\u2019endurance et les terrains vari\u00e9s, elles sont parfaites pour ceux qui veulent d\u00e9passer les limites de la ville et profiter d\u2019aventures d\u2019une journ\u00e9e enti\u00e8re. L\u2019un des itin\u00e9raires les plus appr\u00e9ci\u00e9s est la balade panoramique jusqu\u2019\u00e0 Fiumicino, en suivant la piste cyclable du Tibre jusqu\u2019\u00e0 la c\u00f4te \u2014 un parcours fluide, magnifique et gratifiant que les gravel bikes ma\u00eetrisent sans difficult\u00e9.<\/p><h2 style=\"font-family: 'Roboto', sans-serif; font-size: 20px; margin-top: 20px;\"><strong>Choisissez votre aventure<\/strong><\/h2><p style=\"text-align: left;\">Que vous pr\u00e9f\u00e9riez une balade d\u00e9tendue en ville, un parcours off\u2011road exigeant ou un trajet longue distance, nos v\u00e9los vous offrent la libert\u00e9 d\u2019explorer Rome comme vous le souhaitez. Solides, fiables et confortables, ils sont le choix id\u00e9al pour les voyageurs en qu\u00eate d\u2019une exp\u00e9rience cycliste authentique.<\/p><p style=\"text-align: left; font-size: 18px; margin-top: 25px;\"><strong>Choisissez le v\u00e9lo parfait et profitez de Rome avec puissance, confort et une totale ind\u00e9pendance.<\/strong><\/p><\/div>\t\t\t\t\t\t\t\t<\/div>\n\t\t\t\t<\/div>\n\t\t\t\t\t<\/div>\n\t\t<\/div>\n\t\t\t\t\t<\/div>\n\t\t<\/section>\n\t\t\t\t<\/div>","protected":false},"excerpt":{"rendered":"<p>Push Bikes Discover Rome the authentic way with our selection of high\u2011quality muscle bikes. Perfect for travelers who want an active, eco\u2011friendly, and immersive experience, our push bikes offer the ideal balance of comfort, performance, and freedom. Choose from smooth city bikes, versatile gravel bikes, and powerful mountain bikes \u2014 including our premium MTB Plus, [&hellip;]<\/p>","protected":false},"author":1,"featured_media":0,"parent":0,"menu_order":0,"comment_status":"closed","ping_status":"closed","template":"","meta":{"footnotes":""},"class_list":["post-3813","page","type-page","status-publish","hentry"],"_links":{"self":[{"href":"https:\/\/easybikerent.it\/fr\/wp-json\/wp\/v2\/pages\/3813","targetHints":{"allow":["GET"]}}],"collection":[{"href":"https:\/\/easybikerent.it\/fr\/wp-json\/wp\/v2\/pages"}],"about":[{"href":"https:\/\/easybikerent.it\/fr\/wp-json\/wp\/v2\/types\/page"}],"author":[{"embeddable":true,"href":"https:\/\/easybikerent.it\/fr\/wp-json\/wp\/v2\/users\/1"}],"replies":[{"embeddable":true,"href":"https:\/\/easybikerent.it\/fr\/wp-json\/wp\/v2\/comments?post=3813"}],"version-history":[{"count":25,"href":"https:\/\/easybikerent.it\/fr\/wp-json\/wp\/v2\/pages\/3813\/revisions"}],"predecessor-version":[{"id":5831,"href":"https:\/\/easybikerent.it\/fr\/wp-json\/wp\/v2\/pages\/3813\/revisions\/5831"}],"wp:attachment":[{"href":"https:\/\/easybikerent.it\/fr\/wp-json\/wp\/v2\/media?parent=3813"}],"curies":[{"name":"wp","href":"https:\/\/api.w.org\/{rel}","templated":true}]}}