{"id":5713,"date":"2025-12-27T16:09:57","date_gmt":"2025-12-27T15:09:57","guid":{"rendered":"https:\/\/easybikerent.it\/?page_id=5713"},"modified":"2026-03-12T12:37:58","modified_gmt":"2026-03-12T11:37:58","slug":"afret-dark-bike-adventures","status":"publish","type":"page","link":"https:\/\/easybikerent.it\/fr\/afret-dark-bike-adventures\/","title":{"rendered":"Aventures \u00e0 V\u00e9lo Apr\u00e8s la Tomb\u00e9e de la Nuit"},"content":{"rendered":"<div data-elementor-type=\"wp-page\" data-elementor-id=\"5713\" class=\"elementor elementor-5713\" data-elementor-post-type=\"page\">\n\t\t\t\t\t\t<section class=\"elementor-section elementor-top-section elementor-element elementor-element-c790234 elementor-section-boxed elementor-section-height-default elementor-section-height-default\" data-id=\"c790234\" data-element_type=\"section\">\n\t\t\t\t\t\t<div class=\"elementor-container elementor-column-gap-default\">\n\t\t\t\t\t<div class=\"elementor-column elementor-col-100 elementor-top-column elementor-element elementor-element-60dddd1\" data-id=\"60dddd1\" data-element_type=\"column\">\n\t\t\t<div class=\"elementor-widget-wrap elementor-element-populated\">\n\t\t\t\t\t\t<div class=\"elementor-element elementor-element-38d2233 elementor-widget elementor-widget-text-editor\" data-id=\"38d2233\" data-element_type=\"widget\" data-widget_type=\"text-editor.default\">\n\t\t\t\t<div class=\"elementor-widget-container\">\n\t\t\t\t\t\t\t\t\t<p>Pagina Prova\u00a0<\/p><p>\u00a0<\/p>\t\t\t\t\t\t\t\t<\/div>\n\t\t\t\t<\/div>\n\t\t\t\t\t<\/div>\n\t\t<\/div>\n\t\t\t\t\t<\/div>\n\t\t<\/section>\n\t\t\t\t<section class=\"elementor-section elementor-top-section elementor-element elementor-element-bfa6e92 elementor-section-boxed elementor-section-height-default elementor-section-height-default\" data-id=\"bfa6e92\" data-element_type=\"section\">\n\t\t\t\t\t\t<div class=\"elementor-container elementor-column-gap-default\">\n\t\t\t\t\t<div class=\"elementor-column elementor-col-100 elementor-top-column elementor-element elementor-element-c06c194\" data-id=\"c06c194\" data-element_type=\"column\">\n\t\t\t<div class=\"elementor-widget-wrap elementor-element-populated\">\n\t\t\t\t\t\t<div class=\"elementor-element elementor-element-c06bc93 elementor-widget elementor-widget-shortcode\" data-id=\"c06bc93\" data-element_type=\"widget\" data-widget_type=\"shortcode.default\">\n\t\t\t\t<div class=\"elementor-widget-container\">\n\t\t\t\t\t\t\t<div class=\"elementor-shortcode\"><product-catalog-widget widget-id=\"4edaaee8-51c9-4f78-b09a-09a56f4a36d5\"><\/product-catalog-widget><script type=\"text\/javascript\" src=\"https:\/\/widgets.regiondo.net\/catalog\/v1\/catalog-widget.min.js\"><\/script><\/div>\n\t\t\t\t\t\t<\/div>\n\t\t\t\t<\/div>\n\t\t\t\t\t<\/div>\n\t\t<\/div>\n\t\t\t\t\t<\/div>\n\t\t<\/section>\n\t\t\t\t<section class=\"elementor-section elementor-top-section elementor-element elementor-element-159370f elementor-section-boxed elementor-section-height-default elementor-section-height-default\" data-id=\"159370f\" data-element_type=\"section\">\n\t\t\t\t\t\t<div class=\"elementor-container elementor-column-gap-default\">\n\t\t\t\t\t<div class=\"elementor-column elementor-col-100 elementor-top-column elementor-element elementor-element-1426462\" data-id=\"1426462\" data-element_type=\"column\">\n\t\t\t<div class=\"elementor-widget-wrap elementor-element-populated\">\n\t\t\t\t\t\t<div class=\"elementor-element elementor-element-17854f5 elementor-widget elementor-widget-text-editor\" data-id=\"17854f5\" data-element_type=\"widget\" data-widget_type=\"text-editor.default\">\n\t\t\t\t<div class=\"elementor-widget-container\">\n\t\t\t\t\t\t\t\t\t<div style=\"color: #000000; font-weight: bold; text-align: center; padding: 10px 0;\"><span style=\"font-size: 20px;\"><br \/>Book now and get <span style=\"text-decoration: underline;\">10% OFF<\/span><br \/>Enter coupon code: <strong style=\"color: #ff0000;\">EASY10<\/strong> at checkout.<br \/><\/span><\/div>\t\t\t\t\t\t\t\t<\/div>\n\t\t\t\t<\/div>\n\t\t\t\t\t<\/div>\n\t\t<\/div>\n\t\t\t\t\t<\/div>\n\t\t<\/section>\n\t\t\t\t<section class=\"elementor-section elementor-top-section elementor-element elementor-element-5608441 elementor-section-boxed elementor-section-height-default elementor-section-height-default\" data-id=\"5608441\" data-element_type=\"section\">\n\t\t\t\t\t\t<div class=\"elementor-container elementor-column-gap-default\">\n\t\t\t\t\t<div class=\"elementor-column elementor-col-100 elementor-top-column elementor-element elementor-element-611311e\" data-id=\"611311e\" data-element_type=\"column\">\n\t\t\t<div class=\"elementor-widget-wrap elementor-element-populated\">\n\t\t\t\t\t\t<div class=\"elementor-element elementor-element-07d5f40 elementor-widget elementor-widget-heading\" data-id=\"07d5f40\" data-element_type=\"widget\" data-widget_type=\"heading.default\">\n\t\t\t\t<div class=\"elementor-widget-container\">\n\t\t\t\t\t<h2 class=\"elementor-heading-title elementor-size-default\">Aventures \u00e0 V\u00e9lo Apr\u00e8s la Tomb\u00e9e de la Nuit<\/h2>\t\t\t\t<\/div>\n\t\t\t\t<\/div>\n\t\t\t\t<div class=\"elementor-element elementor-element-b04897a elementor-widget elementor-widget-text-editor\" data-id=\"b04897a\" data-element_type=\"widget\" data-widget_type=\"text-editor.default\">\n\t\t\t\t<div class=\"elementor-widget-container\">\n\t\t\t\t\t\t\t\t\t<div style=\"font-family: 'Roboto', sans-serif; font-size: 17px; line-height: 1.6; color: #333;\">\n<h2 style=\"font-family: 'Roboto', sans-serif; font-size: 24px; margin-bottom: 15px;\"><strong>Aventures \u00e0 V\u00e9lo Apr\u00e8s la Tomb\u00e9e de la Nuit \u2013 D\u00e9couvrez la Ville de Nuit<\/strong><\/h2>\n<p style=\"text-align: left;\">D\u00e9couvrez Rome de l\u2019une des mani\u00e8res les plus magiques qui soient : \u00e0 v\u00e9lo, apr\u00e8s le coucher du soleil. Nos After Dark Bike Adventures proposent des visites nocturnes guid\u00e9es et exclusives m\u00ealant atmosph\u00e8re, histoire et aventure pour une soir\u00e9e inoubliable dans la Ville \u00c9ternelle.<\/p>\n<p style=\"text-align: left;\">Rouler \u00e0 v\u00e9lo la nuit signifie des temp\u00e9ratures plus fra\u00eeches, des rues plus calmes et une connexion plus intime avec les monuments et les quartiers de Rome. Que vous d\u00e9couvriez des sites illumin\u00e9s ou que vous parcouriez d\u2019anciennes routes paisibles, ces visites r\u00e9v\u00e8lent une facette de la ville que les visiteurs de la journ\u00e9e voient rarement.<\/p>\n<p style=\"text-align: left; margin-top: 20px;\"><strong>Choisissez entre :<\/strong><\/p>\n\n<ul style=\"margin-left: 20px;\">\n \t<li style=\"margin-bottom: 10px;\"><strong>Visite Nocturne \u00e0 V\u00e9lo du Centre\u2011Ville \u2013<\/strong> D\u00e9couvrez les monuments les plus embl\u00e9matiques de Rome illumin\u00e9s sous le ciel nocturne. Avec des rues plus calmes et une atmosph\u00e8re d\u00e9tendue, cette visite offre un parcours fluide et panoramique au c\u0153ur de la ville.<\/li>\n \t<li style=\"margin-bottom: 10px;\"><strong>Visite Nocturne \u00e0 V\u00e9lo de la Via Appia Antica \u2013<\/strong> Une exp\u00e9rience vraiment unique le long de l\u2019ancienne Via Appia. Roulez \u00e0 travers le silence, la nature et l\u2019histoire, loin de la circulation et de la foule, et profitez de la beaut\u00e9 intemporelle de la campagne romaine apr\u00e8s la tomb\u00e9e de la nuit.<\/li>\n<\/ul>\n<p style=\"text-align: left;\">Toutes les visites sont men\u00e9es par des guides experts anglophones qui donnent vie aux histoires de Rome gr\u00e2ce \u00e0 des informations historiques, des l\u00e9gendes et des anecdotes locales. Pour un confort et une s\u00e9curit\u00e9 optimaux \u2014 notamment lors de la visite nocturne de la Via Appia \u2014 nous fournissons des phares de v\u00e9lo puissants, garantissant une conduite s\u00fbre m\u00eame dans les zones les plus sombres.<\/p>\n<p style=\"text-align: left;\">Que vous soyez un couple en qu\u00eate d\u2019une soir\u00e9e romantique, un voyageur solo \u00e0 la recherche de quelque chose d\u2019unique ou un petit groupe d\u2019aventuriers, les After Dark Bike Adventures offrent une mani\u00e8re m\u00e9morable, atmosph\u00e9rique et s\u00fbre d\u2019explorer Rome de nuit.<\/p>\n<p style=\"text-align: left; font-size: 18px; margin-top: 25px;\"><strong>R\u00e9servez votre visite nocturne \u00e0 v\u00e9lo et regardez la ville s\u2019animer apr\u00e8s la tomb\u00e9e de la nuit.<\/strong><\/p>\n\n<h2 style=\"font-size: 22px; margin-top: 45px;\"><strong>Questions Fr\u00e9quemment Pos\u00e9es<\/strong><\/h2>\n<div class=\"faq-section\" style=\"margin-top: 25px;\">\n<h3 style=\"font-size: 19px; margin-bottom: 5px;\"><strong>Les night bike tours sont\u2011ils s\u00fbrs\u202f?<\/strong><\/h3>\n<p style=\"margin-bottom: 20px;\" class=\"translation-block\">Oui. Nos After Dark Bike Adventures sont con\u00e7ues pour \u00eatre s\u00fbres et agr\u00e9ables. Nous roulons sur des rues calmes, des pistes cyclables et des itin\u00e9raires soigneusement s\u00e9lectionn\u00e9s avec une circulation r\u00e9duite. Tous les v\u00e9los sont \u00e9quip\u00e9s de <strong>phares avant et arri\u00e8re puissants<\/strong>, et nos guides experts garantissent une exp\u00e9rience fluide et en toute confiance tout au long du tour.<\/p>\n\n<h3 style=\"font-size: 19px; margin-bottom: 5px;\"><strong>La visite nocturne de la Via Appia convient\u2011elle \u00e0 tous les cyclistes\u202f?<\/strong><\/h3>\n<p style=\"margin-bottom: 20px;\" class=\"translation-block\">La visite nocturne de la Via Appia est recommand\u00e9e aux <strong>cyclistes ayant un minimum d\u2019exp\u00e9rience<\/strong>. Bien que l\u2019itin\u00e9raire soit magique et paisible apr\u00e8s la tomb\u00e9e de la nuit, certains passages comportent un terrain irr\u00e9gulier et des pierres basaltiques anciennes qui demandent une bonne ma\u00eetrise du v\u00e9lo. Les cyclistes confiants vivront une exp\u00e9rience inoubliable et tr\u00e8s enrichissante.<\/p>\n\n<h3><strong>Les visites ont\u2011elles lieu en cas de pluie\u202f?<\/strong><\/h3>\nOui, les visites ont lieu m\u00eame en cas de l\u00e9g\u00e8re pluie. En cas de mauvais temps important, nous reprogrammons ou remboursons.<\/p>\n\n<h3 style=\"font-size: 19px; margin-bottom: 5px;\"><strong>Dans quelle langue les visites sont\u2011elles effectu\u00e9es\u202f?<\/strong><\/h3>\n<p style=\"margin-bottom: 20px;\" class=\"translation-block\">Toutes nos visites en petits groupes sont men\u00e9es par des guides qui parlent couramment <strong>italien et anglais<\/strong>. De plus, chaque visite inclut une <strong>troisi\u00e8me langue<\/strong>, qui peut \u00eatre le n\u00e9erlandais, le fran\u00e7ais, l\u2019espagnol, l\u2019allemand ou le polonais. Nous s\u00e9lectionnons cette troisi\u00e8me langue en fonction de la <strong>premi\u00e8re r\u00e9servation de la journ\u00e9e<\/strong>, afin d\u2019offrir \u00e0 chaque groupe l\u2019exp\u00e9rience multilingue la mieux adapt\u00e9e.<\/p>\n\n<\/div>\n<\/div>\t\t\t\t\t\t\t\t<\/div>\n\t\t\t\t<\/div>\n\t\t\t\t\t<\/div>\n\t\t<\/div>\n\t\t\t\t\t<\/div>\n\t\t<\/section>\n\t\t\t\t<\/div>","protected":false},"excerpt":{"rendered":"<p>Pagina Prova\u00a0 \u00a0 Book now and get 10% OFFEnter coupon code: EASY10 at checkout. After dark Bike Adventures After Dark Bike Adventures \u2013 Discover the City by Night Experience Rome in one of the most magical ways possible: by bike, after sunset. Our After Dark Bike Adventures offer exclusive guided night tours that blend atmosphere, [&hellip;]<\/p>","protected":false},"author":285,"featured_media":0,"parent":0,"menu_order":0,"comment_status":"closed","ping_status":"closed","template":"","meta":{"footnotes":""},"class_list":["post-5713","page","type-page","status-publish","hentry"],"_links":{"self":[{"href":"https:\/\/easybikerent.it\/fr\/wp-json\/wp\/v2\/pages\/5713","targetHints":{"allow":["GET"]}}],"collection":[{"href":"https:\/\/easybikerent.it\/fr\/wp-json\/wp\/v2\/pages"}],"about":[{"href":"https:\/\/easybikerent.it\/fr\/wp-json\/wp\/v2\/types\/page"}],"author":[{"embeddable":true,"href":"https:\/\/easybikerent.it\/fr\/wp-json\/wp\/v2\/users\/285"}],"replies":[{"embeddable":true,"href":"https:\/\/easybikerent.it\/fr\/wp-json\/wp\/v2\/comments?post=5713"}],"version-history":[{"count":23,"href":"https:\/\/easybikerent.it\/fr\/wp-json\/wp\/v2\/pages\/5713\/revisions"}],"predecessor-version":[{"id":6163,"href":"https:\/\/easybikerent.it\/fr\/wp-json\/wp\/v2\/pages\/5713\/revisions\/6163"}],"wp:attachment":[{"href":"https:\/\/easybikerent.it\/fr\/wp-json\/wp\/v2\/media?parent=5713"}],"curies":[{"name":"wp","href":"https:\/\/api.w.org\/{rel}","templated":true}]}}