{"id":5762,"date":"2026-01-08T15:23:46","date_gmt":"2026-01-08T14:23:46","guid":{"rendered":"https:\/\/easybikerent.it\/?page_id=5762"},"modified":"2026-02-02T02:20:39","modified_gmt":"2026-02-02T01:20:39","slug":"exclusive-e-bike-tours","status":"publish","type":"page","link":"https:\/\/easybikerent.it\/fr\/exclusive-e-bike-tours\/","title":{"rendered":"Exclusive e-Bike Tours"},"content":{"rendered":"<div data-elementor-type=\"wp-page\" data-elementor-id=\"5762\" class=\"elementor elementor-5762\" data-elementor-post-type=\"page\">\n\t\t\t\t\t\t<section class=\"elementor-section elementor-top-section elementor-element elementor-element-6e30b29 elementor-section-boxed elementor-section-height-default elementor-section-height-default\" data-id=\"6e30b29\" data-element_type=\"section\">\n\t\t\t\t\t\t<div class=\"elementor-container elementor-column-gap-default\">\n\t\t\t\t\t<div class=\"elementor-column elementor-col-100 elementor-top-column elementor-element elementor-element-d9ae930\" data-id=\"d9ae930\" data-element_type=\"column\">\n\t\t\t<div class=\"elementor-widget-wrap elementor-element-populated\">\n\t\t\t\t\t\t<div class=\"elementor-element elementor-element-414ec66 elementor-widget elementor-widget-shortcode\" data-id=\"414ec66\" data-element_type=\"widget\" data-widget_type=\"shortcode.default\">\n\t\t\t\t<div class=\"elementor-widget-container\">\n\t\t\t\t\t\t\t<div class=\"elementor-shortcode\"><product-catalog-widget widget-id=\"5aa6afe5-c32a-4cf0-b111-66a4ee536b9a\"><\/product-catalog-widget><script type=\"text\/javascript\" src=\"https:\/\/widgets.regiondo.net\/catalog\/v1\/catalog-widget.min.js\"><\/script><\/div>\n\t\t\t\t\t\t<\/div>\n\t\t\t\t<\/div>\n\t\t\t\t<div class=\"elementor-element elementor-element-7e3e388 elementor-widget elementor-widget-text-editor\" data-id=\"7e3e388\" data-element_type=\"widget\" data-widget_type=\"text-editor.default\">\n\t\t\t\t<div class=\"elementor-widget-container\">\n\t\t\t\t\t\t\t\t\t<div style=\"font-family: 'Roboto', sans-serif; font-size: 17px; line-height: 1.6; color: #333;\">\n<h2 style=\"font-family: 'Roboto', sans-serif; font-size: 24px; margin-bottom: 15px;\"><strong>Visites Priv\u00e9es en E\u2011Bike \u00e0 Rome<\/strong><\/h2>\n<p style=\"text-align: left;\">D\u00e9couvrez la Ville \u00c9ternelle avec nos visites priv\u00e9es exclusives en e\u2011bike \u2014 la mani\u00e8re la plus confortable, flexible et personnalis\u00e9e d\u2019explorer Rome. Con\u00e7ues pour les voyageurs qui recherchent l\u2019intimit\u00e9, un service premium et des itin\u00e9raires sur mesure, nos visites priv\u00e9es vous permettent de d\u00e9couvrir Rome exactement comme vous le souhaitez, \u00e0 votre propre rythme.<\/p>\n<p style=\"text-align: left;\">Que vous soyez un couple, une famille, un groupe d\u2019amis ou simplement \u00e0 la recherche d\u2019une exp\u00e9rience plus intime, nos visites priv\u00e9es en e\u2011bike offrent une libert\u00e9 totale et l\u2019attention personnalis\u00e9e de votre guide. Gr\u00e2ce \u00e0 des v\u00e9los \u00e9lectriques haut de gamme dot\u00e9s de moteurs puissants et de batteries de longue dur\u00e9e, vous pouvez parcourir davantage de distance sans effort et profiter d\u2019une journ\u00e9e compl\u00e8te de d\u00e9couverte en tout confort.<\/p>\n<p style=\"text-align: left;\">Des monuments embl\u00e9matiques de Rome aux coins cach\u00e9s et aux routes panoramiques de la campagne, chaque visite priv\u00e9e est enti\u00e8rement personnalisable. Dites\u2011nous ce que vous aimez \u2014 art, histoire, gastronomie, nature, vues panoramiques \u2014 et nous cr\u00e9erons l\u2019itin\u00e9raire parfait pour vous.<\/p>\n\n<h3 style=\"font-family: 'Roboto', sans-serif; font-size: 20px; margin-top: 30px;\"><strong>Visites Priv\u00e9es \u00e0 Rome : Ce que Nous Proposons<\/strong><\/h3>\n<h4 style=\"font-size: 18px; margin-top: 15px;\"><strong>Visites Priv\u00e9es de la Ville de Rome<\/strong><\/h4>\n<p style=\"text-align: left;\">Explorez le centre historique \u00e0 votre propre rythme, en visitant des monuments embl\u00e9matiques, des quartiers charmants et des tr\u00e9sors cach\u00e9s, accompagn\u00e9 d\u2019un guide priv\u00e9 enti\u00e8rement d\u00e9di\u00e9 \u00e0 votre groupe.<\/p>\n\n<h4 style=\"font-size: 18px; margin-top: 15px;\"><strong>Exclusive Private Appian Way Tour with Catacombs &amp; Gourmet Lunch<\/strong><\/h4>\n<p style=\"text-align: left;\">Parcourez l\u2019ancienne Via Appia Antica \u00e0 v\u00e9lo et d\u00e9couvrez les fascinantes Catacombes avec un guide priv\u00e9. Un parfait m\u00e9lange d\u2019arch\u00e9ologie, de nature et d\u2019aventure.<\/p>\n\n<h4 style=\"font-size: 18px; margin-top: 15px;\"><strong>Visites Nocturnes Priv\u00e9es<\/strong><\/h4>\n<p style=\"text-align: left;\">D\u00e9couvrez Rome magnifiquement illumin\u00e9e apr\u00e8s le coucher du soleil. Parcourez \u00e0 v\u00e9lo les monuments, les places et les fontaines dans une atmosph\u00e8re du soir pleine de magie, loin de la foule diurne.<\/p>\n\n<h4 style=\"font-size: 18px; margin-top: 15px;\">Visite Priv\u00e9e en E\u2011Bike sur la Piste Cyclable du Tibre avec Villa Borghese &amp; Galerie Borghese<\/h4>\n<p style=\"text-align: left;\">Profitez d\u2019une agr\u00e9able balade en e\u2011bike le long de la piste cyclable du Tibre avant de p\u00e9n\u00e9trer dans le c\u0153ur vert de la ville, la Villa Borghese. Votre exp\u00e9rience se poursuit par une visite guid\u00e9e priv\u00e9e de la Galerie Borghese, qui abrite des chefs\u2011d\u2019\u0153uvre de Bernini, Caravage et Rapha\u00ebl.<\/p>\n\n<h4 style=\"font-size: 18px; margin-top: 15px;\"><strong>Visites Priv\u00e9es \u00e0 V\u00e9lo dans Rome avec D\u00e9jeuner<\/strong><\/h4>\n<p style=\"text-align: left;\">Alliez d\u00e9couverte et cuisine romaine authentique. Parcourez \u00e0 v\u00e9lo les quartiers historiques et faites une pause pour un d\u00e9jeuner italien traditionnel dans une trattoria locale \u2014 le parfait m\u00e9lange de culture, de gastronomie et de cyclisme d\u00e9tente.<\/p>\n\n<h3 style=\"font-family: 'Roboto', sans-serif; font-size: 20px; margin-top: 30px;\"><strong>Points Forts de Nos Visites Priv\u00e9es en E\u2011Bike<\/strong><\/h3>\n<ul style=\"margin-left: 20px;\">\n \t<li>Itin\u00e9raires enti\u00e8rement personnalis\u00e9s selon vos centres d\u2019int\u00e9r\u00eat<\/li>\n \t<li>Guides priv\u00e9s francophones, de v\u00e9ritables conteurs experts (contactez\u2011nous avant de r\u00e9server pour v\u00e9rifier la disponibilit\u00e9 d\u2019un guide dans votre langue)<\/li>\n \t<li>Une exp\u00e9rience en petit groupe, avec un guide pleinement d\u00e9di\u00e9 \u00e0 vous<\/li>\n \t<li>E\u2011bikes haut de gamme avec plusieurs niveaux d\u2019assistance pour un confort optimal \u00e0 chaque trajet<\/li>\n \t<li>Du splendide centre historique aux routes plus calmes loin de l\u2019agitation, nous proposons des options pour chaque type d\u2019exp\u00e9rience<\/li>\n \t<li>Itin\u00e9raires cyclables agr\u00e9ables associ\u00e9s \u00e0 des rues urbaines choisies con soin<\/li>\n \t<li>Visites en soir\u00e9e pour admirer la ville sous une perspective nocturne davvero unica<\/li>\n<\/ul>\n<h2 style=\"font-size: 22px; margin-top: 45px;\"><strong>Questions Fr\u00e9quemment Pos\u00e9es<\/strong><\/h2>\n<div class=\"faq-section\" style=\"margin-top: 25px;\">\n<h3 style=\"font-size: 19px; margin-bottom: 5px;\"><strong>Puis\u2011je demander un guide dans ma langue maternelle\u202f?<\/strong><\/h3>\n<p style=\"margin-bottom: 20px;\">Absolument. L\u2019un des avantages d\u2019une visite priv\u00e9e est la personnalisation totale. Si vous pr\u00e9f\u00e9rez un guide parlant votre langue, nous vous attribuerons le tour leader le plus adapt\u00e9 afin de garantir une exp\u00e9rience fluide, agr\u00e9able et enti\u00e8rement sur mesure.<\/p>\n\n<\/div>\n<h3 style=\"font-family: 'Roboto', sans-serif; font-size: 20px; margin-top: 30px;\"><strong>Pourquoi Choisir une Visite Priv\u00e9e \u00e0 Rome<\/strong><\/h3>\n<p style=\"text-align: left;\">Une visite priv\u00e9e vous permet de d\u00e9couvrir Rome \u00e0 votre rythme, d\u2019\u00e9viter la foule et de vous concentrer sur ce qui vous passionne vraiment. Que vous aimiez l\u2019art, l\u2019histoire, l\u2019architecture, la nature ou la gastronomie, nos visites priv\u00e9es en e\u2011bike offrent un \u00e9quilibre parfait entre confort, aventure et d\u00e9couverte.<\/p>\n\n<h3 style=\"font-size: 19px; margin-bottom: 5px;\"><strong>Combien de temps dure une visite priv\u00e9e en e\u2011bike\u202f?<\/strong><\/h3>\n<p style=\"margin-bottom: 20px;\" class=\"translation-block\">La plupart des visites priv\u00e9es en e\u2011bike durent entre <strong>3 et 6 heures<\/strong>, selon l\u2019itin\u00e9raire choisi. Des options d\u2019une journ\u00e9e compl\u00e8te sont \u00e9galement disponibles pour les visiteurs souhaitant une exp\u00e9rience plus approfondie et immersive de Rome.<\/p>\n\n<h3 style=\"font-size: 19px; margin-bottom: 5px;\"><strong>L\u2019itin\u00e9raire peut\u2011il \u00eatre personnalis\u00e9\u202f?<\/strong><\/h3>\n<p style=\"margin-bottom: 20px;\" class=\"translation-block\">Oui. Chaque visite priv\u00e9e est <strong>enti\u00e8rement personnalisable<\/strong>. Que vous pr\u00e9f\u00e9riez l\u2019histoire antique, les vues panoramiques, les exp\u00e9riences gastronomiques ou les routes tranquilles de la campagne, nous concevons l\u2019itin\u00e9raire en fonction de vos int\u00e9r\u00eats et de vos pr\u00e9f\u00e9rences \u00e0 v\u00e9lo.<\/p>\n\n<h3 style=\"font-size: 19px; margin-bottom: 5px;\"><strong>What level of fitness is required?<\/strong><\/h3>\n<p style=\"margin-bottom: 20px;\">Thanks to electric assistance, our private tours are suitable for guests with <strong>average fitness<\/strong>. The motor helps on hills and longer distances, making the experience smooth and enjoyable even for those who are not regular cyclists.<\/p>\n\n<h3 style=\"font-size: 19px; margin-bottom: 5px;\"><strong>What should I bring on a private e\u2011bike tour?<\/strong><\/h3>\n<p style=\"margin-bottom: 20px;\">We recommend bringing comfortable clothing, closed\u2011toe shoes, sunscreen, and a reusable water bottle. For evening tours, a light jacket is useful. Helmets and safety equipment are always provided.<\/p>\n\n<h3 style=\"font-size: 19px; margin-bottom: 5px;\"><strong>La Via Appia convient\u2011elle aux d\u00e9butants\u202f?<\/strong><\/h3>\n<p style=\"margin-bottom: 20px;\" class=\"translation-block\">La Via Appia comporte des sections avec d\u2019anciennes pierres basaltiques, elle est donc recommand\u00e9e aux <strong>cyclistes confiants<\/strong>. Cependant, avec un guide priv\u00e9 et une e\u2011bike, m\u00eame les cyclistes moins exp\u00e9riment\u00e9s peuvent profiter de l\u2019itin\u00e9raire \u00e0 un rythme d\u00e9tendu.<\/p>\n\n<h3 style=\"font-size: 19px; margin-bottom: 5px;\"><strong>Le casque est\u2011il inclus dans la visite priv\u00e9e\u202f?<\/strong><\/h3>\n<p style=\"margin-bottom: 20px;\" class=\"translation-block\">Oui. Chaque visite priv\u00e9e inclut un <strong>casque, un antivol et un e\u2011bike de haute qualit\u00e9<\/strong> avec plusieurs niveaux d\u2019assistance. Du mat\u00e9riel suppl\u00e9mentaire peut \u00eatre fourni selon l\u2019itin\u00e9raire.<\/p>\n\n<h3><strong>Les visites ont\u2011elles lieu en cas de pluie\u202f?<\/strong><\/h3>\nOui, les visites ont lieu m\u00eame en cas de l\u00e9g\u00e8re pluie. En cas de mauvais temps important, nous reprogrammons ou remboursons.\n\n<p style=\"text-align: left; font-size: 18px; margin-top: 25px;\"><strong>R\u00e9servez d\u00e8s aujourd\u2019hui votre visite priv\u00e9e exclusive \u00e0 Rome et profitez d\u2019une exp\u00e9rience premium en e\u2011bike, enti\u00e8rement personnalis\u00e9e, m\u00ealant v\u00e9lo, d\u00e9couverte et culture locale en un voyage inoubliable.<\/strong><\/p>\n\n<\/div>\t\t\t\t\t\t\t\t<\/div>\n\t\t\t\t<\/div>\n\t\t\t\t\t<\/div>\n\t\t<\/div>\n\t\t\t\t\t<\/div>\n\t\t<\/section>\n\t\t\t\t<section class=\"elementor-section elementor-top-section elementor-element elementor-element-5bcaf69 elementor-section-boxed elementor-section-height-default elementor-section-height-default\" data-id=\"5bcaf69\" data-element_type=\"section\">\n\t\t\t\t\t\t<div class=\"elementor-container elementor-column-gap-default\">\n\t\t\t\t\t<div class=\"elementor-column elementor-col-100 elementor-top-column elementor-element elementor-element-e40d76a\" data-id=\"e40d76a\" data-element_type=\"column\">\n\t\t\t<div class=\"elementor-widget-wrap\">\n\t\t\t\t\t\t\t<\/div>\n\t\t<\/div>\n\t\t\t\t\t<\/div>\n\t\t<\/section>\n\t\t\t\t<\/div>","protected":false},"excerpt":{"rendered":"<p>Private E-Bike Tours in Rome Experience the Eternal City with our exclusive Private E\u2011Bike Tours \u2014 the most comfortable, flexible, and personalized way to explore Rome. Designed for travelers who value privacy, premium service, and tailor\u2011made itineraries, our private tours allow you to discover Rome exactly the way you want, at your own pace. Whether [&hellip;]<\/p>","protected":false},"author":285,"featured_media":0,"parent":0,"menu_order":0,"comment_status":"closed","ping_status":"closed","template":"","meta":{"footnotes":""},"class_list":["post-5762","page","type-page","status-publish","hentry"],"_links":{"self":[{"href":"https:\/\/easybikerent.it\/fr\/wp-json\/wp\/v2\/pages\/5762","targetHints":{"allow":["GET"]}}],"collection":[{"href":"https:\/\/easybikerent.it\/fr\/wp-json\/wp\/v2\/pages"}],"about":[{"href":"https:\/\/easybikerent.it\/fr\/wp-json\/wp\/v2\/types\/page"}],"author":[{"embeddable":true,"href":"https:\/\/easybikerent.it\/fr\/wp-json\/wp\/v2\/users\/285"}],"replies":[{"embeddable":true,"href":"https:\/\/easybikerent.it\/fr\/wp-json\/wp\/v2\/comments?post=5762"}],"version-history":[{"count":20,"href":"https:\/\/easybikerent.it\/fr\/wp-json\/wp\/v2\/pages\/5762\/revisions"}],"predecessor-version":[{"id":5978,"href":"https:\/\/easybikerent.it\/fr\/wp-json\/wp\/v2\/pages\/5762\/revisions\/5978"}],"wp:attachment":[{"href":"https:\/\/easybikerent.it\/fr\/wp-json\/wp\/v2\/media?parent=5762"}],"curies":[{"name":"wp","href":"https:\/\/api.w.org\/{rel}","templated":true}]}}