{"id":181,"date":"2017-05-22T12:45:09","date_gmt":"2017-05-22T10:45:09","guid":{"rendered":"https:\/\/easybikerent.it\/home\/home\/?post_type=product&#038;p=181"},"modified":"2026-02-09T13:51:47","modified_gmt":"2026-02-09T12:51:47","slug":"hybrid-e-bike-swift-effortless","status":"publish","type":"product","link":"https:\/\/easybikerent.it\/fr\/prodotto\/hybrid-e-bike-swift-effortless\/","title":{"rendered":"Hybrid e\u2011bike: rapide et sans effort"},"content":{"rendered":"<div class=\"page-content\" style=\"font-family: 'Roboto', sans-serif; font-size: 17px; line-height: 1.6; color: #333;\">\n<h1 style=\"text-align: center; font-family: 'Roboto', sans-serif;\"> <strong>Rent a Hybrid e\u2011Bike and Discover Your Real Rome<\/strong> <\/h1>\n<p class=\"lead\">Polyvalente, confortable et parfaite pour explorer \u00e0 la fois la ville et la Via Appia Antica.<\/p>\n<p style=\"text-align: left;\"> Nos Hybrid e\u2011Bikes sont con\u00e7ues pour les cyclistes qui recherchent une flexibilit\u00e9 maximale lors de l\u2019exploration de Rome. Alliant le confort d\u2019un v\u00e9lo urbain \u00e0 la stabilit\u00e9 d\u2019un mod\u00e8le trekking, elles sont id\u00e9ales pour circuler aussi bien dans les rues de la ville que sur des chemins de campagne l\u00e9g\u00e8re. Leur g\u00e9om\u00e9trie \u00e9quilibr\u00e9e et leur assistance \u00e9lectrique fluide en font le choix parfait pour d\u00e9couvrir Rome de mani\u00e8re intelligente, d\u00e9tendue et agr\u00e9able. <\/p>\n<p style=\"text-align: left;\"> Gr\u00e2ce \u00e0 leur moteur puissant et \u00e0 leur batterie longue dur\u00e9e, les Hybrid e\u2011Bikes offrent d\u2019excellentes performances sur terrains vari\u00e9s. Que vous rouliez dans le centre historique, franchissiez de douces collines ou exploriez les parcs de Rome, ces v\u00e9los vous apportent l\u2019assistance suppl\u00e9mentaire n\u00e9cessaire pour profiter de votre trajet sans fatigue. <\/p>\n<p style=\"text-align: left;\" class=\"translation-block\">Les Hybrid e\u2011Bikes sont \u00e9galement l\u2019une des <strong>meilleures options pour visiter la Via Appia Antica<\/strong>. Leur confort, leur stabilit\u00e9 et leur assistance fluide facilitent la balade le long de cette route antique et de ses espaces verts environnants. Des sites arch\u00e9ologiques aux points de vue panoramiques, vous pouvez explorer la Voie Appienne \u00e0 votre rythme et en toute confiance.<\/p>\n<p style=\"text-align: left;\" class=\"translation-block\">Pour rendre votre exp\u00e9rience encore plus s\u00fbre et agr\u00e9able, nous proposons <strong>des itin\u00e9raires soigneusement con\u00e7us<\/strong> sp\u00e9cialement pour les Hybrid e\u2011Bikes. Ils incluent des parcours s\u00e9curis\u00e9s pour la Via Appia Antica, des boucles panoramiques \u00e0 travers les parcs et des chemins faciles \u00e0 suivre qui vous guident dans les zones les plus belles et paisibles de Rome.<\/p>\n<p style=\"text-align: left;\"> Que vous pr\u00e9voyiez une sortie d\u2019une demi\u2011journ\u00e9e, une aventure d\u2019une journ\u00e9e compl\u00e8te ou une exploration d\u00e9tendue des environs de Rome, nos Hybrid e\u2011Bikes offrent l\u2019\u00e9quilibre parfait entre confort, puissance et polyvalence. Elles conviennent aux cyclistes de tailles et niveaux d\u2019exp\u00e9rience vari\u00e9s, ce qui en fait un excellent choix pour les couples, les familles et les voyageurs en solo. <\/p>\n<h2 style=\"font-family: 'Roboto', sans-serif; font-size: 22px; margin-top: 35px;\"> <strong>Pourquoi choisir nos e\u2011bikes<\/strong> <\/h2>\n<div class=\"tour-card\" style=\"margin-top: 25px;\">\n<h3 style=\"font-size: 20px;\"><strong>V\u00e9los Confortables et Polyvalents<\/strong><\/h3>\n<p style=\"text-align: left;\"> Con\u00e7ue pour les rues de la ville et les chemins de campagne l\u00e9g\u00e8re, elle offre stabilit\u00e9 et simplicit\u00e9 d\u2019utilisation. <\/p>\n<ul>\n<li>Parfaite pour la Via Appia Antica et les parcs environnants<\/li>\n<li>Position de conduite confortable pour les longues sorties<\/li>\n<li>Id\u00e9ale pour les terrains vari\u00e9s et l\u2019exploration urbaine<\/li>\n<li>Adapt\u00e9e aux cyclistes de diff\u00e9rentes tailles<\/li>\n<\/ul><\/div>\n<div class=\"tour-card\" style=\"margin-top: 25px;\">\n<h3 style=\"font-size: 20px;\"><strong>Puissante et Facile \u00e0 Conduire<\/strong><\/h3>\n<p style=\"text-align: left;\"> L\u2019assistance \u00e9lectrique fluide vous permet de profiter de sorties plus longues sans fatigue <\/p>\n<ul>\n<li>Batterie longue dur\u00e9e pour des aventures d\u2019une journ\u00e9e enti\u00e8re<\/li>\n<li>Moteur fiable pour les mont\u00e9es et les surfaces irr\u00e9guli\u00e8res<\/li>\n<li>Stabilit\u00e9 de conduite sur routes pav\u00e9es et terrains vari\u00e9s<\/li>\n<li>Inclut des itin\u00e9raires s\u00fbrs et soigneusement con\u00e7us pour la Via Appia Antica<\/li>\n<\/ul><\/div>\n<p style=\"margin-top: 25px; text-align: left;\" class=\"translation-block\">Si le v\u00e9lo est votre passion, n\u2019oubliez pas de d\u00e9couvrir nos <span style=\"color: #3366ff\"> <a style=\"color: #3366ff\" href=\"https:\/\/easybikerent.it\/fr\/appian-way-e-bike-tours\/\" target=\"_self\">tours<\/a> <\/span> pour vivre des exp\u00e9riences guid\u00e9es inoubliables.<\/p>","protected":false},"excerpt":{"rendered":"<p style=\"text-align: left; font-family: 'Roboto', sans-serif; font-size: 17px; line-height: 1.6; color: #333;\"> Nos Hybrid e\u2011Bikes sont le choix id\u00e9al pour explorer \u00e0 la fois la ville et la Via Appia Antica en tout confort et en toute confiance. Polyvalentes, stables et faciles \u00e0 conduire, elles s\u2019adaptent parfaitement aux terrains vari\u00e9s, offrant une exp\u00e9rience fluide sur les routes pav\u00e9es, les parcs et les chemins de campagne l\u00e9g\u00e8re. Pour rendre votre sortie encore plus s\u00fbre et agr\u00e9able, nous proposons \u00e9galement des itin\u00e9raires soigneusement con\u00e7us \u2014 y compris des parcours d\u00e9di\u00e9s \u00e0 la Voie Appienne \u2014 afin que vous puissiez d\u00e9couvrir la beaut\u00e9 naturelle et arch\u00e9ologique de Rome en toute s\u00e9r\u00e9nit\u00e9. <\/p>","protected":false},"featured_media":1760,"comment_status":"closed","ping_status":"closed","template":"","meta":[],"product_cat":[113],"product_tag":[958,914,916,20,912,964,913,937],"class_list":{"0":"post-181","1":"product","2":"type-product","3":"status-publish","4":"has-post-thumbnail","6":"product_cat-hire-e-bikes-electric-bicycles","7":"product_tag-appian-way-by-mountain-bike","8":"product_tag-bike-rental-in-rome","9":"product_tag-e-bike-rental-near-trastevere","10":"product_tag-ebike","11":"product_tag-electric-bike-rental-in-rome","12":"product_tag-hire-an-e-bike-in-rome","13":"product_tag-rent-an-electric-bike-in-rome","14":"product_tag-visit-the-appian-way-without-a-guide","16":"first","17":"instock","18":"virtual","19":"purchasable","20":"product-type-redq_rental"},"_links":{"self":[{"href":"https:\/\/easybikerent.it\/fr\/wp-json\/wp\/v2\/product\/181","targetHints":{"allow":["GET"]}}],"collection":[{"href":"https:\/\/easybikerent.it\/fr\/wp-json\/wp\/v2\/product"}],"about":[{"href":"https:\/\/easybikerent.it\/fr\/wp-json\/wp\/v2\/types\/product"}],"replies":[{"embeddable":true,"href":"https:\/\/easybikerent.it\/fr\/wp-json\/wp\/v2\/comments?post=181"}],"wp:featuredmedia":[{"embeddable":true,"href":"https:\/\/easybikerent.it\/fr\/wp-json\/wp\/v2\/media\/1760"}],"wp:attachment":[{"href":"https:\/\/easybikerent.it\/fr\/wp-json\/wp\/v2\/media?parent=181"}],"wp:term":[{"taxonomy":"product_cat","embeddable":true,"href":"https:\/\/easybikerent.it\/fr\/wp-json\/wp\/v2\/product_cat?post=181"},{"taxonomy":"product_tag","embeddable":true,"href":"https:\/\/easybikerent.it\/fr\/wp-json\/wp\/v2\/product_tag?post=181"}],"curies":[{"name":"wp","href":"https:\/\/api.w.org\/{rel}","templated":true}]}}