{"id":189,"date":"2017-05-22T13:06:09","date_gmt":"2017-05-22T11:06:09","guid":{"rendered":"https:\/\/easybikerent.it\/home\/home\/?post_type=product&#038;p=189"},"modified":"2026-02-01T23:48:45","modified_gmt":"2026-02-01T22:48:45","slug":"family-cargo-e-bike-kids-love-it","status":"publish","type":"product","link":"https:\/\/easybikerent.it\/fr\/prodotto\/family-cargo-e-bike-kids-love-it\/","title":{"rendered":"V\u00e9lo Cargo \u00e9lectrique familiaux"},"content":{"rendered":"<div class=\"page-content\" style=\"font-family: 'Roboto', sans-serif; font-size: 17px; line-height: 1.6; color: #333;\">\n<h1 style=\"text-align: center; font-family: 'Roboto', sans-serif;\">\n  <strong>Louez une Family Cargo e\u2011Bike et d\u00e9couvrez votre Rome authentique<\/strong><br \/>\n<\/h1>\n<p class=\"lead\">La mani\u00e8re la plus s\u00fbre, la plus confortable et la plus agr\u00e9able pour les familles d\u2019explorer Rome ensemble<\/p>\n<p style=\"text-align: left;\" class=\"translation-block\">Notre Family Cargo e\u2011Bike est con\u00e7ue pour les parents qui souhaitent explorer Rome avec leurs enfants en tout confort et en toute s\u00e9curit\u00e9. Gr\u00e2ce \u00e0 son large caisson avant, ce cargo e\u2011bike peut transporter jusqu\u2019\u00e0 <strong>quatre enfants ou 100 kg<\/strong>, ce qui en fait la solution id\u00e9ale pour les familles souhaitant se d\u00e9placer en ville sans stress.<\/p>\n<p style=\"text-align: left;\">\nFabriqu\u00e9 par Babboe et con\u00e7u \u00ab par des parents pour des parents \u00bb, ce v\u00e9lo cargo de style hollandais est \u00e9quip\u00e9 de ceintures de s\u00e9curit\u00e9, d\u2019un cadre robuste et d\u2019une excellente stabilit\u00e9. Les enfants s\u2019installent confortablement dans le caisson avant, profitant de la vue et de l\u2019exp\u00e9rience tout en restant en s\u00e9curit\u00e9 pendant toute la balade.\n<\/p>\n<p style=\"text-align: left;\">\n\u00c9quip\u00e9 d\u2019un moteur fiable de 250W et de huit niveaux d\u2019assistance au p\u00e9dalage, le Family Cargo e\u2011Bike vous permet de rouler sans effort, m\u00eame lorsqu\u2019il est enti\u00e8rement charg\u00e9. La transmission \u00e0 7 vitesses et les puissants freins \u00e0 disque hydrauliques offrent un contr\u00f4le fluide, une maniabilit\u00e9 r\u00e9active et la puissance de freinage n\u00e9cessaire aux conditions de circulation urbaine.\n<\/p>\n<p style=\"text-align: left;\">\nCe cargo e\u2011bike est id\u00e9al pour explorer le centre historique de Rome, les parcs, les pistes cyclables et les quartiers tranquilles. Il offre suffisamment d\u2019espace non seulement pour les enfants, mais aussi pour les sacs, les courses, les sacs \u00e0 dos ou les affaires de pique\u2011nique \u2014 parfait pour les sorties en famille et les t\u00e2ches du quotidien.\n<\/p>\n<p style=\"text-align: left;\" class=\"translation-block\">Veuillez noter que, bien que le Family Cargo e\u2011Bike offre d\u2019excellentes performances sur les routes pav\u00e9es et les itin\u00e9raires urbains l\u00e9gers, il <strong>n\u2019est pas adapt\u00e9 \u00e0 la Via Appia Antica au\u2011del\u00e0 du Mausol\u00e9e de Cecilia Metella<\/strong>, l\u00e0 o\u00f9 commencent les anciennes pierres de basalte. La surface irr\u00e9guli\u00e8re n\u2019est pas id\u00e9ale pour un v\u00e9lo cargo charg\u00e9 ; nous recommandons donc de rester sur les sections plus lisses et adapt\u00e9es aux familles de la Voie Appienne ou de choisir l\u2019un de nos autres mod\u00e8les pour cet itin\u00e9raire.<\/p>\n<p style=\"text-align: left;\" class=\"translation-block\">Pour vous permettre de profiter de votre trajet en toute s\u00e9curit\u00e9 et en toute confort, nous proposons \u00e9galement des <strong>itin\u00e9raires adapt\u00e9s aux familles<\/strong>, sp\u00e9cialement con\u00e7us pour les cargo e\u2011bikes, qui vous guident \u00e0 travers les zones les plus belles et accessibles de Rome.<\/p>\n<h2 style=\"font-family: 'Roboto', sans-serif; font-size: 22px; margin-top: 35px;\">\n  <strong>Pourquoi Choisir Notre Family Cargo e\u2011Bike<\/strong><br \/>\n<\/h2>\n<div class=\"tour-card\" style=\"margin-top: 25px;\">\n<h3 style=\"font-size: 20px;\"><strong>Parfaite pour les Familles<\/strong><\/h3>\n<p style=\"text-align: left;\">\nCon\u00e7ue pour transporter jusqu\u2019\u00e0 quatre enfants confortablement et en toute s\u00e9curit\u00e9.\n<\/p>\n<ul>\n<li>Caisse avant spacieuse avec ceintures de s\u00e9curit\u00e9<\/li>\n<li>Jusqu\u2019\u00e0 100 kg de capacit\u00e9 passagers<\/li>\n<li>Stable et \u00e9quilibr\u00e9e m\u00eame \u00e0 pleine charge<\/li>\n<li>Id\u00e9al pour les parcs, les pistes cyclables et les itin\u00e9raires urbains<\/li>\n<\/ul>\n<\/div>\n<div class=\"tour-card\" style=\"margin-top: 25px;\">\n<h3 style=\"font-size: 20px;\"><strong>Puissante, S\u00fbre et Facile \u00e0 Conduire<\/strong><\/h3>\n<p style=\"text-align: left;\">\nAssistance \u00e9lectrique fluide et freins puissants pour un contr\u00f4le total.\n<\/p>\n<ul>\n<li>Moteur de 250W avec huit niveaux d\u2019assistance<\/li>\n<li>Transmission 7 vitesses pour plus de flexibilit\u00e9<\/li>\n<li>Freins \u00e0 disque hydrauliques avant et arri\u00e8re<\/li>\n<li>Non recommand\u00e9e au\u2011del\u00e0 du tron\u00e7on en basalte de la Voie Appienne<\/li>\n<\/ul>\n<\/div>\n<p style=\"margin-top: 25px; text-align: left;\" class=\"translation-block\">Si le v\u00e9lo est votre passion, n\u2019oubliez pas de d\u00e9couvrir nos <span style=\"color: #3366ff\"> <a style=\"color: #3366ff\" href=\"https:\/\/easybikerent.it\/fr\/appian-way-e-bike-tours\/\" target=\"_self\">tours<\/a> <\/span> pour vivre des exp\u00e9riences guid\u00e9es inoubliables.<\/p>\n<h2 style=\"font-size: 22px; margin-top: 45px;\">\n  <strong>Questions Fr\u00e9quemment Pos\u00e9es<\/strong><br \/>\n<\/h2>\n<div class=\"faq-section\" style=\"margin-top: 25px;\">\n<h3 style=\"font-size: 19px; margin-bottom: 5px;\"><strong>Le Family Cargo e\u2011Bike est\u2011il adapt\u00e9 \u00e0 la Via Appia\u202f?<\/strong><\/h3>\n<p style=\"margin-bottom: 20px;\" class=\"translation-block\">Le Family Cargo e\u2011Bike est adapt\u00e9 uniquement \u00e0 la premi\u00e8re section, plus lisse, de la Via Appia, jusqu\u2019au <strong>mausol\u00e9e de C\u00e9cilia Metella<\/strong>. Au\u2011del\u00e0, les anciens pav\u00e9s de basalte rendent le parcours <strong>impraticable et dangereux<\/strong> pour un v\u00e9lo cargo charg\u00e9. Pour parcourir toute la Via Appia, nous recommandons de choisir l\u2019un de nos autres mod\u00e8les.<\/p>\n<h3 style=\"font-size: 19px; margin-bottom: 5px;\"><strong>Combien d\u2019enfants le Family Cargo e\u2011Bike peut\u2011il transporter\u202f?<\/strong><\/h3>\n<p style=\"margin-bottom: 20px;\" class=\"translation-block\">Le caisson avant peut transporter jusqu\u2019\u00e0 <strong>quatre enfants ou 100 kg<\/strong> de poids total, avec des ceintures de s\u00e9curit\u00e9 incluses pour une protection maximale.<\/p>\n<h3 style=\"font-size: 19px; margin-bottom: 5px;\"><strong>Le Family Cargo e\u2011Bike est\u2011il facile \u00e0 conduire\u202f?<\/strong><\/h3>\n<p style=\"margin-bottom: 20px;\">\n    Oui. Le moteur de 250W, les huit niveaux d\u2019assistance et le cadre stable la rendent souple et facile \u00e0 conduire, m\u00eame lorsqu\u2019elle est enti\u00e8rement charg\u00e9e.\n  <\/p>\n<h3 style=\"font-size: 19px; margin-bottom: 5px;\"><strong>Est\u2011ce s\u00fbr pour les enfants\u202f?<\/strong><\/h3>\n<p style=\"margin-bottom: 20px;\">\n    Absolument. Le caisson avant comprend des ceintures de s\u00e9curit\u00e9, une structure robuste et une excellente stabilit\u00e9, garantissant une sortie s\u00fbre et agr\u00e9able pour des enfants d\u2019\u00e2ges vari\u00e9s.\n  <\/p>\n<h3 style=\"font-size: 19px; margin-bottom: 5px;\"><strong>Pour quels types de parcours ce cargo e\u2011bike est\u2011il le plus adapt\u00e9\u202f?<\/strong><\/h3>\n<p style=\"margin-bottom: 20px;\">\n    Elle offre les meilleures performances sur routes pav\u00e9es, pistes cyclables, parcs et quartiers calmes. Elle n\u2019est pas adapt\u00e9e aux terrains accident\u00e9s ou irr\u00e9guliers, comme les pav\u00e9s de basalte de la Via Appia au\u2011del\u00e0 de C\u00e9cilia Metella.\n  <\/p>\n<h3 style=\"font-size: 19px; margin-bottom: 5px;\"><strong>Qu\u2019est\u2011ce qui est inclus dans le prix de location\u202f?<\/strong><\/h3>\n<p style=\"margin-bottom: 20px;\">\n    La location comprend un casque, un antivol, des pneus anti\u2011crevaison et un support pour t\u00e9l\u00e9phone portable.\n  <\/p>\n<h3 style=\"font-size: 19px; margin-bottom: 5px;\"><strong>Proposez\u2011vous des itin\u00e9raires adapt\u00e9s aux familles\u202f?<\/strong><\/h3>\n<p style=\"margin-bottom: 20px;\">\n    Oui. Nous proposons des itin\u00e9raires sp\u00e9cialement con\u00e7us pour les cargo e\u2011bikes, permettant aux familles d\u2019explorer Rome en toute s\u00e9curit\u00e9 et confort.\n  <\/p>\n<\/div>\n<\/div>","protected":false},"excerpt":{"rendered":"<p style=\"text-align: left; font-family: 'Roboto', sans-serif; font-size: 17px; line-height: 1.6; color: #333;\"> Notre Family Cargo e\u2011Bike est le choix id\u00e9al pour explorer Rome avec des enfants en tout confort et en toute s\u00e9curit\u00e9. Avec son large caisson avant pouvant accueillir jusqu\u2019\u00e0 quatre enfants ou 100 kg, ce cargo e\u2011bike de style hollandais offre stabilit\u00e9, assistance \u00e9lectrique fluide et beaucoup d\u2019espace pour les sacs ou les essentiels. Parfait pour les parcs, les pistes cyclables et les itin\u00e9raires urbains, il n\u2019est pas recommand\u00e9 au\u2011del\u00e0 de la section en basalte de la Voie Appienne, mais il est absolument parfait pour d\u00e9couvrir les zones les plus belles et les plus adapt\u00e9es aux familles de Rome. <\/p>","protected":false},"featured_media":1903,"comment_status":"closed","ping_status":"closed","template":"","meta":[],"product_cat":[115,495],"product_tag":[971,27,972,31,20,22,26,970,973],"class_list":{"0":"post-189","1":"product","2":"type-product","3":"status-publish","4":"has-post-thumbnail","6":"product_cat-family-bikes","7":"product_cat-our-vehicles","8":"product_tag-babboe-for-rent-in-rome","9":"product_tag-cargo-bike","10":"product_tag-cargo-bike-for-rent-in-rome","11":"product_tag-easy","12":"product_tag-ebike","13":"product_tag-eco","14":"product_tag-family","15":"product_tag-hire-a-cargo-bike-in-rome","16":"product_tag-hire-a-family-bike-in-rome","18":"first","19":"instock","20":"virtual","21":"purchasable","22":"product-type-redq_rental"},"_links":{"self":[{"href":"https:\/\/easybikerent.it\/fr\/wp-json\/wp\/v2\/product\/189","targetHints":{"allow":["GET"]}}],"collection":[{"href":"https:\/\/easybikerent.it\/fr\/wp-json\/wp\/v2\/product"}],"about":[{"href":"https:\/\/easybikerent.it\/fr\/wp-json\/wp\/v2\/types\/product"}],"replies":[{"embeddable":true,"href":"https:\/\/easybikerent.it\/fr\/wp-json\/wp\/v2\/comments?post=189"}],"wp:featuredmedia":[{"embeddable":true,"href":"https:\/\/easybikerent.it\/fr\/wp-json\/wp\/v2\/media\/1903"}],"wp:attachment":[{"href":"https:\/\/easybikerent.it\/fr\/wp-json\/wp\/v2\/media?parent=189"}],"wp:term":[{"taxonomy":"product_cat","embeddable":true,"href":"https:\/\/easybikerent.it\/fr\/wp-json\/wp\/v2\/product_cat?post=189"},{"taxonomy":"product_tag","embeddable":true,"href":"https:\/\/easybikerent.it\/fr\/wp-json\/wp\/v2\/product_tag?post=189"}],"curies":[{"name":"wp","href":"https:\/\/api.w.org\/{rel}","templated":true}]}}