{"id":1993,"date":"2018-07-02T15:46:57","date_gmt":"2018-07-02T13:46:57","guid":{"rendered":"https:\/\/easybikerent.it\/?post_type=product&#038;p=1993"},"modified":"2026-01-31T12:59:07","modified_gmt":"2026-01-31T11:59:07","slug":"city-e-bike-26-wheel-easy-to-handle","status":"publish","type":"product","link":"https:\/\/easybikerent.it\/fr\/prodotto\/city-e-bike-26-wheel-easy-to-handle\/","title":{"rendered":"City e\u2011bike 26\u2033: facile \u00e0 manier"},"content":{"rendered":"<div class=\"page-content\" style=\"font-family: 'Roboto', sans-serif; font-size: 17px; line-height: 1.6; color: #333;\">\n<h1 style=\"text-align: center; font-family: 'Roboto', sans-serif;\">\n  <strong>Louez une City e\u2011Bike 26\u2033 et D\u00e9couvrez Votre Vraie Rome<\/strong><br \/>\n<\/h1>\n<p class=\"lead\">Confortable, facile \u00e0 manier et parfaite pour explorer le centre historique de Rome<\/p>\n<p style=\"text-align: left;\">\nNos City e\u2011Bikes 26\u201d, fi\u00e8rement fabriqu\u00e9es en Italie par Lombardo, sont con\u00e7ues pour offrir une conduite fluide, stable et agr\u00e9able dans les rues de Rome. L\u00e9g\u00e8res, faciles \u00e0 manier et tr\u00e8s intuitives, elles sont le choix id\u00e9al pour les cyclistes recherchant un v\u00e9lo \u00e9lectrique confortable pour explorer la ville \u2014 en particulier les femmes, les adolescents et toute personne pr\u00e9f\u00e9rant un cadre plus compact et maniable.\n<\/p>\n<p style=\"text-align: left;\">\nAvec une suspension avant, une transmission \u00e0 7 vitesses et un moteur arri\u00e8re fiable de 250W, ce City e\u2011Bike offre l\u2019\u00e9quilibre parfait entre confort et assistance. Que vous rouliez sur des pav\u00e9s, franchissiez de petites c\u00f4tes ou vous promeniez simplement dans les quartiers de Rome, le moteur vous apporte le suppl\u00e9ment de puissance n\u00e9cessaire pour arriver \u00e0 destination frais et d\u00e9tendu.\n<\/p>\n<p style=\"text-align: left;\" class=\"translation-block\">Ce v\u00e9lo \u00e9lectrique de 26 pouces convient particuli\u00e8rement aux cyclistes de <strong>1,50 m \u00e0 1,60 m<\/strong>, offrant une position de conduite s\u00fbre et ergonomique. Con\u00e7u pour les trajets courts et moyens, il allie un moteur \u00e9lectrique puissant \u00e0 une batterie de longue autonomie, garantissant des performances fluides tout au long de la journ\u00e9e.<\/p>\n<p style=\"text-align: left;\" class=\"translation-block\">Gr\u00e2ce \u00e0 son moteur performant et \u00e0 sa batterie haute capacit\u00e9, ce e\u2011bike peut parcourir facilement au moins 40 km avec une seule charge \u2014 m\u00eame en roulant sans se soucier d\u2019\u00e9conomiser la batterie. Il est parfait pour les balades d\u00e9tendues, les visites touristiques et les d\u00e9placements urbains quotidiens sans stress.<\/p>\n<p style=\"text-align: left;\">\nVeuillez noter que ce mod\u00e8le n\u2019est pas id\u00e9al pour les longues distances sur la Via Appia Antica ni pour les terrains off\u2011road exigeants. Il offre ses meilleures performances sur routes pav\u00e9es, pistes cyclables et itin\u00e9raires urbains ou suburbains classiques, ce qui en fait le compagnon parfait pour d\u00e9couvrir le centre historique de Rome et les quartiers voisins.\n<\/p>\n<p style=\"text-align: left;\" class=\"translation-block\">Pour vous permettre de profiter de votre balade en toute s\u00e9curit\u00e9 et sans effort, nous proposons \u00e9galement <strong>des itin\u00e9raires soigneusement con\u00e7us pour le centre\u2011ville<\/strong>, vous guidant \u00e0 travers les monuments les plus embl\u00e9matiques de Rome, ses quartiers charmants et ses plus beaux points de vue.<\/p>\n<h2 style=\"font-family: 'Roboto', sans-serif; font-size: 22px; margin-top: 35px;\">\n  <strong>Pourquoi Choisir Notre City e\u2011Bike 26\u2033<\/strong><br \/>\n<\/h2>\n<div class=\"tour-card\" style=\"margin-top: 25px;\">\n<h3 style=\"font-size: 20px;\"><strong>Parfaite pour le Centre Historique<\/strong><\/h3>\n<p style=\"text-align: left;\">\nCon\u00e7ue pour offrir confort et agilit\u00e9 dans les ruelles \u00e9troites de Rome, sur les pav\u00e9s et les pistes cyclables.\n<\/p>\n<ul>\n<li>Id\u00e9al pour l\u2019exploration urbaine et un usage quotidien<\/li>\n<li>Facile \u00e0 manier et extr\u00eamement intuitif<\/li>\n<li>Parfaite pour les cyclistes entre 1,50 m et 1,60 m<\/li>\n<li>Parfait pour les trajets courts et moyens<\/li>\n<\/ul>\n<\/div>\n<div class=\"tour-card\" style=\"margin-top: 25px;\">\n<h3 style=\"font-size: 20px;\"><strong>Design italien confortable et \u00e9l\u00e9gant<\/strong><\/h3>\n<p style=\"text-align: left;\">\nUn e\u2011bike italien \u00e9l\u00e9gant et fiable, con\u00e7u pour une conduite urbaine fluide et agr\u00e9able.\n<\/p>\n<ul>\n<li>Suspension avant pour un confort accru<\/li>\n<li>Transmission 7 vitesses pour plus de flexibilit\u00e9<\/li>\n<li>Moteur arri\u00e8re de 250W pour une assistance sans effort<\/li>\n<li>Au moins 40 km d\u2019autonomie avec une seule charge<\/li>\n<\/ul>\n<\/div>\n<p style=\"margin-top: 25px; text-align: left;\" class=\"translation-block\">Si le v\u00e9lo est votre passion, n\u2019oubliez pas de d\u00e9couvrir nos <span style=\"color: #3366ff\"> <a style=\"color: #3366ff\" href=\"https:\/\/easybikerent.it\/fr\/appian-way-e-bike-tours\/\" target=\"_self\">tours<\/a> <\/span> pour vivre des exp\u00e9riences guid\u00e9es inoubliables.<\/p>\n<p><!-- FAQ SECTION --><\/p>\n<h2 style=\"font-family: 'Roboto', sans-serif; font-size: 22px; margin-top: 45px;\">\n  <strong>Questions Fr\u00e9quemment Pos\u00e9es<\/strong><br \/>\n<\/h2>\n<div class=\"faq-section\" style=\"margin-top: 25px;\">\n<h3 style=\"font-size: 19px; margin-bottom: 5px;\"><strong>Cette location de City e\u2011Bike est\u2011elle situ\u00e9e pr\u00e8s du Circus Maximus\u202f?<\/strong><\/h3>\n<p style=\"margin-bottom: 20px;\">\n    Oui. Notre boutique se trouve juste en face du Circus Maximus, ce qui vous permet de commencer votre balade sur une piste cyclable sans entrer dans la circulation. C\u2019est le point de d\u00e9part id\u00e9al pour explorer le centre historique de Rome.\n  <\/p>\n<h3 style=\"font-size: 19px; margin-bottom: 5px;\"><strong>La City e\u2011Bike de 26\u2033 convient\u2011elle aux cyclistes de petite taille\u202f?<\/strong><\/h3>\n<p style=\"margin-bottom: 20px;\">\n    Oui. Ce mod\u00e8le est id\u00e9al pour les cyclistes mesurant entre 1,50 m et 1,60 m, offrant une position de conduite s\u00fbre, ergonomique et confortable gr\u00e2ce \u00e0 son cadre compact et \u00e0 ses roues de 26\u2033.\n  <\/p>\n<h3 style=\"font-size: 19px; margin-bottom: 5px;\"><strong>Est\u2011ce la meilleure option pour louer une e\u2011Bike dans le centre de Rome\u202f?<\/strong><\/h3>\n<p style=\"margin-bottom: 20px;\">\n    Absolutely. The 26\u2033 City e\u2011Bike is lightweight, easy to handle, and perfect for navigating Rome\u2019s narrow streets, cobblestones, and bike paths.\n  <\/p>\n<h3 style=\"font-size: 19px; margin-bottom: 5px;\"><strong>Puis\u2011je utiliser ce v\u00e9lo \u00e9lectrique sur la Via Appia\u202f?<\/strong><\/h3>\n<p style=\"margin-bottom: 20px;\">\n    Ce mod\u00e8le n\u2019est pas recommand\u00e9 pour de longs trajets sur la Via Appia ni pour les terrains off\u2011road. Il offre les meilleures performances sur routes pav\u00e9es, pistes cyclables et itin\u00e9raires urbains classiques.\n  <\/p>\n<h3 style=\"font-size: 19px; margin-bottom: 5px;\"><strong>Quelle est l\u2019autonomie de la City e\u2011Bike 26\u2033 avec une seule charge\u202f?<\/strong><\/h3>\n<p style=\"margin-bottom: 20px;\">\n    Vous pouvez compter sur 40 km ou plus, selon le niveau d\u2019assistance, le terrain et votre style de conduite.\n  <\/p>\n<h3 style=\"font-size: 19px; margin-bottom: 5px;\"><strong>La City e\u2011Bike de 26\u2033 convient\u2011elle aux d\u00e9butants\u202f?<\/strong><\/h3>\n<p style=\"margin-bottom: 20px;\">\n    Oui. Le moteur de 250W et la transmission \u00e0 7 vitesses la rendent tr\u00e8s facile \u00e0 utiliser, m\u00eame pour les cyclistes ayant peu d\u2019exp\u00e9rience.\n  <\/p>\n<h3 style=\"font-size: 19px; margin-bottom: 5px;\"><strong>Puis\u2011je ajouter un si\u00e8ge enfant \u00e0 ce v\u00e9lo \u00e9lectrique\u202f?<\/strong><\/h3>\n<p style=\"margin-bottom: 20px;\">\n    Oui. La City e\u2011Bike de 26\u2033 est compatible avec des si\u00e8ges enfants avant et arri\u00e8re, ce qui en fait une excellente option pour les familles.\n  <\/p>\n<h3 style=\"font-size: 19px; margin-bottom: 5px;\"><strong>Qu\u2019est\u2011ce qui est inclus dans le prix de location\u202f?<\/strong><\/h3>\n<p style=\"margin-bottom: 20px;\">\n    Le casque, l\u2019antivol, les pneus anti\u2011crevaison et le support pour t\u00e9l\u00e9phone portable sont toujours inclus.\n  <\/p>\n<\/div>\n<\/div>","protected":false},"excerpt":{"rendered":"<p style=\"text-align: left; font-family: 'Roboto', sans-serif; font-size: 17px; line-height: 1.6; color: #333;\"> Nos City e\u2011Bikes 26\u201d sont le choix id\u00e9al pour explorer le centre historique de Rome avec confort et facilit\u00e9. L\u00e9g\u00e8res, intuitives et parfaites pour les cyclistes mesurant entre 1,50 m et 1,60 m, elles offrent une excellente stabilit\u00e9 sur les routes pav\u00e9es, les pistes cyclables et les parcours urbains doux. Gr\u00e2ce \u00e0 une assistance \u00e9lectrique fluide et un cadre compact, se d\u00e9placer en ville devient simple et agr\u00e9able. Pour vous aider \u00e0 d\u00e9couvrir Rome en toute s\u00e9curit\u00e9 et sans stress, nous proposons \u00e9galement des itin\u00e9raires soigneusement con\u00e7us pour le centre\u2011ville. <\/p>","protected":false},"featured_media":1998,"comment_status":"closed","ping_status":"closed","template":"","meta":[],"product_cat":[113,495],"product_tag":[914,915,916,961,31,20,22,912,918,917,21,913],"class_list":{"0":"post-1993","1":"product","2":"type-product","3":"status-publish","4":"has-post-thumbnail","6":"product_cat-hire-e-bikes-electric-bicycles","7":"product_cat-our-vehicles","8":"product_tag-bike-rental-in-rome","9":"product_tag-e-bike-in-rome","10":"product_tag-e-bike-rental-near-trastevere","11":"product_tag-e-bikes-with-a-basket","12":"product_tag-easy","13":"product_tag-ebike","14":"product_tag-eco","15":"product_tag-electric-bike-rental-in-rome","16":"product_tag-electric-bike-rental-in-the-center-of-rome","17":"product_tag-electric-bike-rental-near-the-colosseum","18":"product_tag-ladies","19":"product_tag-rent-an-electric-bike-in-rome","21":"first","22":"instock","23":"featured","24":"virtual","25":"purchasable","26":"product-type-redq_rental"},"_links":{"self":[{"href":"https:\/\/easybikerent.it\/fr\/wp-json\/wp\/v2\/product\/1993","targetHints":{"allow":["GET"]}}],"collection":[{"href":"https:\/\/easybikerent.it\/fr\/wp-json\/wp\/v2\/product"}],"about":[{"href":"https:\/\/easybikerent.it\/fr\/wp-json\/wp\/v2\/types\/product"}],"replies":[{"embeddable":true,"href":"https:\/\/easybikerent.it\/fr\/wp-json\/wp\/v2\/comments?post=1993"}],"wp:featuredmedia":[{"embeddable":true,"href":"https:\/\/easybikerent.it\/fr\/wp-json\/wp\/v2\/media\/1998"}],"wp:attachment":[{"href":"https:\/\/easybikerent.it\/fr\/wp-json\/wp\/v2\/media?parent=1993"}],"wp:term":[{"taxonomy":"product_cat","embeddable":true,"href":"https:\/\/easybikerent.it\/fr\/wp-json\/wp\/v2\/product_cat?post=1993"},{"taxonomy":"product_tag","embeddable":true,"href":"https:\/\/easybikerent.it\/fr\/wp-json\/wp\/v2\/product_tag?post=1993"}],"curies":[{"name":"wp","href":"https:\/\/api.w.org\/{rel}","templated":true}]}}