{"id":4061,"date":"2023-07-16T16:08:12","date_gmt":"2023-07-16T14:08:12","guid":{"rendered":"https:\/\/easybikerent.it\/?post_type=product&#038;p=4061"},"modified":"2026-02-01T23:43:54","modified_gmt":"2026-02-01T22:43:54","slug":"mountain-bike-rugged-sporty","status":"publish","type":"product","link":"https:\/\/easybikerent.it\/fr\/prodotto\/mountain-bike-rugged-sporty\/","title":{"rendered":"VTT \u2013 V\u00e9los Tout\u2011Terrain"},"content":{"rendered":"<div class=\"page-content\" style=\"font-family: 'Roboto', sans-serif; font-size: 17px; line-height: 1.6; color: #333;\">\n<h1 style=\"text-align: center;\">\n  <strong>Louez un VTT et D\u00e9couvrez Votre Vraie Rome<\/strong><br \/>\n<\/h1>\n<p class=\"lead\">Polyvalents, fiables et parfaits pour explorer les paysages naturels de Rome.<\/p>\n<p>\nNos VTT sont con\u00e7us pour les cyclistes qui souhaitent d\u00e9couvrir Rome au\u2011del\u00e0 de son centre historique. Avec des cadres fabriqu\u00e9s en Italie allant de 19\u201d \u00e0 24\u201d et des roues de 26\u201d, 27,5\u201d ou 29\u201d, ces v\u00e9los offrent stabilit\u00e9, contr\u00f4le et confort sur une grande vari\u00e9t\u00e9 de terrains.\n<\/p>\n<p>\nBien que Rome soit c\u00e9l\u00e8bre pour ses monuments et ses sites antiques, la ville offre \u00e9galement de magnifiques espaces naturels, des collines ondulantes et des itin\u00e9raires pittoresques \u00e0 la campagne. Louer un VTT vous permet d\u2019explorer ces paysages \u00e0 votre rythme, en d\u00e9couvrant des sentiers tranquilles, des points de vue panoramiques et des espaces verts paisibles juste aux portes de la ville.\n<\/p>\n<p>\nSi vous souhaitez vous \u00e9loigner des zones touristiques anim\u00e9es, un VTT vous offre la libert\u00e9 d\u2019emprunter des itin\u00e9raires moins connus, o\u00f9 la tranquillit\u00e9 et la nature prennent le dessus. C\u2019est le choix id\u00e9al pour les cyclistes en qu\u00eate d\u2019une exp\u00e9rience en plein air plus active et immersive.\n<\/p>\n<p>\nExplorer Rome en VTT offre des moments uniques qui vont bien au\u2011del\u00e0 des visites traditionnelles. Que vous aimiez grimper, rouler sur des sentiers naturels ou simplement profiter du plein air, un VTT offre l\u2019\u00e9quilibre parfait entre aventure et plaisir.\n<\/p>\n<p>\nEn choisissant la location d\u2019un VTT \u00e0 Rome, vous combinez exploration, activit\u00e9 physique et d\u00e9couverte culturelle. C\u2019est une excellente mani\u00e8re de d\u00e9couvrir une autre facette de la Ville \u00c9ternelle \u2014 faite de nature, d\u2019espaces ouverts et de panoramas inoubliables.\n<\/p>\n<p>\n<strong>Le VTT est \u00e9galement l\u2019une des meilleures options non \u00e9lectriques pour parcourir la Via Appia en toute s\u00e9curit\u00e9 et confort, gr\u00e2ce \u00e0 ses pneus plus larges et \u00e0 sa g\u00e9om\u00e9trie stable.<\/strong>\n<\/p>\n<p>\nNotre boutique est situ\u00e9e juste en face du Circus Maximus et offre un acc\u00e8s s\u00e9curis\u00e9 aux pistes cyclables menant \u00e0 la Via Appia et aux espaces verts de Rome.\n<\/p>\n<h2 style=\"font-size: 22px; margin-top: 35px;\">\n  <strong>Pourquoi Choisir Nos VTT<\/strong><br \/>\n<\/h2>\n<div class=\"tour-card\" style=\"margin-top: 25px;\">\n<h3 style=\"font-size: 20px;\"><strong>Con\u00e7us pour la Stabilit\u00e9 &amp; le Contr\u00f4le<\/strong><\/h3>\n<p>\nNos VTT sont con\u00e7us pour affronter une grande vari\u00e9t\u00e9 de terrains avec assurance et facilit\u00e9.\n<\/p>\n<ul>\n<li>Tailles de cadre de 19\u201d \u00e0 24\u201d<\/li>\n<li>Options de roues : 26\u201d, 27.5\u201d ou 29\u201d<\/li>\n<li>Construction italienne fiable<\/li>\n<li>Id\u00e9als pour les parcours \u00e0 la campagne et les sentiers naturels<\/li>\n<\/ul>\n<\/div>\n<div class=\"tour-card\" style=\"margin-top: 25px;\">\n<h3 style=\"font-size: 20px;\"><strong>Id\u00e9als pour les parcours \u00e0 la campagne, les sentiers naturels.<\/strong><\/h3>\n<p>\nUn excellent choix pour ceux qui souhaitent d\u00e9couvrir les espaces verts de Rome, ses environs paisibles et la Voie Appienne.\n<\/p>\n<ul>\n<li>Explorez les collines, les parcs et les sentiers panoramiques de Rome<\/li>\n<li>\u00c9vadez\u2011vous des zones touristiques bond\u00e9es<\/li>\n<li>Profitez d\u2019une exp\u00e9rience plus active et immersive<\/li>\n<li>Id\u00e9als aussi bien pour des sorties tranquilles que pour des parcours aventureux<\/li>\n<\/ul>\n<\/div>\n<p style=\"margin-top: 25px; text-align: left;\" class=\"translation-block\">Si le v\u00e9lo est votre passion, n\u2019oubliez pas de d\u00e9couvrir nos <span style=\"color: #3366ff\"> <a style=\"color: #3366ff\" href=\"https:\/\/easybikerent.it\/fr\/appian-way-e-bike-tours\/\" target=\"_self\">tours<\/a> <\/span> pour vivre des exp\u00e9riences guid\u00e9es inoubliables.<\/p>\n<h2 style=\"margin-top:40px;\"><strong>Questions Fr\u00e9quemment Pos\u00e9es<\/strong><\/h2>\n<h3><strong>Un VTT est\u2011il adapt\u00e9 \u00e0 la Via Appia\u202f?<\/strong><\/h3>\n<p>\nOui. Un VTT est l\u2019une des meilleures options non \u00e9lectriques pour la Via Appia. Ses pneus plus larges et sa g\u00e9om\u00e9trie stable le rendent id\u00e9al pour les pav\u00e9s de basalte irr\u00e9guliers, les chemins de terre et les terrains mixtes.\n<\/p>\n<h3><strong>Quelle est la diff\u00e9rence entre un VTT et un v\u00e9lo Gravel\u202f?<\/strong><\/h3>\n<p>\nA Mountain Bike offers more stability, wider tires, and better control on rough terrain. A Gravel Bike is faster on paved roads but less comfortable on the Appian Way\u2019s uneven stones. For the Appian Way, the MTB is the better choice.\n<\/p>\n<h3><strong>Quelle taille devrais\u2011je choisir\u202f?<\/strong><\/h3>\n<p>\nAvec des cadres de 19\u201d \u00e0 24\u201d et des roues de 26\u201d \u00e0 29\u201d, nos VTT conviennent aux cyclistes mesurant entre environ 1,60 m et 1,95 m. Notre \u00e9quipe vous aidera \u00e0 choisir la taille id\u00e9ale.\n<\/p>\n<h3><strong>Le VTT convient\u2011il aux d\u00e9butants\u202f?<\/strong><\/h3>\n<p>\nOui, tant que vous \u00eates \u00e0 l\u2019aise pour rouler sur des terrains vari\u00e9s. Le VTT est stable et pr\u00e9visible, ce qui en fait un bon choix pour les cyclistes ayant des comp\u00e9tences de base.\n<\/p>\n<h3><strong>Puis\u2011je utiliser un VTT dans le centre\u2011ville\u202f?<\/strong><\/h3>\n<p>\nOui, mais elle est optimis\u00e9e pour les sentiers naturels et les parcours \u00e0 la campagne. Dans le centre historique, un v\u00e9lo de ville ou un City E\u2011Bike est plus confortable.\n<\/p>\n<h3><strong>O\u00f9 commence la location\u202f?<\/strong><\/h3>\n<p>\nToutes les locations commencent depuis notre boutique situ\u00e9e en face du Circus Maximus, avec un acc\u00e8s s\u00e9curis\u00e9 aux pistes cyclables menant \u00e0 la Via Appia et aux espaces verts de Rome.\n<\/p>\n<h3 style=\"font-size: 19px; margin-bottom: 5px;\"><strong>Qu\u2019est\u2011ce qui est inclus dans le prix de location\u202f?<\/strong><\/h3>\n<p style=\"margin-bottom: 20px;\">\n    Le casque, l\u2019antivol, les pneus anti\u2011crevaison et le support pour t\u00e9l\u00e9phone portable sont toujours inclus.<\/p>\n<\/div>\n<\/div>","protected":false},"excerpt":{"rendered":"<p style=\"text-align: left; font-family: 'Roboto', sans-serif; font-size: 17px; line-height: 1.6; color: #333;\"> D\u00e9couvrez le meilleur service de location de VTT \u00e0 Rome, id\u00e9al pour les cyclistes souhaitant explorer la Voie Appienne. Nos VTT sont stables, confortables et parfaits pour d\u00e9couvrir la nature romaine et la campagne pittoresque en toute simplicit\u00e9. <\/p>","protected":false},"featured_media":1620,"comment_status":"closed","ping_status":"closed","template":"","meta":[],"product_cat":[118,495],"product_tag":[958,31,22,26,957,956],"class_list":{"0":"post-4061","1":"product","2":"type-product","3":"status-publish","4":"has-post-thumbnail","6":"product_cat-bicycles","7":"product_cat-our-vehicles","8":"product_tag-appian-way-by-mountain-bike","9":"product_tag-easy","10":"product_tag-eco","11":"product_tag-family","12":"product_tag-hire-a-mountain-bike-in-rome","13":"product_tag-mountain-bikes-in-rome","15":"first","16":"instock","17":"purchasable","18":"product-type-redq_rental"},"_links":{"self":[{"href":"https:\/\/easybikerent.it\/fr\/wp-json\/wp\/v2\/product\/4061","targetHints":{"allow":["GET"]}}],"collection":[{"href":"https:\/\/easybikerent.it\/fr\/wp-json\/wp\/v2\/product"}],"about":[{"href":"https:\/\/easybikerent.it\/fr\/wp-json\/wp\/v2\/types\/product"}],"replies":[{"embeddable":true,"href":"https:\/\/easybikerent.it\/fr\/wp-json\/wp\/v2\/comments?post=4061"}],"wp:featuredmedia":[{"embeddable":true,"href":"https:\/\/easybikerent.it\/fr\/wp-json\/wp\/v2\/media\/1620"}],"wp:attachment":[{"href":"https:\/\/easybikerent.it\/fr\/wp-json\/wp\/v2\/media?parent=4061"}],"wp:term":[{"taxonomy":"product_cat","embeddable":true,"href":"https:\/\/easybikerent.it\/fr\/wp-json\/wp\/v2\/product_cat?post=4061"},{"taxonomy":"product_tag","embeddable":true,"href":"https:\/\/easybikerent.it\/fr\/wp-json\/wp\/v2\/product_tag?post=4061"}],"curies":[{"name":"wp","href":"https:\/\/api.w.org\/{rel}","templated":true}]}}