{"id":4062,"date":"2023-07-16T16:48:07","date_gmt":"2023-07-16T14:48:07","guid":{"rendered":"https:\/\/easybikerent.it\/?post_type=product&#038;p=4062"},"modified":"2026-01-27T13:27:50","modified_gmt":"2026-01-27T12:27:50","slug":"mountain-bikes-plus","status":"publish","type":"product","link":"https:\/\/easybikerent.it\/fr\/prodotto\/mountain-bikes-plus\/","title":{"rendered":"Mountain Bike Plus"},"content":{"rendered":"<div class=\"page-content\" style=\"font-family: 'Roboto', sans-serif; font-size: 17px; line-height: 1.6; color: #333;\">\n<h1 style=\"text-align: center; font-family: 'Roboto', sans-serif;\">\n  <strong>Louez un Mountain Bike Plus et d\u00e9couvrez votre Rome authentique<\/strong><br \/>\n<\/h1>\n<p class=\"lead\">Des v\u00e9los haute performance, tout\u2011terrain, con\u00e7us pour les cyclistes qui veulent ce qu\u2019il y a de mieux.<\/p>\n<p style=\"text-align: left;\">\nNotre cat\u00e9gorie Mountain Bike Plus propose des v\u00e9los haut de gamme con\u00e7us pour les cyclistes recherchant des performances, un contr\u00f4le et une durabilit\u00e9 au plus haut niveau. Avec des cadres fabriqu\u00e9s en Italie, de 19\u201d \u00e0 24\u201d, et des roues de 27.5\u201d ou 29\u201d, ces v\u00e9los offrent une maniabilit\u00e9 exceptionnelle sur les terrains les plus exigeants.\n<\/p>\n<p style=\"text-align: left;\">\nParmi les mod\u00e8les phares de cette cat\u00e9gorie figurent le KTM Flite Ultra et le Lombardo Imperia 5.0 \u2014 des VTT haute performance con\u00e7us avec une technologie de pointe et des composants sup\u00e9rieurs. Pens\u00e9s pour affronter les sentiers les plus exigeants, ils offrent une combinaison id\u00e9ale de solidit\u00e9, de r\u00e9activit\u00e9 et de stabilit\u00e9.\n<\/p>\n<p style=\"text-align: left;\">\nCon\u00e7us pour offrir pr\u00e9cision et durabilit\u00e9, nos mod\u00e8les Mountain Bike Plus sont dot\u00e9s de cadres l\u00e9gers mais robustes, fabriqu\u00e9s avec des mat\u00e9riaux haut de gamme. Leur g\u00e9om\u00e9trie avanc\u00e9e garantit un rapport r\u00e9sistance\u2011poids optimal tout en assurant une excellente maniabilit\u00e9, m\u00eame sur les mont\u00e9es techniques et les descentes difficiles.\n<\/p>\n<p style=\"text-align: left;\">\nRome est entour\u00e9e de collines ondulantes, de routes de campagne et de sentiers naturels panoramiques, parfaits pour le VTT. Louer un Mountain Bike Plus vous permet d\u2019explorer ces paysages au\u2011del\u00e0 des itin\u00e9raires touristiques classiques, en d\u00e9couvrant des chemins cach\u00e9s, des points de vue panoramiques et des espaces verts paisibles juste \u00e0 l\u2019ext\u00e9rieur de la ville.\n<\/p>\n<p style=\"text-align: left;\">\nSi vous recherchez la tranquillit\u00e9 et un lien plus profond avec la nature, un Mountain Bike Plus vous offre la libert\u00e9 de quitter les zones fr\u00e9quent\u00e9es et de profiter de chemins calmes et peu emprunt\u00e9s. C\u2019est le choix id\u00e9al pour les cyclistes souhaitant vivre une exp\u00e9rience en plein air plus immersive durant leur s\u00e9jour \u00e0 Rome.\n<\/p>\n<p style=\"text-align: left;\">\nQue vous pr\u00e9f\u00e9riez des sorties pleines d\u2019adr\u00e9naline ou des explorations tranquilles \u00e0 la campagne, un Mountain Bike Plus offre une flexibilit\u00e9 totale. Vous choisissez quand et o\u00f9 rouler, en adaptant votre aventure \u00e0 votre rythme et \u00e0 vos envies.\n<\/p>\n<p style=\"text-align: left;\">\nLouer un Mountain Bike Plus \u00e0 Rome, c\u2019est acc\u00e9der \u00e0 un v\u00e9ritable terrain de jeu naturel juste au\u2011del\u00e0 du paysage urbain. Des sentiers off\u2011road palpitants aux itin\u00e9raires panoramiques paisibles, cette exp\u00e9rience promet des moments inoubliables tout en r\u00e9v\u00e9lant la beaut\u00e9 et la diversit\u00e9 des paysages qui entourent Rome.\n<\/p>\n<h2 style=\"font-family: 'Roboto', sans-serif; font-size: 22px; margin-top: 35px;\">\n  <strong>Pourquoi choisir notre Mountain Bike Plus<\/strong><br \/>\n<\/h2>\n<div class=\"tour-card\" style=\"margin-top: 25px;\">\n<h3 style=\"font-size: 20px;\"><strong>Composants haute performance<\/strong><\/h3>\n<p style=\"text-align: left;\">\nCon\u00e7ue pour les cyclistes exigeants qui recherchent un contr\u00f4le maximal et une r\u00e9activit\u00e9 optimale sur les terrains difficiles.\n<\/p>\n<ul>\n<li>Cadres premium de 19\u201d \u00e0 24\u201d<\/li>\n<li>Roues de 27.5\u201d ou 29\u201d pour une stabilit\u00e9 sup\u00e9rieure<\/li>\n<li>Syst\u00e8mes avanc\u00e9s de suspension et de freinage<\/li>\n<li>Id\u00e9al pour les mont\u00e9es techniques et les sentiers difficiles<\/li>\n<\/ul>\n<\/div>\n<div class=\"tour-card\" style=\"margin-top: 25px;\">\n<h3 style=\"font-size: 20px;\"><strong>Parfait pour des aventures hors des sentiers battus<\/strong><\/h3>\n<p style=\"text-align: left;\">\nUn excellent choix pour explorer la campagne romaine, les collines et les parcs naturels en toute confiance et confort.\n<\/p>\n<ul>\n<li>D\u00e9couvrez des itin\u00e9raires cach\u00e9s et des points de vue panoramiques<\/li>\n<li>\u00c9vitez les zones touristiques bond\u00e9es<\/li>\n<li>Profitez d\u2019une exp\u00e9rience en plein air plus active et immersive<\/li>\n<li>Parfait pour l\u2019adr\u00e9naline comme pour la d\u00e9tente<\/li>\n<\/ul>\n<\/div>\n<p style=\"margin-top: 25px; text-align: left;\" class=\"translation-block\">Si le v\u00e9lo est votre passion, n\u2019oubliez pas de d\u00e9couvrir nos <span style=\"color: #3366ff\"> <a style=\"color: #3366ff\" href=\"https:\/\/easybikerent.it\/fr\/appian-way-e-bike-tours\/\" target=\"_self\">tours<\/a> <\/span> pour vivre des exp\u00e9riences guid\u00e9es inoubliables.<\/p>\n<\/div>","protected":false},"excerpt":{"rendered":"<p style=\"text-align: left; font-family: 'Roboto', sans-serif; font-size: 17px; line-height: 1.6; color: #333;\"> Nos mod\u00e8les Mountain Bike Plus sont le choix id\u00e9al pour les cyclistes qui recherchent des performances de haut niveau tout en explorant les paysages naturels de Rome. Puissants, stables et r\u00e9actifs, ils sont parfaits pour parcourir la Via Appia Antica et ses parcs panoramiques en toute confiance. Ces v\u00e9los de haute qualit\u00e9 s\u2019adaptent facilement \u00e0 diff\u00e9rents types de terrain, offrant un contr\u00f4le exceptionnel sur les routes de campagne et les sentiers panoramiques. Pour une exp\u00e9rience s\u00fbre et sereine, nous proposons \u00e9galement des itin\u00e9raires recommand\u00e9s con\u00e7us pour vous guider \u00e0 travers les plus beaux parcours autour de Rome. <\/p>","protected":false},"featured_media":4050,"comment_status":"closed","ping_status":"closed","template":"","meta":[],"product_cat":[118,495],"product_tag":[22,26,933,935,936,934,937],"class_list":{"0":"post-4062","1":"product","2":"type-product","3":"status-publish","4":"has-post-thumbnail","6":"product_cat-bicycles","7":"product_cat-our-vehicles","8":"product_tag-eco","9":"product_tag-family","10":"product_tag-good-quality-mountain-bike","11":"product_tag-high-perfomances-mountain-bike","12":"product_tag-rent-a-high-quality-mountain-bike-in-rome","13":"product_tag-rent-a-mountain-bike-in-rome","14":"product_tag-visit-the-appian-way-without-a-guide","16":"first","17":"instock","18":"purchasable","19":"product-type-redq_rental"},"_links":{"self":[{"href":"https:\/\/easybikerent.it\/fr\/wp-json\/wp\/v2\/product\/4062","targetHints":{"allow":["GET"]}}],"collection":[{"href":"https:\/\/easybikerent.it\/fr\/wp-json\/wp\/v2\/product"}],"about":[{"href":"https:\/\/easybikerent.it\/fr\/wp-json\/wp\/v2\/types\/product"}],"replies":[{"embeddable":true,"href":"https:\/\/easybikerent.it\/fr\/wp-json\/wp\/v2\/comments?post=4062"}],"wp:featuredmedia":[{"embeddable":true,"href":"https:\/\/easybikerent.it\/fr\/wp-json\/wp\/v2\/media\/4050"}],"wp:attachment":[{"href":"https:\/\/easybikerent.it\/fr\/wp-json\/wp\/v2\/media?parent=4062"}],"wp:term":[{"taxonomy":"product_cat","embeddable":true,"href":"https:\/\/easybikerent.it\/fr\/wp-json\/wp\/v2\/product_cat?post=4062"},{"taxonomy":"product_tag","embeddable":true,"href":"https:\/\/easybikerent.it\/fr\/wp-json\/wp\/v2\/product_tag?post=4062"}],"curies":[{"name":"wp","href":"https:\/\/api.w.org\/{rel}","templated":true}]}}