{"id":4145,"date":"2023-08-19T16:23:33","date_gmt":"2023-08-19T14:23:33","guid":{"rendered":"https:\/\/easybikerent.it\/?post_type=product&#038;p=4145"},"modified":"2026-02-01T23:32:22","modified_gmt":"2026-02-01T22:32:22","slug":"electric-mountain-bikes","status":"publish","type":"product","link":"https:\/\/easybikerent.it\/fr\/prodotto\/electric-mountain-bikes\/","title":{"rendered":"V\u00e9los tout-terrain \u00e9lectriques"},"content":{"rendered":"<div class=\"page-content\" style=\"font-family: 'Roboto', sans-serif; font-size: 17px; line-height: 1.6; color: #333;\">\n<h1 style=\"text-align: center;\">\n  <strong>Louez des E\u2011Mountain Bikes et D\u00e9couvrez Votre Vraie Rome<\/strong><br \/>\n<\/h1>\n<p class=\"lead\">Puissants, fiables et parfaits pour explorer en toute facilit\u00e9 les itin\u00e9raires les plus embl\u00e9matiques de Rome.<\/p>\n<p>\nLes electric mountain bikes sont le choix id\u00e9al pour visiter la Via Appia Antica, les catacombes et les aqueducs. Leur puissance suppl\u00e9mentaire et leur stabilit\u00e9 facilitent la conduite sur les pav\u00e9s, les petites collines et les sentiers de campagne, vous permettant d\u2019explorer Rome de mani\u00e8re intelligente, confortable et durable.\n<\/p>\n<p>\nNos e\u2011MTB tout\u2011terrain sont con\u00e7us pour offrir un contr\u00f4le optimal et des performances \u00e9lev\u00e9es sur une grande vari\u00e9t\u00e9 de surfaces. Avec des cadres allant de 17\u201d \u00e0 22\u201d et des roues de 27.5\u201d ou 29\u201d, ils s\u2019adaptent parfaitement \u00e0 la plupart des cyclistes, garantissant une exp\u00e9rience de conduite fluide et agr\u00e9able du d\u00e9but \u00e0 la fin.\n<\/p>\n<p>\nLouer un e\u2011MTB \u00e0 Rome signifie profiter du confort, de la stabilit\u00e9 et de la libert\u00e9 d\u2019aller plus loin avec moins d\u2019effort. Que vous affrontiez une mont\u00e9e, traversiez un terrain irr\u00e9gulier ou vous promeniez simplement dans les parcs et espaces verts de la ville, l\u2019assistance moteur vous offre le coup de pouce suppl\u00e9mentaire dont vous avez exactement besoin, au bon moment.\n<\/p>\n<p>\nSolides, puissants et fi\u00e8rement italiens, nos e\u2011MTB sont \u00e9quip\u00e9s d\u2019une suspension avant et de moteurs haute performance offrant un soutien fiable sur tous types de terrains. Du centre historique aux itin\u00e9raires panoramiques de la campagne romaine, aucune destination n\u2019est hors de port\u00e9e.\n<\/p>\n<p class=\"translation-block\">Les VTT \u00e9lectriques sont \u00e9galement le meilleur choix pour explorer la Via Appia Antica, gr\u00e2ce \u00e0 leur puissance, leur confort et leur stabilit\u00e9 sur terrains vari\u00e9s. Pour vous permettre de profiter de l\u2019exp\u00e9rience en toute s\u00e9curit\u00e9 et sans stress, nous proposons plusieurs itin\u00e9raires soigneusement s\u00e9lectionn\u00e9s, dont le c\u00e9l\u00e8bre parcours Scott Rozier, l\u2019un des itin\u00e9raires les plus appr\u00e9ci\u00e9s et les plus pittoresques pour d\u00e9couvrir la Voie Appienne et ses tr\u00e9sors arch\u00e9ologiques.<\/p>\n<p>\nPuissante, fiable et parfaite pour explorer en toute facilit\u00e9 les itin\u00e9raires les plus embl\u00e9matiques de Rome\n<\/p>\n<h2 style=\"font-size: 22px; margin-top: 35px;\">\n  <strong>Pourquoi Choisir Nos Electric Mountain Bikes<\/strong><br \/>\n<\/h2>\n<div class=\"tour-card\" style=\"margin-top: 25px;\">\n<h3 style=\"font-size: 20px;\"><strong>Puissance et Confort sur Tous les Terrains<\/strong><\/h3>\n<p>\nCon\u00e7ue pour s\u2019adapter ais\u00e9ment aux paysages vari\u00e9s de Rome, des pav\u00e9s du centre aux sentiers de campagne.\n<\/p>\n<ul>\n<li>Moteurs haute performance pour une assistance fluide<\/li>\n<li>Suspension avant pour un confort accru<\/li>\n<li>Roues de 27.5\u201d ou 29\u201d pour stabilit\u00e9 et contr\u00f4le<\/li>\n<li>Parfaites pour la Via Appia Antica, les Catacombes et les Aqueducs<\/li>\n<\/ul>\n<\/div>\n<div class=\"tour-card\" style=\"margin-top: 25px;\">\n<h3 style=\"font-size: 20px;\"><strong>Id\u00e9al pour de longues aventures panoramiques<\/strong><\/h3>\n<p>\nProfitez de la campagne romaine et des itin\u00e9raires panoramiques sans vous soucier de la fatigue\n<\/p>\n<ul>\n<li>Explorez davantage avec moins d\u2019effort<\/li>\n<li>Atteignez des points de vue panoramiques en toute facilit\u00e9<\/li>\n<li>Adapt\u00e9e \u00e0 la plupart des tailles et styles de conduite<\/li>\n<li>Inclut des itin\u00e9raires soigneusement s\u00e9lectionn\u00e9s, comme le parcours Scott Rozier<\/li>\n<\/ul>\n<\/div>\n<p style=\"margin-top: 25px; text-align: left;\" class=\"translation-block\">Si le v\u00e9lo est votre passion, n\u2019oubliez pas de d\u00e9couvrir nos <span style=\"color: #3366ff\"> <a style=\"color: #3366ff\" href=\"https:\/\/easybikerent.it\/fr\/appian-way-e-bike-tours\/\" target=\"_self\">tours<\/a> <\/span> pour vivre des exp\u00e9riences guid\u00e9es inoubliables.<\/p>\n<h2 style=\"font-size: 22px; margin-top: 45px;\">\n  <strong>Questions Fr\u00e9quemment Pos\u00e9es<\/strong><br \/>\n<\/h2>\n<div class=\"faq-section\" style=\"margin-top: 25px;\">\n<h3 style=\"font-size: 19px; margin-bottom: 5px;\"><strong>Les VTT \u00e9lectriques sont\u2011ils adapt\u00e9s \u00e0 la Via Appia\u202f?<\/strong><\/h3>\n<p style=\"margin-bottom: 20px;\">\n    Oui. Nos e\u2011MTB sont le meilleur choix pour la Via Appia gr\u00e2ce \u00e0 leur puissance, leur stabilit\u00e9 et leur confort sur les pav\u00e9s et les terrains mixtes.\n  <\/p>\n<h3 style=\"font-size: 19px; margin-bottom: 5px;\"><strong>Quelles tailles de VTT \u00e9lectriques proposez\u2011vous\u202f?<\/strong><\/h3>\n<p style=\"margin-bottom: 20px;\">\n    Nous proposons des cadres de 17\u201d \u00e0 22\u201d et des roues de 27.5\u201d ou 29\u201d, assurant un ajustement parfait pour la majorit\u00e9 des cyclistes.\n  <\/p>\n<h3 style=\"font-size: 19px; margin-bottom: 5px;\"><strong>Les VTT \u00e9lectriques sont\u2011ils faciles \u00e0 utiliser pour les d\u00e9butants\u202f?<\/strong><\/h3>\n<p style=\"margin-bottom: 20px;\">\n    Absolument. L\u2019assistance du moteur rend la conduite fluide et sans effort, m\u00eame en mont\u00e9e ou sur des surfaces irr\u00e9guli\u00e8res.\n  <\/p>\n<h3 style=\"font-size: 19px; margin-bottom: 5px;\"><strong>Qu\u2019est\u2011ce qui est inclus dans le prix de location\u202f?<\/strong><\/h3>\n<p style=\"margin-bottom: 20px;\">\n    Le casque, l\u2019antivol, les pneus anti\u2011crevaison et le support pour t\u00e9l\u00e9phone portable sont toujours inclus.\n  <\/p>\n<h3 style=\"font-size: 19px; margin-bottom: 5px;\"><strong>Proposez\u2011vous des itin\u00e9raires pour la Via Appia\u202f?<\/strong><\/h3>\n<p style=\"margin-bottom: 20px;\">\n    Oui. Nous incluons des itin\u00e9raires s\u00e9lectionn\u00e9s, tels que celui de Scott Rozier, pour vous aider \u00e0 explorer en toute s\u00e9curit\u00e9 et avec confiance.\n  <\/p>\n<h3 style=\"font-size: 19px; margin-bottom: 5px;\"><strong>Puis\u2011je ajouter des sacoches ou des accessoires au v\u00e9lo\u202f?<\/strong><\/h3>\n<p style=\"margin-bottom: 20px;\">\n    Vous pouvez ajouter des sacoches Ortlieb (\u00e0 l\u2019unit\u00e9 ou par paire) pour disposer d\u2019un espace de rangement suppl\u00e9mentaire pendant votre sortie.\n  <\/p>\n<\/div>\n<\/div>","protected":false},"excerpt":{"rendered":"<p style=\"text-align: left; font-family: 'Roboto', sans-serif; font-size: 17px; line-height: 1.6; color: #333;\"> Nos VTT \u00e9lectriques sont le choix id\u00e9al pour explorer la Via Appia Antica et les plus beaux itin\u00e9raires de la campagne romaine. Puissants, stables et faciles \u00e0 manier, ils vous permettent d\u2019aller plus loin avec moins d\u2019effort tout en profitant d\u2019un confort total sur terrains vari\u00e9s. Parfaits pour des balades tranquilles comme pour de longues aventures, ces e\u2011MTB incluent des itin\u00e9raires s\u00e9lectionn\u00e9s \u2014 dont le populaire parcours de Scott Rozier \u2014 pour d\u00e9couvrir en toute s\u00e9curit\u00e9 et confiance les tr\u00e9sors naturels et arch\u00e9ologiques de Rome. <\/p>","protected":false},"featured_media":2553,"comment_status":"closed","ping_status":"closed","template":"","meta":[],"product_cat":[113,495],"product_tag":[945,915,916,912,918,944,936,934,937],"class_list":{"0":"post-4145","1":"product","2":"type-product","3":"status-publish","4":"has-post-thumbnail","6":"product_cat-hire-e-bikes-electric-bicycles","7":"product_cat-our-vehicles","8":"product_tag-e-mountain-bike-for-rent-in-rome","9":"product_tag-e-bike-in-rome","10":"product_tag-e-bike-rental-near-trastevere","11":"product_tag-electric-bike-rental-in-rome","12":"product_tag-electric-bike-rental-in-the-center-of-rome","13":"product_tag-electric-mountain-bike-in-rome-for-rent","14":"product_tag-rent-a-high-quality-mountain-bike-in-rome","15":"product_tag-rent-a-mountain-bike-in-rome","16":"product_tag-visit-the-appian-way-without-a-guide","18":"first","19":"instock","20":"purchasable","21":"product-type-redq_rental"},"_links":{"self":[{"href":"https:\/\/easybikerent.it\/fr\/wp-json\/wp\/v2\/product\/4145","targetHints":{"allow":["GET"]}}],"collection":[{"href":"https:\/\/easybikerent.it\/fr\/wp-json\/wp\/v2\/product"}],"about":[{"href":"https:\/\/easybikerent.it\/fr\/wp-json\/wp\/v2\/types\/product"}],"replies":[{"embeddable":true,"href":"https:\/\/easybikerent.it\/fr\/wp-json\/wp\/v2\/comments?post=4145"}],"wp:featuredmedia":[{"embeddable":true,"href":"https:\/\/easybikerent.it\/fr\/wp-json\/wp\/v2\/media\/2553"}],"wp:attachment":[{"href":"https:\/\/easybikerent.it\/fr\/wp-json\/wp\/v2\/media?parent=4145"}],"wp:term":[{"taxonomy":"product_cat","embeddable":true,"href":"https:\/\/easybikerent.it\/fr\/wp-json\/wp\/v2\/product_cat?post=4145"},{"taxonomy":"product_tag","embeddable":true,"href":"https:\/\/easybikerent.it\/fr\/wp-json\/wp\/v2\/product_tag?post=4145"}],"curies":[{"name":"wp","href":"https:\/\/api.w.org\/{rel}","templated":true}]}}