{"id":699,"date":"2017-12-15T14:51:40","date_gmt":"2017-12-15T13:51:40","guid":{"rendered":"https:\/\/easybikerent.it\/?post_type=product&#038;p=699"},"modified":"2026-01-31T17:21:41","modified_gmt":"2026-01-31T16:21:41","slug":"rent-a-trekking-or-a-city-bike","status":"publish","type":"product","link":"https:\/\/easybikerent.it\/fr\/prodotto\/rent-a-trekking-or-a-city-bike\/","title":{"rendered":"V\u00e9los Trekking ou City"},"content":{"rendered":"<div style=\"font-family: 'Roboto', sans-serif; font-size: 17px; line-height: 1.6; color: #333;\">\n<h1>V\u00e9los Trekking ou City<\/h1>\n<p> V\u00e9los Trekking ou City, \u00e9clectiques et fiables. Louez nos v\u00e9los trekking ou city, avec des cadres qui vont de 17 \u00e0 22 pouces et des roues de 26 ou 28 pouces. Adapt\u00e9s \u00e0 toutes les tailles. <\/p>\n<p><strong>Parfait pour explorer le centre historique de Rome, les pistes cyclables et les rues \u00e0 faible circulation.<\/strong><\/p>\n<p> D\u00e9couvrez Rome comme un local gr\u00e2ce \u00e0 nos v\u00e9los de trekking et City de haute qualit\u00e9 \u2014 simples, robustes et parfaits pour explorer le centre historique et ses quartiers les plus embl\u00e9matiques. Que vous pr\u00e9voyiez une balade d\u00e9tendue parmi les monuments de Rome ou une journ\u00e9e de visites, ces v\u00e9los offrent l\u2019\u00e9quilibre id\u00e9al entre confort et polyvalence. <\/p>\n<p> Tous nos v\u00e9los Trekking et City sont fabriqu\u00e9s en Italie et con\u00e7us pour offrir une fiabilit\u00e9 maximale. Avec des cadres allant de 17\u201d \u00e0 22\u201d et des roues de 26\u201d ou 28\u201d, nous garantissons un confort adapt\u00e9 \u00e0 la plupart des tailles et morphologies. Chaque v\u00e9lo est r\u00e9guli\u00e8rement r\u00e9vis\u00e9 et entretenu afin d\u2019assurer une conduite fluide et s\u00e9curis\u00e9e pendant toute la dur\u00e9e de votre location. <\/p>\n<p> Gr\u00e2ce \u00e0 leur conception ergonomique et \u00e0 leur conduite stable, ces v\u00e9los conviennent aux cyclistes de tous niveaux \u2014 des plus exp\u00e9riment\u00e9s aux voyageurs qui souhaitent simplement une mani\u00e8re facile et agr\u00e9able de d\u00e9couvrir Rome. <\/p>\n<h2 style=\"margin-top:35px;\"><strong>Pourquoi Choisir Nos V\u00e9los Trekking &amp; City<\/strong><\/h2>\n<div style=\"margin-top:20px;\">\n<h3><strong>V\u00e9los Confortables et Polyvalents<\/strong><\/h3>\n<p>Parfaites pour parcourir les rues de Rome avec stabilit\u00e9 et aisance.<\/p>\n<ul>\n<li>Cadres l\u00e9gers et robustes<\/li>\n<li>Roues de 26\u201d ou 28\u201d pour une conduite fluide<\/li>\n<li>Plusieurs tailles de cadre pour un ajustement parfait<\/li>\n<li>Id\u00e9ales pour explorer le centre de Rome<\/li>\n<\/ul><\/div>\n<div style=\"margin-top:20px;\">\n<h3><strong>Qualit\u00e9 Italienne Fiable<\/strong><\/h3>\n<p>Nos v\u00e9los sont s\u00e9lectionn\u00e9s pour leur durabilit\u00e9 et leur confort, garantissant une conduite s\u00fbre et agr\u00e9able.<\/p>\n<ul>\n<li>Entretien r\u00e9gulier et contr\u00f4les de s\u00e9curit\u00e9<\/li>\n<li>Selles confortables et design ergonomique<\/li>\n<li>Adapt\u00e9e aux cyclistes de diff\u00e9rentes tailles<\/li>\n<\/ul><\/div>\n<p style=\"margin-top:25px;\" class=\"translation-block\">Si le v\u00e9lo est votre passion, n\u2019oubliez pas de d\u00e9couvrir nos <span style=\"color: #3366ff\"> <a style=\"color: #3366ff\" href=\"https:\/\/easybikerent.it\/fr\/appian-way-e-bike-tours\/\" target=\"_self\">tours<\/a> <\/span> pour vivre des exp\u00e9riences guid\u00e9es inoubliables.<\/p>\n<h2 style=\"margin-top:40px;\"><strong>Questions Fr\u00e9quemment Pos\u00e9es<\/strong><\/h2>\n<h3><strong>Les v\u00e9los Trekking &amp; City sont\u2011ils faciles \u00e0 conduire\u202f?<\/strong><\/h3>\n<p> Oui. Ces v\u00e9los sont l\u00e9gers, stables et adapt\u00e9s aux cyclistes de tous niveaux. Ils sont parfaits pour explorer le centre de Rome et ses rues pav\u00e9es en toute s\u00e9curit\u00e9 et en toute confort. <\/p>\n<h3><strong>Puis\u2011je utiliser un v\u00e9lo Trekking ou City sur la Via Appia\u202f?<\/strong><\/h3>\n<p class=\"translation-block\">Les v\u00e9los Trekking et City ne sont pas adapt\u00e9s \u00e0 la Via Appia ni aux terrains off\u2011road. Si vous souhaitez rouler sur la Via Appia, nous vous recommandons de louer nos mod\u00e8les <strong>MTB<\/strong> ou <strong>MTB Plus<\/strong>, sp\u00e9cialement con\u00e7us pour les surfaces irr\u00e9guli\u00e8res et les terrains accident\u00e9s.<\/p>\n<h3><strong>Quel v\u00e9lo devrais\u2011je choisir pour la Via Appia\u202f?<\/strong><\/h3>\n<p class=\"translation-block\">Pour la Via Appia, les meilleures options sont nos v\u00e9los <strong>MTB<\/strong> ou <strong>MTB Plus<\/strong>. Ils offrent une meilleure traction, stabilit\u00e9 et un plus grand confort sur les pav\u00e9s, les chemins de terre et les surfaces irr\u00e9guli\u00e8res.<\/p>\n<h3><strong>Quelle taille de v\u00e9lo devrais\u2011je choisir\u202f?<\/strong><\/h3>\n<p> Avec des cadres de 17\u201d \u00e0 22\u201d et des roues de 26\u201d ou 28\u201d, nos v\u00e9los Trekking &amp; City conviennent \u00e0 la plupart des cyclistes mesurant entre environ 1,55 m et 1,95 m. <\/p>\n<h3><strong>Les v\u00e9los sont\u2011ils confortables pour les longues distances\u202f?<\/strong><\/h3>\n<p> Oui. Tous nos v\u00e9los sont \u00e9quip\u00e9s de selles ergonomiques, d\u2019une position de conduite droite et d\u2019une tenue de route stable, ce qui les rend confortables pour les visites et une utilisation tout au long de la journ\u00e9e. <\/p>\n<\/p><\/div>","protected":false},"excerpt":{"rendered":"<p style=\"text-align: left; font-family: 'Roboto', sans-serif; font-size: 17px; line-height: 1.6; color: #333;\"> V\u00e9los Trekking ou City, \u00e9clectiques et fiables. Louez nos v\u00e9los trekking ou city, avec des cadres qui vont de 17 \u00e0 22 pouces et des roues de 26 ou 28 pouces. Adapt\u00e9s \u00e0 toutes les tailles. <\/p>","protected":false},"featured_media":1515,"comment_status":"closed","ping_status":"closed","template":"","meta":[],"product_cat":[118,495],"product_tag":[954,955,953,977,22,978],"class_list":{"0":"post-699","1":"product","2":"type-product","3":"status-publish","4":"has-post-thumbnail","6":"product_cat-bicycles","7":"product_cat-our-vehicles","8":"product_tag-bicycle-for-rent","9":"product_tag-bike-hire-in-rome","10":"product_tag-bikes-with-a-basket","11":"product_tag-city-bikes-in-rome","12":"product_tag-eco","13":"product_tag-ladies-bikes-for-rent-in-rome","14":"FAQ-but-some-sections-may-include-regular-city-streets","16":"first","17":"instock","18":"purchasable","19":"product-type-redq_rental"},"_links":{"self":[{"href":"https:\/\/easybikerent.it\/fr\/wp-json\/wp\/v2\/product\/699","targetHints":{"allow":["GET"]}}],"collection":[{"href":"https:\/\/easybikerent.it\/fr\/wp-json\/wp\/v2\/product"}],"about":[{"href":"https:\/\/easybikerent.it\/fr\/wp-json\/wp\/v2\/types\/product"}],"replies":[{"embeddable":true,"href":"https:\/\/easybikerent.it\/fr\/wp-json\/wp\/v2\/comments?post=699"}],"wp:featuredmedia":[{"embeddable":true,"href":"https:\/\/easybikerent.it\/fr\/wp-json\/wp\/v2\/media\/1515"}],"wp:attachment":[{"href":"https:\/\/easybikerent.it\/fr\/wp-json\/wp\/v2\/media?parent=699"}],"wp:term":[{"taxonomy":"product_cat","embeddable":true,"href":"https:\/\/easybikerent.it\/fr\/wp-json\/wp\/v2\/product_cat?post=699"},{"taxonomy":"product_tag","embeddable":true,"href":"https:\/\/easybikerent.it\/fr\/wp-json\/wp\/v2\/product_tag?post=699"}],"curies":[{"name":"wp","href":"https:\/\/api.w.org\/{rel}","templated":true}]}}