{"id":3799,"date":"2023-05-23T16:13:05","date_gmt":"2023-05-23T14:13:05","guid":{"rendered":"https:\/\/easybikerent.it\/?page_id=3799"},"modified":"2026-01-09T15:20:08","modified_gmt":"2026-01-09T14:20:08","slug":"family-bikes","status":"publish","type":"page","link":"https:\/\/easybikerent.it\/it\/family-bikes\/","title":{"rendered":"Biciclette per Famiglia"},"content":{"rendered":"<div data-elementor-type=\"wp-page\" data-elementor-id=\"3799\" class=\"elementor elementor-3799\" data-elementor-post-type=\"page\">\n\t\t\t\t\t\t<section class=\"elementor-section elementor-top-section elementor-element elementor-element-5898694d elementor-section-boxed elementor-section-height-default elementor-section-height-default\" data-id=\"5898694d\" data-element_type=\"section\">\n\t\t\t\t\t\t<div class=\"elementor-container elementor-column-gap-default\">\n\t\t\t\t\t<div class=\"elementor-column elementor-col-100 elementor-top-column elementor-element elementor-element-3de8c5e2\" data-id=\"3de8c5e2\" data-element_type=\"column\">\n\t\t\t<div class=\"elementor-widget-wrap elementor-element-populated\">\n\t\t\t\t\t\t<div class=\"elementor-element elementor-element-59f52977 elementor-widget elementor-widget-text-editor\" data-id=\"59f52977\" data-element_type=\"widget\" data-widget_type=\"text-editor.default\">\n\t\t\t\t<div class=\"elementor-widget-container\">\n\t\t\t\t\t\t\t\t\t<code><div class=\"woocommerce columns-3\"><ul class=\"products columns-3\">\n<li class=\"product type-product post-895 status-publish first instock product_cat-bici-per-famiglie product_cat-easybikerent-it-ebike-tours-rome product_cat-family-bikes product_cat-our-vehicles product_tag-easy product_tag-ebike product_tag-eco product_tag-family product_tag-hire-e-bike-for-two-children-in-rome product_tag-ladies product_tag-long-tail-e-bike-for-hire-in-rome has-post-thumbnail purchasable product-type-redq_rental\">\n\t<a href=\"https:\/\/easybikerent.it\/it\/prodotto\/rent-a-longtail-cargo-bike\/\" class=\"woocommerce-LoopProduct-link woocommerce-loop-product__link\"><img fetchpriority=\"high\" decoding=\"async\" width=\"300\" height=\"225\" src=\"https:\/\/easybikerent.it\/wp-content\/uploads\/WhatsApp-Image-2023-03-21-at-11.33.18-4-e1689524458464-300x225.jpeg\" class=\"attachment-woocommerce_thumbnail size-woocommerce_thumbnail\" alt=\"Long tail cargo electric bike.\" srcset=\"https:\/\/easybikerent.it\/wp-content\/uploads\/\/WhatsApp-Image-2023-03-21-at-11.33.18-4-e1689524458464-300x225.jpeg 300w, https:\/\/easybikerent.it\/wp-content\/uploads\/\/WhatsApp-Image-2023-03-21-at-11.33.18-4-e1689524458464-800x600.jpeg 800w, https:\/\/easybikerent.it\/wp-content\/uploads\/\/WhatsApp-Image-2023-03-21-at-11.33.18-4-e1689524458464.jpeg 1024w\" sizes=\"(max-width: 300px) 100vw, 300px\" \/><h2 class=\"woocommerce-loop-product__title\">Cargo Bike Longtail<\/h2>\n\t<span class=\"price\"><span class=\"amount rnb_price_unit_895\"> From <span class=\"woocommerce-Price-amount amount\"><bdi>40&nbsp;<span class=\"woocommerce-Price-currencySymbol\">\u20ac<\/span><\/bdi><\/span>al Giorno<\/span><\/span>\n<\/a><\/li>\n<li class=\"product type-product post-189 status-publish instock product_cat-family-bikes product_cat-our-vehicles product_tag-babboe-for-rent-in-rome product_tag-cargo-bike product_tag-cargo-bike-for-rent-in-rome product_tag-easy product_tag-ebike product_tag-eco product_tag-family product_tag-hire-a-cargo-bike-in-rome product_tag-hire-a-family-bike-in-rome has-post-thumbnail virtual purchasable product-type-redq_rental\">\n\t<a href=\"https:\/\/easybikerent.it\/it\/prodotto\/family-cargo-e-bike-kids-love-it\/\" class=\"woocommerce-LoopProduct-link woocommerce-loop-product__link\"><img decoding=\"async\" width=\"300\" height=\"205\" src=\"https:\/\/easybikerent.it\/wp-content\/uploads\/Babboe-Curve-E-300x205.jpg\" class=\"attachment-woocommerce_thumbnail size-woocommerce_thumbnail\" alt=\"A Babboe Curve-e Family Cargo e-Bike.\" srcset=\"https:\/\/easybikerent.it\/wp-content\/uploads\/\/Babboe-Curve-E-300x205.jpg 300w, https:\/\/easybikerent.it\/wp-content\/uploads\/\/Babboe-Curve-E.jpg 765w\" sizes=\"(max-width: 300px) 100vw, 300px\" \/><h2 class=\"woocommerce-loop-product__title\">Bicicletta Elettrica Cargo per la Famiglia<\/h2>\n\t<span class=\"price\"><span class=\"amount rnb_price_unit_189\"> From <span class=\"woocommerce-Price-amount amount\"><bdi>40&nbsp;<span class=\"woocommerce-Price-currencySymbol\">\u20ac<\/span><\/bdi><\/span>al Giorno<\/span><\/span>\n<\/a><\/li>\n<li class=\"product type-product post-1358 status-publish last instock product_cat-bicycles product_cat-family-bikes product_cat-our-vehicles product_tag-appian-way-with-kids product_tag-bike-hire-for-kids product_tag-easy product_tag-eco product_tag-kids-bikes has-post-thumbnail purchasable product-type-redq_rental\">\n\t<a href=\"https:\/\/easybikerent.it\/it\/prodotto\/kids-bike-focus-their-energy\/\" class=\"woocommerce-LoopProduct-link woocommerce-loop-product__link\"><img decoding=\"async\" width=\"300\" height=\"205\" src=\"https:\/\/easybikerent.it\/wp-content\/uploads\/Kids-Bike-Tunnel-Uphill-300x205.jpg\" class=\"attachment-woocommerce_thumbnail size-woocommerce_thumbnail\" alt=\"A Kids Bike in front of a tunnel on slightly uphill terrain.\" srcset=\"https:\/\/easybikerent.it\/wp-content\/uploads\/\/Kids-Bike-Tunnel-Uphill-300x205.jpg 300w, https:\/\/easybikerent.it\/wp-content\/uploads\/\/Kids-Bike-Tunnel-Uphill.jpg 800w\" sizes=\"(max-width: 300px) 100vw, 300px\" \/><h2 class=\"woocommerce-loop-product__title\">Biciclette per bambini<\/h2>\n\t<span class=\"price\"><span class=\"amount rnb_price_unit_1358\"> From <span class=\"woocommerce-Price-amount amount\"><bdi>9&nbsp;<span class=\"woocommerce-Price-currencySymbol\">\u20ac<\/span><\/bdi><\/span>al Giorno<\/span><\/span>\n<\/a><\/li>\n<li class=\"product type-product post-1661 status-publish first instock product_cat-hire-e-bikes-electric-bicycles product_cat-family-bikes product_cat-our-vehicles product_tag-easy product_tag-ebike product_tag-eco product_tag-electric-bike-for-kids product_tag-kids-e-bike has-post-thumbnail virtual purchasable product-type-redq_rental\">\n\t<a href=\"https:\/\/easybikerent.it\/it\/prodotto\/rent-kids-electric-bikes\/\" class=\"woocommerce-LoopProduct-link woocommerce-loop-product__link\"><img loading=\"lazy\" decoding=\"async\" width=\"300\" height=\"205\" src=\"https:\/\/easybikerent.it\/wp-content\/uploads\/E-garda-kids-e-bike-300x205.jpg\" class=\"attachment-woocommerce_thumbnail size-woocommerce_thumbnail\" alt=\"Rent Kids Electric Bikes from Easy Bike Rent Rome\" srcset=\"https:\/\/easybikerent.it\/wp-content\/uploads\/\/E-garda-kids-e-bike-300x205.jpg 300w, https:\/\/easybikerent.it\/wp-content\/uploads\/\/E-garda-kids-e-bike.jpg 765w\" sizes=\"(max-width: 300px) 100vw, 300px\" \/><h2 class=\"woocommerce-loop-product__title\">Bici elettriche per bambini<\/h2>\n\t<span class=\"price\"><span class=\"amount rnb_price_unit_1661\"> From <span class=\"woocommerce-Price-amount amount\"><bdi>17&nbsp;<span class=\"woocommerce-Price-currencySymbol\">\u20ac<\/span><\/bdi><\/span>al Giorno<\/span><\/span>\n<\/a><\/li>\n<\/ul>\n<\/div><\/code>\t\t\t\t\t\t\t\t<\/div>\n\t\t\t\t<\/div>\n\t\t\t\t\t<\/div>\n\t\t<\/div>\n\t\t\t\t\t<\/div>\n\t\t<\/section>\n\t\t\t\t<section class=\"elementor-section elementor-top-section elementor-element elementor-element-1ed544b elementor-section-boxed elementor-section-height-default elementor-section-height-default\" data-id=\"1ed544b\" data-element_type=\"section\">\n\t\t\t\t\t\t<div class=\"elementor-container elementor-column-gap-default\">\n\t\t\t\t\t<div class=\"elementor-column elementor-col-100 elementor-top-column elementor-element elementor-element-e2ece3a\" data-id=\"e2ece3a\" data-element_type=\"column\">\n\t\t\t<div class=\"elementor-widget-wrap elementor-element-populated\">\n\t\t\t\t\t\t<div class=\"elementor-element elementor-element-453c557 elementor-widget elementor-widget-text-editor\" data-id=\"453c557\" data-element_type=\"widget\" data-widget_type=\"text-editor.default\">\n\t\t\t\t<div class=\"elementor-widget-container\">\n\t\t\t\t\t\t\t\t\t<div style=\"font-family: 'Roboto', sans-serif; font-size: 17px; line-height: 1.6; color: #333;\"><h1 style=\"text-align: center; font-family: 'Roboto', sans-serif;\"><strong>Bici per famiglie<\/strong><\/h1><p style=\"text-align: left;\">Rendi indimenticabile la tua avventura in famiglia a Roma con la nostra selezione di bici comode, sicure e facili da guidare. Che tu stia esplorando i parchi, attraversando il centro storico o pedalando lungo le piste ciclabili di Roma, abbiamo la bici perfetta per ogni et\u00e0 e dimensione della famiglia.<\/p><h2 style=\"font-family: 'Roboto', sans-serif; font-size: 20px; margin-top: 20px;\"><strong>Babboe cargo bike<\/strong><\/h2><p style=\"text-align: left;\">La nostra Babboe cargo bike \u00e8 la scelta ideale per le famiglie con bambini piccoli che vogliono viaggiare insieme nel massimo comfort. L\u2019ampio box anteriore permette ai bambini di sedersi in sicurezza e di godersi il panorama mentre i genitori pedalano senza sforzo. \u00c8 perfetta per giri in citt\u00e0, nei parchi e lungo percorsi ciclabili pianeggianti.<br \/><br \/><strong>Importante:<\/strong> A causa del terreno irregolare e dei sampietrini, la Babboe non \u00e8 consigliata sulla Via Appia oltre il Mausoleo di Cecilia Metella.<\/p><h2 style=\"font-family: 'Roboto', sans-serif; font-size: 20px; margin-top: 20px;\"><strong>Longtail bici familiare<\/strong><\/h2><p style=\"text-align: left;\">Se hai bisogno di pi\u00f9 spazio senza rinunciare all\u2019agilit\u00e0, la nostra bici longtail familiare \u00e8 la soluzione perfetta. Progettata per trasportare comodamente uno o due bambini, offre un eccellente equilibrio, una guida fluida e la libert\u00e0 di esplorare Roma con facilit\u00e0. Ideale per tragitti pi\u00f9 lunghi e per le famiglie che desiderano flessibilit\u00e0 e comfort in un\u2019unica bici.<\/p><h2 style=\"font-family: 'Roboto', sans-serif; font-size: 20px; margin-top: 20px;\"><strong>Bici per bambini<\/strong><\/h2><p style=\"text-align: left;\">Lascia che i tuoi bambini si godano il viaggio con le nostre bici per bambini, leggere e facili da maneggiare. Disponibili in diverse misure, sono perfette per i piccoli ciclisti che vogliono esplorare Roma in sicurezza restando vicini alla famiglia. Un\u2019ottima scelta per brevi tragitti, parchi e percorsi adatti alle famiglie.<\/p><h2 style=\"font-family: 'Roboto', sans-serif; font-size: 20px; margin-top: 20px;\"><strong>E\u2011bike 24\u201d per bambini<\/strong><\/h2><p style=\"text-align: left;\">Per i bambini pi\u00f9 grandi che vogliono tenere il passo senza fatica, la nostra e\u2011bike da 24 pollici offre il mix perfetto di indipendenza e supporto. Grazie all\u2019assistenza alla pedalata e al telaio confortevole, permette ai giovani ciclisti di affrontare percorsi pi\u00f9 lunghi e salite pi\u00f9 leggere senza stancarsi.<\/p><p style=\"text-align: left; font-size: 18px; margin-top: 25px;\"><strong>Scegli la bici familiare perfetta e goditi un\u2019esperienza di ciclismo fluida, sicura e divertente a Roma \u2014 il modo ideale per esplorare la citt\u00e0 insieme.<\/strong><\/p><\/div>\t\t\t\t\t\t\t\t<\/div>\n\t\t\t\t<\/div>\n\t\t\t\t\t<\/div>\n\t\t<\/div>\n\t\t\t\t\t<\/div>\n\t\t<\/section>\n\t\t\t\t<\/div>","protected":false},"excerpt":{"rendered":"<p>Family Bikes Make your family adventure in Rome unforgettable with our selection of comfortable, safe, and easy-to-ride family bikes. Whether you&#8217;re exploring parks, cruising through the historic center, or enjoying a relaxing ride along Rome\u2019s cycle paths, we have the perfect bike for every age and family size. Babboe Cargo Bike Our Babboe cargo bike [&hellip;]<\/p>","protected":false},"author":199,"featured_media":0,"parent":0,"menu_order":0,"comment_status":"closed","ping_status":"closed","template":"","meta":{"footnotes":""},"class_list":["post-3799","page","type-page","status-publish","hentry"],"_links":{"self":[{"href":"https:\/\/easybikerent.it\/it\/wp-json\/wp\/v2\/pages\/3799","targetHints":{"allow":["GET"]}}],"collection":[{"href":"https:\/\/easybikerent.it\/it\/wp-json\/wp\/v2\/pages"}],"about":[{"href":"https:\/\/easybikerent.it\/it\/wp-json\/wp\/v2\/types\/page"}],"author":[{"embeddable":true,"href":"https:\/\/easybikerent.it\/it\/wp-json\/wp\/v2\/users\/199"}],"replies":[{"embeddable":true,"href":"https:\/\/easybikerent.it\/it\/wp-json\/wp\/v2\/comments?post=3799"}],"version-history":[{"count":8,"href":"https:\/\/easybikerent.it\/it\/wp-json\/wp\/v2\/pages\/3799\/revisions"}],"predecessor-version":[{"id":5899,"href":"https:\/\/easybikerent.it\/it\/wp-json\/wp\/v2\/pages\/3799\/revisions\/5899"}],"wp:attachment":[{"href":"https:\/\/easybikerent.it\/it\/wp-json\/wp\/v2\/media?parent=3799"}],"curies":[{"name":"wp","href":"https:\/\/api.w.org\/{rel}","templated":true}]}}