{"id":3813,"date":"2023-05-24T11:14:57","date_gmt":"2023-05-24T09:14:57","guid":{"rendered":"https:\/\/easybikerent.it\/?page_id=3813"},"modified":"2026-01-09T15:49:52","modified_gmt":"2026-01-09T14:49:52","slug":"rent-push-bicycles","status":"publish","type":"page","link":"https:\/\/easybikerent.it\/it\/rent-push-bicycles\/","title":{"rendered":"Rent push bicycles"},"content":{"rendered":"<div data-elementor-type=\"wp-page\" data-elementor-id=\"3813\" class=\"elementor elementor-3813\" data-elementor-post-type=\"page\">\n\t\t\t\t\t\t<section class=\"elementor-section elementor-top-section elementor-element elementor-element-1dc3a762 elementor-section-boxed elementor-section-height-default elementor-section-height-default\" data-id=\"1dc3a762\" data-element_type=\"section\">\n\t\t\t\t\t\t<div class=\"elementor-container elementor-column-gap-default\">\n\t\t\t\t\t<div class=\"elementor-column elementor-col-100 elementor-top-column elementor-element elementor-element-393eddff\" data-id=\"393eddff\" data-element_type=\"column\">\n\t\t\t<div class=\"elementor-widget-wrap elementor-element-populated\">\n\t\t\t\t\t\t<div class=\"elementor-element elementor-element-1ff582ba elementor-widget elementor-widget-shortcode\" data-id=\"1ff582ba\" data-element_type=\"widget\" data-widget_type=\"shortcode.default\">\n\t\t\t\t<div class=\"elementor-widget-container\">\n\t\t\t\t\t\t\t<div class=\"elementor-shortcode\"><div class=\"woocommerce columns-3\"><ul class=\"products columns-3\">\n<li class=\"product type-product post-699 status-publish first instock product_cat-bicycles product_cat-our-vehicles product_tag-bicycle-for-rent product_tag-bike-hire-in-rome product_tag-bikes-with-a-basket product_tag-city-bikes-in-rome product_tag-eco product_tag-ladies-bikes-for-rent-in-rome has-post-thumbnail purchasable product-type-redq_rental\">\n\t<a href=\"https:\/\/easybikerent.it\/it\/prodotto\/rent-a-trekking-or-a-city-bike\/\" class=\"woocommerce-LoopProduct-link woocommerce-loop-product__link\"><img fetchpriority=\"high\" decoding=\"async\" width=\"300\" height=\"205\" src=\"https:\/\/easybikerent.it\/wp-content\/uploads\/Lombardo-Diamante-Trekking-Bike-Palatine-Hill-Rome-Daytime-e1524302650947-300x205.jpg\" class=\"attachment-woocommerce_thumbnail size-woocommerce_thumbnail\" alt=\"Rent a Trekking or a City Bike from Easy Bike Rent Rome\" srcset=\"https:\/\/easybikerent.it\/wp-content\/uploads\/\/Lombardo-Diamante-Trekking-Bike-Palatine-Hill-Rome-Daytime-e1524302650947-300x205.jpg 300w, https:\/\/easybikerent.it\/wp-content\/uploads\/\/Lombardo-Diamante-Trekking-Bike-Palatine-Hill-Rome-Daytime-e1524302650947.jpg 800w\" sizes=\"(max-width: 300px) 100vw, 300px\" \/><h2 class=\"woocommerce-loop-product__title\">Biciclette Trekking o City<\/h2>\n\t<span class=\"price\"><span class=\"amount rnb_price_unit_699\"> From <span class=\"woocommerce-Price-amount amount\"><bdi>12&nbsp;<span class=\"woocommerce-Price-currencySymbol\">\u20ac<\/span><\/bdi><\/span>al Giorno<\/span><\/span>\n<\/a><\/li>\n<li class=\"product type-product post-4065 status-publish instock product_cat-bicycles product_cat-our-vehicles product_tag-easy product_tag-eco product_tag-gravel-bike-in-rome product_tag-high-quality-gravel-bike product_tag-rent-a-gravel-bike-in-rome product_tag-visit-the-appian-way-without-a-guide has-post-thumbnail purchasable product-type-redq_rental\">\n\t<a href=\"https:\/\/easybikerent.it\/it\/prodotto\/gravel-bikes\/\" class=\"woocommerce-LoopProduct-link woocommerce-loop-product__link\"><img decoding=\"async\" width=\"300\" height=\"225\" src=\"https:\/\/easybikerent.it\/wp-content\/uploads\/WhatsApp-Image-2023-03-15-at-12.14.33-e1689524293114-300x225.jpeg\" class=\"attachment-woocommerce_thumbnail size-woocommerce_thumbnail\" alt=\"Gravel Bike for Rent in Rome\" srcset=\"https:\/\/easybikerent.it\/wp-content\/uploads\/\/WhatsApp-Image-2023-03-15-at-12.14.33-e1689524293114-300x225.jpeg 300w, https:\/\/easybikerent.it\/wp-content\/uploads\/\/WhatsApp-Image-2023-03-15-at-12.14.33-e1689524293114-800x600.jpeg 800w, https:\/\/easybikerent.it\/wp-content\/uploads\/\/WhatsApp-Image-2023-03-15-at-12.14.33-e1689524293114.jpeg 2048w\" sizes=\"(max-width: 300px) 100vw, 300px\" \/><h2 class=\"woocommerce-loop-product__title\">Gravel Bike<\/h2>\n\t<span class=\"price\"><span class=\"amount rnb_price_unit_4065\"> From <span class=\"woocommerce-Price-amount amount\"><bdi>17&nbsp;<span class=\"woocommerce-Price-currencySymbol\">\u20ac<\/span><\/bdi><\/span>al Giorno<\/span><\/span>\n<\/a><\/li>\n<li class=\"product type-product post-4061 status-publish last instock product_cat-bicycles product_cat-our-vehicles product_tag-appian-way-by-mountain-bike product_tag-easy product_tag-eco product_tag-family product_tag-hire-a-mountain-bike-in-rome product_tag-mountain-bikes-in-rome has-post-thumbnail purchasable product-type-redq_rental\">\n\t<a href=\"https:\/\/easybikerent.it\/it\/prodotto\/mountain-bike-rugged-sporty\/\" class=\"woocommerce-LoopProduct-link woocommerce-loop-product__link\"><img decoding=\"async\" width=\"300\" height=\"205\" src=\"https:\/\/easybikerent.it\/wp-content\/uploads\/Sestriere-scala-300x205.jpg\" class=\"attachment-woocommerce_thumbnail size-woocommerce_thumbnail\" alt=\"An Easy Bike Rent Mountain Bike with a typical vintage staircase in the background.\" srcset=\"https:\/\/easybikerent.it\/wp-content\/uploads\/\/Sestriere-scala-300x205.jpg 300w, https:\/\/easybikerent.it\/wp-content\/uploads\/\/Sestriere-scala.jpg 800w\" sizes=\"(max-width: 300px) 100vw, 300px\" \/><h2 class=\"woocommerce-loop-product__title\">Mountain Bike<\/h2>\n\t<span class=\"price\"><span class=\"amount rnb_price_unit_4061\"> From <span class=\"woocommerce-Price-amount amount\"><bdi>12&nbsp;<span class=\"woocommerce-Price-currencySymbol\">\u20ac<\/span><\/bdi><\/span>al Giorno<\/span><\/span>\n<\/a><\/li>\n<li class=\"product type-product post-4062 status-publish first instock product_cat-bicycles product_cat-our-vehicles product_tag-eco product_tag-family product_tag-good-quality-mountain-bike product_tag-high-perfomances-mountain-bike product_tag-rent-a-high-quality-mountain-bike-in-rome product_tag-rent-a-mountain-bike-in-rome product_tag-visit-the-appian-way-without-a-guide has-post-thumbnail purchasable product-type-redq_rental\">\n\t<a href=\"https:\/\/easybikerent.it\/it\/prodotto\/mountain-bikes-plus\/\" class=\"woocommerce-LoopProduct-link woocommerce-loop-product__link\"><img loading=\"lazy\" decoding=\"async\" width=\"300\" height=\"225\" src=\"https:\/\/easybikerent.it\/wp-content\/uploads\/WhatsApp-Image-2023-03-15-at-12.39.48-1-e1689524359937-300x225.jpeg\" class=\"attachment-woocommerce_thumbnail size-woocommerce_thumbnail\" alt=\"High quality mountain bike\" srcset=\"https:\/\/easybikerent.it\/wp-content\/uploads\/\/WhatsApp-Image-2023-03-15-at-12.39.48-1-e1689524359937-300x225.jpeg 300w, https:\/\/easybikerent.it\/wp-content\/uploads\/\/WhatsApp-Image-2023-03-15-at-12.39.48-1-e1689524359937-800x600.jpeg 800w, https:\/\/easybikerent.it\/wp-content\/uploads\/\/WhatsApp-Image-2023-03-15-at-12.39.48-1-e1689524359937.jpeg 1024w\" sizes=\"(max-width: 300px) 100vw, 300px\" \/><h2 class=\"woocommerce-loop-product__title\">Mountain Bike Plus<\/h2>\n\t<span class=\"price\"><span class=\"amount rnb_price_unit_4062\"> From <span class=\"woocommerce-Price-amount amount\"><bdi>17&nbsp;<span class=\"woocommerce-Price-currencySymbol\">\u20ac<\/span><\/bdi><\/span>al Giorno<\/span><\/span>\n<\/a><\/li>\n<li class=\"product type-product post-1358 status-publish instock product_cat-bicycles product_cat-family-bikes product_cat-our-vehicles product_tag-appian-way-with-kids product_tag-bike-hire-for-kids product_tag-easy product_tag-eco product_tag-kids-bikes has-post-thumbnail purchasable product-type-redq_rental\">\n\t<a href=\"https:\/\/easybikerent.it\/it\/prodotto\/kids-bike-focus-their-energy\/\" class=\"woocommerce-LoopProduct-link woocommerce-loop-product__link\"><img loading=\"lazy\" decoding=\"async\" width=\"300\" height=\"205\" src=\"https:\/\/easybikerent.it\/wp-content\/uploads\/Kids-Bike-Tunnel-Uphill-300x205.jpg\" class=\"attachment-woocommerce_thumbnail size-woocommerce_thumbnail\" alt=\"A Kids Bike in front of a tunnel on slightly uphill terrain.\" srcset=\"https:\/\/easybikerent.it\/wp-content\/uploads\/\/Kids-Bike-Tunnel-Uphill-300x205.jpg 300w, https:\/\/easybikerent.it\/wp-content\/uploads\/\/Kids-Bike-Tunnel-Uphill.jpg 800w\" sizes=\"(max-width: 300px) 100vw, 300px\" \/><h2 class=\"woocommerce-loop-product__title\">Biciclette per bambini<\/h2>\n\t<span class=\"price\"><span class=\"amount rnb_price_unit_1358\"> From <span class=\"woocommerce-Price-amount amount\"><bdi>9&nbsp;<span class=\"woocommerce-Price-currencySymbol\">\u20ac<\/span><\/bdi><\/span>al Giorno<\/span><\/span>\n<\/a><\/li>\n<\/ul>\n<\/div><\/div>\n\t\t\t\t\t\t<\/div>\n\t\t\t\t<\/div>\n\t\t\t\t\t<\/div>\n\t\t<\/div>\n\t\t\t\t\t<\/div>\n\t\t<\/section>\n\t\t\t\t<section class=\"elementor-section elementor-top-section elementor-element elementor-element-7ea6262 elementor-section-boxed elementor-section-height-default elementor-section-height-default\" data-id=\"7ea6262\" data-element_type=\"section\">\n\t\t\t\t\t\t<div class=\"elementor-container elementor-column-gap-default\">\n\t\t\t\t\t<div class=\"elementor-column elementor-col-100 elementor-top-column elementor-element elementor-element-94fc874\" data-id=\"94fc874\" data-element_type=\"column\">\n\t\t\t<div class=\"elementor-widget-wrap elementor-element-populated\">\n\t\t\t\t\t\t<div class=\"elementor-element elementor-element-c0231b5 elementor-widget elementor-widget-text-editor\" data-id=\"c0231b5\" data-element_type=\"widget\" data-widget_type=\"text-editor.default\">\n\t\t\t\t<div class=\"elementor-widget-container\">\n\t\t\t\t\t\t\t\t\t<div style=\"font-family: 'Roboto', sans-serif; font-size: 17px; line-height: 1.6; color: #333;\"><h1 style=\"text-align: center; font-family: 'Roboto', sans-serif;\"><strong>BICICLETTE<\/strong><\/h1><p style=\"text-align: left;\">Scopri Roma in modo autentico con la nostra selezione di biciclette di alta qualit\u00e0. Perfette per i viaggiatori che desiderano un\u2019esperienza attiva, sostenibile e immersiva, le nostre bici offrono il giusto equilibrio tra comfort, prestazioni e libert\u00e0. Scegli tra city bike, gravel e mountain bike \u2014 inclusa la nostra MTB Plus premium, progettata per chi cerca la massima stabilit\u00e0 e il massimo controllo.<\/p><h2 style=\"font-family: 'Roboto', sans-serif; font-size: 20px; margin-top: 20px;\"><strong>Il Punto Di Partenza Ideale<\/strong><\/h2><p style=\"text-align: left;\">Noleggiare da noi significa iniziare subito la tua avventura. Il nostro negozio si trova a pochi passi dalla pista ciclabile che porta direttamente alla Via Appia ed \u00e8 altrettanto vicino alla ciclabile del Tevere. Niente traffico, niente stress \u2014 ritira la tua bici e inizia a esplorare le rotte pi\u00f9 iconiche di Roma in pochi minuti.<\/p><h2 style=\"font-family: 'Roboto', sans-serif; font-size: 20px; margin-top: 20px;\"><strong>Ideale per la Via Appia<\/strong><\/h2><p style=\"text-align: left;\">Se stai pensando di pedalare lungo l\u2019Antica Via Appia, le nostre mountain bike sono la scelta migliore. I sampietrini storici e il terreno irregolare sono molto pi\u00f9 piacevoli con una bici progettata per offrire trazione, comfort e durata. Per un\u2019esperienza davvero superiore, consigliamo la MTB Plus \u2014 il nostro modello di punta per chi desidera prestazioni eccellenti su terreni misti e off\u2011road.<\/p><h2 style=\"font-family: 'Roboto', sans-serif; font-size: 20px; margin-top: 20px;\"><strong>Gravel bike per ciclisti di lunga distanza<\/strong><\/h2><p style=\"text-align: left;\">Le nostre gravel bike sono la scelta ideale per ciclisti esperti che vogliono percorrere lunghe distanze con velocit\u00e0, comfort e versatilit\u00e0. Progettate per la resistenza e per i terreni misti, sono perfette per chi desidera andare oltre la citt\u00e0 e vivere avventure di un\u2019intera giornata. Uno dei percorsi pi\u00f9 popolari \u00e8 la suggestiva pedalata fino a Fiumicino, lungo la ciclabile del Tevere fino alla costa \u2014 un tragitto scorrevole, panoramico e gratificante che le gravel bike affrontano con estrema facilit\u00e0.<\/p><h2 style=\"font-family: 'Roboto', sans-serif; font-size: 20px; margin-top: 20px;\"><strong>Scegli la tua avventura<\/strong><\/h2><p style=\"text-align: left;\">Che tu preferisca una pedalata rilassata in citt\u00e0, un percorso off\u2011road impegnativo o un viaggio a lunga distanza, le nostre biciclette ti offrono la libert\u00e0 di esplorare Roma come desideri. Robuste, affidabili e confortevoli, sono la scelta ideale per i viaggiatori in cerca di un\u2019esperienza ciclistica autentica.<\/p><p style=\"text-align: left; font-size: 18px; margin-top: 25px;\"><strong>Scegli la bici perfetta e vivi Roma con potenza, comfort e totale indipendenza.<\/strong><\/p><\/div>\t\t\t\t\t\t\t\t<\/div>\n\t\t\t\t<\/div>\n\t\t\t\t\t<\/div>\n\t\t<\/div>\n\t\t\t\t\t<\/div>\n\t\t<\/section>\n\t\t\t\t<\/div>","protected":false},"excerpt":{"rendered":"<p>Push Bikes Discover Rome the authentic way with our selection of high\u2011quality muscle bikes. Perfect for travelers who want an active, eco\u2011friendly, and immersive experience, our push bikes offer the ideal balance of comfort, performance, and freedom. Choose from smooth city bikes, versatile gravel bikes, and powerful mountain bikes \u2014 including our premium MTB Plus, [&hellip;]<\/p>","protected":false},"author":1,"featured_media":0,"parent":0,"menu_order":0,"comment_status":"closed","ping_status":"closed","template":"","meta":{"footnotes":""},"class_list":["post-3813","page","type-page","status-publish","hentry"],"_links":{"self":[{"href":"https:\/\/easybikerent.it\/it\/wp-json\/wp\/v2\/pages\/3813","targetHints":{"allow":["GET"]}}],"collection":[{"href":"https:\/\/easybikerent.it\/it\/wp-json\/wp\/v2\/pages"}],"about":[{"href":"https:\/\/easybikerent.it\/it\/wp-json\/wp\/v2\/types\/page"}],"author":[{"embeddable":true,"href":"https:\/\/easybikerent.it\/it\/wp-json\/wp\/v2\/users\/1"}],"replies":[{"embeddable":true,"href":"https:\/\/easybikerent.it\/it\/wp-json\/wp\/v2\/comments?post=3813"}],"version-history":[{"count":25,"href":"https:\/\/easybikerent.it\/it\/wp-json\/wp\/v2\/pages\/3813\/revisions"}],"predecessor-version":[{"id":5831,"href":"https:\/\/easybikerent.it\/it\/wp-json\/wp\/v2\/pages\/3813\/revisions\/5831"}],"wp:attachment":[{"href":"https:\/\/easybikerent.it\/it\/wp-json\/wp\/v2\/media?parent=3813"}],"curies":[{"name":"wp","href":"https:\/\/api.w.org\/{rel}","templated":true}]}}