{"id":5713,"date":"2025-12-27T16:09:57","date_gmt":"2025-12-27T15:09:57","guid":{"rendered":"https:\/\/easybikerent.it\/?page_id=5713"},"modified":"2026-03-12T12:37:58","modified_gmt":"2026-03-12T11:37:58","slug":"afret-dark-bike-adventures","status":"publish","type":"page","link":"https:\/\/easybikerent.it\/it\/afret-dark-bike-adventures\/","title":{"rendered":"Avventure in Bici Dopo il Tramonto"},"content":{"rendered":"<div data-elementor-type=\"wp-page\" data-elementor-id=\"5713\" class=\"elementor elementor-5713\" data-elementor-post-type=\"page\">\n\t\t\t\t\t\t<section class=\"elementor-section elementor-top-section elementor-element elementor-element-c790234 elementor-section-boxed elementor-section-height-default elementor-section-height-default\" data-id=\"c790234\" data-element_type=\"section\">\n\t\t\t\t\t\t<div class=\"elementor-container elementor-column-gap-default\">\n\t\t\t\t\t<div class=\"elementor-column elementor-col-100 elementor-top-column elementor-element elementor-element-60dddd1\" data-id=\"60dddd1\" data-element_type=\"column\">\n\t\t\t<div class=\"elementor-widget-wrap elementor-element-populated\">\n\t\t\t\t\t\t<div class=\"elementor-element elementor-element-38d2233 elementor-widget elementor-widget-text-editor\" data-id=\"38d2233\" data-element_type=\"widget\" data-widget_type=\"text-editor.default\">\n\t\t\t\t<div class=\"elementor-widget-container\">\n\t\t\t\t\t\t\t\t\t<p>Pagina Prova\u00a0<\/p><p>\u00a0<\/p>\t\t\t\t\t\t\t\t<\/div>\n\t\t\t\t<\/div>\n\t\t\t\t\t<\/div>\n\t\t<\/div>\n\t\t\t\t\t<\/div>\n\t\t<\/section>\n\t\t\t\t<section class=\"elementor-section elementor-top-section elementor-element elementor-element-bfa6e92 elementor-section-boxed elementor-section-height-default elementor-section-height-default\" data-id=\"bfa6e92\" data-element_type=\"section\">\n\t\t\t\t\t\t<div class=\"elementor-container elementor-column-gap-default\">\n\t\t\t\t\t<div class=\"elementor-column elementor-col-100 elementor-top-column elementor-element elementor-element-c06c194\" data-id=\"c06c194\" data-element_type=\"column\">\n\t\t\t<div class=\"elementor-widget-wrap elementor-element-populated\">\n\t\t\t\t\t\t<div class=\"elementor-element elementor-element-c06bc93 elementor-widget elementor-widget-shortcode\" data-id=\"c06bc93\" data-element_type=\"widget\" data-widget_type=\"shortcode.default\">\n\t\t\t\t<div class=\"elementor-widget-container\">\n\t\t\t\t\t\t\t<div class=\"elementor-shortcode\"><product-catalog-widget widget-id=\"4edaaee8-51c9-4f78-b09a-09a56f4a36d5\"><\/product-catalog-widget><script type=\"text\/javascript\" src=\"https:\/\/widgets.regiondo.net\/catalog\/v1\/catalog-widget.min.js\"><\/script><\/div>\n\t\t\t\t\t\t<\/div>\n\t\t\t\t<\/div>\n\t\t\t\t\t<\/div>\n\t\t<\/div>\n\t\t\t\t\t<\/div>\n\t\t<\/section>\n\t\t\t\t<section class=\"elementor-section elementor-top-section elementor-element elementor-element-159370f elementor-section-boxed elementor-section-height-default elementor-section-height-default\" data-id=\"159370f\" data-element_type=\"section\">\n\t\t\t\t\t\t<div class=\"elementor-container elementor-column-gap-default\">\n\t\t\t\t\t<div class=\"elementor-column elementor-col-100 elementor-top-column elementor-element elementor-element-1426462\" data-id=\"1426462\" data-element_type=\"column\">\n\t\t\t<div class=\"elementor-widget-wrap elementor-element-populated\">\n\t\t\t\t\t\t<div class=\"elementor-element elementor-element-17854f5 elementor-widget elementor-widget-text-editor\" data-id=\"17854f5\" data-element_type=\"widget\" data-widget_type=\"text-editor.default\">\n\t\t\t\t<div class=\"elementor-widget-container\">\n\t\t\t\t\t\t\t\t\t<div style=\"color: #000000; font-weight: bold; text-align: center; padding: 10px 0;\"><span style=\"font-size: 20px;\"><br \/>Book now and get <span style=\"text-decoration: underline;\">10% OFF<\/span><br \/>Enter coupon code: <strong style=\"color: #ff0000;\">EASY10<\/strong> at checkout.<br \/><\/span><\/div>\t\t\t\t\t\t\t\t<\/div>\n\t\t\t\t<\/div>\n\t\t\t\t\t<\/div>\n\t\t<\/div>\n\t\t\t\t\t<\/div>\n\t\t<\/section>\n\t\t\t\t<section class=\"elementor-section elementor-top-section elementor-element elementor-element-5608441 elementor-section-boxed elementor-section-height-default elementor-section-height-default\" data-id=\"5608441\" data-element_type=\"section\">\n\t\t\t\t\t\t<div class=\"elementor-container elementor-column-gap-default\">\n\t\t\t\t\t<div class=\"elementor-column elementor-col-100 elementor-top-column elementor-element elementor-element-611311e\" data-id=\"611311e\" data-element_type=\"column\">\n\t\t\t<div class=\"elementor-widget-wrap elementor-element-populated\">\n\t\t\t\t\t\t<div class=\"elementor-element elementor-element-07d5f40 elementor-widget elementor-widget-heading\" data-id=\"07d5f40\" data-element_type=\"widget\" data-widget_type=\"heading.default\">\n\t\t\t\t<div class=\"elementor-widget-container\">\n\t\t\t\t\t<h2 class=\"elementor-heading-title elementor-size-default\">Avventure in Bici Dopo il Tramonto<\/h2>\t\t\t\t<\/div>\n\t\t\t\t<\/div>\n\t\t\t\t<div class=\"elementor-element elementor-element-b04897a elementor-widget elementor-widget-text-editor\" data-id=\"b04897a\" data-element_type=\"widget\" data-widget_type=\"text-editor.default\">\n\t\t\t\t<div class=\"elementor-widget-container\">\n\t\t\t\t\t\t\t\t\t<div style=\"font-family: 'Roboto', sans-serif; font-size: 17px; line-height: 1.6; color: #333;\">\n<h2 style=\"font-family: 'Roboto', sans-serif; font-size: 24px; margin-bottom: 15px;\"><strong>Avventure in Bici Dopo il Tramonto \u2013 Scopri la Citt\u00e0 di Notte<\/strong><\/h2>\n<p style=\"text-align: left;\">Vivi Roma in uno dei modi pi\u00f9 magici che ci siano: in bici, dopo il tramonto. Le nostre \"Avventure Notturne in e-bike\" offrono tour guidati ed esclusivi che uniscono atmosfera, storia e avventura per una serata indimenticabile nella Citt\u00e0 Eterna.<\/p>\n<p style=\"text-align: left;\">Pedalare di notte significa temperature pi\u00f9 fresche, strade pi\u00f9 tranquille e un legame pi\u00f9 intimo con i monumenti e i quartieri di Roma. Che tu stia ammirando i monumenti illuminati o attraversando antiche strade immerse nel silenzio, questi tour rivelano un lato della citt\u00e0 che i visitatori diurni raramente riescono a vedere.<\/p>\n<p style=\"text-align: left; margin-top: 20px;\"><strong>Scegli tra:<\/strong><\/p>\n\n<ul style=\"margin-left: 20px;\">\n \t<li style=\"margin-bottom: 10px;\"><strong>Tour Notturno del Centro Storico \u2013<\/strong> Scopri i monumenti pi\u00f9 iconici di Roma illuminati dal cielo notturno. Con strade pi\u00f9 tranquille e un\u2019atmosfera rilassata, questo tour offre un percorso scorrevole e panoramico attraverso il cuore della citt\u00e0.<\/li>\n \t<li style=\"margin-bottom: 10px;\"><strong>e-Bike Tour Notturno della Via Appia Antica \u2013<\/strong> Un\u2019esperienza davvero unica lungo l\u2019antica Via Appia. Pedala tra silenzio, natura e storia, lontano dal traffico e dalla folla, e goditi la bellezza senza tempo della campagna romana dopo il tramonto.<\/li>\n<\/ul>\n<p style=\"text-align: left;\">Tutti i tour sono guidati da esperti accompagnatori di lingua inglese, italiana e olandese capaci di dare vita alle storie di Roma con approfondimenti storici, leggende e aneddoti locali. Per garantire il massimo comfort e sicurezza \u2014 soprattutto durante il tour notturno sulla Via Appia \u2014 forniamo potenti luci da bici, che assicurano una guida sicura anche nelle zone pi\u00f9 buie.<\/p>\n<p style=\"text-align: left;\">Che siate una coppia alla ricerca di una serata romantica, un viaggiatore solitario alla ricerca di qualcosa di unico o un piccolo gruppo di avventurieri, le After Dark Bike Adventures offrono un modo suggestivo, sicuro e indimenticabile per esplorare Roma di notte.<\/p>\n<p style=\"text-align: left; font-size: 18px; margin-top: 25px;\"><strong>Prenota il tuo tour notturno in bici e guarda la citt\u00e0 prendere vita dopo il tramonto.<\/strong><\/p>\n\n<h2 style=\"font-size: 22px; margin-top: 45px;\"><strong>Domande Frequenti<\/strong><\/h2>\n<div class=\"faq-section\" style=\"margin-top: 25px;\">\n<h3 style=\"font-size: 19px; margin-bottom: 5px;\"><strong>I night bike tours sono sicuri?<\/strong><\/h3>\n<p style=\"margin-bottom: 20px;\" class=\"translation-block\">S\u00ec. Le nostre After Dark Bike Adventures sono progettate per essere sicure e piacevoli. Pedaliamo su strade tranquille, piste ciclabili e percorsi accuratamente selezionati con traffico ridotto. Tutte le bici sono dotate di <strong>potenti luci anteriori e posteriori<\/strong>, e le nostre guide esperte garantiscono un\u2019esperienza fluida e sicura per tutta la durata del tour.<\/p>\n\n<h3 style=\"font-size: 19px; margin-bottom: 5px;\"><strong>Il tour notturno della Via Appia \u00e8 adatto a tutti i ciclisti?<\/strong><\/h3>\n<p style=\"margin-bottom: 20px;\" class=\"translation-block\">Il tour notturno della Via Appia \u00e8 consigliato a <strong>ciclisti con un minimo di esperienza<\/strong>. Sebbene il percorso sia magico e tranquillo dopo il tramonto, alcuni tratti presentano terreno irregolare e antiche pietre basaltiche che richiedono una buona padronanza della bici. I ciclisti pi\u00f9 sicuri troveranno l\u2019esperienza indimenticabile e molto gratificante.<\/p>\n\n<h3><strong>I tour si svolgono anche in caso di pioggia?<\/strong><\/h3>\nS\u00ec, i tour si svolgono anche con pioggia leggera. In caso di maltempo intenso, riprogrammiamo o rimborsiamo.<\/p>\n\n<h3 style=\"font-size: 19px; margin-bottom: 5px;\"><strong>In quale lingua si svolgono i tour?<\/strong><\/h3>\n<p style=\"margin-bottom: 20px;\" class=\"translation-block\">Tutti i nostri tour in piccoli gruppi sono guidati da tour leader che parlano correntemente <strong>italiano e inglese<\/strong>. Inoltre, ogni tour include una <strong>terza lingua<\/strong>, che pu\u00f2 essere olandese, francese, spagnolo, tedesco o polacco. Selezioniamo la terza lingua in base alla <strong>prima prenotazione della giornata<\/strong>, garantendo a ogni gruppo l\u2019esperienza multilingue pi\u00f9 adatta.<\/p>\n\n<\/div>\n<\/div>\t\t\t\t\t\t\t\t<\/div>\n\t\t\t\t<\/div>\n\t\t\t\t\t<\/div>\n\t\t<\/div>\n\t\t\t\t\t<\/div>\n\t\t<\/section>\n\t\t\t\t<\/div>","protected":false},"excerpt":{"rendered":"<p>Pagina Prova\u00a0 \u00a0 Book now and get 10% OFFEnter coupon code: EASY10 at checkout. After dark Bike Adventures After Dark Bike Adventures \u2013 Discover the City by Night Experience Rome in one of the most magical ways possible: by bike, after sunset. Our After Dark Bike Adventures offer exclusive guided night tours that blend atmosphere, [&hellip;]<\/p>","protected":false},"author":285,"featured_media":0,"parent":0,"menu_order":0,"comment_status":"closed","ping_status":"closed","template":"","meta":{"footnotes":""},"class_list":["post-5713","page","type-page","status-publish","hentry"],"_links":{"self":[{"href":"https:\/\/easybikerent.it\/it\/wp-json\/wp\/v2\/pages\/5713","targetHints":{"allow":["GET"]}}],"collection":[{"href":"https:\/\/easybikerent.it\/it\/wp-json\/wp\/v2\/pages"}],"about":[{"href":"https:\/\/easybikerent.it\/it\/wp-json\/wp\/v2\/types\/page"}],"author":[{"embeddable":true,"href":"https:\/\/easybikerent.it\/it\/wp-json\/wp\/v2\/users\/285"}],"replies":[{"embeddable":true,"href":"https:\/\/easybikerent.it\/it\/wp-json\/wp\/v2\/comments?post=5713"}],"version-history":[{"count":23,"href":"https:\/\/easybikerent.it\/it\/wp-json\/wp\/v2\/pages\/5713\/revisions"}],"predecessor-version":[{"id":6163,"href":"https:\/\/easybikerent.it\/it\/wp-json\/wp\/v2\/pages\/5713\/revisions\/6163"}],"wp:attachment":[{"href":"https:\/\/easybikerent.it\/it\/wp-json\/wp\/v2\/media?parent=5713"}],"curies":[{"name":"wp","href":"https:\/\/api.w.org\/{rel}","templated":true}]}}