{"id":189,"date":"2017-05-22T13:06:09","date_gmt":"2017-05-22T11:06:09","guid":{"rendered":"https:\/\/easybikerent.it\/home\/home\/?post_type=product&#038;p=189"},"modified":"2026-02-01T23:48:45","modified_gmt":"2026-02-01T22:48:45","slug":"family-cargo-e-bike-kids-love-it","status":"publish","type":"product","link":"https:\/\/easybikerent.it\/it\/prodotto\/family-cargo-e-bike-kids-love-it\/","title":{"rendered":"Bicicletta Elettrica Cargo per la Famiglia"},"content":{"rendered":"<div class=\"page-content\" style=\"font-family: 'Roboto', sans-serif; font-size: 17px; line-height: 1.6; color: #333;\">\n<h1 style=\"text-align: center; font-family: 'Roboto', sans-serif;\">\n  <strong>Noleggia una Family Cargo e\u2011Bike e scopri la tua Roma autentica<\/strong><br \/>\n<\/h1>\n<p class=\"lead\">Il modo pi\u00f9 sicuro, confortevole e piacevole per le famiglie di esplorare Roma insieme<\/p>\n<p style=\"text-align: left;\" class=\"translation-block\">La nostra Family Cargo e\u2011Bike \u00e8 progettata per i genitori che desiderano esplorare Roma con i propri bambini in totale comfort e sicurezza. Grazie al suo ampio box anteriore, questa cargo e\u2011bike pu\u00f2 trasportare fino a <strong>quattro bambini o 100 kg<\/strong>, rappresentando la soluzione ideale per le famiglie che vogliono muoversi in citt\u00e0 senza stress.<\/p>\n<p style=\"text-align: left;\">\nProdotta da Babboe e creata \u201cda genitori per genitori\u201d, questa cargo bike in stile olandese \u00e8 dotata di cinture di sicurezza, di un telaio robusto e di un\u2019eccellente stabilit\u00e0. I bambini siedono comodamente nel box anteriore, godendosi la vista e l\u2019esperienza mentre restano sempre al sicuro per tutta la durata del tragitto.\n<\/p>\n<p style=\"text-align: left;\">\nDotata di un affidabile motore da 250W e di otto livelli di assistenza alla pedalata, la Family Cargo e\u2011Bike ti permette di pedalare senza sforzo anche a pieno carico. Il cambio a 7 velocit\u00e0 e i potenti freni a disco idraulici garantiscono un controllo fluido, una guida reattiva e tutta la potenza frenante necessaria alle condizioni di guida urbana.\n<\/p>\n<p style=\"text-align: left;\">\nQuesta cargo e\u2011bike \u00e8 ideale per esplorare il centro storico di Roma, i parchi, le piste ciclabili e i quartieri pi\u00f9 tranquilli. Offre spazio a sufficienza non solo per i bambini, ma anche per borse, spesa, zaini o tutto il necessario per un picnic \u2014 perfetta per le uscite in famiglia e le commissioni quotidiane.\n<\/p>\n<p style=\"text-align: left;\" class=\"translation-block\">Si prega di notare che, sebbene la Family Cargo e\u2011Bike offra prestazioni eccellenti su strade asfaltate e percorsi urbani leggeri, <strong>non \u00e8 adatta alla percorrenza lungo la Via Appia Antica oltre il Mausoleo di Cecilia Metella<\/strong>, dove iniziano gli antichi basoli. La superficie irregolare non \u00e8 ideale per una cargo bike a pieno carico; consigliamo quindi di restare sui tratti pi\u00f9 lisci e family\u2011friendly dell\u2019Appia Antica o di scegliere uno dei nostri altri modelli per quel percorso.<\/p>\n<p style=\"text-align: left;\" class=\"translation-block\">Per aiutarti a vivere la tua esperienza in modo sicuro e confortevole, offriamo anche <strong>itinerari family\u2011friendly<\/strong> progettati appositamente per le cargo e\u2011bike, che ti guidano attraverso le zone pi\u00f9 belle e accessibili di Roma.<\/p>\n<h2 style=\"font-family: 'Roboto', sans-serif; font-size: 22px; margin-top: 35px;\">\n  <strong>Perch\u00e9 Scegliere la Nostra Family Cargo e\u2011Bike<\/strong><br \/>\n<\/h2>\n<div class=\"tour-card\" style=\"margin-top: 25px;\">\n<h3 style=\"font-size: 20px;\"><strong>Perfetta per le Famiglie<\/strong><\/h3>\n<p style=\"text-align: left;\">\nProgettata per trasportare fino a quattro bambini in modo comodo e sicuro.\n<\/p>\n<ul>\n<li>Ampio box anteriore con cinture di sicurezza<\/li>\n<li>Up to 100 kg of passenger capacity<\/li>\n<li>Stabile ed equilibrata anche a pieno carico<\/li>\n<li>Ideale per parchi, piste ciclabili e percorsi urbani<\/li>\n<\/ul>\n<\/div>\n<div class=\"tour-card\" style=\"margin-top: 25px;\">\n<h3 style=\"font-size: 20px;\"><strong>Potente, Sicura e Facile da Guidare<\/strong><\/h3>\n<p style=\"text-align: left;\">\nAssistenza elettrica fluida e freni potenti per un controllo totale.\n<\/p>\n<ul>\n<li>Motore da 250W con otto livelli di assistenza<\/li>\n<li>Trasmissione a 7 velocit\u00e0 per la massima flessibilit\u00e0<\/li>\n<li>Freni a disco idraulici anteriori e posteriori<\/li>\n<li>Non consigliata oltre il tratto in basalto della Via Appia<\/li>\n<\/ul>\n<\/div>\n<p style=\"margin-top: 25px; text-align: left;\" class=\"translation-block\">Se la bici \u00e8 la tua passione, non dimenticare di scoprire i nostri <span style=\"color: #3366ff\"> <a style=\"color: #3366ff\" href=\"https:\/\/easybikerent.it\/it\/appian-way-e-bike-tours\/\" target=\"_self\">tour<\/a> <\/span> per vivere esperienze guidate indimenticabili.<\/p>\n<h2 style=\"font-size: 22px; margin-top: 45px;\">\n  <strong>Domande Frequenti<\/strong><br \/>\n<\/h2>\n<div class=\"faq-section\" style=\"margin-top: 25px;\">\n<h3 style=\"font-size: 19px; margin-bottom: 5px;\"><strong>La Family Cargo e\u2011Bike \u00e8 adatta alla Via Appia?<\/strong><\/h3>\n<p style=\"margin-bottom: 20px;\" class=\"translation-block\">The Family Cargo e\u2011Bike is suitable only for the first, smoother section of the Appian Way, up to the <strong>Mausoleum of Cecilia Metella<\/strong>. Beyond that point, the ancient basalt stones make it <strong>impossible and unsafe<\/strong> for a fully loaded cargo bike. For the full Appian Way, we recommend choosing one of our other models.<\/p>\n<h3 style=\"font-size: 19px; margin-bottom: 5px;\"><strong>Quanti bambini pu\u00f2 trasportare la Family Cargo e\u2011Bike?<\/strong><\/h3>\n<p style=\"margin-bottom: 20px;\" class=\"translation-block\">Il box anteriore pu\u00f2 trasportare fino a <strong>quattro bambini oppure 100 kg<\/strong> di peso totale, con cinture di sicurezza incluse per la massima protezione.<\/p>\n<h3 style=\"font-size: 19px; margin-bottom: 5px;\"><strong>La Family Cargo e\u2011Bike \u00e8 facile da guidare?<\/strong><\/h3>\n<p style=\"margin-bottom: 20px;\">\n    S\u00ec. Il motore da 250W, gli otto livelli di assistenza e il telaio stabile la rendono fluida e facile da guidare, anche quando \u00e8 completamente carica.\n  <\/p>\n<h3 style=\"font-size: 19px; margin-bottom: 5px;\"><strong>\u00c8 sicura per i bambini?<\/strong><\/h3>\n<p style=\"margin-bottom: 20px;\">\n    Assolutamente. Il box anteriore include cinture di sicurezza, una struttura robusta e un\u2019eccellente stabilit\u00e0, garantendo un viaggio sicuro e piacevole per bambini di et\u00e0 diverse.\n  <\/p>\n<h3 style=\"font-size: 19px; margin-bottom: 5px;\"><strong>Per quali tipi di percorsi \u00e8 pi\u00f9 adatta questa cargo e\u2011bike?<\/strong><\/h3>\n<p style=\"margin-bottom: 20px;\">\n    Rende al meglio su strade asfaltate, piste ciclabili, parchi e quartieri tranquilli. Non \u00e8 adatta a terreni sconnessi o irregolari, come i basoli della Via Appia oltre Cecilia Metella.\n  <\/p>\n<h3 style=\"font-size: 19px; margin-bottom: 5px;\"><strong>Cos'\u00e8 incluso nel prezzo del noleggio?<\/strong><\/h3>\n<p style=\"margin-bottom: 20px;\">\n    Il noleggio include un casco, un lucchetto di sicurezza, pneumatici anti\u2011foratura e un supporto per smartphone.\n  <\/p>\n<h3 style=\"font-size: 19px; margin-bottom: 5px;\"><strong>Offrite itinerari adatti alle famiglie?<\/strong><\/h3>\n<p style=\"margin-bottom: 20px;\">\n    S\u00ec. Offriamo itinerari curati appositamente per le cargo e\u2011bike, aiutando le famiglie a esplorare Roma in modo sicuro e confortevole.\n  <\/p>\n<\/div>\n<\/div>","protected":false},"excerpt":{"rendered":"<p style=\"text-align: left; font-family: 'Roboto', sans-serif; font-size: 17px; line-height: 1.6; color: #333;\"> La nostra Family Cargo e\u2011Bike \u00e8 la scelta ideale per esplorare Roma con i bambini in totale comfort e sicurezza. Grazie al capiente box anteriore, capace di trasportare fino a quattro bambini o 100 kg, questa cargo e\u2011bike in stile olandese offre stabilit\u00e0, un\u2019assistenza elettrica fluida e tutto lo spazio necessario per borse o oggetti essenziali. Perfetta per parchi, piste ciclabili e percorsi urbani, non \u00e8 consigliata oltre il tratto in basalto della Via Appia, ma \u00e8 assolutamente ideale per scoprire le zone pi\u00f9 belle e family\u2011friendly di Roma. <\/p>","protected":false},"featured_media":1903,"comment_status":"closed","ping_status":"closed","template":"","meta":[],"product_cat":[115,495],"product_tag":[971,27,972,31,20,22,26,970,973],"class_list":{"0":"post-189","1":"product","2":"type-product","3":"status-publish","4":"has-post-thumbnail","6":"product_cat-family-bikes","7":"product_cat-our-vehicles","8":"product_tag-babboe-for-rent-in-rome","9":"product_tag-cargo-bike","10":"product_tag-cargo-bike-for-rent-in-rome","11":"product_tag-easy","12":"product_tag-ebike","13":"product_tag-eco","14":"product_tag-family","15":"product_tag-hire-a-cargo-bike-in-rome","16":"product_tag-hire-a-family-bike-in-rome","18":"first","19":"instock","20":"virtual","21":"purchasable","22":"product-type-redq_rental"},"_links":{"self":[{"href":"https:\/\/easybikerent.it\/it\/wp-json\/wp\/v2\/product\/189","targetHints":{"allow":["GET"]}}],"collection":[{"href":"https:\/\/easybikerent.it\/it\/wp-json\/wp\/v2\/product"}],"about":[{"href":"https:\/\/easybikerent.it\/it\/wp-json\/wp\/v2\/types\/product"}],"replies":[{"embeddable":true,"href":"https:\/\/easybikerent.it\/it\/wp-json\/wp\/v2\/comments?post=189"}],"wp:featuredmedia":[{"embeddable":true,"href":"https:\/\/easybikerent.it\/it\/wp-json\/wp\/v2\/media\/1903"}],"wp:attachment":[{"href":"https:\/\/easybikerent.it\/it\/wp-json\/wp\/v2\/media?parent=189"}],"wp:term":[{"taxonomy":"product_cat","embeddable":true,"href":"https:\/\/easybikerent.it\/it\/wp-json\/wp\/v2\/product_cat?post=189"},{"taxonomy":"product_tag","embeddable":true,"href":"https:\/\/easybikerent.it\/it\/wp-json\/wp\/v2\/product_tag?post=189"}],"curies":[{"name":"wp","href":"https:\/\/api.w.org\/{rel}","templated":true}]}}