{"id":1993,"date":"2018-07-02T15:46:57","date_gmt":"2018-07-02T13:46:57","guid":{"rendered":"https:\/\/easybikerent.it\/?post_type=product&#038;p=1993"},"modified":"2026-01-31T12:59:07","modified_gmt":"2026-01-31T11:59:07","slug":"city-e-bike-26-wheel-easy-to-handle","status":"publish","type":"product","link":"https:\/\/easybikerent.it\/it\/prodotto\/city-e-bike-26-wheel-easy-to-handle\/","title":{"rendered":"City e-Bike 26\u2033: Facile da guidare!"},"content":{"rendered":"<div class=\"page-content\" style=\"font-family: 'Roboto', sans-serif; font-size: 17px; line-height: 1.6; color: #333;\">\n<h1 style=\"text-align: center; font-family: 'Roboto', sans-serif;\">\n  <strong>Noleggia una City e\u2011Bike 26\u2033 e Scopri la Tua Vera Roma<\/strong><br \/>\n<\/h1>\n<p class=\"lead\">Comoda, facile da manovrare e perfetta per esplorare il centro storico di Roma<\/p>\n<p style=\"text-align: left;\">\nLe nostre City e\u2011Bike da 26\u201d, orgogliosamente prodotte in Italia da Lombardo, sono progettate per offrire una guida fluida, stabile e piacevole tra le strade di Roma. Leggere, facili da manovrare ed estremamente intuitive, sono la scelta ideale per chi desidera una bici elettrica confortevole per esplorare la citt\u00e0 \u2014 in particolare donne, adolescenti e chiunque preferisca un telaio pi\u00f9 compatto e maneggevole.\n<\/p>\n<p style=\"text-align: left;\">\nCon la sospensione anteriore, una trasmissione a 7 velocit\u00e0 e un affidabile motore posteriore da 250W, questa City e\u2011Bike offre il perfetto equilibrio tra comfort e assistenza. Che tu stia affrontando sampietrini, piccoli dislivelli o semplicemente pedalando nei quartieri di Roma, il motore ti d\u00e0 la spinta extra necessaria per arrivare a destinazione fresco e rilassato.\n<\/p>\n<p style=\"text-align: left;\" class=\"translation-block\">Questa e\u2011bike da 26 pollici \u00e8 particolarmente adatta a ciclisti tra <strong>1,50 m e 1,60 m<\/strong>, offrendo una posizione di guida sicura ed ergonomica. Progettata per tragitti brevi e medi, combina un potente motore elettrico con una batteria a lunga autonomia, garantendo prestazioni fluide per tutta la giornata.<\/p>\n<p style=\"text-align: left;\" class=\"translation-block\">Grazie al motore efficiente e alla batteria ad alta capacit\u00e0, questa e\u2011bike pu\u00f2 coprire facilmente almeno 40 km con una sola ricarica \u2014 anche pedalando senza preoccuparti di risparmiare energia. \u00c8 perfetta per passeggiate rilassate, visite turistiche e l\u2019uso urbano quotidiano senza stress.<\/p>\n<p style=\"text-align: left;\">\nTieni presente che questo modello non \u00e8 ideale per percorsi a lunga distanza sulla Via Appia Antica o per terreni off\u2011road impegnativi. Offre le migliori prestazioni su strade asfaltate, piste ciclabili e percorsi urbani o suburbani, diventando il compagno perfetto per scoprire il centro storico di Roma e i quartieri circostanti.\n<\/p>\n<p style=\"text-align: left;\" class=\"translation-block\">Per aiutarti a vivere la tua esperienza in modo sicuro e senza sforzo, forniamo anche <strong>itinerari curati per il centro storico<\/strong>, che ti guidano tra i monumenti pi\u00f9 iconici di Roma, i suoi quartieri pi\u00f9 caratteristici e i punti panoramici pi\u00f9 suggestivi.<\/p>\n<h2 style=\"font-family: 'Roboto', sans-serif; font-size: 22px; margin-top: 35px;\">\n  <strong>Perch\u00e9 Scegliere la Nostra City e\u2011Bike 26\u2033<\/strong><br \/>\n<\/h2>\n<div class=\"tour-card\" style=\"margin-top: 25px;\">\n<h3 style=\"font-size: 20px;\"><strong>Perfetta per il Centro Storico<\/strong><\/h3>\n<p style=\"text-align: left;\">\nDesigned for comfort and agility on Rome\u2019s narrow streets, cobblestones, and bike paths.\n<\/p>\n<ul>\n<li>Ideale per l\u2019esplorazione urbana e l\u2019uso quotidiano<\/li>\n<li>Facile da manovrare ed estremamente intuitiva<\/li>\n<li>Perfetta per ciclisti tra 1,50 m e 1,60 m<\/li>\n<li>Ideale per tragitti brevi e medi<\/li>\n<\/ul>\n<\/div>\n<div class=\"tour-card\" style=\"margin-top: 25px;\">\n<h3 style=\"font-size: 20px;\"><strong>Design italiano confortevole ed elegante<\/strong><\/h3>\n<p style=\"text-align: left;\">\nUn\u2019e\u2011bike italiana elegante e affidabile, progettata per una guida urbana fluida e piacevole.\n<\/p>\n<ul>\n<li>Sospensione anteriore per un comfort superiore<\/li>\n<li>Trasmissione a 7 velocit\u00e0 per la massima flessibilit\u00e0<\/li>\n<li>Motore posteriore da 250W per un\u2019assistenza senza sforzo<\/li>\n<li>Autonomia di almeno 40 km con una sola ricarica<\/li>\n<\/ul>\n<\/div>\n<p style=\"margin-top: 25px; text-align: left;\" class=\"translation-block\">Se la bici \u00e8 la tua passione, non dimenticare di scoprire i nostri <span style=\"color: #3366ff\"> <a style=\"color: #3366ff\" href=\"https:\/\/easybikerent.it\/it\/appian-way-e-bike-tours\/\" target=\"_self\">tour<\/a> <\/span> per vivere esperienze guidate indimenticabili.<\/p>\n<p><!-- FAQ SECTION --><\/p>\n<h2 style=\"font-family: 'Roboto', sans-serif; font-size: 22px; margin-top: 45px;\">\n  <strong>Domande Frequenti<\/strong><br \/>\n<\/h2>\n<div class=\"faq-section\" style=\"margin-top: 25px;\">\n<h3 style=\"font-size: 19px; margin-bottom: 5px;\"><strong>Questo noleggio di City e\u2011Bike si trova vicino al Circo Massimo?<\/strong><\/h3>\n<p style=\"margin-bottom: 20px;\">\n    S\u00ec. Il nostro negozio si trova direttamente di fronte al Circo Massimo, permettendoti di iniziare il tuo giro su una pista ciclabile senza entrare nel traffico. \u00c8 il punto di partenza ideale per esplorare il centro storico di Roma.\n  <\/p>\n<h3 style=\"font-size: 19px; margin-bottom: 5px;\"><strong>La City e\u2011Bike da 26\u2033 \u00e8 adatta ai ciclisti di bassa statura?<\/strong><\/h3>\n<p style=\"margin-bottom: 20px;\">\n    S\u00ec. Questo modello \u00e8 ideale per ciclisti tra 1,50 m e 1,60 m, offrendo una posizione di guida sicura, ergonomica e confortevole grazie al telaio compatto e alle ruote da 26\u2033.\n  <\/p>\n<h3 style=\"font-size: 19px; margin-bottom: 5px;\"><strong>\u00c8 questa la migliore opzione per noleggiare un'e\u2011Bike nel centro di Roma?<\/strong><\/h3>\n<p style=\"margin-bottom: 20px;\">\n    Absolutely. The 26\u2033 City e\u2011Bike is lightweight, easy to handle, and perfect for navigating Rome\u2019s narrow streets, cobblestones, and bike paths.\n  <\/p>\n<h3 style=\"font-size: 19px; margin-bottom: 5px;\"><strong>Posso usare questa e\u2011Bike sulla Via Appia?<\/strong><\/h3>\n<p style=\"margin-bottom: 20px;\">\n    Questo modello non \u00e8 consigliato per percorsi lunghi sulla Via Appia o per terreni off\u2011road. Offre le migliori prestazioni su strade asfaltate, piste ciclabili e normali percorsi urbani.\n  <\/p>\n<h3 style=\"font-size: 19px; margin-bottom: 5px;\"><strong>Qual \u00e8 l\u2019autonomia della City e\u2011Bike da 26\u2033 con una sola ricarica?<\/strong><\/h3>\n<p style=\"margin-bottom: 20px;\">\n    Puoi aspettarti 40 km o pi\u00f9, a seconda del livello di assistenza, del terreno e dello stile di guida.\n  <\/p>\n<h3 style=\"font-size: 19px; margin-bottom: 5px;\"><strong>La City e\u2011Bike da 26\u2033 \u00e8 adatta ai principianti?<\/strong><\/h3>\n<p style=\"margin-bottom: 20px;\">\n    S\u00ec. Il motore da 250W e il cambio a 7 velocit\u00e0 la rendono estremamente facile da usare, anche per chi ha poca esperienza in bicicletta.\n  <\/p>\n<h3 style=\"font-size: 19px; margin-bottom: 5px;\"><strong>Posso aggiungere un seggiolino per bambini a questa e\u2011Bike?<\/strong><\/h3>\n<p style=\"margin-bottom: 20px;\">\n    S\u00ec. La City e\u2011Bike da 26\u2033 \u00e8 compatibile sia con seggiolini anteriori che posteriori, rendendola un\u2019ottima scelta per le famiglie.\n  <\/p>\n<h3 style=\"font-size: 19px; margin-bottom: 5px;\"><strong>Cos'\u00e8 incluso nel prezzo del noleggio?<\/strong><\/h3>\n<p style=\"margin-bottom: 20px;\">\n    Il casco, il lucchetto di sicurezza, gli pneumatici antiforatura e il supporto per smartphone sono sempre inclusi.\n  <\/p>\n<\/div>\n<\/div>","protected":false},"excerpt":{"rendered":"<p style=\"text-align: left; font-family: 'Roboto', sans-serif; font-size: 17px; line-height: 1.6; color: #333;\"> Le nostre City e\u2011Bike da 26\u201d sono la scelta ideale per esplorare il centro storico di Roma con comfort e facilit\u00e0. Leggere, intuitive e perfette per ciclisti tra 1,50 m e 1,60 m, offrono un\u2019eccellente stabilit\u00e0 su strade asfaltate, piste ciclabili e percorsi urbani leggeri. Grazie all\u2019assistenza elettrica fluida e al telaio compatto, pedalare in citt\u00e0 diventa semplice e piacevole. Per aiutarti a scoprire Roma in sicurezza e senza stress, forniamo anche itinerari curati appositamente per il centro storico. <\/p>","protected":false},"featured_media":1998,"comment_status":"closed","ping_status":"closed","template":"","meta":[],"product_cat":[113,495],"product_tag":[914,915,916,961,31,20,22,912,918,917,21,913],"class_list":{"0":"post-1993","1":"product","2":"type-product","3":"status-publish","4":"has-post-thumbnail","6":"product_cat-hire-e-bikes-electric-bicycles","7":"product_cat-our-vehicles","8":"product_tag-bike-rental-in-rome","9":"product_tag-e-bike-in-rome","10":"product_tag-e-bike-rental-near-trastevere","11":"product_tag-e-bikes-with-a-basket","12":"product_tag-easy","13":"product_tag-ebike","14":"product_tag-eco","15":"product_tag-electric-bike-rental-in-rome","16":"product_tag-electric-bike-rental-in-the-center-of-rome","17":"product_tag-electric-bike-rental-near-the-colosseum","18":"product_tag-ladies","19":"product_tag-rent-an-electric-bike-in-rome","21":"first","22":"instock","23":"featured","24":"virtual","25":"purchasable","26":"product-type-redq_rental"},"_links":{"self":[{"href":"https:\/\/easybikerent.it\/it\/wp-json\/wp\/v2\/product\/1993","targetHints":{"allow":["GET"]}}],"collection":[{"href":"https:\/\/easybikerent.it\/it\/wp-json\/wp\/v2\/product"}],"about":[{"href":"https:\/\/easybikerent.it\/it\/wp-json\/wp\/v2\/types\/product"}],"replies":[{"embeddable":true,"href":"https:\/\/easybikerent.it\/it\/wp-json\/wp\/v2\/comments?post=1993"}],"wp:featuredmedia":[{"embeddable":true,"href":"https:\/\/easybikerent.it\/it\/wp-json\/wp\/v2\/media\/1998"}],"wp:attachment":[{"href":"https:\/\/easybikerent.it\/it\/wp-json\/wp\/v2\/media?parent=1993"}],"wp:term":[{"taxonomy":"product_cat","embeddable":true,"href":"https:\/\/easybikerent.it\/it\/wp-json\/wp\/v2\/product_cat?post=1993"},{"taxonomy":"product_tag","embeddable":true,"href":"https:\/\/easybikerent.it\/it\/wp-json\/wp\/v2\/product_tag?post=1993"}],"curies":[{"name":"wp","href":"https:\/\/api.w.org\/{rel}","templated":true}]}}