{"id":733,"date":"2017-12-17T13:39:29","date_gmt":"2017-12-17T12:39:29","guid":{"rendered":"https:\/\/easybikerent.it\/?post_type=product&#038;p=733"},"modified":"2026-01-13T13:53:03","modified_gmt":"2026-01-13T12:53:03","slug":"rent-a-honda-vision-110","status":"publish","type":"product","link":"https:\/\/easybikerent.it\/nl\/prodotto\/rent-a-honda-vision-110\/","title":{"rendered":"Honda Vision 110"},"content":{"rendered":"<div class=\"page-content\" style=\"font-family: 'Roboto', sans-serif; font-size: 17px; line-height: 1.6; color: #333;\">\n<h1 style=\"text-align: center; font-family: 'Roboto', sans-serif;\">\n  <strong>Huur een 110cc\u2011scooter en Ontdek Jouw Echte Rome<\/strong><br \/>\n<\/h1>\n<p class=\"lead\">Wendbaar, effici\u00ebnt en perfect om Rome in volledige vrijheid te verkennen.<\/p>\n<p style=\"text-align: left;\">\nOnze Honda Vision 110cc\u2011scooter is de ideale keuze om Rome snel, comfortabel en zonder stress te verkennen. Licht, betrouwbaar en zeer zuinig, maakt hij het gemakkelijk om door smalle straatjes, historische wijken en drukke lanen te rijden \u2014 net als een echte local.\n<\/p>\n<p style=\"text-align: left;\">\nDe Honda Vision 110 staat bekend om zijn soepele rijgedrag, uitstekende stabiliteit en lage zithoogte, waardoor hij een geweldige keuze is voor wie een praktische en gemakkelijk te rijden scooter zoekt voor stedelijke mobiliteit. De responsieve motor biedt precies genoeg vermogen voor de heuvels en het verkeer van Rome, terwijl hij uitzonderlijk comfort en controle behoudt.\n<\/p>\n<p style=\"text-align: left;\" class=\"translation-block\">Da Sicherheit unerl\u00e4sslich ist, ist es <strong>sehr wichtig, dass Fahrer \u00fcber Erfahrung im Fahren von Rollern, Vespas oder Motorr\u00e4dern verf\u00fcgen<\/strong>. Der Verkehr in Rom kann dynamisch sein und erfordert sicheres, souver\u00e4nes Handling, besonders im historischen Zentrum oder zu Sto\u00dfzeiten.<\/p>\n<p style=\"text-align: left;\" class=\"translation-block\">Om een 110cc\u2011scooter te huren, moet je een <strong>geldig rijbewijs<\/strong> en een <strong>creditcard<\/strong> voor de borg tonen. Deze vereisten zorgen voor een veilige, verantwoorde en volledig conforme huurervaring.<\/p>\n<p style=\"text-align: left;\">\nOf je nu een snelle rit door de stad plant, een hele dag de wijken van Rome wilt verkennen of een panoramische tocht naar uitzichtpunten en parken maakt, de Honda Vision 110 biedt de perfecte combinatie van wendbaarheid, comfort en gebruiksgemak. Het is de ideale oplossing voor reizigers die Rome met maximale vrijheid willen ervaren.\n<\/p>\n<h2 style=\"font-family: 'Roboto', sans-serif; font-size: 22px; margin-top: 35px;\">\n  <strong>Waarom Kiezen voor Onze Honda Vision 110cc<\/strong><br \/>\n<\/h2>\n<div class=\"tour-card\" style=\"margin-top: 25px;\">\n<h3 style=\"font-size: 20px;\"><strong>Perfect for Urban Mobility<\/strong><\/h3>\n<p style=\"text-align: left;\">\nOntworpen voor de straten van Rome, met wendbaarheid, comfort en uitstekende brandstofeffici\u00ebntie.\n<\/p>\n<ul>\n<li>Licht en gemakkelijk te manoeuvreren<\/li>\n<li>Ideaal voor het historische centrum en stadsroutes<\/li>\n<li>Betrouwbaar en comfortabel voor gebruik de hele dag door<\/li>\n<li>Perfect voor snelle ritten en sightseeing<\/li>\n<\/ul>\n<\/div>\n<div class=\"tour-card\" style=\"margin-top: 25px;\">\n<h3 style=\"font-size: 20px;\"><strong>Veiligheid &amp; Vereisten<\/strong><\/h3>\n<p style=\"text-align: left;\">\nEen verantwoord verhuurconcept voor bestuurders met echte rijervaring<\/p>","protected":false},"excerpt":{"rendered":"<p style=\"text-align: left; font-family: 'Roboto', sans-serif; font-size: 17px; line-height: 1.6; color: #333;\"> Onze Honda Vision 110cc\u2011scooter is de ideale manier om snel en comfortabel door Rome te reizen. Licht, wendbaar en gemakkelijk te besturen, perfect voor het historische centrum en de straten van de stad. Voor de huur is eerdere ervaring met het rijden van scooters of motorfietsen vereist, evenals een geldig rijbewijs en een creditcard voor de borg. Een praktische, effici\u00ebnte en betrouwbare keuze om de Eeuwige Stad in volledige vrijheid te verkennen. <\/p>","protected":false},"featured_media":2555,"comment_status":"closed","ping_status":"closed","template":"","meta":[],"product_cat":[495,114],"product_tag":[976,975,974],"class_list":{"0":"post-733","1":"product","2":"type-product","3":"status-publish","4":"has-post-thumbnail","6":"product_cat-our-vehicles","7":"product_cat-scooter-vespa","8":"product_tag-rent-a-scooter-near-trastevere","9":"product_tag-scooter-hire-in-rome","10":"product_tag-scooter-rental-in-rome","12":"first","13":"instock","14":"purchasable","15":"product-type-redq_rental"},"_links":{"self":[{"href":"https:\/\/easybikerent.it\/nl\/wp-json\/wp\/v2\/product\/733","targetHints":{"allow":["GET"]}}],"collection":[{"href":"https:\/\/easybikerent.it\/nl\/wp-json\/wp\/v2\/product"}],"about":[{"href":"https:\/\/easybikerent.it\/nl\/wp-json\/wp\/v2\/types\/product"}],"replies":[{"embeddable":true,"href":"https:\/\/easybikerent.it\/nl\/wp-json\/wp\/v2\/comments?post=733"}],"wp:featuredmedia":[{"embeddable":true,"href":"https:\/\/easybikerent.it\/nl\/wp-json\/wp\/v2\/media\/2555"}],"wp:attachment":[{"href":"https:\/\/easybikerent.it\/nl\/wp-json\/wp\/v2\/media?parent=733"}],"wp:term":[{"taxonomy":"product_cat","embeddable":true,"href":"https:\/\/easybikerent.it\/nl\/wp-json\/wp\/v2\/product_cat?post=733"},{"taxonomy":"product_tag","embeddable":true,"href":"https:\/\/easybikerent.it\/nl\/wp-json\/wp\/v2\/product_tag?post=733"}],"curies":[{"name":"wp","href":"https:\/\/api.w.org\/{rel}","templated":true}]}}