{"id":3790,"date":"2023-05-23T16:01:35","date_gmt":"2023-05-23T14:01:35","guid":{"rendered":"https:\/\/easybikerent.it\/?page_id=3790"},"modified":"2026-01-29T12:53:16","modified_gmt":"2026-01-29T11:53:16","slug":"rent-e-bikes-electric-bicycles","status":"publish","type":"page","link":"https:\/\/easybikerent.it\/pl\/rent-e-bikes-electric-bicycles\/","title":{"rendered":"Rent e-bikes electric bicycles"},"content":{"rendered":"<div data-elementor-type=\"wp-page\" data-elementor-id=\"3790\" class=\"elementor elementor-3790\" data-elementor-post-type=\"page\">\n\t\t\t\t\t\t<section class=\"elementor-section elementor-top-section elementor-element elementor-element-ac7c726 elementor-section-boxed elementor-section-height-default elementor-section-height-default\" data-id=\"ac7c726\" data-element_type=\"section\">\n\t\t\t\t\t\t<div class=\"elementor-container elementor-column-gap-default\">\n\t\t\t\t\t<div class=\"elementor-column elementor-col-100 elementor-top-column elementor-element elementor-element-0a55f70\" data-id=\"0a55f70\" data-element_type=\"column\">\n\t\t\t<div class=\"elementor-widget-wrap elementor-element-populated\">\n\t\t\t\t\t\t<div class=\"elementor-element elementor-element-f9225d3 elementor-widget elementor-widget-shortcode\" data-id=\"f9225d3\" data-element_type=\"widget\" data-widget_type=\"shortcode.default\">\n\t\t\t\t<div class=\"elementor-widget-container\">\n\t\t\t\t\t\t\t<div class=\"elementor-shortcode\"><div class=\"woocommerce columns-3\"><ul class=\"products columns-3\">\n<li class=\"product type-product post-4145 status-publish first instock product_cat-hire-e-bikes-electric-bicycles product_cat-our-vehicles product_tag-e-mountain-bike-for-rent-in-rome product_tag-e-bike-in-rome product_tag-e-bike-rental-near-trastevere product_tag-electric-bike-rental-in-rome product_tag-electric-bike-rental-in-the-center-of-rome product_tag-electric-mountain-bike-in-rome-for-rent product_tag-rent-a-high-quality-mountain-bike-in-rome product_tag-rent-a-mountain-bike-in-rome product_tag-visit-the-appian-way-without-a-guide has-post-thumbnail purchasable product-type-redq_rental\">\n\t<a href=\"https:\/\/easybikerent.it\/pl\/prodotto\/electric-mountain-bikes\/\" class=\"woocommerce-LoopProduct-link woocommerce-loop-product__link\"><img fetchpriority=\"high\" decoding=\"async\" width=\"300\" height=\"205\" src=\"https:\/\/easybikerent.it\/wp-content\/uploads\/Easy-Bike-Rent-Rome-Lombardo-Sestriere-Evo-5-300x205.jpg\" class=\"attachment-woocommerce_thumbnail size-woocommerce_thumbnail\" alt=\"Rent Electric Mountain Bikes\" srcset=\"https:\/\/easybikerent.it\/wp-content\/uploads\/\/Easy-Bike-Rent-Rome-Lombardo-Sestriere-Evo-5-300x205.jpg 300w, https:\/\/easybikerent.it\/wp-content\/uploads\/\/Easy-Bike-Rent-Rome-Lombardo-Sestriere-Evo-5.jpg 765w\" sizes=\"(max-width: 300px) 100vw, 300px\" \/><h2 class=\"woocommerce-loop-product__title\">G\u00f3rski rower elektryczny<\/h2>\n\t<span class=\"price\"><span class=\"amount rnb_price_unit_4145\"> From <span class=\"woocommerce-Price-amount amount\"><bdi>30&nbsp;<span class=\"woocommerce-Price-currencySymbol\">\u20ac<\/span><\/bdi><\/span>\/dzie\u0144<\/span><\/span>\n<\/a><\/li>\n<li class=\"product type-product post-1993 status-publish instock product_cat-hire-e-bikes-electric-bicycles product_cat-our-vehicles product_tag-bike-rental-in-rome product_tag-e-bike-in-rome product_tag-e-bike-rental-near-trastevere product_tag-e-bikes-with-a-basket product_tag-easy product_tag-ebike product_tag-eco product_tag-electric-bike-rental-in-rome product_tag-electric-bike-rental-in-the-center-of-rome product_tag-electric-bike-rental-near-the-colosseum product_tag-ladies product_tag-rent-an-electric-bike-in-rome has-post-thumbnail featured virtual purchasable product-type-redq_rental\">\n\t<a href=\"https:\/\/easybikerent.it\/pl\/prodotto\/city-e-bike-26-wheel-easy-to-handle\/\" class=\"woocommerce-LoopProduct-link woocommerce-loop-product__link\"><img decoding=\"async\" width=\"300\" height=\"205\" src=\"https:\/\/easybikerent.it\/wp-content\/uploads\/E-Levanzo-city-e-bike-26-Pincio-300x205.jpg\" class=\"attachment-woocommerce_thumbnail size-woocommerce_thumbnail\" alt=\"City e-Bike 26&quot;: Easy to handle!\" srcset=\"https:\/\/easybikerent.it\/wp-content\/uploads\/\/E-Levanzo-city-e-bike-26-Pincio-300x205.jpg 300w, https:\/\/easybikerent.it\/wp-content\/uploads\/\/E-Levanzo-city-e-bike-26-Pincio.jpg 764w\" sizes=\"(max-width: 300px) 100vw, 300px\" \/><h2 class=\"woocommerce-loop-product__title\">City e\u2011bike 26\u2033: \u0142atwa w prowadzeniu<\/h2>\n\t<span class=\"price\"><span class=\"amount rnb_price_unit_1993\"> From <span class=\"woocommerce-Price-amount amount\"><bdi>21&nbsp;<span class=\"woocommerce-Price-currencySymbol\">\u20ac<\/span><\/bdi><\/span>\/dzie\u0144<\/span><\/span>\n<\/a><\/li>\n<li class=\"product type-product post-926 status-publish last instock product_cat-hire-e-bikes-electric-bicycles product_tag-bike-rental-in-rome product_tag-e-bike-rental-near-trastevere product_tag-e-bikes-for-rent product_tag-easy product_tag-ebike product_tag-ebike-with-basket product_tag-eco product_tag-hire-an-e-bike-in-rome has-post-thumbnail virtual purchasable product-type-redq_rental\">\n\t<a href=\"https:\/\/easybikerent.it\/pl\/prodotto\/city-e-bike-light\/\" class=\"woocommerce-LoopProduct-link woocommerce-loop-product__link\"><img decoding=\"async\" width=\"300\" height=\"205\" src=\"https:\/\/easybikerent.it\/wp-content\/uploads\/City-e-bike-light-flexible-300x205.jpg\" class=\"attachment-woocommerce_thumbnail size-woocommerce_thumbnail\" alt=\"City e-Bike: Light &amp; Flexible!\" srcset=\"https:\/\/easybikerent.it\/wp-content\/uploads\/\/City-e-bike-light-flexible-300x205.jpg 300w, https:\/\/easybikerent.it\/wp-content\/uploads\/\/City-e-bike-light-flexible.jpg 765w\" sizes=\"(max-width: 300px) 100vw, 300px\" \/><h2 class=\"woocommerce-loop-product__title\">City e\u2011bike: lekka i elastyczna<\/h2>\n\t<span class=\"price\"><span class=\"amount rnb_price_unit_926\"> From <span class=\"woocommerce-Price-amount amount\"><bdi>21&nbsp;<span class=\"woocommerce-Price-currencySymbol\">\u20ac<\/span><\/bdi><\/span>\/dzie\u0144<\/span><\/span>\n<\/a><\/li>\n<li class=\"product type-product post-181 status-publish first instock product_cat-hire-e-bikes-electric-bicycles product_tag-appian-way-by-mountain-bike product_tag-bike-rental-in-rome product_tag-e-bike-rental-near-trastevere product_tag-ebike product_tag-electric-bike-rental-in-rome product_tag-hire-an-e-bike-in-rome product_tag-rent-an-electric-bike-in-rome product_tag-visit-the-appian-way-without-a-guide has-post-thumbnail virtual purchasable product-type-redq_rental\">\n\t<a href=\"https:\/\/easybikerent.it\/pl\/prodotto\/hybrid-e-bike-swift-effortless\/\" class=\"woocommerce-LoopProduct-link woocommerce-loop-product__link\"><img loading=\"lazy\" decoding=\"async\" width=\"300\" height=\"205\" src=\"https:\/\/easybikerent.it\/wp-content\/uploads\/Brinke-Times-Square-Hybrid-e-Bike-Piazza-Navona-Rome-Dusk-300x205.jpg\" class=\"attachment-woocommerce_thumbnail size-woocommerce_thumbnail\" alt=\"Hybrid-e-Bike-Piazza-Navona-Rome-Dusk\" srcset=\"https:\/\/easybikerent.it\/wp-content\/uploads\/\/Brinke-Times-Square-Hybrid-e-Bike-Piazza-Navona-Rome-Dusk-300x205.jpg 300w, https:\/\/easybikerent.it\/wp-content\/uploads\/\/Brinke-Times-Square-Hybrid-e-Bike-Piazza-Navona-Rome-Dusk.jpg 800w\" sizes=\"(max-width: 300px) 100vw, 300px\" \/><h2 class=\"woocommerce-loop-product__title\">Hybrid e\u2011bike: szybka i bezwysi\u0142kowa<\/h2>\n\t<span class=\"price\"><span class=\"amount rnb_price_unit_181\"> From <span class=\"woocommerce-Price-amount amount\"><bdi>30&nbsp;<span class=\"woocommerce-Price-currencySymbol\">\u20ac<\/span><\/bdi><\/span>\/dzie\u0144<\/span><\/span>\n<\/a><\/li>\n<li class=\"product type-product post-2511 status-publish instock product_cat-hire-e-bikes-electric-bicycles product_tag-big-frame-e-bike-for-rent-in-rome product_tag-e-bikes-for-rent-near-trastevere product_tag-easy product_tag-ebike product_tag-eco product_tag-hire-big-frame-e-bike-in-rome has-post-thumbnail purchasable product-type-redq_rental\">\n\t<a href=\"https:\/\/easybikerent.it\/pl\/prodotto\/hire-electric-bicycles-trekking-city\/\" class=\"woocommerce-LoopProduct-link woocommerce-loop-product__link\"><img loading=\"lazy\" decoding=\"async\" width=\"300\" height=\"205\" src=\"https:\/\/easybikerent.it\/wp-content\/uploads\/Gazometro-e-Viterbo-300x205.jpg\" class=\"attachment-woocommerce_thumbnail size-woocommerce_thumbnail\" alt=\"Hire a Trekking e-Bike\" srcset=\"https:\/\/easybikerent.it\/wp-content\/uploads\/\/Gazometro-e-Viterbo-300x205.jpg 300w, https:\/\/easybikerent.it\/wp-content\/uploads\/\/Gazometro-e-Viterbo.jpg 764w\" sizes=\"(max-width: 300px) 100vw, 300px\" \/><h2 class=\"woocommerce-loop-product__title\">Rowery elektryczne: trekking i city<\/h2>\n\t<span class=\"price\"><span class=\"amount rnb_price_unit_2511\"> From <span class=\"woocommerce-Price-amount amount\"><bdi>21&nbsp;<span class=\"woocommerce-Price-currencySymbol\">\u20ac<\/span><\/bdi><\/span>\/dzie\u0144<\/span><\/span>\n<\/a><\/li>\n<li class=\"product type-product post-1661 status-publish last instock product_cat-hire-e-bikes-electric-bicycles product_cat-family-bikes product_cat-our-vehicles product_tag-easy product_tag-ebike product_tag-eco product_tag-electric-bike-for-kids product_tag-kids-e-bike has-post-thumbnail virtual purchasable product-type-redq_rental\">\n\t<a href=\"https:\/\/easybikerent.it\/pl\/prodotto\/rent-kids-electric-bikes\/\" class=\"woocommerce-LoopProduct-link woocommerce-loop-product__link\"><img loading=\"lazy\" decoding=\"async\" width=\"300\" height=\"205\" src=\"https:\/\/easybikerent.it\/wp-content\/uploads\/E-garda-kids-e-bike-300x205.jpg\" class=\"attachment-woocommerce_thumbnail size-woocommerce_thumbnail\" alt=\"Rent Kids Electric Bikes from Easy Bike Rent Rome\" srcset=\"https:\/\/easybikerent.it\/wp-content\/uploads\/\/E-garda-kids-e-bike-300x205.jpg 300w, https:\/\/easybikerent.it\/wp-content\/uploads\/\/E-garda-kids-e-bike.jpg 765w\" sizes=\"(max-width: 300px) 100vw, 300px\" \/><h2 class=\"woocommerce-loop-product__title\">Rowery elektryczne dla dzieci<\/h2>\n\t<span class=\"price\"><span class=\"amount rnb_price_unit_1661\"> From <span class=\"woocommerce-Price-amount amount\"><bdi>17&nbsp;<span class=\"woocommerce-Price-currencySymbol\">\u20ac<\/span><\/bdi><\/span>\/dzie\u0144<\/span><\/span>\n<\/a><\/li>\n<\/ul>\n<\/div><\/div>\n\t\t\t\t\t\t<\/div>\n\t\t\t\t<\/div>\n\t\t\t\t\t<\/div>\n\t\t<\/div>\n\t\t\t\t\t<\/div>\n\t\t<\/section>\n\t\t\t\t<section class=\"elementor-section elementor-top-section elementor-element elementor-element-9aa2c68 elementor-section-boxed elementor-section-height-default elementor-section-height-default\" data-id=\"9aa2c68\" data-element_type=\"section\">\n\t\t\t\t\t\t<div class=\"elementor-container elementor-column-gap-default\">\n\t\t\t\t\t<div class=\"elementor-column elementor-col-100 elementor-top-column elementor-element elementor-element-8a7c8b1\" data-id=\"8a7c8b1\" data-element_type=\"column\">\n\t\t\t<div class=\"elementor-widget-wrap elementor-element-populated\">\n\t\t\t\t\t\t<div class=\"elementor-element elementor-element-a78d335 elementor-widget elementor-widget-text-editor\" data-id=\"a78d335\" data-element_type=\"widget\" data-widget_type=\"text-editor.default\">\n\t\t\t\t<div class=\"elementor-widget-container\">\n\t\t\t\t\t\t\t\t\t<div style=\"font-family: 'Roboto', sans-serif; font-size: 17px; line-height: 1.6; color: #333;\"><h1 style=\"text-align: center; font-family: 'Roboto', sans-serif;\"><strong>Wypo\u017cyczalnia rower\u00f3w elektrycznych w Rzymie<\/strong><\/h1><p style=\"text-align: left;\">Odkrywaj Rzym bez wysi\u0142ku dzi\u0119ki naszym wysokowydajnym e\u2011bike\u2019om. Ka\u017cdy rower elektryczny ma mocny silnik i d\u0142ugotrwa\u0142\u0105 bateri\u0119, co pozwala jecha\u0107 przez wiele godzin przy minimalnym wysi\u0142ku \u2014 idealny zar\u00f3wno dla pocz\u0105tkuj\u0105cych, jak i do\u015bwiadczonych rowerzyst\u00f3w.<\/p><h2 style=\"font-family: 'Roboto', sans-serif; font-size: 20px; margin-top: 20px;\"><strong>Dlaczego warto wybra\u0107 nasze e\u2011bike\u2019i<\/strong><\/h2><p style=\"text-align: left;\" class=\"translation-block\">Nasze e\u2011bike\u2019i s\u0105 idealne do odkrywania Via Appia, bruk\u00f3w, park\u00f3w i odcink\u00f3w off\u2011road. R\u00f3wnie dobrze sprawdzaj\u0105 si\u0119 podczas zwiedzania historycznego centrum Rzymu i jazdy wzd\u0142u\u017c \u015bcie\u017cki rowerowej nad Tybrem. Ciesz si\u0119 p\u0142ynn\u0105, komfortow\u0105 i bezpieczn\u0105 jazd\u0105, gdziekolwiek si\u0119 wybierzesz.<\/p><h2 style=\"font-family: 'Roboto', sans-serif; font-size: 20px; margin-top: 20px;\"><strong>Wliczone w ka\u017cdy wynajem<\/strong><\/h2><p style=\"text-align: left;\">Kask, zamek o wysokim poziomie bezpiecze\u0144stwa i uchwyt na telefon s\u0105 zawsze wliczone w cen\u0119. Foteliki dzieci\u0119ce s\u0105 dost\u0119pne na \u017cyczenie za dodatkow\u0105 op\u0142at\u0105, co u\u0142atwia zwiedzanie Rzymu ca\u0142\u0105 rodzin\u0105.<\/p><h2 style=\"font-family: 'Roboto', sans-serif; font-size: 20px; margin-top: 20px;\"><strong>Gdzie mo\u017cesz je\u017adzi\u0107<\/strong><\/h2><p style=\"text-align: left;\">Z naszego sklepu mo\u017cesz \u0142atwo dotrze\u0107 do dw\u00f3ch najbardziej kultowych tras rowerowych w Rzymie:<\/p><ul style=\"text-align: left; margin-left: 20px;\"><li class=\"translation-block\">Staro\u017cytna Via Appia (Via Appia Antica) \u2013 Dedykowana \u015bcie\u017cka rowerowa prowadzi bezpo\u015brednio z naszego sklepu do Porta San Sebastiano i Katakumb \u015bw. Kaliksta.<\/li><li><strong>\u015acie\u017cka rowerowa nad Tybrem (Regina Ciclarum) \u2013 Jed\u017a wzd\u0142u\u017c rzeki a\u017c do morza albo odkrywaj miasto z bezpiecznej i malowniczej trasy.<\/strong> \u2013 Jed\u017a wzd\u0142u\u017c rzeki a\u017c do morza albo odkrywaj miasto bezpieczn\u0105 i malownicz\u0105 tras\u0105.<\/li><\/ul><p style=\"text-align: left;\" class=\"translation-block\">Oferujemy tak\u017ce wycieczki z przewodnikiem po Via Appia, w tym tras\u0119 Scott Rozier, a tak\u017ce samodzielne itineraria dost\u0119pne w Google Maps lub przez aplikacj\u0119.<\/p><p style=\"text-align: left; font-size: 18px; margin-top: 25px;\"><strong>Zarezerwuj teraz swoj\u0105 e\u2011bike i zacznij odkrywa\u0107 Rzym w pe\u0142nej swobodzie.<\/strong><\/p><\/div>\t\t\t\t\t\t\t\t<\/div>\n\t\t\t\t<\/div>\n\t\t\t\t\t<\/div>\n\t\t<\/div>\n\t\t\t\t\t<\/div>\n\t\t<\/section>\n\t\t\t\t<\/div>","protected":false},"excerpt":{"rendered":"<p>Electric Bike Rental in Rome Discover Rome effortlessly with our high\u2011performance electric bikes. Each e\u2011bike features a powerful motor and long\u2011lasting battery, allowing you to ride for hours with minimal effort\u2014perfect for both beginners and experienced cyclists. Why Choose Our E\u2011Bikes Our electric bikes are ideal for exploring the Appian Way, cobblestones, parks, and off\u2011road [&hellip;]<\/p>","protected":false},"author":199,"featured_media":0,"parent":0,"menu_order":0,"comment_status":"closed","ping_status":"closed","template":"","meta":{"footnotes":""},"class_list":["post-3790","page","type-page","status-publish","hentry"],"_links":{"self":[{"href":"https:\/\/easybikerent.it\/pl\/wp-json\/wp\/v2\/pages\/3790","targetHints":{"allow":["GET"]}}],"collection":[{"href":"https:\/\/easybikerent.it\/pl\/wp-json\/wp\/v2\/pages"}],"about":[{"href":"https:\/\/easybikerent.it\/pl\/wp-json\/wp\/v2\/types\/page"}],"author":[{"embeddable":true,"href":"https:\/\/easybikerent.it\/pl\/wp-json\/wp\/v2\/users\/199"}],"replies":[{"embeddable":true,"href":"https:\/\/easybikerent.it\/pl\/wp-json\/wp\/v2\/comments?post=3790"}],"version-history":[{"count":30,"href":"https:\/\/easybikerent.it\/pl\/wp-json\/wp\/v2\/pages\/3790\/revisions"}],"predecessor-version":[{"id":5889,"href":"https:\/\/easybikerent.it\/pl\/wp-json\/wp\/v2\/pages\/3790\/revisions\/5889"}],"wp:attachment":[{"href":"https:\/\/easybikerent.it\/pl\/wp-json\/wp\/v2\/media?parent=3790"}],"curies":[{"name":"wp","href":"https:\/\/api.w.org\/{rel}","templated":true}]}}