{"id":3799,"date":"2023-05-23T16:13:05","date_gmt":"2023-05-23T14:13:05","guid":{"rendered":"https:\/\/easybikerent.it\/?page_id=3799"},"modified":"2026-01-09T15:20:08","modified_gmt":"2026-01-09T14:20:08","slug":"family-bikes","status":"publish","type":"page","link":"https:\/\/easybikerent.it\/pl\/family-bikes\/","title":{"rendered":"Rowery rodzinne"},"content":{"rendered":"<div data-elementor-type=\"wp-page\" data-elementor-id=\"3799\" class=\"elementor elementor-3799\" data-elementor-post-type=\"page\">\n\t\t\t\t\t\t<section class=\"elementor-section elementor-top-section elementor-element elementor-element-5898694d elementor-section-boxed elementor-section-height-default elementor-section-height-default\" data-id=\"5898694d\" data-element_type=\"section\">\n\t\t\t\t\t\t<div class=\"elementor-container elementor-column-gap-default\">\n\t\t\t\t\t<div class=\"elementor-column elementor-col-100 elementor-top-column elementor-element elementor-element-3de8c5e2\" data-id=\"3de8c5e2\" data-element_type=\"column\">\n\t\t\t<div class=\"elementor-widget-wrap elementor-element-populated\">\n\t\t\t\t\t\t<div class=\"elementor-element elementor-element-59f52977 elementor-widget elementor-widget-text-editor\" data-id=\"59f52977\" data-element_type=\"widget\" data-widget_type=\"text-editor.default\">\n\t\t\t\t<div class=\"elementor-widget-container\">\n\t\t\t\t\t\t\t\t\t<code><div class=\"woocommerce columns-3\"><ul class=\"products columns-3\">\n<li class=\"product type-product post-895 status-publish first instock product_cat-bici-per-famiglie product_cat-easybikerent-it-ebike-tours-rome product_cat-family-bikes product_cat-our-vehicles product_tag-easy product_tag-ebike product_tag-eco product_tag-family product_tag-hire-e-bike-for-two-children-in-rome product_tag-ladies product_tag-long-tail-e-bike-for-hire-in-rome has-post-thumbnail purchasable product-type-redq_rental\">\n\t<a href=\"https:\/\/easybikerent.it\/pl\/prodotto\/rent-a-longtail-cargo-bike\/\" class=\"woocommerce-LoopProduct-link woocommerce-loop-product__link\"><img fetchpriority=\"high\" decoding=\"async\" width=\"300\" height=\"225\" src=\"https:\/\/easybikerent.it\/wp-content\/uploads\/WhatsApp-Image-2023-03-21-at-11.33.18-4-e1689524458464-300x225.jpeg\" class=\"attachment-woocommerce_thumbnail size-woocommerce_thumbnail\" alt=\"Long tail cargo electric bike.\" srcset=\"https:\/\/easybikerent.it\/wp-content\/uploads\/\/WhatsApp-Image-2023-03-21-at-11.33.18-4-e1689524458464-300x225.jpeg 300w, https:\/\/easybikerent.it\/wp-content\/uploads\/\/WhatsApp-Image-2023-03-21-at-11.33.18-4-e1689524458464-800x600.jpeg 800w, https:\/\/easybikerent.it\/wp-content\/uploads\/\/WhatsApp-Image-2023-03-21-at-11.33.18-4-e1689524458464.jpeg 1024w\" sizes=\"(max-width: 300px) 100vw, 300px\" \/><h2 class=\"woocommerce-loop-product__title\">Longtail cargo bike<\/h2>\n\t<span class=\"price\"><span class=\"amount rnb_price_unit_895\"> From <span class=\"woocommerce-Price-amount amount\"><bdi>40&nbsp;<span class=\"woocommerce-Price-currencySymbol\">\u20ac<\/span><\/bdi><\/span>\/dzie\u0144<\/span><\/span>\n<\/a><\/li>\n<li class=\"product type-product post-189 status-publish instock product_cat-family-bikes product_cat-our-vehicles product_tag-babboe-for-rent-in-rome product_tag-cargo-bike product_tag-cargo-bike-for-rent-in-rome product_tag-easy product_tag-ebike product_tag-eco product_tag-family product_tag-hire-a-cargo-bike-in-rome product_tag-hire-a-family-bike-in-rome has-post-thumbnail virtual purchasable product-type-redq_rental\">\n\t<a href=\"https:\/\/easybikerent.it\/pl\/prodotto\/family-cargo-e-bike-kids-love-it\/\" class=\"woocommerce-LoopProduct-link woocommerce-loop-product__link\"><img decoding=\"async\" width=\"300\" height=\"205\" src=\"https:\/\/easybikerent.it\/wp-content\/uploads\/Babboe-Curve-E-300x205.jpg\" class=\"attachment-woocommerce_thumbnail size-woocommerce_thumbnail\" alt=\"A Babboe Curve-e Family Cargo e-Bike.\" srcset=\"https:\/\/easybikerent.it\/wp-content\/uploads\/\/Babboe-Curve-E-300x205.jpg 300w, https:\/\/easybikerent.it\/wp-content\/uploads\/\/Babboe-Curve-E.jpg 765w\" sizes=\"(max-width: 300px) 100vw, 300px\" \/><h2 class=\"woocommerce-loop-product__title\">Elektryczny rower cargo dla ca\u0142ej rodziny<\/h2>\n\t<span class=\"price\"><span class=\"amount rnb_price_unit_189\"> From <span class=\"woocommerce-Price-amount amount\"><bdi>40&nbsp;<span class=\"woocommerce-Price-currencySymbol\">\u20ac<\/span><\/bdi><\/span>\/dzie\u0144<\/span><\/span>\n<\/a><\/li>\n<li class=\"product type-product post-1358 status-publish last instock product_cat-bicycles product_cat-family-bikes product_cat-our-vehicles product_tag-appian-way-with-kids product_tag-bike-hire-for-kids product_tag-easy product_tag-eco product_tag-kids-bikes has-post-thumbnail purchasable product-type-redq_rental\">\n\t<a href=\"https:\/\/easybikerent.it\/pl\/prodotto\/kids-bike-focus-their-energy\/\" class=\"woocommerce-LoopProduct-link woocommerce-loop-product__link\"><img decoding=\"async\" width=\"300\" height=\"205\" src=\"https:\/\/easybikerent.it\/wp-content\/uploads\/Kids-Bike-Tunnel-Uphill-300x205.jpg\" class=\"attachment-woocommerce_thumbnail size-woocommerce_thumbnail\" alt=\"A Kids Bike in front of a tunnel on slightly uphill terrain.\" srcset=\"https:\/\/easybikerent.it\/wp-content\/uploads\/\/Kids-Bike-Tunnel-Uphill-300x205.jpg 300w, https:\/\/easybikerent.it\/wp-content\/uploads\/\/Kids-Bike-Tunnel-Uphill.jpg 800w\" sizes=\"(max-width: 300px) 100vw, 300px\" \/><h2 class=\"woocommerce-loop-product__title\">Rowery dla dzieci<\/h2>\n\t<span class=\"price\"><span class=\"amount rnb_price_unit_1358\"> From <span class=\"woocommerce-Price-amount amount\"><bdi>9&nbsp;<span class=\"woocommerce-Price-currencySymbol\">\u20ac<\/span><\/bdi><\/span>\/dzie\u0144<\/span><\/span>\n<\/a><\/li>\n<li class=\"product type-product post-1661 status-publish first instock product_cat-hire-e-bikes-electric-bicycles product_cat-family-bikes product_cat-our-vehicles product_tag-easy product_tag-ebike product_tag-eco product_tag-electric-bike-for-kids product_tag-kids-e-bike has-post-thumbnail virtual purchasable product-type-redq_rental\">\n\t<a href=\"https:\/\/easybikerent.it\/pl\/prodotto\/rent-kids-electric-bikes\/\" class=\"woocommerce-LoopProduct-link woocommerce-loop-product__link\"><img loading=\"lazy\" decoding=\"async\" width=\"300\" height=\"205\" src=\"https:\/\/easybikerent.it\/wp-content\/uploads\/E-garda-kids-e-bike-300x205.jpg\" class=\"attachment-woocommerce_thumbnail size-woocommerce_thumbnail\" alt=\"Rent Kids Electric Bikes from Easy Bike Rent Rome\" srcset=\"https:\/\/easybikerent.it\/wp-content\/uploads\/\/E-garda-kids-e-bike-300x205.jpg 300w, https:\/\/easybikerent.it\/wp-content\/uploads\/\/E-garda-kids-e-bike.jpg 765w\" sizes=\"(max-width: 300px) 100vw, 300px\" \/><h2 class=\"woocommerce-loop-product__title\">Rowery elektryczne dla dzieci<\/h2>\n\t<span class=\"price\"><span class=\"amount rnb_price_unit_1661\"> From <span class=\"woocommerce-Price-amount amount\"><bdi>17&nbsp;<span class=\"woocommerce-Price-currencySymbol\">\u20ac<\/span><\/bdi><\/span>\/dzie\u0144<\/span><\/span>\n<\/a><\/li>\n<\/ul>\n<\/div><\/code>\t\t\t\t\t\t\t\t<\/div>\n\t\t\t\t<\/div>\n\t\t\t\t\t<\/div>\n\t\t<\/div>\n\t\t\t\t\t<\/div>\n\t\t<\/section>\n\t\t\t\t<section class=\"elementor-section elementor-top-section elementor-element elementor-element-1ed544b elementor-section-boxed elementor-section-height-default elementor-section-height-default\" data-id=\"1ed544b\" data-element_type=\"section\">\n\t\t\t\t\t\t<div class=\"elementor-container elementor-column-gap-default\">\n\t\t\t\t\t<div class=\"elementor-column elementor-col-100 elementor-top-column elementor-element elementor-element-e2ece3a\" data-id=\"e2ece3a\" data-element_type=\"column\">\n\t\t\t<div class=\"elementor-widget-wrap elementor-element-populated\">\n\t\t\t\t\t\t<div class=\"elementor-element elementor-element-453c557 elementor-widget elementor-widget-text-editor\" data-id=\"453c557\" data-element_type=\"widget\" data-widget_type=\"text-editor.default\">\n\t\t\t\t<div class=\"elementor-widget-container\">\n\t\t\t\t\t\t\t\t\t<div style=\"font-family: 'Roboto', sans-serif; font-size: 17px; line-height: 1.6; color: #333;\"><h1 style=\"text-align: center; font-family: 'Roboto', sans-serif;\"><strong>Rowery rodzinne<\/strong><\/h1><p style=\"text-align: left;\">Uczy\u0144 swoj\u0105 rodzinn\u0105 przygod\u0119 w Rzymie niezapomnian\u0105 dzi\u0119ki naszej ofercie wygodnych, bezpiecznych i \u0142atwych w prowadzeniu rower\u00f3w rodzinnych. Niezale\u017cnie od tego, czy zwiedzasz parki, przeje\u017cd\u017casz przez historyczne centrum, czy cieszysz si\u0119 spokojn\u0105 jazd\u0105 wzd\u0142u\u017c rzymskich \u015bcie\u017cek rowerowych, mamy idealny rower dla ka\u017cdego wieku i ka\u017cdej wielko\u015bci rodziny.<\/p><h2 style=\"font-family: 'Roboto', sans-serif; font-size: 20px; margin-top: 20px;\"><strong>Babboe cargo bike<\/strong><\/h2><p style=\"text-align: left;\">Nasza Babboe cargo bike to idealny wyb\u00f3r dla rodzin z ma\u0142ymi dzie\u0107mi, kt\u00f3re chc\u0105 podr\u00f3\u017cowa\u0107 razem w pe\u0142nym komforcie. Przestronna przednia skrzynia pozwala dzieciom siedzie\u0107 bezpiecznie i podziwia\u0107 widoki, podczas gdy rodzice peda\u0142uj\u0105 bez wysi\u0142ku. Doskona\u0142a na przeja\u017cd\u017cki po mie\u015bcie, parkach i g\u0142adkich trasach rowerowych.<br \/><br \/><strong>Wa\u017cne:<\/strong> Ze wzgl\u0119du na nier\u00f3wny teren i bruk, korzystanie z Babboe nie jest zalecane na Via Appia za Mauzoleum Cecylii Metelli.<\/p><h2 style=\"font-family: 'Roboto', sans-serif; font-size: 20px; margin-top: 20px;\"><strong>Longtail rower rodzinny<\/strong><\/h2><p style=\"text-align: left;\">Je\u015bli potrzebujesz dodatkowej przestrzeni bez utraty zwrotno\u015bci, nasz longtail rower rodzinny b\u0119dzie idealnym rozwi\u0105zaniem. Zaprojektowany tak, aby wygodnie przewozi\u0107 jedno lub dwoje dzieci, oferuje doskona\u0142\u0105 r\u00f3wnowag\u0119, p\u0142ynne prowadzenie i swobod\u0119 odkrywania Rzymu z \u0142atwo\u015bci\u0105. Idealny na d\u0142u\u017csze trasy i dla rodzin, kt\u00f3re chc\u0105 po\u0142\u0105czy\u0107 elastyczno\u015b\u0107 i komfort w jednym rowerze.<\/p><h2 style=\"font-family: 'Roboto', sans-serif; font-size: 20px; margin-top: 20px;\"><strong>Rowery dzieci\u0119ce<\/strong><\/h2><p style=\"text-align: left;\">Pozw\u00f3l swoim dzieciom cieszy\u0107 si\u0119 jazd\u0105 na naszych lekkich i \u0142atwych w prowadzeniu rowerach dzieci\u0119cych. Dost\u0119pne w r\u00f3\u017cnych rozmiarach, s\u0105 idealne dla m\u0142odych rowerzyst\u00f3w, kt\u00f3rzy chc\u0105 bezpiecznie odkrywa\u0107 Rzym, pozostaj\u0105c blisko rodziny. To \u015bwietna opcja na kr\u00f3tkie wycieczki, parki i trasy przyjazne rodzinom.<\/p><h2 style=\"font-family: 'Roboto', sans-serif; font-size: 20px; margin-top: 20px;\"><strong>E\u2011bike 24\u201d dla dzieci<\/strong><\/h2><p style=\"text-align: left;\">Dla starszych dzieci, kt\u00f3re chc\u0105 nad\u0105\u017cy\u0107 bez wysi\u0142ku, nasza dzieci\u0119ca e\u2011bike 24\u201d oferuje idealne po\u0142\u0105czenie niezale\u017cno\u015bci i wsparcia. Dzi\u0119ki wspomaganiu peda\u0142owania i wygodnej ramie pozwala m\u0142odym rowerzystom cieszy\u0107 si\u0119 d\u0142u\u017cszymi trasami i \u0142agodnymi podjazdami bez zm\u0119czenia.<\/p><p style=\"text-align: left; font-size: 18px; margin-top: 25px;\"><strong>Wybierz idealny rower rodzinny i ciesz si\u0119 p\u0142ynn\u0105, bezpieczn\u0105 i przyjemn\u0105 jazd\u0105 po Rzymie \u2014 to najlepszy spos\u00f3b, aby odkrywa\u0107 miasto razem.<\/strong><\/p><\/div>\t\t\t\t\t\t\t\t<\/div>\n\t\t\t\t<\/div>\n\t\t\t\t\t<\/div>\n\t\t<\/div>\n\t\t\t\t\t<\/div>\n\t\t<\/section>\n\t\t\t\t<\/div>","protected":false},"excerpt":{"rendered":"<p>Family Bikes Make your family adventure in Rome unforgettable with our selection of comfortable, safe, and easy-to-ride family bikes. Whether you&#8217;re exploring parks, cruising through the historic center, or enjoying a relaxing ride along Rome\u2019s cycle paths, we have the perfect bike for every age and family size. Babboe Cargo Bike Our Babboe cargo bike [&hellip;]<\/p>","protected":false},"author":199,"featured_media":0,"parent":0,"menu_order":0,"comment_status":"closed","ping_status":"closed","template":"","meta":{"footnotes":""},"class_list":["post-3799","page","type-page","status-publish","hentry"],"_links":{"self":[{"href":"https:\/\/easybikerent.it\/pl\/wp-json\/wp\/v2\/pages\/3799","targetHints":{"allow":["GET"]}}],"collection":[{"href":"https:\/\/easybikerent.it\/pl\/wp-json\/wp\/v2\/pages"}],"about":[{"href":"https:\/\/easybikerent.it\/pl\/wp-json\/wp\/v2\/types\/page"}],"author":[{"embeddable":true,"href":"https:\/\/easybikerent.it\/pl\/wp-json\/wp\/v2\/users\/199"}],"replies":[{"embeddable":true,"href":"https:\/\/easybikerent.it\/pl\/wp-json\/wp\/v2\/comments?post=3799"}],"version-history":[{"count":8,"href":"https:\/\/easybikerent.it\/pl\/wp-json\/wp\/v2\/pages\/3799\/revisions"}],"predecessor-version":[{"id":5899,"href":"https:\/\/easybikerent.it\/pl\/wp-json\/wp\/v2\/pages\/3799\/revisions\/5899"}],"wp:attachment":[{"href":"https:\/\/easybikerent.it\/pl\/wp-json\/wp\/v2\/media?parent=3799"}],"curies":[{"name":"wp","href":"https:\/\/api.w.org\/{rel}","templated":true}]}}