{"id":3813,"date":"2023-05-24T11:14:57","date_gmt":"2023-05-24T09:14:57","guid":{"rendered":"https:\/\/easybikerent.it\/?page_id=3813"},"modified":"2026-01-09T15:49:52","modified_gmt":"2026-01-09T14:49:52","slug":"rent-push-bicycles","status":"publish","type":"page","link":"https:\/\/easybikerent.it\/pl\/rent-push-bicycles\/","title":{"rendered":"Rent push bicycles"},"content":{"rendered":"<div data-elementor-type=\"wp-page\" data-elementor-id=\"3813\" class=\"elementor elementor-3813\" data-elementor-post-type=\"page\">\n\t\t\t\t\t\t<section class=\"elementor-section elementor-top-section elementor-element elementor-element-1dc3a762 elementor-section-boxed elementor-section-height-default elementor-section-height-default\" data-id=\"1dc3a762\" data-element_type=\"section\">\n\t\t\t\t\t\t<div class=\"elementor-container elementor-column-gap-default\">\n\t\t\t\t\t<div class=\"elementor-column elementor-col-100 elementor-top-column elementor-element elementor-element-393eddff\" data-id=\"393eddff\" data-element_type=\"column\">\n\t\t\t<div class=\"elementor-widget-wrap elementor-element-populated\">\n\t\t\t\t\t\t<div class=\"elementor-element elementor-element-1ff582ba elementor-widget elementor-widget-shortcode\" data-id=\"1ff582ba\" data-element_type=\"widget\" data-widget_type=\"shortcode.default\">\n\t\t\t\t<div class=\"elementor-widget-container\">\n\t\t\t\t\t\t\t<div class=\"elementor-shortcode\"><div class=\"woocommerce columns-3\"><ul class=\"products columns-3\">\n<li class=\"product type-product post-699 status-publish first instock product_cat-bicycles product_cat-our-vehicles product_tag-bicycle-for-rent product_tag-bike-hire-in-rome product_tag-bikes-with-a-basket product_tag-city-bikes-in-rome product_tag-eco product_tag-ladies-bikes-for-rent-in-rome has-post-thumbnail purchasable product-type-redq_rental\">\n\t<a href=\"https:\/\/easybikerent.it\/pl\/prodotto\/rent-a-trekking-or-a-city-bike\/\" class=\"woocommerce-LoopProduct-link woocommerce-loop-product__link\"><img fetchpriority=\"high\" decoding=\"async\" width=\"300\" height=\"205\" src=\"https:\/\/easybikerent.it\/wp-content\/uploads\/Lombardo-Diamante-Trekking-Bike-Palatine-Hill-Rome-Daytime-e1524302650947-300x205.jpg\" class=\"attachment-woocommerce_thumbnail size-woocommerce_thumbnail\" alt=\"Rent a Trekking or a City Bike from Easy Bike Rent Rome\" srcset=\"https:\/\/easybikerent.it\/wp-content\/uploads\/\/Lombardo-Diamante-Trekking-Bike-Palatine-Hill-Rome-Daytime-e1524302650947-300x205.jpg 300w, https:\/\/easybikerent.it\/wp-content\/uploads\/\/Lombardo-Diamante-Trekking-Bike-Palatine-Hill-Rome-Daytime-e1524302650947.jpg 800w\" sizes=\"(max-width: 300px) 100vw, 300px\" \/><h2 class=\"woocommerce-loop-product__title\">Rowery trekkingowe lub miejskie<\/h2>\n\t<span class=\"price\"><span class=\"amount rnb_price_unit_699\"> From <span class=\"woocommerce-Price-amount amount\"><bdi>12&nbsp;<span class=\"woocommerce-Price-currencySymbol\">\u20ac<\/span><\/bdi><\/span>\/dzie\u0144<\/span><\/span>\n<\/a><\/li>\n<li class=\"product type-product post-4065 status-publish instock product_cat-bicycles product_cat-our-vehicles product_tag-easy product_tag-eco product_tag-gravel-bike-in-rome product_tag-high-quality-gravel-bike product_tag-rent-a-gravel-bike-in-rome product_tag-visit-the-appian-way-without-a-guide has-post-thumbnail purchasable product-type-redq_rental\">\n\t<a href=\"https:\/\/easybikerent.it\/pl\/prodotto\/gravel-bikes\/\" class=\"woocommerce-LoopProduct-link woocommerce-loop-product__link\"><img decoding=\"async\" width=\"300\" height=\"225\" src=\"https:\/\/easybikerent.it\/wp-content\/uploads\/WhatsApp-Image-2023-03-15-at-12.14.33-e1689524293114-300x225.jpeg\" class=\"attachment-woocommerce_thumbnail size-woocommerce_thumbnail\" alt=\"Gravel Bike for Rent in Rome\" srcset=\"https:\/\/easybikerent.it\/wp-content\/uploads\/\/WhatsApp-Image-2023-03-15-at-12.14.33-e1689524293114-300x225.jpeg 300w, https:\/\/easybikerent.it\/wp-content\/uploads\/\/WhatsApp-Image-2023-03-15-at-12.14.33-e1689524293114-800x600.jpeg 800w, https:\/\/easybikerent.it\/wp-content\/uploads\/\/WhatsApp-Image-2023-03-15-at-12.14.33-e1689524293114.jpeg 2048w\" sizes=\"(max-width: 300px) 100vw, 300px\" \/><h2 class=\"woocommerce-loop-product__title\">Rowery gravel<\/h2>\n\t<span class=\"price\"><span class=\"amount rnb_price_unit_4065\"> From <span class=\"woocommerce-Price-amount amount\"><bdi>17&nbsp;<span class=\"woocommerce-Price-currencySymbol\">\u20ac<\/span><\/bdi><\/span>\/dzie\u0144<\/span><\/span>\n<\/a><\/li>\n<li class=\"product type-product post-4061 status-publish last instock product_cat-bicycles product_cat-our-vehicles product_tag-appian-way-by-mountain-bike product_tag-easy product_tag-eco product_tag-family product_tag-hire-a-mountain-bike-in-rome product_tag-mountain-bikes-in-rome has-post-thumbnail purchasable product-type-redq_rental\">\n\t<a href=\"https:\/\/easybikerent.it\/pl\/prodotto\/mountain-bike-rugged-sporty\/\" class=\"woocommerce-LoopProduct-link woocommerce-loop-product__link\"><img decoding=\"async\" width=\"300\" height=\"205\" src=\"https:\/\/easybikerent.it\/wp-content\/uploads\/Sestriere-scala-300x205.jpg\" class=\"attachment-woocommerce_thumbnail size-woocommerce_thumbnail\" alt=\"An Easy Bike Rent Mountain Bike with a typical vintage staircase in the background.\" srcset=\"https:\/\/easybikerent.it\/wp-content\/uploads\/\/Sestriere-scala-300x205.jpg 300w, https:\/\/easybikerent.it\/wp-content\/uploads\/\/Sestriere-scala.jpg 800w\" sizes=\"(max-width: 300px) 100vw, 300px\" \/><h2 class=\"woocommerce-loop-product__title\">Rowery g\u00f3rskie<\/h2>\n\t<span class=\"price\"><span class=\"amount rnb_price_unit_4061\"> From <span class=\"woocommerce-Price-amount amount\"><bdi>12&nbsp;<span class=\"woocommerce-Price-currencySymbol\">\u20ac<\/span><\/bdi><\/span>\/dzie\u0144<\/span><\/span>\n<\/a><\/li>\n<li class=\"product type-product post-4062 status-publish first instock product_cat-bicycles product_cat-our-vehicles product_tag-eco product_tag-family product_tag-good-quality-mountain-bike product_tag-high-perfomances-mountain-bike product_tag-rent-a-high-quality-mountain-bike-in-rome product_tag-rent-a-mountain-bike-in-rome product_tag-visit-the-appian-way-without-a-guide has-post-thumbnail purchasable product-type-redq_rental\">\n\t<a href=\"https:\/\/easybikerent.it\/pl\/prodotto\/mountain-bikes-plus\/\" class=\"woocommerce-LoopProduct-link woocommerce-loop-product__link\"><img loading=\"lazy\" decoding=\"async\" width=\"300\" height=\"225\" src=\"https:\/\/easybikerent.it\/wp-content\/uploads\/WhatsApp-Image-2023-03-15-at-12.39.48-1-e1689524359937-300x225.jpeg\" class=\"attachment-woocommerce_thumbnail size-woocommerce_thumbnail\" alt=\"High quality mountain bike\" srcset=\"https:\/\/easybikerent.it\/wp-content\/uploads\/\/WhatsApp-Image-2023-03-15-at-12.39.48-1-e1689524359937-300x225.jpeg 300w, https:\/\/easybikerent.it\/wp-content\/uploads\/\/WhatsApp-Image-2023-03-15-at-12.39.48-1-e1689524359937-800x600.jpeg 800w, https:\/\/easybikerent.it\/wp-content\/uploads\/\/WhatsApp-Image-2023-03-15-at-12.39.48-1-e1689524359937.jpeg 1024w\" sizes=\"(max-width: 300px) 100vw, 300px\" \/><h2 class=\"woocommerce-loop-product__title\">Mountain Bike Plus<\/h2>\n\t<span class=\"price\"><span class=\"amount rnb_price_unit_4062\"> From <span class=\"woocommerce-Price-amount amount\"><bdi>17&nbsp;<span class=\"woocommerce-Price-currencySymbol\">\u20ac<\/span><\/bdi><\/span>\/dzie\u0144<\/span><\/span>\n<\/a><\/li>\n<li class=\"product type-product post-1358 status-publish instock product_cat-bicycles product_cat-family-bikes product_cat-our-vehicles product_tag-appian-way-with-kids product_tag-bike-hire-for-kids product_tag-easy product_tag-eco product_tag-kids-bikes has-post-thumbnail purchasable product-type-redq_rental\">\n\t<a href=\"https:\/\/easybikerent.it\/pl\/prodotto\/kids-bike-focus-their-energy\/\" class=\"woocommerce-LoopProduct-link woocommerce-loop-product__link\"><img loading=\"lazy\" decoding=\"async\" width=\"300\" height=\"205\" src=\"https:\/\/easybikerent.it\/wp-content\/uploads\/Kids-Bike-Tunnel-Uphill-300x205.jpg\" class=\"attachment-woocommerce_thumbnail size-woocommerce_thumbnail\" alt=\"A Kids Bike in front of a tunnel on slightly uphill terrain.\" srcset=\"https:\/\/easybikerent.it\/wp-content\/uploads\/\/Kids-Bike-Tunnel-Uphill-300x205.jpg 300w, https:\/\/easybikerent.it\/wp-content\/uploads\/\/Kids-Bike-Tunnel-Uphill.jpg 800w\" sizes=\"(max-width: 300px) 100vw, 300px\" \/><h2 class=\"woocommerce-loop-product__title\">Rowery dla dzieci<\/h2>\n\t<span class=\"price\"><span class=\"amount rnb_price_unit_1358\"> From <span class=\"woocommerce-Price-amount amount\"><bdi>9&nbsp;<span class=\"woocommerce-Price-currencySymbol\">\u20ac<\/span><\/bdi><\/span>\/dzie\u0144<\/span><\/span>\n<\/a><\/li>\n<\/ul>\n<\/div><\/div>\n\t\t\t\t\t\t<\/div>\n\t\t\t\t<\/div>\n\t\t\t\t\t<\/div>\n\t\t<\/div>\n\t\t\t\t\t<\/div>\n\t\t<\/section>\n\t\t\t\t<section class=\"elementor-section elementor-top-section elementor-element elementor-element-7ea6262 elementor-section-boxed elementor-section-height-default elementor-section-height-default\" data-id=\"7ea6262\" data-element_type=\"section\">\n\t\t\t\t\t\t<div class=\"elementor-container elementor-column-gap-default\">\n\t\t\t\t\t<div class=\"elementor-column elementor-col-100 elementor-top-column elementor-element elementor-element-94fc874\" data-id=\"94fc874\" data-element_type=\"column\">\n\t\t\t<div class=\"elementor-widget-wrap elementor-element-populated\">\n\t\t\t\t\t\t<div class=\"elementor-element elementor-element-c0231b5 elementor-widget elementor-widget-text-editor\" data-id=\"c0231b5\" data-element_type=\"widget\" data-widget_type=\"text-editor.default\">\n\t\t\t\t<div class=\"elementor-widget-container\">\n\t\t\t\t\t\t\t\t\t<div style=\"font-family: 'Roboto', sans-serif; font-size: 17px; line-height: 1.6; color: #333;\"><h1 style=\"text-align: center; font-family: 'Roboto', sans-serif;\"><strong>ROWERY TRADYCYJNE<\/strong><\/h1><p style=\"text-align: left;\">Odkryj Rzym w autentyczny spos\u00f3b dzi\u0119ki naszej ofercie wysokiej jako\u015bci rower\u00f3w. Idealne dla podr\u00f3\u017cnych szukaj\u0105cych aktywnego, ekologicznego i immersyjnego do\u015bwiadczenia, nasze rowery zapewniaj\u0105 idealn\u0105 r\u00f3wnowag\u0119 komfortu, osi\u0105g\u00f3w i swobody. Wybierz spo\u015br\u00f3d rower\u00f3w miejskich, gravel\u00f3w i mocnych rower\u00f3w g\u00f3rskich \u2014 w tym naszego premium MTB Plus, stworzonego dla maksymalnej stabilno\u015bci i kontroli.<\/p><h2 style=\"font-family: 'Roboto', sans-serif; font-size: 20px; margin-top: 20px;\"><strong>Perfekcyjny punkt startowy<\/strong><\/h2><p style=\"text-align: left;\">Wynajmuj\u0105c u nas, zaczynasz swoj\u0105 przygod\u0119 od razu. Nasz sklep znajduje si\u0119 zaledwie kilka krok\u00f3w od \u015bcie\u017cki rowerowej prowadz\u0105cej bezpo\u015brednio na Via Appia i r\u00f3wnie blisko \u015bcie\u017cki rowerowej nad Tybrem. Zero ruchu, zero stresu \u2014 po prostu odbierz rower i zacznij odkrywa\u0107 najbardziej kultowe trasy Rzymu w kilka minut.<\/p><h2 style=\"font-family: 'Roboto', sans-serif; font-size: 20px; margin-top: 20px;\"><strong>Idealne na Via Appia<\/strong><\/h2><p style=\"text-align: left;\">Je\u015bli planujesz przeja\u017cd\u017ck\u0119 staro\u017cytn\u0105 Via Appia, nasze rowery g\u00f3rskie b\u0119d\u0105 najlepszym wyborem. Historyczna kostka brukowa i nier\u00f3wny teren s\u0105 znacznie przyjemniejsze na rowerze zaprojektowanym z my\u015bl\u0105 o przyczepno\u015bci, komforcie i wytrzyma\u0142o\u015bci. Dla najlepszego wra\u017cenia polecamy MTB Plus \u2014 nasz topowy model dla rowerzyst\u00f3w oczekuj\u0105cych najwy\u017cszej wydajno\u015bci na trasach mieszanych i off\u2011road.<\/p><h2 style=\"font-family: 'Roboto', sans-serif; font-size: 20px; margin-top: 20px;\"><strong>Gravel bikes dla rowerzyst\u00f3w d\u0142ugodystansowych<\/strong><\/h2><p style=\"text-align: left;\">Nasze gravel bikes to idealny wyb\u00f3r dla do\u015bwiadczonych rowerzyst\u00f3w, kt\u00f3rzy chc\u0105 pokonywa\u0107 d\u0142ugie dystanse z pr\u0119dko\u015bci\u0105, komfortem i wszechstronno\u015bci\u0105. Stworzone z my\u015bl\u0105 o wytrzyma\u0142o\u015bci i zr\u00f3\u017cnicowanym terenie, doskonale sprawdzaj\u0105 si\u0119 u os\u00f3b pragn\u0105cych wyjecha\u0107 poza miasto i cieszy\u0107 si\u0119 ca\u0142odziennymi przygodami. Jedn\u0105 z najpopularniejszych tras jest malownicza droga do Fiumicino, biegn\u0105ca wzd\u0142u\u017c \u015bcie\u017cki rowerowej nad Tybrem a\u017c do wybrze\u017ca \u2014 p\u0142ynna, pi\u0119kna i satysfakcjonuj\u0105ca podr\u00f3\u017c, kt\u00f3r\u0105 gravel bikes pokonuj\u0105 bez wysi\u0142ku.<\/p><h2 style=\"font-family: 'Roboto', sans-serif; font-size: 20px; margin-top: 20px;\"><strong>Wybierz swoj\u0105 przygod\u0119<\/strong><\/h2><p style=\"text-align: left;\">Niezale\u017cnie od tego, czy wolisz spokojn\u0105 jazd\u0119 po mie\u015bcie, wymagaj\u0105c\u0105 tras\u0119 off\u2011road czy d\u0142ugodystansow\u0105 wypraw\u0119, nasze rowery daj\u0105 Ci pe\u0142n\u0105 swobod\u0119 odkrywania Rzymu dok\u0142adnie tak, jak chcesz. Mocne, niezawodne i wygodne, s\u0105 idealnym wyborem dla podr\u00f3\u017cnych szukaj\u0105cych autentycznego do\u015bwiadczenia rowerowego.<\/p><p style=\"text-align: left; font-size: 18px; margin-top: 25px;\"><strong>Wybierz idealny rower i odkrywaj Rzym z moc\u0105, komfortem i pe\u0142n\u0105 niezale\u017cno\u015bci\u0105.<\/strong><\/p><\/div>\t\t\t\t\t\t\t\t<\/div>\n\t\t\t\t<\/div>\n\t\t\t\t\t<\/div>\n\t\t<\/div>\n\t\t\t\t\t<\/div>\n\t\t<\/section>\n\t\t\t\t<\/div>","protected":false},"excerpt":{"rendered":"<p>Push Bikes Discover Rome the authentic way with our selection of high\u2011quality muscle bikes. Perfect for travelers who want an active, eco\u2011friendly, and immersive experience, our push bikes offer the ideal balance of comfort, performance, and freedom. Choose from smooth city bikes, versatile gravel bikes, and powerful mountain bikes \u2014 including our premium MTB Plus, [&hellip;]<\/p>","protected":false},"author":1,"featured_media":0,"parent":0,"menu_order":0,"comment_status":"closed","ping_status":"closed","template":"","meta":{"footnotes":""},"class_list":["post-3813","page","type-page","status-publish","hentry"],"_links":{"self":[{"href":"https:\/\/easybikerent.it\/pl\/wp-json\/wp\/v2\/pages\/3813","targetHints":{"allow":["GET"]}}],"collection":[{"href":"https:\/\/easybikerent.it\/pl\/wp-json\/wp\/v2\/pages"}],"about":[{"href":"https:\/\/easybikerent.it\/pl\/wp-json\/wp\/v2\/types\/page"}],"author":[{"embeddable":true,"href":"https:\/\/easybikerent.it\/pl\/wp-json\/wp\/v2\/users\/1"}],"replies":[{"embeddable":true,"href":"https:\/\/easybikerent.it\/pl\/wp-json\/wp\/v2\/comments?post=3813"}],"version-history":[{"count":25,"href":"https:\/\/easybikerent.it\/pl\/wp-json\/wp\/v2\/pages\/3813\/revisions"}],"predecessor-version":[{"id":5831,"href":"https:\/\/easybikerent.it\/pl\/wp-json\/wp\/v2\/pages\/3813\/revisions\/5831"}],"wp:attachment":[{"href":"https:\/\/easybikerent.it\/pl\/wp-json\/wp\/v2\/media?parent=3813"}],"curies":[{"name":"wp","href":"https:\/\/api.w.org\/{rel}","templated":true}]}}