{"id":5713,"date":"2025-12-27T16:09:57","date_gmt":"2025-12-27T15:09:57","guid":{"rendered":"https:\/\/easybikerent.it\/?page_id=5713"},"modified":"2026-03-12T12:37:58","modified_gmt":"2026-03-12T11:37:58","slug":"afret-dark-bike-adventures","status":"publish","type":"page","link":"https:\/\/easybikerent.it\/pl\/afret-dark-bike-adventures\/","title":{"rendered":"Rowerowe Przygody po Zmroku"},"content":{"rendered":"<div data-elementor-type=\"wp-page\" data-elementor-id=\"5713\" class=\"elementor elementor-5713\" data-elementor-post-type=\"page\">\n\t\t\t\t\t\t<section class=\"elementor-section elementor-top-section elementor-element elementor-element-c790234 elementor-section-boxed elementor-section-height-default elementor-section-height-default\" data-id=\"c790234\" data-element_type=\"section\">\n\t\t\t\t\t\t<div class=\"elementor-container elementor-column-gap-default\">\n\t\t\t\t\t<div class=\"elementor-column elementor-col-100 elementor-top-column elementor-element elementor-element-60dddd1\" data-id=\"60dddd1\" data-element_type=\"column\">\n\t\t\t<div class=\"elementor-widget-wrap elementor-element-populated\">\n\t\t\t\t\t\t<div class=\"elementor-element elementor-element-38d2233 elementor-widget elementor-widget-text-editor\" data-id=\"38d2233\" data-element_type=\"widget\" data-widget_type=\"text-editor.default\">\n\t\t\t\t<div class=\"elementor-widget-container\">\n\t\t\t\t\t\t\t\t\t<p>Pagina Prova\u00a0<\/p><p>\u00a0<\/p>\t\t\t\t\t\t\t\t<\/div>\n\t\t\t\t<\/div>\n\t\t\t\t\t<\/div>\n\t\t<\/div>\n\t\t\t\t\t<\/div>\n\t\t<\/section>\n\t\t\t\t<section class=\"elementor-section elementor-top-section elementor-element elementor-element-bfa6e92 elementor-section-boxed elementor-section-height-default elementor-section-height-default\" data-id=\"bfa6e92\" data-element_type=\"section\">\n\t\t\t\t\t\t<div class=\"elementor-container elementor-column-gap-default\">\n\t\t\t\t\t<div class=\"elementor-column elementor-col-100 elementor-top-column elementor-element elementor-element-c06c194\" data-id=\"c06c194\" data-element_type=\"column\">\n\t\t\t<div class=\"elementor-widget-wrap elementor-element-populated\">\n\t\t\t\t\t\t<div class=\"elementor-element elementor-element-c06bc93 elementor-widget elementor-widget-shortcode\" data-id=\"c06bc93\" data-element_type=\"widget\" data-widget_type=\"shortcode.default\">\n\t\t\t\t<div class=\"elementor-widget-container\">\n\t\t\t\t\t\t\t<div class=\"elementor-shortcode\"><product-catalog-widget widget-id=\"4edaaee8-51c9-4f78-b09a-09a56f4a36d5\"><\/product-catalog-widget><script type=\"text\/javascript\" src=\"https:\/\/widgets.regiondo.net\/catalog\/v1\/catalog-widget.min.js\"><\/script><\/div>\n\t\t\t\t\t\t<\/div>\n\t\t\t\t<\/div>\n\t\t\t\t\t<\/div>\n\t\t<\/div>\n\t\t\t\t\t<\/div>\n\t\t<\/section>\n\t\t\t\t<section class=\"elementor-section elementor-top-section elementor-element elementor-element-159370f elementor-section-boxed elementor-section-height-default elementor-section-height-default\" data-id=\"159370f\" data-element_type=\"section\">\n\t\t\t\t\t\t<div class=\"elementor-container elementor-column-gap-default\">\n\t\t\t\t\t<div class=\"elementor-column elementor-col-100 elementor-top-column elementor-element elementor-element-1426462\" data-id=\"1426462\" data-element_type=\"column\">\n\t\t\t<div class=\"elementor-widget-wrap elementor-element-populated\">\n\t\t\t\t\t\t<div class=\"elementor-element elementor-element-17854f5 elementor-widget elementor-widget-text-editor\" data-id=\"17854f5\" data-element_type=\"widget\" data-widget_type=\"text-editor.default\">\n\t\t\t\t<div class=\"elementor-widget-container\">\n\t\t\t\t\t\t\t\t\t<div style=\"color: #000000; font-weight: bold; text-align: center; padding: 10px 0;\"><span style=\"font-size: 20px;\"><br \/>Book now and get <span style=\"text-decoration: underline;\">10% OFF<\/span><br \/>Enter coupon code: <strong style=\"color: #ff0000;\">EASY10<\/strong> at checkout.<br \/><\/span><\/div>\t\t\t\t\t\t\t\t<\/div>\n\t\t\t\t<\/div>\n\t\t\t\t\t<\/div>\n\t\t<\/div>\n\t\t\t\t\t<\/div>\n\t\t<\/section>\n\t\t\t\t<section class=\"elementor-section elementor-top-section elementor-element elementor-element-5608441 elementor-section-boxed elementor-section-height-default elementor-section-height-default\" data-id=\"5608441\" data-element_type=\"section\">\n\t\t\t\t\t\t<div class=\"elementor-container elementor-column-gap-default\">\n\t\t\t\t\t<div class=\"elementor-column elementor-col-100 elementor-top-column elementor-element elementor-element-611311e\" data-id=\"611311e\" data-element_type=\"column\">\n\t\t\t<div class=\"elementor-widget-wrap elementor-element-populated\">\n\t\t\t\t\t\t<div class=\"elementor-element elementor-element-07d5f40 elementor-widget elementor-widget-heading\" data-id=\"07d5f40\" data-element_type=\"widget\" data-widget_type=\"heading.default\">\n\t\t\t\t<div class=\"elementor-widget-container\">\n\t\t\t\t\t<h2 class=\"elementor-heading-title elementor-size-default\">Rowerowe Przygody po Zmroku<\/h2>\t\t\t\t<\/div>\n\t\t\t\t<\/div>\n\t\t\t\t<div class=\"elementor-element elementor-element-b04897a elementor-widget elementor-widget-text-editor\" data-id=\"b04897a\" data-element_type=\"widget\" data-widget_type=\"text-editor.default\">\n\t\t\t\t<div class=\"elementor-widget-container\">\n\t\t\t\t\t\t\t\t\t<div style=\"font-family: 'Roboto', sans-serif; font-size: 17px; line-height: 1.6; color: #333;\">\n<h2 style=\"font-family: 'Roboto', sans-serif; font-size: 24px; margin-bottom: 15px;\"><strong>Rowerowe Przygody po Zmroku \u2013 Odkrywaj Miasto Noc\u0105<\/strong><\/h2>\n<p style=\"text-align: left;\">Do\u015bwiadcz Rzymu w jednym z najbardziej magicznych sposob\u00f3w: na rowerze, po zachodzie s\u0142o\u0144ca. Nasze After Dark Bike Adventures oferuj\u0105 ekskluzywne, nocne wycieczki z przewodnikiem, \u0142\u0105cz\u0105ce atmosfer\u0119, histori\u0119 i przygod\u0119, aby zapewni\u0107 niezapomniany wiecz\u00f3r w Wiecznym Mie\u015bcie.<\/p>\n<p style=\"text-align: left;\">Jazda na rowerze noc\u0105 oznacza ni\u017csze temperatury, spokojniejsze ulice i bardziej bezpo\u015bredni kontakt z rzymskimi zabytkami i dzielnicami. Niezale\u017cnie od tego, czy odkrywasz o\u015bwietlone miejsca, czy jedziesz przez ciche, staro\u017cytne drogi, te wycieczki ukazuj\u0105 oblicze miasta, kt\u00f3rego dzienni tury\u015bci rzadko do\u015bwiadczaj\u0105.<\/p>\n<p style=\"text-align: left; margin-top: 20px;\"><strong>Wybierz mi\u0119dzy:<\/strong><\/p>\n\n<ul style=\"margin-left: 20px;\">\n \t<li style=\"margin-bottom: 10px;\"><strong>Nocna Wycieczka Rowerowa po Centrum Miasta \u2013<\/strong> Odkryj najs\u0142ynniejsze zabytki Rzymu l\u015bni\u0105ce w blasku nocnego nieba. Dzi\u0119ki spokojniejszym ulicom i zrelaksowanej atmosferze ta wycieczka oferuje p\u0142ynn\u0105 i malownicz\u0105 przeja\u017cd\u017ck\u0119 przez samo serce miasta.<\/li>\n \t<li style=\"margin-bottom: 10px;\"><strong>Nocna Wycieczka Rowerowa po Via Appia Antica \u2013<\/strong> Naprawd\u0119 wyj\u0105tkowe do\u015bwiadczenie na staro\u017cytnej Via Appia. Jed\u017a w\u015br\u00f3d ciszy, natury i historii, z dala od ruchu i t\u0142um\u00f3w, i ciesz si\u0119 ponadczasowym pi\u0119knem rzymskiej okolicy po zmroku.<\/li>\n<\/ul>\n<p style=\"text-align: left;\">Wszystkie wycieczki prowadzone s\u0105 przez do\u015bwiadczonych przewodnik\u00f3w m\u00f3wi\u0105cych po angielsku, kt\u00f3rzy o\u017cywiaj\u0105 rzymskie historie dzi\u0119ki wiedzy historycznej, legendom i lokalnym anegdotom. Dla maksymalnego komfortu i bezpiecze\u0144stwa \u2014 zw\u0142aszcza podczas nocnej wycieczki Via Appia \u2014 zapewniamy mocne o\u015bwietlenie rowerowe, gwarantuj\u0105ce pewn\u0105 jazd\u0119 nawet w ciemniejszych miejscach.<\/p>\n<p style=\"text-align: left;\">Niezale\u017cnie od tego, czy jeste\u015bcie par\u0105 szukaj\u0105c\u0105 romantycznego wieczoru, samotnym podr\u00f3\u017cnikiem pragn\u0105cym czego\u015b wyj\u0105tkowego, czy cz\u0119\u015bci\u0105 ma\u0142ej grupy poszukiwaczy przyg\u00f3d, After Dark Bike Adventures oferuje nastrojowy, bezpieczny i niezapomniany spos\u00f3b na odkrywanie Rzymu noc\u0105.<\/p>\n<p style=\"text-align: left; font-size: 18px; margin-top: 25px;\"><strong>Zarezerwuj swoj\u0105 nocn\u0105 wycieczk\u0119 rowerow\u0105 i zobacz, jak miasto o\u017cywa po zmroku.<\/strong><\/p>\n\n<h2 style=\"font-size: 22px; margin-top: 45px;\"><strong>Najcz\u0119\u015bciej Zadawane Pytania<\/strong><\/h2>\n<div class=\"faq-section\" style=\"margin-top: 25px;\">\n<h3 style=\"font-size: 19px; margin-bottom: 5px;\"><strong>Czy night bike tours s\u0105 bezpieczne?<\/strong><\/h3>\n<p style=\"margin-bottom: 20px;\" class=\"translation-block\">Tak. Nasze After Dark Bike Adventures zosta\u0142y zaprojektowane tak, aby by\u0142y bezpieczne i przyjemne. Je\u017adzimy spokojnymi ulicami, \u015bcie\u017ckami rowerowymi oraz starannie wybranymi trasami o ograniczonym ruchu. Wszystkie rowery s\u0105 wyposa\u017cone w <strong>mocne przednie i tylne o\u015bwietlenie<\/strong>, a nasi do\u015bwiadczeni przewodnicy zapewniaj\u0105 p\u0142ynne i pewne prowadzenie wycieczki od pocz\u0105tku do ko\u0144ca.<\/p>\n\n<h3 style=\"font-size: 19px; margin-bottom: 5px;\"><strong>Czy nocna wycieczka Via Appia jest odpowiednia dla wszystkich rowerzyst\u00f3w?<\/strong><\/h3>\n<p style=\"margin-bottom: 20px;\" class=\"translation-block\">Nocna wycieczka po Via Appia jest polecana <strong>rowerzystom z pewnym do\u015bwiadczeniem<\/strong>. Cho\u0107 trasa jest magiczna i spokojna po zmroku, niekt\u00f3re odcinki obejmuj\u0105 nier\u00f3wny teren i staro\u017cytne kamienie bazaltowe, kt\u00f3re wymagaj\u0105 dobrej kontroli nad rowerem. Pewni siebie rowerzy\u015bci uznaj\u0105 t\u0119 wycieczk\u0119 za niezapomnian\u0105 i niezwykle satysfakcjonuj\u0105c\u0105.<\/p>\n\n<h3><strong>Czy wycieczki odbywaj\u0105 si\u0119 tak\u017ce w deszczu?<\/strong><\/h3>\nTak, wycieczki odbywaj\u0105 si\u0119 nawet przy lekkim deszczu. W przypadku silnej niepogody zmieniamy termin lub zwracamy koszty.<\/p>\n\n<h3 style=\"font-size: 19px; margin-bottom: 5px;\"><strong>W jakim j\u0119zyku odbywaj\u0105 si\u0119 wycieczki?<\/strong><\/h3>\n<p style=\"margin-bottom: 20px;\" class=\"translation-block\">Al onze kleinschalige tours worden geleid door tourleiders die vloeiend <strong>Italiaans en Engels<\/strong> spreken. Daarnaast bevat elke tour een <strong>derde taal<\/strong>, die Nederlands, Frans, Spaans, Duits of Pools kan zijn. We bepalen deze derde taal op basis van de <strong>eerste boeking van de dag<\/strong>, zodat elke groep de meest geschikte meertalige ervaring krijgt.<\/p>\n\n<\/div>\n<\/div>\t\t\t\t\t\t\t\t<\/div>\n\t\t\t\t<\/div>\n\t\t\t\t\t<\/div>\n\t\t<\/div>\n\t\t\t\t\t<\/div>\n\t\t<\/section>\n\t\t\t\t<\/div>","protected":false},"excerpt":{"rendered":"<p>Pagina Prova\u00a0 \u00a0 Book now and get 10% OFFEnter coupon code: EASY10 at checkout. After dark Bike Adventures After Dark Bike Adventures \u2013 Discover the City by Night Experience Rome in one of the most magical ways possible: by bike, after sunset. Our After Dark Bike Adventures offer exclusive guided night tours that blend atmosphere, [&hellip;]<\/p>","protected":false},"author":285,"featured_media":0,"parent":0,"menu_order":0,"comment_status":"closed","ping_status":"closed","template":"","meta":{"footnotes":""},"class_list":["post-5713","page","type-page","status-publish","hentry"],"_links":{"self":[{"href":"https:\/\/easybikerent.it\/pl\/wp-json\/wp\/v2\/pages\/5713","targetHints":{"allow":["GET"]}}],"collection":[{"href":"https:\/\/easybikerent.it\/pl\/wp-json\/wp\/v2\/pages"}],"about":[{"href":"https:\/\/easybikerent.it\/pl\/wp-json\/wp\/v2\/types\/page"}],"author":[{"embeddable":true,"href":"https:\/\/easybikerent.it\/pl\/wp-json\/wp\/v2\/users\/285"}],"replies":[{"embeddable":true,"href":"https:\/\/easybikerent.it\/pl\/wp-json\/wp\/v2\/comments?post=5713"}],"version-history":[{"count":23,"href":"https:\/\/easybikerent.it\/pl\/wp-json\/wp\/v2\/pages\/5713\/revisions"}],"predecessor-version":[{"id":6163,"href":"https:\/\/easybikerent.it\/pl\/wp-json\/wp\/v2\/pages\/5713\/revisions\/6163"}],"wp:attachment":[{"href":"https:\/\/easybikerent.it\/pl\/wp-json\/wp\/v2\/media?parent=5713"}],"curies":[{"name":"wp","href":"https:\/\/api.w.org\/{rel}","templated":true}]}}