{"id":5735,"date":"2026-01-05T15:24:13","date_gmt":"2026-01-05T14:24:13","guid":{"rendered":"https:\/\/easybikerent.it\/?page_id=5735"},"modified":"2026-03-12T12:34:30","modified_gmt":"2026-03-12T11:34:30","slug":"appian-way-e-bike-tours","status":"publish","type":"page","link":"https:\/\/easybikerent.it\/pl\/appian-way-e-bike-tours\/","title":{"rendered":"Wycieczki e\u2011bike po Via Appia"},"content":{"rendered":"<div data-elementor-type=\"wp-page\" data-elementor-id=\"5735\" class=\"elementor elementor-5735\" data-elementor-post-type=\"page\">\n\t\t\t\t\t\t<section class=\"elementor-section elementor-top-section elementor-element elementor-element-f0a3256 elementor-section-boxed elementor-section-height-default elementor-section-height-default\" data-id=\"f0a3256\" data-element_type=\"section\">\n\t\t\t\t\t\t<div class=\"elementor-container elementor-column-gap-default\">\n\t\t\t\t\t<div class=\"elementor-column elementor-col-100 elementor-top-column elementor-element elementor-element-c839136\" data-id=\"c839136\" data-element_type=\"column\">\n\t\t\t<div class=\"elementor-widget-wrap\">\n\t\t\t\t\t\t\t<\/div>\n\t\t<\/div>\n\t\t\t\t\t<\/div>\n\t\t<\/section>\n\t\t\t\t<section class=\"elementor-section elementor-top-section elementor-element elementor-element-b523c70 elementor-section-boxed elementor-section-height-default elementor-section-height-default\" data-id=\"b523c70\" data-element_type=\"section\">\n\t\t\t\t\t\t<div class=\"elementor-container elementor-column-gap-default\">\n\t\t\t\t\t<div class=\"elementor-column elementor-col-100 elementor-top-column elementor-element elementor-element-ee7d292\" data-id=\"ee7d292\" data-element_type=\"column\">\n\t\t\t<div class=\"elementor-widget-wrap elementor-element-populated\">\n\t\t\t\t\t\t<div class=\"elementor-element elementor-element-ea9d6b2 elementor-widget elementor-widget-html\" data-id=\"ea9d6b2\" data-element_type=\"widget\" data-widget_type=\"html.default\">\n\t\t\t\t<div class=\"elementor-widget-container\">\n\t\t\t\t\t<product-catalog-widget widget-id=\"a24b45f7-226a-401d-920e-6ff9b49c1fa6\"><\/product-catalog-widget><script type=\"text\/javascript\" src=\"https:\/\/widgets.regiondo.net\/catalog\/v1\/catalog-widget.min.js\"><\/script>\t\t\t\t<\/div>\n\t\t\t\t<\/div>\n\t\t\t\t\t<\/div>\n\t\t<\/div>\n\t\t\t\t\t<\/div>\n\t\t<\/section>\n\t\t\t\t<section class=\"elementor-section elementor-top-section elementor-element elementor-element-e862e11 elementor-section-boxed elementor-section-height-default elementor-section-height-default\" data-id=\"e862e11\" data-element_type=\"section\">\n\t\t\t\t\t\t<div class=\"elementor-container elementor-column-gap-default\">\n\t\t\t\t\t<div class=\"elementor-column elementor-col-100 elementor-top-column elementor-element elementor-element-3671277\" data-id=\"3671277\" data-element_type=\"column\">\n\t\t\t<div class=\"elementor-widget-wrap elementor-element-populated\">\n\t\t\t\t\t\t<div class=\"elementor-element elementor-element-834ff9e elementor-widget elementor-widget-text-editor\" data-id=\"834ff9e\" data-element_type=\"widget\" data-widget_type=\"text-editor.default\">\n\t\t\t\t<div class=\"elementor-widget-container\">\n\t\t\t\t\t\t\t\t\t<div style=\"color: #000000; font-weight: bold; text-align: center; padding: 10px 0;\"><span style=\"font-size: 20px;\">\nBook now and get <span style=\"text-decoration: underline;\">10% OFF.<\/span>\nEnter coupon code: <strong style=\"color: #ff0000;\">EASY10<\/strong> at checkout.\n<\/span><\/div>\t\t\t\t\t\t\t\t<\/div>\n\t\t\t\t<\/div>\n\t\t\t\t\t<\/div>\n\t\t<\/div>\n\t\t\t\t\t<\/div>\n\t\t<\/section>\n\t\t\t\t<section class=\"elementor-section elementor-top-section elementor-element elementor-element-f11d6c6 elementor-section-boxed elementor-section-height-default elementor-section-height-default\" data-id=\"f11d6c6\" data-element_type=\"section\">\n\t\t\t\t\t\t<div class=\"elementor-container elementor-column-gap-default\">\n\t\t\t\t\t<div class=\"elementor-column elementor-col-100 elementor-top-column elementor-element elementor-element-5646c4b\" data-id=\"5646c4b\" data-element_type=\"column\">\n\t\t\t<div class=\"elementor-widget-wrap elementor-element-populated\">\n\t\t\t\t\t\t<div class=\"elementor-element elementor-element-700be55 elementor-widget elementor-widget-text-editor\" data-id=\"700be55\" data-element_type=\"widget\" data-widget_type=\"text-editor.default\">\n\t\t\t\t<div class=\"elementor-widget-container\">\n\t\t\t\t\t\t\t\t\t<div style=\"font-family: 'Roboto', sans-serif; font-size: 17px; line-height: 1.6; color: #333;\"><h1>Wycieczki e\u2011bike po Via Appia \u2013 Odkrywaj Staro\u017cytny Rzym na rowerze elektrycznym<\/h1><p>Odkryj legendarn\u0105 Via Appia Antica jak nigdy dot\u0105d dzi\u0119ki naszym wycieczkom e\u2011bike. Idealne dla mi\u0142o\u015bnik\u00f3w historii, poszukiwaczy przyg\u00f3d i entuzjast\u00f3w jazdy na rowerze, te wycieczki z przewodnikiem \u0142\u0105cz\u0105 wygod\u0119 roweru elektrycznego z pi\u0119knem, archeologi\u0105 i ponadczasow\u0105 atmosfer\u0105 jednej z najbardziej ikonicznych staro\u017cytnych dr\u00f3g Rzymu.<\/p><p>Wszystkie nasze wycieczki Appian Way E\u2011Bike rozpoczynaj\u0105 si\u0119 przy Via dei Cerchi 59, tu\u017c naprzeciwko Circus Maximus. To najbezpieczniejszy i najszybszy spos\u00f3b, aby dotrze\u0107 na Via Appia rowerem, dzi\u0119ki dedykowanym \u015bcie\u017ckom rowerowym i trasom o niewielkim nat\u0119\u017ceniu ruchu.<\/p><p>Jazda na e\u2011bike\u2019u pozwala wygodnie pokonywa\u0107 d\u0142ugie dystanse, cieszy\u0107 si\u0119 krajobrazem i zwiedza\u0107 stanowiska archeologiczne bez zm\u0119czenia. Nasze wysokiej jako\u015bci rowery elektryczne wyposa\u017cone s\u0105 w mocne silniki i wytrzyma\u0142e baterie, dzi\u0119ki czemu s\u0105 idealne zar\u00f3wno dla okazjonalnych rowerzyst\u00f3w, jak i dla bardziej do\u015bwiadczonych.<\/p><p><strong>Wybierz mi\u0119dzy:<\/strong><\/p><p class=\"translation-block\"><strong>Wycieczka Via Appia i Akwedukty<\/strong> \u2013 Przejed\u017a si\u0119 po staro\u017cytnych bazaltowych kamieniach Via Appia i odkryj imponuj\u0105ce rzymskie akwedukty, otwarte pola i wiejskie krajobrazy. To idealne po\u0142\u0105czenie historii, natury i malowniczej jazdy na rowerze.<\/p><p class=\"translation-block\"><strong>Wycieczka Via Appia i Katakumby<\/strong> \u2013 Po\u0142\u0105cz archeologi\u0119 z przygod\u0105, odwiedzaj\u0105c staro\u017cytne katakumby i odkrywaj\u0105c wczesnochrze\u015bcija\u0144sk\u0105 histori\u0119 ukryt\u0105 pod Via Appia.<\/p><p class=\"translation-block\"><strong>Night Ride Along the Via Appia to the Aqueducts<\/strong> \u2013 Experience the Appian Way at night with powerful e\u2011bike lights, quieter roads, and a magical atmosphere. A unique and unforgettable way to explore Ancient Rome.<\/p><p>Wszystkie wycieczki prowadzone s\u0105 przez sympatycznych, angloj\u0119zycznych i wieloj\u0119zycznych przewodnik\u00f3w, kt\u00f3rzy s\u0105 doskona\u0142ymi gaw\u0119dziarzami. O\u017cywiaj\u0105 Via Appia fascynuj\u0105cymi opowie\u015bciami o rzymskiej in\u017cynierii, staro\u017cytnych zabytkach i codziennym \u017cyciu ludzi, kt\u00f3rzy niegdy\u015b podr\u00f3\u017cowali t\u0105 historyczn\u0105 drog\u0105.<\/p><p>Nasze trasy stawiaj\u0105 na bezpieczne warunki jazdy i malownicze \u015bcie\u017cki, oferuj\u0105c harmonijne po\u0142\u0105czenie archeologii, natury i przygody. Dzi\u0119ki silnikowi elektrycznemu mo\u017cesz cieszy\u0107 si\u0119 ca\u0142\u0105 wycieczk\u0105 bez wysi\u0142ku, nawet na nier\u00f3wnym terenie.<\/p><p>Zarezerwuj dzi\u015b swoj\u0105 wycieczk\u0119 e\u2011bike po Via Appia i odkrywaj Staro\u017cytny Rzym w spos\u00f3b przyjemny, komfortowy i niezapomniany.<\/p><h2 style=\"margin-top: 40px;\"><strong>Dlaczego warto wybra\u0107 nasze Appian Way E\u2011Bike Tours<\/strong><\/h2><ul><li>Najbli\u017cszy punkt startowy do Via Appia (Via dei Cerchi 59, Circus Maximus)<\/li><li>Bezpieczny dojazd na Via Appia \u015bcie\u017ckami rowerowymi<\/li><li>Wysokiej jako\u015bci w\u0142oskie e\u2011bike\u2019i z d\u0142ugotrwa\u0142ymi bateriami<\/li><li>Expert English\u2011speaking guides and storytellers<\/li><li>Ma\u0142e grupy dla bardziej osobistego i wci\u0105gaj\u0105cego do\u015bwiadczenia<\/li><li>Trasy \u0142\u0105cz\u0105ce archeologi\u0119, natur\u0119 i malownicze krajobrazy<\/li><li>Idealne dla pocz\u0105tkuj\u0105cych, rodzin i do\u015bwiadczonych rowerzyst\u00f3w<\/li><\/ul><h2 style=\"margin-top: 40px;\"><strong>Najcz\u0119\u015bciej Zadawane Pytania<\/strong><\/h2><h3><strong>Is the Appian Way suitable for all cycling levels?<\/strong><\/h3><p>Trasa jest w wi\u0119kszo\u015bci p\u0142aska i \u0142atwo dost\u0119pna, ale uczestnicy musz\u0105 pewnie je\u017adzi\u0107 na rowerze, tak\u017ce w lekkim ruchu miejskim. Wspomaganie e\u2011bike\u2019a u\u0142atwia jazd\u0119, jednak wymagane s\u0105 podstawowe umiej\u0119tno\u015bci rowerowe i swoboda poruszania si\u0119 po drogach.<\/p><h3><strong>Jak d\u0142ugo trwaj\u0105 wycieczki e\u2011bike\u2019ami po Via Appia?<\/strong><\/h3><p>Nasze wycieczki trwaj\u0105 od 3 do 4 godzin, w zale\u017cno\u015bci od wybranego itinerarium (Akwedukty, Katakumby lub Night Ride).<\/p><h3><strong>Kt\u00f3ra z trzech wycieczek po Via Appia jest naj\u0142atwiejsza?<\/strong><\/h3><p class=\"translation-block\">Naj\u0142atwiejsz\u0105 opcj\u0105 jest wycieczka Via Appia &amp; Katakumby, poniewa\u017c jest najkr\u00f3tsza i ma najbardziej spokojne tempo. Night Ride jest najbardziej wymagaj\u0105c\u0105 wycieczk\u0105 ze wzgl\u0119du na d\u0142u\u017csze dystanse i ograniczon\u0105 widoczno\u015b\u0107, natomiast wycieczka po Akweduktach jest najzabawniejsza i najbardziej dynamiczna dla nastolatk\u00f3w dzi\u0119ki r\u00f3\u017cnorodnym krajobrazom i bardziej przygodowym odcinkom.<\/p><h3><strong>Czy wycieczki zaczynaj\u0105 si\u0119 blisko Via Appia?<\/strong><\/h3><p>Tak. Wszystkie wycieczki rozpoczynaj\u0105 si\u0119 przy Via dei Cerchi 59, bezpo\u015brednio naprzeciwko Circus Maximus \u2014 najbli\u017cszego i najbezpieczniejszego punktu startowego, aby dotrze\u0107 rowerem na Via Appia.<\/p><h3><strong>Czy wycieczki s\u0105 przyjazne dla rodzin?<\/strong><\/h3><p>Oczywi\u015bcie. Zapraszamy rodziny i oferujemy mniejsze e\u2011bike\u2019i dla m\u0142odszych rowerzyst\u00f3w, a tak\u017ce foteliki dzieci\u0119ce w razie potrzeby. Dzieci poni\u017cej 14 roku \u017cycia mog\u0105 uczestniczy\u0107 wy\u0142\u0105cznie pod opiek\u0105 rodzica.<\/p><h3><strong>Co zobacz\u0119 podczas wycieczek?<\/strong><\/h3><p>W zale\u017cno\u015bci od wycieczki mo\u017cesz odwiedzi\u0107 Via Appia, Park Akwedukt\u00f3w, Katakumby, Park Caffarella, Porta San Sebastiano oraz inne stanowiska archeologiczne.<\/p><h3><strong>Czy wycieczki odbywaj\u0105 si\u0119 tak\u017ce w deszczu?<\/strong><\/h3><p>Tak, wycieczki odbywaj\u0105 si\u0119 nawet przy lekkim deszczu. W przypadku silnej niepogody zmieniamy termin lub zwracamy koszty.<\/p><h3 style=\"font-size: 19px; margin-bottom: 5px;\"><strong>W jakim j\u0119zyku odbywaj\u0105 si\u0119 wycieczki?<\/strong><\/h3><p style=\"margin-bottom: 20px;\" class=\"translation-block\">Al onze kleinschalige tours worden geleid door tourleiders die vloeiend <strong>Italiaans en Engels<\/strong> spreken. Daarnaast bevat elke tour een <strong>derde taal<\/strong>, die Nederlands, Frans, Spaans, Duits of Pools kan zijn. We bepalen deze derde taal op basis van de <strong>eerste boeking van de dag<\/strong>, zodat elke groep de meest geschikte meertalige ervaring krijgt.<\/p><\/div>\t\t\t\t\t\t\t\t<\/div>\n\t\t\t\t<\/div>\n\t\t\t\t\t<\/div>\n\t\t<\/div>\n\t\t\t\t\t<\/div>\n\t\t<\/section>\n\t\t\t\t<\/div>","protected":false},"excerpt":{"rendered":"<p>Book now and get 10% OFF. Enter coupon code: EASY10 at checkout. Appian Way E-Bike Tours \u2013 Explore Ancient Rome by Electric Bike Discover the legendary Via Appia Antica like never before with our Appian Way E\u2011Bike Tours. Perfect for history lovers, adventurers, and cycling enthusiasts, these guided tours combine the ease of electric biking [&hellip;]<\/p>","protected":false},"author":285,"featured_media":0,"parent":0,"menu_order":0,"comment_status":"closed","ping_status":"closed","template":"","meta":{"footnotes":""},"class_list":["post-5735","page","type-page","status-publish","hentry"],"_links":{"self":[{"href":"https:\/\/easybikerent.it\/pl\/wp-json\/wp\/v2\/pages\/5735","targetHints":{"allow":["GET"]}}],"collection":[{"href":"https:\/\/easybikerent.it\/pl\/wp-json\/wp\/v2\/pages"}],"about":[{"href":"https:\/\/easybikerent.it\/pl\/wp-json\/wp\/v2\/types\/page"}],"author":[{"embeddable":true,"href":"https:\/\/easybikerent.it\/pl\/wp-json\/wp\/v2\/users\/285"}],"replies":[{"embeddable":true,"href":"https:\/\/easybikerent.it\/pl\/wp-json\/wp\/v2\/comments?post=5735"}],"version-history":[{"count":47,"href":"https:\/\/easybikerent.it\/pl\/wp-json\/wp\/v2\/pages\/5735\/revisions"}],"predecessor-version":[{"id":6151,"href":"https:\/\/easybikerent.it\/pl\/wp-json\/wp\/v2\/pages\/5735\/revisions\/6151"}],"wp:attachment":[{"href":"https:\/\/easybikerent.it\/pl\/wp-json\/wp\/v2\/media?parent=5735"}],"curies":[{"name":"wp","href":"https:\/\/api.w.org\/{rel}","templated":true}]}}