{"id":5746,"date":"2026-01-05T17:31:13","date_gmt":"2026-01-05T16:31:13","guid":{"rendered":"https:\/\/easybikerent.it\/?page_id=5746"},"modified":"2026-03-12T12:39:13","modified_gmt":"2026-03-12T11:39:13","slug":"city-centre-electric-bike-tours","status":"publish","type":"page","link":"https:\/\/easybikerent.it\/pl\/city-centre-electric-bike-tours\/","title":{"rendered":"City Centre Electric Bike Tours"},"content":{"rendered":"<div data-elementor-type=\"wp-page\" data-elementor-id=\"5746\" class=\"elementor elementor-5746\" data-elementor-post-type=\"page\">\n\t\t\t\t\t\t<section class=\"elementor-section elementor-top-section elementor-element elementor-element-ce4faf4 elementor-section-boxed elementor-section-height-default elementor-section-height-default\" data-id=\"ce4faf4\" data-element_type=\"section\">\n\t\t\t\t\t\t<div class=\"elementor-container elementor-column-gap-default\">\n\t\t\t\t\t<div class=\"elementor-column elementor-col-100 elementor-top-column elementor-element elementor-element-4268ca6\" data-id=\"4268ca6\" data-element_type=\"column\">\n\t\t\t<div class=\"elementor-widget-wrap elementor-element-populated\">\n\t\t\t\t\t\t<div class=\"elementor-element elementor-element-9829828 elementor-widget elementor-widget-html\" data-id=\"9829828\" data-element_type=\"widget\" data-widget_type=\"html.default\">\n\t\t\t\t<div class=\"elementor-widget-container\">\n\t\t\t\t\t<product-catalog-widget widget-id=\"c19c7175-5118-485c-a7c0-c08a604f4ef5\"><\/product-catalog-widget><script type=\"text\/javascript\" src=\"https:\/\/widgets.regiondo.net\/catalog\/v1\/catalog-widget.min.js\"><\/script>\t\t\t\t<\/div>\n\t\t\t\t<\/div>\n\t\t\t\t\t<\/div>\n\t\t<\/div>\n\t\t\t\t\t<\/div>\n\t\t<\/section>\n\t\t\t\t<section class=\"elementor-section elementor-top-section elementor-element elementor-element-6efb56f elementor-section-boxed elementor-section-height-default elementor-section-height-default\" data-id=\"6efb56f\" data-element_type=\"section\">\n\t\t\t\t\t\t<div class=\"elementor-container elementor-column-gap-default\">\n\t\t\t\t\t<div class=\"elementor-column elementor-col-100 elementor-top-column elementor-element elementor-element-e4d82cd\" data-id=\"e4d82cd\" data-element_type=\"column\">\n\t\t\t<div class=\"elementor-widget-wrap elementor-element-populated\">\n\t\t\t\t\t\t<div class=\"elementor-element elementor-element-03148b7 elementor-widget elementor-widget-text-editor\" data-id=\"03148b7\" data-element_type=\"widget\" data-widget_type=\"text-editor.default\">\n\t\t\t\t<div class=\"elementor-widget-container\">\n\t\t\t\t\t\t\t\t\t<div style=\"color: #000000; font-weight: bold; text-align: center; padding: 10px 0;\"><span style=\"font-size: 20px;\"><br \/>Book now and get <span style=\"text-decoration: underline;\">10% OFF<\/span><br \/>Enter coupon code: <strong style=\"color: #ff0000;\">EASY10<\/strong> at checkout.<br \/><\/span><\/div>\t\t\t\t\t\t\t\t<\/div>\n\t\t\t\t<\/div>\n\t\t\t\t\t<\/div>\n\t\t<\/div>\n\t\t\t\t\t<\/div>\n\t\t<\/section>\n\t\t\t\t<section class=\"elementor-section elementor-top-section elementor-element elementor-element-e0ab714 elementor-section-boxed elementor-section-height-default elementor-section-height-default\" data-id=\"e0ab714\" data-element_type=\"section\">\n\t\t\t\t\t\t<div class=\"elementor-container elementor-column-gap-default\">\n\t\t\t\t\t<div class=\"elementor-column elementor-col-100 elementor-top-column elementor-element elementor-element-f1e5c33\" data-id=\"f1e5c33\" data-element_type=\"column\">\n\t\t\t<div class=\"elementor-widget-wrap elementor-element-populated\">\n\t\t\t\t\t\t<div class=\"elementor-element elementor-element-7945e53 elementor-widget elementor-widget-text-editor\" data-id=\"7945e53\" data-element_type=\"widget\" data-widget_type=\"text-editor.default\">\n\t\t\t\t<div class=\"elementor-widget-container\">\n\t\t\t\t\t\t\t\t\t<div class=\"page-content\" style=\"font-family: 'Roboto', sans-serif; font-size: 17px; line-height: 1.6; color: #333;\"><h1 style=\"text-align: center; font-family: 'Roboto', sans-serif;\"><strong>Wycieczki e\u2011bike po centrum Rzymu<\/strong><\/h1><p class=\"lead\">Odkryj historyczne centrum Rzymu podczas naszych premium wycieczek e\u2011bike w ma\u0142ych grupach.<\/p><p style=\"text-align: left;\">Odkryj serce Wiecznego Miasta dzi\u0119ki naszym Rome City Center E\u2011Bike Tours \u2014 idealne dla os\u00f3b, kt\u00f3re chc\u0105 zwiedza\u0107 Rzym aktywnie, wygodnie i bezpiecznie. Nasza lokalizacja tu\u017c przy Circus Maximus pozwala rozpocz\u0105\u0107 wycieczk\u0119 bezpo\u015brednio na \u015bcie\u017cce rowerowej, zapewniaj\u0105c p\u0142ynny, spokojny start bez ruchu ulicznego.<\/p><p style=\"text-align: left;\">Wszystkie nasze wycieczki odbywaj\u0105 si\u0119 na wysokiej jako\u015bci e\u2011bike\u2019ach wyposa\u017conych w mocne silniki i wytrzyma\u0142e baterie \u2014 idealne do jazdy po historycznym centrum Rzymu. Dzi\u0119ki r\u00f3\u017cnym rozmiarom rower\u00f3w ka\u017cdy uczestnik otrzymuje idealnie dopasowan\u0105 e\u2011bike, co gwarantuje maksymalny komfort, stabilno\u015b\u0107 i bezpiecze\u0144stwo przez ca\u0142y czas trwania wycieczki.<\/p><p style=\"text-align: left;\">Nasze trasy prowadz\u0105 g\u0142\u00f3wnie \u015bcie\u017ckami rowerowymi i ulicami o niewielkim ruchu, a jednocze\u015bnie pozwalaj\u0105 zobaczy\u0107 najbardziej kultowe i autentyczne miejsca Rzymu. Niekt\u00f3re odcinki Rome City Center E\u2011Bike Tours przebiegaj\u0105 po zwyk\u0142ych ulicach miejskich, oferuj\u0105c prawdziwe, wci\u0105gaj\u0105ce do\u015bwiadczenie miejskie.<\/p><p style=\"text-align: left;\">Aby zapewni\u0107 najwy\u017csz\u0105 jako\u015b\u0107, prowadzimy nasze wycieczki wy\u0142\u0105cznie w ma\u0142ych grupach. Dzi\u0119ki temu przewodnicy mog\u0105 po\u015bwi\u0119ci\u0107 uwag\u0119 ka\u017cdemu uczestnikowi, tworz\u0105c bardziej osobist\u0105, komfortow\u0105 i bezpieczn\u0105 atmosfer\u0119.<\/p><p style=\"text-align: left;\">Wszystkie nasze wycieczki prowadzone s\u0105 przez doskona\u0142ych przewodnik\u00f3w angloj\u0119zyczni i wieloj\u0119zyczni \u2014 utalentowanych narrator\u00f3w, kt\u00f3rzy \u0142\u0105cz\u0105 wiedz\u0119 historyczn\u0105 z ciekawymi lokalnymi opowie\u015bciami, o\u017cywiaj\u0105c rzymskie zabytki, dzielnice i tradycje.<\/p><div class=\"note\" style=\"margin-top: 20px; padding: 15px; background: #f7f7f7; border-left: 4px solid #333;\"><strong>Uczestnicy powinni pewnie je\u017adzi\u0107 na rowerze i czu\u0107 si\u0119 komfortowo r\u00f3wnie\u017c na ulicach o umiarkowanym ruchu.<\/strong><\/div><h2 style=\"font-family: 'Roboto', sans-serif; font-size: 22px; margin-top: 35px;\"><strong>Nasze wycieczki e\u2011bike po centrum Rzymu<\/strong><\/h2><p><!-- TOUR 1 --><\/p><div class=\"tour-card\" style=\"margin-top: 25px;\"><h3 style=\"font-size: 20px;\"><strong>Najwi\u0119ksze atrakcje Rzymu: wycieczka e\u2011bike po centrum miasta<\/strong><\/h3><p style=\"text-align: left;\">Idealna wycieczka e\u2011bike dla os\u00f3b odwiedzaj\u0105cych Rzym po raz pierwszy, kt\u00f3re chc\u0105 zobaczy\u0107 najwa\u017cniejsze atrakcje miasta w zaledwie kilka godzin.<\/p><ul><li>Plac Kapitoli\u0144ski (Piazza del Campidoglio)<\/li><li>Panoramiczny widok na Fora Cesarskie<\/li><li>Fontanna di Trevi<\/li><li>Schody Hiszpa\u0144skie (Spanish Steps)<\/li><li>Panteon i Piazza Navona<\/li><li>Trastevere i \u017bydowskie Getto<\/li><li>I wiele wi\u0119cej\u2026<\/li><\/ul><p style=\"text-align: left;\">Obejmuje przerw\u0119 na gelato oraz p\u0142ynn\u0105 tras\u0119 \u0142\u0105cz\u0105c\u0105 \u015bcie\u017cki rowerowe z starannie wybranymi ulicami miasta.<\/p><\/div><p><!-- TOUR 2 --><\/p><div class=\"tour-card\" style=\"margin-top: 25px;\"><h3 style=\"font-size: 20px;\"><strong>Wycieczka e\u2011bike po Rzymie: ukryte pere\u0142ki i lokalne smaki<\/strong><\/h3><p style=\"text-align: left;\">Wycieczka e\u2011bike po centrum Rzymu, stworzona dla podr\u00f3\u017cnych, kt\u00f3rzy chc\u0105 odkrywa\u0107 autentyczne dzielnice i pozna\u0107 lokaln\u0105 kultur\u0119 kulinarn\u0105.<\/p><ul><li>Wzg\u00f3rze Awenty\u0144skie<\/li><li>Wzg\u00f3rze Kapitoli\u0144skie<\/li><li>Trastevere<\/li><li>Testaccio<\/li><\/ul><p class=\"option\" style=\"font-style: italic;\">Opcja poranna obejmuje wizyt\u0119 na targu spo\u017cywczym w Testaccio.<\/p><p class=\"option\" style=\"font-style: italic;\">Opcja popo\u0142udniowa obejmuje przerw\u0119 na aperitif w San Saba.<\/p><\/div><p><!-- TOUR 3 --><\/p><div class=\"tour-card\" style=\"margin-top: 25px;\"><h3 style=\"font-size: 20px;\"><strong>Od Circus Maximus do Villa Borghese <\/strong><\/h3><p style=\"text-align: left;\">Premiumowa wycieczka e\u2011bike po centrum Rzymu, odpowiednia dla wszystkich grup wiekowych, prowadzona niemal wy\u0142\u0105cznie po bezpiecznych \u015bcie\u017ckach rowerowych i trasach parkowych\u2014idealna dla rodzin szukaj\u0105cych p\u0142ynnego, malowniczego i bezstresowego sposobu na zwiedzanie miasta.<\/p><ul><li>\u015acie\u017cka rowerowa nad Tybrem<\/li><li>Wyspa Tyberyjska<\/li><li>Park Villa Borghese<\/li><li>Panoramic View from Pincio<\/li><\/ul><h2 style=\"font-size: 22px; margin-top: 45px;\"><strong>Najcz\u0119\u015bciej Zadawane Pytania<\/strong><\/h2><div class=\"faq-section\" style=\"margin-top: 25px;\"><h3 style=\"font-size: 19px; margin-bottom: 5px;\"><strong>Czy City Center E\u2011Bike Tours s\u0105 odpowiednie dla rowerzyst\u00f3w na ka\u017cdym poziomie<\/strong><\/h3><p style=\"margin-bottom: 20px;\">Tak. Nasze wycieczki e\u2011bike po centrum Rzymu s\u0105 zaprojektowane tak, aby by\u0142y dost\u0119pne dla wszystkich \u2014 od pocz\u0105tkuj\u0105cych po bardziej do\u015bwiadczonych rowerzyst\u00f3w. Tempo jest spokojne, rowery zapewniaj\u0105 p\u0142ynne wspomaganie, a przewodnicy zawsze dostosowuj\u0105 pr\u0119dko\u015b\u0107 do grupy.<\/p><h3 style=\"font-size: 19px; margin-bottom: 5px;\"><strong>Jaka jest r\u00f3\u017cnica mi\u0119dzy walking tour a e\u2011bike tour?<\/strong><\/h3><p style=\"margin-bottom: 20px;\" class=\"translation-block\">Walking tours s\u0105 idealne do dog\u0142\u0119bnego zwiedzania niewielkich obszar\u00f3w, ale obejmuj\u0105 ograniczone dystanse. Wycieczka e\u2011bike pozwala zobaczy\u0107 znacznie wi\u0119cej Rzymu w tym samym czasie, bez zm\u0119czenia i z mo\u017cliwo\u015bci\u0105 dotarcia do punkt\u00f3w widokowych, park\u00f3w i dzielnic, kt\u00f3re pieszo by\u0142yby zbyt odleg\u0142e. E\u2011bike\u2019i oferuj\u0105 doskona\u0142\u0105 r\u00f3wnowag\u0119 mi\u0119dzy komfortem, szybko\u015bci\u0105 a pe\u0142nym zanurzeniem w miasto.<\/p><h3 style=\"font-size: 19px; margin-bottom: 5px;\"><strong>Co jest wliczone w cen\u0119 City Center E\u2011Bike Tour?<\/strong><\/h3><p style=\"margin-bottom: 20px;\">Ka\u017cda wycieczka obejmuje wysokiej jako\u015bci e\u2011bike, kask, profesjonalnego angloj\u0119zycznego przewodnika, kameraln\u0105 grup\u0119 oraz starannie zaplanowane trasy, kt\u00f3re priorytetowo traktuj\u0105 \u015bcie\u017cki rowerowe i bezpieczne ulice. W zale\u017cno\u015bci od wycieczki mog\u0105 obowi\u0105zywa\u0107 dodatkowe atrakcje, takie jak degustacje jedzenia lub przerwa na gelato.<\/p><h3><strong>Czy wycieczki odbywaj\u0105 si\u0119 tak\u017ce w deszczu?<\/strong><\/h3><p>Tak, wycieczki odbywaj\u0105 si\u0119 nawet przy lekkim deszczu. W przypadku silnej niepogody zmieniamy termin lub zwracamy koszty.<\/p><h3 style=\"font-size: 19px; margin-bottom: 5px;\"><strong>W jakim j\u0119zyku odbywaj\u0105 si\u0119 wycieczki?<\/strong><\/h3><p style=\"margin-bottom: 20px;\" class=\"translation-block\">Al onze kleinschalige tours worden geleid door tourleiders die vloeiend <strong>Italiaans en Engels<\/strong> spreken. Daarnaast bevat elke tour een <strong>derde taal<\/strong>, die Nederlands, Frans, Spaans, Duits of Pools kan zijn. We bepalen deze derde taal op basis van de <strong>eerste boeking van de dag<\/strong>, zodat elke groep de meest geschikte meertalige ervaring krijgt.<\/p><\/div><\/div><\/div>\t\t\t\t\t\t\t\t<\/div>\n\t\t\t\t<\/div>\n\t\t\t\t\t<\/div>\n\t\t<\/div>\n\t\t\t\t\t<\/div>\n\t\t<\/section>\n\t\t\t\t<\/div>","protected":false},"excerpt":{"rendered":"<p>Book now and get 10% OFFEnter coupon code: EASY10 at checkout. City Center E-Bike Tours in Rome Discover Rome\u2019s historic center with our premium small\u2011group e\u2011bike tours. Explore the heart of the Eternal City with our Rome City Center E\u2011Bike Tours \u2014 the perfect choice for travelers who want to experience Rome actively, comfortably, and [&hellip;]<\/p>","protected":false},"author":285,"featured_media":0,"parent":0,"menu_order":0,"comment_status":"closed","ping_status":"closed","template":"","meta":{"footnotes":""},"class_list":["post-5746","page","type-page","status-publish","hentry"],"_links":{"self":[{"href":"https:\/\/easybikerent.it\/pl\/wp-json\/wp\/v2\/pages\/5746","targetHints":{"allow":["GET"]}}],"collection":[{"href":"https:\/\/easybikerent.it\/pl\/wp-json\/wp\/v2\/pages"}],"about":[{"href":"https:\/\/easybikerent.it\/pl\/wp-json\/wp\/v2\/types\/page"}],"author":[{"embeddable":true,"href":"https:\/\/easybikerent.it\/pl\/wp-json\/wp\/v2\/users\/285"}],"replies":[{"embeddable":true,"href":"https:\/\/easybikerent.it\/pl\/wp-json\/wp\/v2\/comments?post=5746"}],"version-history":[{"count":39,"href":"https:\/\/easybikerent.it\/pl\/wp-json\/wp\/v2\/pages\/5746\/revisions"}],"predecessor-version":[{"id":6166,"href":"https:\/\/easybikerent.it\/pl\/wp-json\/wp\/v2\/pages\/5746\/revisions\/6166"}],"wp:attachment":[{"href":"https:\/\/easybikerent.it\/pl\/wp-json\/wp\/v2\/media?parent=5746"}],"curies":[{"name":"wp","href":"https:\/\/api.w.org\/{rel}","templated":true}]}}