{"id":5762,"date":"2026-01-08T15:23:46","date_gmt":"2026-01-08T14:23:46","guid":{"rendered":"https:\/\/easybikerent.it\/?page_id=5762"},"modified":"2026-02-02T02:20:39","modified_gmt":"2026-02-02T01:20:39","slug":"exclusive-e-bike-tours","status":"publish","type":"page","link":"https:\/\/easybikerent.it\/pl\/exclusive-e-bike-tours\/","title":{"rendered":"Exclusive e-Bike Tours"},"content":{"rendered":"<div data-elementor-type=\"wp-page\" data-elementor-id=\"5762\" class=\"elementor elementor-5762\" data-elementor-post-type=\"page\">\n\t\t\t\t\t\t<section class=\"elementor-section elementor-top-section elementor-element elementor-element-6e30b29 elementor-section-boxed elementor-section-height-default elementor-section-height-default\" data-id=\"6e30b29\" data-element_type=\"section\">\n\t\t\t\t\t\t<div class=\"elementor-container elementor-column-gap-default\">\n\t\t\t\t\t<div class=\"elementor-column elementor-col-100 elementor-top-column elementor-element elementor-element-d9ae930\" data-id=\"d9ae930\" data-element_type=\"column\">\n\t\t\t<div class=\"elementor-widget-wrap elementor-element-populated\">\n\t\t\t\t\t\t<div class=\"elementor-element elementor-element-414ec66 elementor-widget elementor-widget-shortcode\" data-id=\"414ec66\" data-element_type=\"widget\" data-widget_type=\"shortcode.default\">\n\t\t\t\t<div class=\"elementor-widget-container\">\n\t\t\t\t\t\t\t<div class=\"elementor-shortcode\"><product-catalog-widget widget-id=\"5aa6afe5-c32a-4cf0-b111-66a4ee536b9a\"><\/product-catalog-widget><script type=\"text\/javascript\" src=\"https:\/\/widgets.regiondo.net\/catalog\/v1\/catalog-widget.min.js\"><\/script><\/div>\n\t\t\t\t\t\t<\/div>\n\t\t\t\t<\/div>\n\t\t\t\t<div class=\"elementor-element elementor-element-7e3e388 elementor-widget elementor-widget-text-editor\" data-id=\"7e3e388\" data-element_type=\"widget\" data-widget_type=\"text-editor.default\">\n\t\t\t\t<div class=\"elementor-widget-container\">\n\t\t\t\t\t\t\t\t\t<div style=\"font-family: 'Roboto', sans-serif; font-size: 17px; line-height: 1.6; color: #333;\">\n<h2 style=\"font-family: 'Roboto', sans-serif; font-size: 24px; margin-bottom: 15px;\"><strong>Prywatne Wycieczki E\u2011Bike po Rzymie<\/strong><\/h2>\n<p style=\"text-align: left;\">Poznaj Wieczne Miasto dzi\u0119ki naszym ekskluzywnym prywatnym wycieczkom e\u2011bike \u2014 najbardziej komfortowemu, elastycznemu i spersonalizowanemu sposobowi zwiedzania Rzymu. Zaprojektowane dla podr\u00f3\u017cnych ceni\u0105cych prywatno\u015b\u0107, najwy\u017csz\u0105 jako\u015b\u0107 obs\u0142ugi i trasy szyte na miar\u0119, nasze prywatne wycieczki pozwalaj\u0105 odkrywa\u0107 Rzym dok\u0142adnie tak, jak chcesz, we w\u0142asnym tempie.<\/p>\n<p style=\"text-align: left;\">Niezale\u017cnie od tego, czy jeste\u015bcie par\u0105, rodzin\u0105, grup\u0105 przyjaci\u00f3\u0142, czy po prostu szukacie bardziej kameralnego do\u015bwiadczenia, nasze prywatne wycieczki e\u2011bike oferuj\u0105 pe\u0142n\u0105 swobod\u0119 i indywidualn\u0105 uwag\u0119 przewodnika. Dzi\u0119ki wysokiej jako\u015bci rowerom elektrycznym z mocnymi silnikami i wytrzyma\u0142ymi bateriami mo\u017cecie pokona\u0107 wi\u0119kszy dystans bez wysi\u0142ku i cieszy\u0107 si\u0119 ca\u0142ym dniem zwiedzania bez zm\u0119czenia.<\/p>\n<p style=\"text-align: left;\">Od najs\u0142ynniejszych zabytk\u00f3w Rzymu po ukryte zak\u0105tki i malownicze trasy na rzymskiej prowincji \u2014 ka\u017cd\u0105 prywatn\u0105 wycieczk\u0119 mo\u017cna w pe\u0142ni dostosowa\u0107 do Twoich preferencji. Powiedz nam, co kochasz \u2014 sztuk\u0119, histori\u0119, jedzenie, natur\u0119, widoki panoramiczne \u2014 a my stworzymy idealny plan zwiedzania dla Ciebie.<\/p>\n\n<h3 style=\"font-family: 'Roboto', sans-serif; font-size: 20px; margin-top: 30px;\"><strong>Prywatne Wycieczki po Rzymie: Co Oferujemy<\/strong><\/h3>\n<h4 style=\"font-size: 18px; margin-top: 15px;\"><strong>Prywatne Wycieczki po Mie\u015bcie Rzym<\/strong><\/h4>\n<p style=\"text-align: left;\">Zwiedzaj historyczne centrum we w\u0142asnym tempie, odwiedzaj\u0105c ikoniczne zabytki, urokliwe dzielnice i ukryte zak\u0105tki z prywatnym przewodnikiem po\u015bwi\u0119conym wy\u0142\u0105cznie Twojej grupie.<\/p>\n\n<h4 style=\"font-size: 18px; margin-top: 15px;\"><strong>Exclusive Private Appian Way Tour with Catacombs &amp; Gourmet Lunch<\/strong><\/h4>\n<p style=\"text-align: left;\">Przejed\u017a e\u2011bikiem wzd\u0142u\u017c staro\u017cytnej Via Appia Antica i odkryj fascynuj\u0105ce katakumby z prywatnym przewodnikiem. Idealne po\u0142\u0105czenie archeologii, natury i przygody.<\/p>\n\n<h4 style=\"font-size: 18px; margin-top: 15px;\"><strong>Prywatne Nocne Wycieczki<\/strong><\/h4>\n<p style=\"text-align: left;\">Do\u015bwiadcz Rzymu pi\u0119knie o\u015bwietlonego po zachodzie s\u0142o\u0144ca. Przejed\u017a rowerem obok zabytk\u00f3w, plac\u00f3w i fontann w magicznej wieczornej atmosferze, z dala od dziennych t\u0142um\u00f3w.<\/p>\n\n<h4 style=\"font-size: 18px; margin-top: 15px;\">Prywatna Wycieczka E\u2011Bike \u015acie\u017ck\u0105 Rowerow\u0105 nad Tybrem z Wizyt\u0105 w Willi Borghese i Galerii Borghese<\/h4>\n<p style=\"text-align: left;\">Ciesz si\u0119 relaksuj\u0105c\u0105 przeja\u017cd\u017ck\u0105 e\u2011bikiem wzd\u0142u\u017c \u015bcie\u017cki rowerowej nad Tybrem, zanim wjedziesz do zielonego serca miasta \u2014 Villa Borghese. Twoje do\u015bwiadczenie trwa dalej podczas prywatnego zwiedzania Galerii Borghese, w kt\u00f3rej znajduj\u0105 si\u0119 arcydzie\u0142a Berniniego, Caravaggia i Rafaela.<\/p>\n\n<h4 style=\"font-size: 18px; margin-top: 15px;\"><strong>Prywatne Wycieczki Rowerowe po Rzymie z Lunchem<\/strong><\/h4>\n<p style=\"text-align: left;\">Po\u0142\u0105cz zwiedzanie z autentyczn\u0105 kuchni\u0105 rzymsk\u0105. Przejed\u017a rowerem przez historyczne dzielnice i zatrzymaj si\u0119 na tradycyjny w\u0142oski lunch w lokalnej trattorii \u2014 to idealne po\u0142\u0105czenie kultury, jedzenia i relaksuj\u0105cej jazdy na rowerze.<\/p>\n\n<h3 style=\"font-family: 'Roboto', sans-serif; font-size: 20px; margin-top: 30px;\"><strong>Najwa\u017cniejsze Atuty Naszych Prywatnych Wycieczek E\u2011Bike<\/strong><\/h3>\n<ul style=\"margin-left: 20px;\">\n \t<li>W pe\u0142ni spersonalizowane trasy dostosowane do Twoich zainteresowa\u0144<\/li>\n \t<li>Prywatni przewodnicy m\u00f3wi\u0105cy po polsku i b\u0119d\u0105cy \u015bwietnymi opowiadaczami historii (skontaktuj si\u0119 z nami przed rezerwacj\u0105, aby potwierdzi\u0107 dost\u0119pno\u015b\u0107 przewodnika w Twoim j\u0119zyku)<\/li>\n \t<li>Do\u015bwiadczenie w ma\u0142ej grupie, z przewodnikiem w pe\u0142ni skupionym na Was<\/li>\n \t<li>E\u2011bike\u2019i premium z wieloma poziomami wspomagania, zapewniaj\u0105ce maksymalny komfort jazdy<\/li>\n \t<li>Od zachwycaj\u0105cego centrum historycznego po spokojniejsze drogi z dala od zgie\u0142ku \u2013 oferujemy opcje dla ka\u017cdego rodzaju do\u015bwiadczenia<\/li>\n \t<li>Przyjazne trasy rowerowe po\u0142\u0105czone ze starannie wybranymi ulicami miejskimi<\/li>\n \t<li>Wieczorne wycieczki ukazuj\u0105ce miasto z wyj\u0105tkowej, nocnej perspektywy<\/li>\n<\/ul>\n<h2 style=\"font-size: 22px; margin-top: 45px;\"><strong>Najcz\u0119\u015bciej Zadawane Pytania<\/strong><\/h2>\n<div class=\"faq-section\" style=\"margin-top: 25px;\">\n<h3 style=\"font-size: 19px; margin-bottom: 5px;\"><strong>Czy mog\u0119 poprosi\u0107 o przewodnika w moim ojczystym j\u0119zyku?<\/strong><\/h3>\n<p style=\"margin-bottom: 20px;\">Oczywi\u015bcie. Jedn\u0105 z zalet wycieczki prywatnej jest pe\u0142na personalizacja. Je\u015bli wolisz przewodnika m\u00f3wi\u0105cego w Twoim j\u0119zyku, przydzielimy najbardziej odpowiedniego tour leadera, aby zapewni\u0107 p\u0142ynne, przyjemne i w pe\u0142ni dopasowane do\u015bwiadczenie.<\/p>\n\n<\/div>\n<h3 style=\"font-family: 'Roboto', sans-serif; font-size: 20px; margin-top: 30px;\"><strong>Dlaczego Warto Wybra\u0107 Prywatn\u0105 Wycieczk\u0119 po Rzymie<\/strong><\/h3>\n<p style=\"text-align: left;\">Prywatna wycieczka pozwala odkrywa\u0107 Rzym we w\u0142asnym tempie, unika\u0107 t\u0142um\u00f3w i skupi\u0107 si\u0119 na tym, co naprawd\u0119 Ci\u0119 interesuje. Niezale\u017cnie od tego, czy pasjonuje Ci\u0119 sztuka, historia, architektura, natura czy kuchnia, nasze prywatne wycieczki e\u2011bike zapewniaj\u0105 idealne po\u0142\u0105czenie komfortu, przygody i odkrywania.<\/p>\n\n<h3 style=\"font-size: 19px; margin-bottom: 5px;\"><strong>Ile trwa prywatna wycieczka e\u2011bike?<\/strong><\/h3>\n<p style=\"margin-bottom: 20px;\" class=\"translation-block\">Wi\u0119kszo\u015b\u0107 prywatnych wycieczek e\u2011bike trwa od <strong>3 do 6 godzin<\/strong>, w zale\u017cno\u015bci od wybranej trasy. Dost\u0119pne s\u0105 tak\u017ce opcje ca\u0142odniowe dla go\u015bci, kt\u00f3rzy chc\u0105 bardziej dog\u0142\u0119bnie i immersyjnie pozna\u0107 Rzym.<\/p>\n\n<h3 style=\"font-size: 19px; margin-bottom: 5px;\"><strong>Czy plan wycieczki mo\u017cna dostosowa\u0107?<\/strong><\/h3>\n<p style=\"margin-bottom: 20px;\" class=\"translation-block\">Tak. Ka\u017cda prywatna wycieczka jest <strong>w pe\u0142ni personalizowana<\/strong>. Niezale\u017cnie od tego, czy wolisz staro\u017cytn\u0105 histori\u0119, panoramiczne widoki, do\u015bwiadczenia kulinarne czy spokojne trasy na \u0142onie natury, tworzymy plan wycieczki zgodnie z Twoimi zainteresowaniami i preferencjami rowerowymi.<\/p>\n\n<h3 style=\"font-size: 19px; margin-bottom: 5px;\"><strong>What level of fitness is required?<\/strong><\/h3>\n<p style=\"margin-bottom: 20px;\">Thanks to electric assistance, our private tours are suitable for guests with <strong>average fitness<\/strong>. The motor helps on hills and longer distances, making the experience smooth and enjoyable even for those who are not regular cyclists.<\/p>\n\n<h3 style=\"font-size: 19px; margin-bottom: 5px;\"><strong>What should I bring on a private e\u2011bike tour?<\/strong><\/h3>\n<p style=\"margin-bottom: 20px;\">We recommend bringing comfortable clothing, closed\u2011toe shoes, sunscreen, and a reusable water bottle. For evening tours, a light jacket is useful. Helmets and safety equipment are always provided.<\/p>\n\n<h3 style=\"font-size: 19px; margin-bottom: 5px;\"><strong>Czy Via Appia jest odpowiednia dla pocz\u0105tkuj\u0105cych?<\/strong><\/h3>\n<p style=\"margin-bottom: 20px;\" class=\"translation-block\">Via Appia obejmuje odcinki z\u202fdawnymi kamieniami bazaltowymi, dlatego polecana jest <strong>pewnym siebie rowerzystom<\/strong>. Jednak z prywatnym przewodnikiem i e\u2011bike\u2019iem nawet mniej do\u015bwiadczeni uczestnicy mog\u0105 cieszy\u0107 si\u0119 tras\u0105 w spokojnym tempie.<\/p>\n\n<h3 style=\"font-size: 19px; margin-bottom: 5px;\"><strong>Czy kask jest wliczony w prywatn\u0105 wycieczk\u0119?<\/strong><\/h3>\n<p style=\"margin-bottom: 20px;\" class=\"translation-block\">Tak. Ka\u017cda prywatna wycieczka obejmuje <strong>kask, blokad\u0119 bezpiecze\u0144stwa oraz wysokiej jako\u015bci e\u2011bike<\/strong> z kilkoma poziomami wspomagania. Dodatkowy sprz\u0119t mo\u017ce by\u0107 zapewniony w zale\u017cno\u015bci od trasy.<\/p>\n\n<h3><strong>Czy wycieczki odbywaj\u0105 si\u0119 tak\u017ce w deszczu?<\/strong><\/h3>\nTak, wycieczki odbywaj\u0105 si\u0119 nawet przy lekkim deszczu. W przypadku silnej niepogody zmieniamy termin lub zwracamy koszty.\n\n<p style=\"text-align: left; font-size: 18px; margin-top: 25px;\"><strong>Zarezerwuj ju\u017c dzi\u015b swoj\u0105 ekskluzywn\u0105 prywatn\u0105 wycieczk\u0119 po Rzymie i ciesz si\u0119 premium do\u015bwiadczeniem na e\u2011bike\u2019u, w pe\u0142ni dopasowanym do Ciebie, \u0142\u0105cz\u0105cym jazd\u0119, zwiedzanie i lokaln\u0105 kultur\u0119 w jedn\u0105 niezapomnian\u0105 podr\u00f3\u017c.<\/strong><\/p>\n\n<\/div>\t\t\t\t\t\t\t\t<\/div>\n\t\t\t\t<\/div>\n\t\t\t\t\t<\/div>\n\t\t<\/div>\n\t\t\t\t\t<\/div>\n\t\t<\/section>\n\t\t\t\t<section class=\"elementor-section elementor-top-section elementor-element elementor-element-5bcaf69 elementor-section-boxed elementor-section-height-default elementor-section-height-default\" data-id=\"5bcaf69\" data-element_type=\"section\">\n\t\t\t\t\t\t<div class=\"elementor-container elementor-column-gap-default\">\n\t\t\t\t\t<div class=\"elementor-column elementor-col-100 elementor-top-column elementor-element elementor-element-e40d76a\" data-id=\"e40d76a\" data-element_type=\"column\">\n\t\t\t<div class=\"elementor-widget-wrap\">\n\t\t\t\t\t\t\t<\/div>\n\t\t<\/div>\n\t\t\t\t\t<\/div>\n\t\t<\/section>\n\t\t\t\t<\/div>","protected":false},"excerpt":{"rendered":"<p>Private E-Bike Tours in Rome Experience the Eternal City with our exclusive Private E\u2011Bike Tours \u2014 the most comfortable, flexible, and personalized way to explore Rome. Designed for travelers who value privacy, premium service, and tailor\u2011made itineraries, our private tours allow you to discover Rome exactly the way you want, at your own pace. Whether [&hellip;]<\/p>","protected":false},"author":285,"featured_media":0,"parent":0,"menu_order":0,"comment_status":"closed","ping_status":"closed","template":"","meta":{"footnotes":""},"class_list":["post-5762","page","type-page","status-publish","hentry"],"_links":{"self":[{"href":"https:\/\/easybikerent.it\/pl\/wp-json\/wp\/v2\/pages\/5762","targetHints":{"allow":["GET"]}}],"collection":[{"href":"https:\/\/easybikerent.it\/pl\/wp-json\/wp\/v2\/pages"}],"about":[{"href":"https:\/\/easybikerent.it\/pl\/wp-json\/wp\/v2\/types\/page"}],"author":[{"embeddable":true,"href":"https:\/\/easybikerent.it\/pl\/wp-json\/wp\/v2\/users\/285"}],"replies":[{"embeddable":true,"href":"https:\/\/easybikerent.it\/pl\/wp-json\/wp\/v2\/comments?post=5762"}],"version-history":[{"count":20,"href":"https:\/\/easybikerent.it\/pl\/wp-json\/wp\/v2\/pages\/5762\/revisions"}],"predecessor-version":[{"id":5978,"href":"https:\/\/easybikerent.it\/pl\/wp-json\/wp\/v2\/pages\/5762\/revisions\/5978"}],"wp:attachment":[{"href":"https:\/\/easybikerent.it\/pl\/wp-json\/wp\/v2\/media?parent=5762"}],"curies":[{"name":"wp","href":"https:\/\/api.w.org\/{rel}","templated":true}]}}